{"id":49867,"date":"2020-10-06T19:11:49","date_gmt":"2020-10-06T19:11:49","guid":{"rendered":"http:\/\/96.46.250.135\/allithost\/politica-de-cookies-2\/"},"modified":"2020-10-17T13:10:07","modified_gmt":"2020-10-17T13:10:07","slug":"politica-de-cookies-2","status":"publish","type":"page","link":"https:\/\/allithost.com\/pt-br\/politica-de-cookies-2\/","title":{"rendered":"Pol\u00edtica de Cookies"},"content":{"rendered":"<p>[et_pb_section fb_built=&#8221;1&#8243; _builder_version=&#8221;3.22&#8243; custom_padding=&#8221;||32px|||&#8221; collapsed=&#8221;on&#8221;][et_pb_row _builder_version=&#8221;3.25&#8243;][et_pb_column type=&#8221;4_4&#8243; _builder_version=&#8221;3.0.47&#8243; custom_padding=&#8221;|||&#8221; custom_padding__hover=&#8221;|||&#8221;][et_pb_text admin_label=&#8221;Page Title&#8221; _builder_version=&#8221;4.6.5&#8243; _module_preset=&#8221;d5b42f19-9bc7-4b6b-8452-8099d036dbc2&#8243; vertical_offset_tablet=&#8221;0&#8243; horizontal_offset_tablet=&#8221;0&#8243; z_index_tablet=&#8221;0&#8243; text_text_shadow_horizontal_length_tablet=&#8221;0px&#8221; text_text_shadow_vertical_length_tablet=&#8221;0px&#8221; text_text_shadow_blur_strength_tablet=&#8221;1px&#8221; link_text_shadow_horizontal_length_tablet=&#8221;0px&#8221; link_text_shadow_vertical_length_tablet=&#8221;0px&#8221; link_text_shadow_blur_strength_tablet=&#8221;1px&#8221; ul_text_shadow_horizontal_length_tablet=&#8221;0px&#8221; ul_text_shadow_vertical_length_tablet=&#8221;0px&#8221; ul_text_shadow_blur_strength_tablet=&#8221;1px&#8221; ol_text_shadow_horizontal_length_tablet=&#8221;0px&#8221; ol_text_shadow_vertical_length_tablet=&#8221;0px&#8221; ol_text_shadow_blur_strength_tablet=&#8221;1px&#8221; quote_text_shadow_horizontal_length_tablet=&#8221;0px&#8221; quote_text_shadow_vertical_length_tablet=&#8221;0px&#8221; quote_text_shadow_blur_strength_tablet=&#8221;1px&#8221; header_text_shadow_horizontal_length_tablet=&#8221;0px&#8221; header_text_shadow_vertical_length_tablet=&#8221;0px&#8221; header_text_shadow_blur_strength_tablet=&#8221;1px&#8221; header_2_text_shadow_horizontal_length_tablet=&#8221;0px&#8221; header_2_text_shadow_vertical_length_tablet=&#8221;0px&#8221; header_2_text_shadow_blur_strength_tablet=&#8221;1px&#8221; header_3_text_shadow_horizontal_length_tablet=&#8221;0px&#8221; header_3_text_shadow_vertical_length_tablet=&#8221;0px&#8221; header_3_text_shadow_blur_strength_tablet=&#8221;1px&#8221; header_4_text_shadow_horizontal_length_tablet=&#8221;0px&#8221; header_4_text_shadow_vertical_length_tablet=&#8221;0px&#8221; header_4_text_shadow_blur_strength_tablet=&#8221;1px&#8221; header_5_text_shadow_horizontal_length_tablet=&#8221;0px&#8221; header_5_text_shadow_vertical_length_tablet=&#8221;0px&#8221; header_5_text_shadow_blur_strength_tablet=&#8221;1px&#8221; header_6_text_shadow_horizontal_length_tablet=&#8221;0px&#8221; header_6_text_shadow_vertical_length_tablet=&#8221;0px&#8221; header_6_text_shadow_blur_strength_tablet=&#8221;1px&#8221; box_shadow_horizontal_tablet=&#8221;0px&#8221; box_shadow_vertical_tablet=&#8221;0px&#8221; box_shadow_blur_tablet=&#8221;40px&#8221; box_shadow_spread_tablet=&#8221;0px&#8221;]<\/p>\n<h1>Pol\u00edtica de Cookies<\/h1>\n<p>[\/et_pb_text][et_pb_text _builder_version=&#8221;4.6.5&#8243; _module_preset=&#8221;0e7b0c3f-5c05-474d-8e4a-716f1207d1aa&#8221;]<\/p>\n<p>A empresa ILS Inc \u2013 Dba All IT Host informa sobre o uso de cookies em seu site: <a href=\"https:\/\/allithost.com\">www.https:\/\/allithost.com\/<\/a>.<\/p>\n<h2>Que s\u00e3o cookies?<\/h2>\n<p>Cookies s\u00e3o arquivos, pequenos peda\u00e7os de informa\u00e7\u00f5es (ficheiros), que podem ser baixados para o seu dispositivo atrav\u00e9s de p\u00e1ginas da web. S\u00e3o ferramentas que t\u00eam uma fun\u00e7\u00e3o essencial para a presta\u00e7\u00e3o de numerosos servi\u00e7os da sociedade da informa\u00e7\u00e3o. Entre as suas vantagens, permitem que uma p\u00e1gina da web armazene e recupere informa\u00e7\u00f5es sobre os h\u00e1bitos de navega\u00e7\u00e3o de um usu\u00e1rio ou de seu equipamento e, a depender das informa\u00e7\u00f5es obtidos, podem ser usados para reconhecer o usu\u00e1rio e melhorar o servi\u00e7o oferecido.<\/p>\n<h3>Tipos de cookies<\/h3>\n<p>A depender da entidade que gerencia o dom\u00ednio de onde os cookies s\u00e3o enviados e utiliza os dados obtidos, os cookies podem ser de dois tipos:<\/p>\n<ul>\n<li><em>Cookies pr\u00f3prios<\/em>: s\u00e3o aqueles enviados para o equipamento terminal do usu\u00e1rio a partir de um dispositivo gerenciado ou dom\u00ednio pelo pr\u00f3prio editor visitado e a partir do qual \u00e9 prestado o servi\u00e7o solicitado pelo usu\u00e1rio.<\/li>\n<li><em>Cookies de terceiros<\/em>: s\u00e3o aqueles enviados ao dispositivo do usu\u00e1rio a partir de um dispositivo ou dom\u00ednio diferente do que est\u00e1 sendo visitado, ou seja, \u00e9 gerenciado por outra entidade que processa os dados obtidos por meio de cookies.<\/li>\n<\/ul>\n<p>Os cookies que s\u00e3o instalados a partir de um computador ou dom\u00ednio gerenciado pelo pr\u00f3prio editor da p\u00e1gina de web, mas que a informa\u00e7\u00e3o coleta \u00e9 gerenciada por terceiros, n\u00e3o podem ser considerados cookies pr\u00f3prios.<\/p>\n<p>Existe tamb\u00e9m uma segunda classifica\u00e7\u00e3o, de acordo com o tempo que permanecem armazenados no navegador do cliente, e poder ser:<\/p>\n<p><em>Cookies de sess\u00e3o<\/em>: projetados para coletar e armazenar dados enquanto o usu\u00e1rio acessa uma p\u00e1gina da web. Eles geralmente s\u00e3o usados para armazenar informa\u00e7\u00f5es que apenas interessam manter para a presta\u00e7\u00e3o do servi\u00e7o solicitada pelo usu\u00e1rio em uma \u00fanica ocasi\u00e3o (por exemplo, uma lista de produtos adquiridos). Ao fechar o navegador, todos os cookies s\u00e3o automaticamente exclu\u00eddos.<\/p>\n<p><em>Cookies persistentes<\/em>: os dados ainda est\u00e3o armazenados no terminal e podem ser acessados e processados por um per\u00edodo definido pelo respons\u00e1vel pelo cookie, que pode variar de alguns minutos a anos.<\/p>\n<p>Por fim, h\u00e1 outra classifica\u00e7\u00e3o com cinco tipos de cookies, de acordo com a finalidade para a qual os dados obtidos s\u00e3o processados:<\/p>\n<p><em>Cookies t\u00e9cnicos<\/em>: aqueles que permitem ao usu\u00e1rio navegar por uma p\u00e1gina da web, plataforma ou aplicativo e recorrer \u00e0s diferentes op\u00e7\u00f5es ou servi\u00e7os oferecidos, tais como, por exemplo, controlar o tr\u00e1fego e a comunica\u00e7\u00e3o de dados, identificar a sess\u00e3o, acessar partes de acesso restrito, lembrar os elementos que constituem um pedido, realizar o processo de compra de um pedido, solicita\u00e7\u00e3o de registro ou participa\u00e7\u00e3o em um evento, usar elementos de seguran\u00e7a durante a navega\u00e7\u00e3o, armazenar conte\u00fado para veicula\u00e7\u00e3o de v\u00eddeos ou sons ou compartilhar conte\u00fado por meio de redes sociais.<\/p>\n<p><em>Cookies de personaliza\u00e7\u00e3o<\/em>: permitem ao usu\u00e1rio acessar o servi\u00e7o com algumas caracter\u00edsticas de car\u00e1ter geral, predefinido com base em uma s\u00e9rie de crit\u00e9rios no terminal do usu\u00e1rio, como o idioma, o tipo de navegador pelo qual o servi\u00e7o \u00e9 acessado, a configura\u00e7\u00e3o regional de onde o acesso \u00e9 realizado etc.<\/p>\n<p><em>Cookies de an\u00e1lise<\/em>: permitem que o respons\u00e1vel por eles monitorize e analise o comportamento dos usu\u00e1rios dos sites aos quais est\u00e3o vinculados. As informa\u00e7\u00f5es coletadas por meio deste tipo de cookie s\u00e3o utilizados na medi\u00e7\u00e3o da atividade dos sites, no aplicativo ou na plataforma, e para a cria\u00e7\u00e3o de perfis de navega\u00e7\u00e3o dos utilizadores dos referidos sites, nas aplica\u00e7\u00f5es e nas plataformas, de forma a introduzir melhorias com base na an\u00e1lise dos dados de utiliza\u00e7\u00e3o feita pelos usu\u00e1rios do servi\u00e7o.<\/p>\n<p><em>Cookies publicit\u00e1rios<\/em>: permitem a gest\u00e3o dos espa\u00e7os publicit\u00e1rios, da maneira mais eficiente poss\u00edvel.<\/p>\n<p><em>Cookies de publicidade comportamental<\/em>: armazenam informa\u00e7\u00f5es sobre o comportamento dos usu\u00e1rios, obtidas atrav\u00e9s da observa\u00e7\u00e3o cont\u00ednua dos seus h\u00e1bitos de navega\u00e7\u00e3o, o que permite que seja desenvolvido um perfil espec\u00edfico para exibir publicidade com base no usu\u00e1rio.<\/p>\n<p><em>Cookies de redes sociais externas<\/em>: s\u00e3o usados para que os visitantes possam interagir com o conte\u00fado de diferentes plataformas sociais (facebook, youtube, twitter, linkedIn, Instagram etc.), geradas apenas para usu\u00e1rios dessas redes sociais. As condi\u00e7\u00f5es de uso desses cookies e as informa\u00e7\u00f5es coletadas s\u00e3o reguladas pela pol\u00edtica de privacidade da plataforma social correspondente.<\/p>\n<h3>Desativar e eliminar os cookies<\/h3>\n<p>Voc\u00ea tem a op\u00e7\u00e3o de permitir, bloquear ou excluir os cookies instalados no seu computador, configurando as op\u00e7\u00f5es do navegador instalado no seu dispositivo. Ao desativar os cookies, alguns dos servi\u00e7os dispon\u00edveis podem deixar de funcionar. A forma de desativar os cookies \u00e9 diferente para cada navegador, mas geralmente pode ser feita no menu Ferramentas ou em Op\u00e7\u00f5es. Voc\u00ea tamb\u00e9m pode consultar o menu Ajuda do navegador, onde pode encontrar instru\u00e7\u00f5es. O usu\u00e1rio pode a qualquer momento escolher com quais os cookies que deseja para trabalhar neste site.<\/p>\n<p>Voc\u00ea pode permitir, bloquear ou excluir os cookies instalados no seu dispositivo, configurando as op\u00e7\u00f5es do navegador instalado:<\/p>\n<ul>\n<li>Microsoft Internet Explorer o Microsoft Edge:<\/li>\n<\/ul>\n<p><a href=\"http:\/\/windows.microsoft.com\/es-es\/windows-vista\/Block-or-allow-cookies\">http:\/\/windows.microsoft.com\/es-es\/windows-vista\/Block-or-allow-cookies<\/a><\/p>\n<ul>\n<li>Mozilla Firefox: <a href=\"http:\/\/support.mozilla.org\/es\/kb\/impedir-que-los-sitios-web-guarden-sus-preferencia\">http:\/\/support.mozilla.org\/es\/kb\/impedir-que-los-sitios-web-guarden-sus-preferencia<\/a><\/li>\n<li>Chrome: <a href=\"https:\/\/support.google.com\/accounts\/answer\/61416?hl=es\">https:\/\/support.google.com\/accounts\/answer\/61416?hl=es<\/a><\/li>\n<li>Safari: <a href=\"http:\/\/safari.helpmax.net\/es\/privacidad-y-seguridad\/como-gestionar-las-cookies\/\">http:\/\/safari.helpmax.net\/es\/privacidad-y-seguridad\/como-gestionar-las-cookies\/<\/a><\/li>\n<\/ul>\n<p>Al\u00e9m disso, voc\u00ea tamb\u00e9m pode gerenciar o armazenamento de cookies em seu navegador por meio de ferramentas, como:<\/p>\n<ul>\n<li>Opera: <a href=\"http:\/\/help.opera.com\/Linux\/10.60\/es-ES\/cookies.html\">http:\/\/help.opera.com\/Linux\/10.60\/es-ES\/cookies.html<\/a><\/li>\n<li>Your online choices: <a href=\"http:\/\/www.youronlinechoices.com\/es\/\">www.youronlinechoices.com\/es\/<\/a><\/li>\n<\/ul>\n<p>Cookies usados em www.https:\/\/allithost.com\/<\/p>\n<p>Os cookies que est\u00e3o sendo utilizados neste portal, bem como seu tipo e fun\u00e7\u00e3o, est\u00e3o assim identificados:<\/p>\n<h2>Aceita\u00e7\u00e3o da Pol\u00edtica de Cookies<\/h2>\n<p><a href=\"https:\/\/allithost.com\">www.https:\/\/allithost.com\/<\/a> admite que voc\u00ea aceita o uso de cookies. No entanto, mostra informa\u00e7\u00f5es sobre sua Pol\u00edtica de Cookies na parte inferior ou superior de qualquer p\u00e1gina do portal, com cada login, para que voc\u00ea esteja ciente.<\/p>\n<p>No entanto, mostra informa\u00e7\u00f5es sobre sua Pol\u00edtica de Cookies na parte inferior ou superior de qualquer p\u00e1gina do portal, com cada login, para que voc\u00ea esteja ciente.<\/p>\n<ul>\n<li>Aceitar cookies Este aviso n\u00e3o ser\u00e1 exibido novamente ao acessar qualquer p\u00e1gina do portal durante a presente sess\u00e3o.<\/li>\n<li>Fechar. O aviso est\u00e1 oculto nesta p\u00e1gina.<\/li>\n<li>Modificar a configura\u00e7\u00e3o. Voc\u00ea pode obter mais informa\u00e7\u00f5es sobre o que s\u00e3o cookies, conhecer a Pol\u00edtica de cookies da www.https:\/\/allithost.com\/ e modificar a configura\u00e7\u00e3o do seu navegador.<\/li>\n<\/ul>\n<p>[\/et_pb_text][\/et_pb_column][\/et_pb_row][\/et_pb_section]<\/p>\n","protected":false},"excerpt":{"rendered":"<p>Pol\u00edtica de CookiesA empresa ILS Inc \u2013 Dba All IT Host informa sobre o uso de cookies em seu site: www.https:\/\/allithost.com\/. Que s\u00e3o cookies? Cookies s\u00e3o arquivos, pequenos peda\u00e7os de informa\u00e7\u00f5es (ficheiros), que podem ser baixados para o seu dispositivo atrav\u00e9s de p\u00e1ginas da web. S\u00e3o ferramentas que t\u00eam uma fun\u00e7\u00e3o essencial para a presta\u00e7\u00e3o [&hellip;]<\/p>\n","protected":false},"author":5,"featured_media":0,"parent":0,"menu_order":0,"comment_status":"closed","ping_status":"closed","template":"","meta":{"_et_pb_use_builder":"on","_et_pb_old_content":"","_et_gb_content_width":"","footnotes":""},"class_list":["post-49867","page","type-page","status-publish","hentry"],"yoast_head":"<!-- This site is optimized with the Yoast SEO plugin v27.4 - https:\/\/yoast.com\/product\/yoast-seo-wordpress\/ -->\n<title>Pol\u00edtica de Cookies - All It Host<\/title>\n<meta name=\"robots\" content=\"index, follow, max-snippet:-1, max-image-preview:large, max-video-preview:-1\" \/>\n<link rel=\"canonical\" href=\"https:\/\/allithost.com\/pt-br\/politica-de-cookies-2\/\" \/>\n<meta property=\"og:locale\" content=\"pt_BR\" \/>\n<meta property=\"og:type\" content=\"article\" \/>\n<meta property=\"og:title\" content=\"Pol\u00edtica de Cookies - All It Host\" \/>\n<meta property=\"og:description\" content=\"Pol\u00edtica de CookiesA empresa ILS Inc \u2013 Dba All IT Host informa sobre o uso de cookies em seu site: www.https:\/\/allithost.com\/. Que s\u00e3o cookies? Cookies s\u00e3o arquivos, pequenos peda\u00e7os de informa\u00e7\u00f5es (ficheiros), que podem ser baixados para o seu dispositivo atrav\u00e9s de p\u00e1ginas da web. S\u00e3o ferramentas que t\u00eam uma fun\u00e7\u00e3o essencial para a presta\u00e7\u00e3o [&hellip;]\" \/>\n<meta property=\"og:url\" content=\"https:\/\/allithost.com\/pt-br\/politica-de-cookies-2\/\" \/>\n<meta property=\"og:site_name\" content=\"All It Host\" \/>\n<meta property=\"article:publisher\" content=\"https:\/\/www.facebook.com\/allithost\" \/>\n<meta property=\"article:modified_time\" content=\"2020-10-17T13:10:07+00:00\" \/>\n<meta property=\"og:image\" content=\"https:\/\/allithost.com\/wp-content\/uploads\/2020\/09\/04-Logo-Allithost-1-1-e1600720431694.png\" \/>\n\t<meta property=\"og:image:width\" content=\"600\" \/>\n\t<meta property=\"og:image:height\" content=\"117\" \/>\n\t<meta property=\"og:image:type\" content=\"image\/png\" \/>\n<meta name=\"twitter:card\" content=\"summary_large_image\" \/>\n<meta name=\"twitter:site\" content=\"@allithost\" \/>\n<meta name=\"twitter:label1\" content=\"Est. tempo de leitura\" \/>\n\t<meta name=\"twitter:data1\" content=\"8 minutos\" \/>\n<script type=\"application\/ld+json\" class=\"yoast-schema-graph\">{\"@context\":\"https:\\\/\\\/schema.org\",\"@graph\":[{\"@type\":\"WebPage\",\"@id\":\"https:\\\/\\\/allithost.com\\\/pt-br\\\/politica-de-cookies-2\\\/\",\"url\":\"https:\\\/\\\/allithost.com\\\/pt-br\\\/politica-de-cookies-2\\\/\",\"name\":\"Pol\u00edtica de Cookies - All It Host\",\"isPartOf\":{\"@id\":\"https:\\\/\\\/allithost.com\\\/pt-br\\\/#website\"},\"datePublished\":\"2020-10-06T19:11:49+00:00\",\"dateModified\":\"2020-10-17T13:10:07+00:00\",\"breadcrumb\":{\"@id\":\"https:\\\/\\\/allithost.com\\\/pt-br\\\/politica-de-cookies-2\\\/#breadcrumb\"},\"inLanguage\":\"pt-BR\",\"potentialAction\":[{\"@type\":\"ReadAction\",\"target\":[\"https:\\\/\\\/allithost.com\\\/pt-br\\\/politica-de-cookies-2\\\/\"]}]},{\"@type\":\"BreadcrumbList\",\"@id\":\"https:\\\/\\\/allithost.com\\\/pt-br\\\/politica-de-cookies-2\\\/#breadcrumb\",\"itemListElement\":[{\"@type\":\"ListItem\",\"position\":1,\"name\":\"Home\",\"item\":\"https:\\\/\\\/allithost.com\\\/pt-br\\\/\"},{\"@type\":\"ListItem\",\"position\":2,\"name\":\"Pol\u00edtica de Cookies\"}]},{\"@type\":\"WebSite\",\"@id\":\"https:\\\/\\\/allithost.com\\\/pt-br\\\/#website\",\"url\":\"https:\\\/\\\/allithost.com\\\/pt-br\\\/\",\"name\":\"All It Host\",\"description\":\"The Cloud Computing Revolution\",\"publisher\":{\"@id\":\"https:\\\/\\\/allithost.com\\\/pt-br\\\/#organization\"},\"potentialAction\":[{\"@type\":\"SearchAction\",\"target\":{\"@type\":\"EntryPoint\",\"urlTemplate\":\"https:\\\/\\\/allithost.com\\\/pt-br\\\/?s={search_term_string}\"},\"query-input\":{\"@type\":\"PropertyValueSpecification\",\"valueRequired\":true,\"valueName\":\"search_term_string\"}}],\"inLanguage\":\"pt-BR\"},{\"@type\":\"Organization\",\"@id\":\"https:\\\/\\\/allithost.com\\\/pt-br\\\/#organization\",\"name\":\"All IT Host Inc.\",\"url\":\"https:\\\/\\\/allithost.com\\\/pt-br\\\/\",\"logo\":{\"@type\":\"ImageObject\",\"inLanguage\":\"pt-BR\",\"@id\":\"https:\\\/\\\/allithost.com\\\/pt-br\\\/#\\\/schema\\\/logo\\\/image\\\/\",\"url\":\"https:\\\/\\\/allithost.com\\\/wp-content\\\/uploads\\\/2020\\\/08\\\/02-Logo-Allithost--e1600304778301.png\",\"contentUrl\":\"https:\\\/\\\/allithost.com\\\/wp-content\\\/uploads\\\/2020\\\/08\\\/02-Logo-Allithost--e1600304778301.png\",\"width\":116,\"height\":94,\"caption\":\"All IT Host Inc.\"},\"image\":{\"@id\":\"https:\\\/\\\/allithost.com\\\/pt-br\\\/#\\\/schema\\\/logo\\\/image\\\/\"},\"sameAs\":[\"https:\\\/\\\/www.facebook.com\\\/allithost\",\"https:\\\/\\\/x.com\\\/allithost\",\"http:\\\/\\\/www.linkedin.com\\\/company\\\/all-it-host\"]}]}<\/script>\n<!-- \/ Yoast SEO plugin. -->","yoast_head_json":{"title":"Pol\u00edtica de Cookies - All It Host","robots":{"index":"index","follow":"follow","max-snippet":"max-snippet:-1","max-image-preview":"max-image-preview:large","max-video-preview":"max-video-preview:-1"},"canonical":"https:\/\/allithost.com\/pt-br\/politica-de-cookies-2\/","og_locale":"pt_BR","og_type":"article","og_title":"Pol\u00edtica de Cookies - All It Host","og_description":"Pol\u00edtica de CookiesA empresa ILS Inc \u2013 Dba All IT Host informa sobre o uso de cookies em seu site: www.https:\/\/allithost.com\/. Que s\u00e3o cookies? Cookies s\u00e3o arquivos, pequenos peda\u00e7os de informa\u00e7\u00f5es (ficheiros), que podem ser baixados para o seu dispositivo atrav\u00e9s de p\u00e1ginas da web. S\u00e3o ferramentas que t\u00eam uma fun\u00e7\u00e3o essencial para a presta\u00e7\u00e3o [&hellip;]","og_url":"https:\/\/allithost.com\/pt-br\/politica-de-cookies-2\/","og_site_name":"All It Host","article_publisher":"https:\/\/www.facebook.com\/allithost","article_modified_time":"2020-10-17T13:10:07+00:00","og_image":[{"width":600,"height":117,"url":"https:\/\/allithost.com\/wp-content\/uploads\/2020\/09\/04-Logo-Allithost-1-1-e1600720431694.png","type":"image\/png"}],"twitter_card":"summary_large_image","twitter_site":"@allithost","twitter_misc":{"Est. tempo de leitura":"8 minutos"},"schema":{"@context":"https:\/\/schema.org","@graph":[{"@type":"WebPage","@id":"https:\/\/allithost.com\/pt-br\/politica-de-cookies-2\/","url":"https:\/\/allithost.com\/pt-br\/politica-de-cookies-2\/","name":"Pol\u00edtica de Cookies - All It Host","isPartOf":{"@id":"https:\/\/allithost.com\/pt-br\/#website"},"datePublished":"2020-10-06T19:11:49+00:00","dateModified":"2020-10-17T13:10:07+00:00","breadcrumb":{"@id":"https:\/\/allithost.com\/pt-br\/politica-de-cookies-2\/#breadcrumb"},"inLanguage":"pt-BR","potentialAction":[{"@type":"ReadAction","target":["https:\/\/allithost.com\/pt-br\/politica-de-cookies-2\/"]}]},{"@type":"BreadcrumbList","@id":"https:\/\/allithost.com\/pt-br\/politica-de-cookies-2\/#breadcrumb","itemListElement":[{"@type":"ListItem","position":1,"name":"Home","item":"https:\/\/allithost.com\/pt-br\/"},{"@type":"ListItem","position":2,"name":"Pol\u00edtica de Cookies"}]},{"@type":"WebSite","@id":"https:\/\/allithost.com\/pt-br\/#website","url":"https:\/\/allithost.com\/pt-br\/","name":"All It Host","description":"The Cloud Computing Revolution","publisher":{"@id":"https:\/\/allithost.com\/pt-br\/#organization"},"potentialAction":[{"@type":"SearchAction","target":{"@type":"EntryPoint","urlTemplate":"https:\/\/allithost.com\/pt-br\/?s={search_term_string}"},"query-input":{"@type":"PropertyValueSpecification","valueRequired":true,"valueName":"search_term_string"}}],"inLanguage":"pt-BR"},{"@type":"Organization","@id":"https:\/\/allithost.com\/pt-br\/#organization","name":"All IT Host Inc.","url":"https:\/\/allithost.com\/pt-br\/","logo":{"@type":"ImageObject","inLanguage":"pt-BR","@id":"https:\/\/allithost.com\/pt-br\/#\/schema\/logo\/image\/","url":"https:\/\/allithost.com\/wp-content\/uploads\/2020\/08\/02-Logo-Allithost--e1600304778301.png","contentUrl":"https:\/\/allithost.com\/wp-content\/uploads\/2020\/08\/02-Logo-Allithost--e1600304778301.png","width":116,"height":94,"caption":"All IT Host Inc."},"image":{"@id":"https:\/\/allithost.com\/pt-br\/#\/schema\/logo\/image\/"},"sameAs":["https:\/\/www.facebook.com\/allithost","https:\/\/x.com\/allithost","http:\/\/www.linkedin.com\/company\/all-it-host"]}]}},"_links":{"self":[{"href":"https:\/\/allithost.com\/pt-br\/wp-json\/wp\/v2\/pages\/49867","targetHints":{"allow":["GET"]}}],"collection":[{"href":"https:\/\/allithost.com\/pt-br\/wp-json\/wp\/v2\/pages"}],"about":[{"href":"https:\/\/allithost.com\/pt-br\/wp-json\/wp\/v2\/types\/page"}],"author":[{"embeddable":true,"href":"https:\/\/allithost.com\/pt-br\/wp-json\/wp\/v2\/users\/5"}],"replies":[{"embeddable":true,"href":"https:\/\/allithost.com\/pt-br\/wp-json\/wp\/v2\/comments?post=49867"}],"version-history":[{"count":0,"href":"https:\/\/allithost.com\/pt-br\/wp-json\/wp\/v2\/pages\/49867\/revisions"}],"wp:attachment":[{"href":"https:\/\/allithost.com\/pt-br\/wp-json\/wp\/v2\/media?parent=49867"}],"curies":[{"name":"wp","href":"https:\/\/api.w.org\/{rel}","templated":true}]}}