{"id":49535,"date":"2020-10-03T17:41:11","date_gmt":"2020-10-03T17:41:11","guid":{"rendered":"http:\/\/96.46.250.135\/allithost\/produtos\/gestao-e-suporte-de-ti\/"},"modified":"2020-10-17T13:19:42","modified_gmt":"2020-10-17T13:19:42","slug":"gestao-e-suporte-de-ti","status":"publish","type":"page","link":"https:\/\/allithost.com\/pt-br\/produtos\/gestao-e-suporte-de-ti\/","title":{"rendered":"Gest\u00e3o E Suporte De TI"},"content":{"rendered":"<p>[et_pb_section fb_built=&#8221;1&#8243; _builder_version=&#8221;3.22&#8243; collapsed=&#8221;on&#8221;][et_pb_row _builder_version=&#8221;3.25&#8243;][et_pb_column type=&#8221;4_4&#8243; _builder_version=&#8221;3.25&#8243; custom_padding=&#8221;|||&#8221; custom_padding__hover=&#8221;|||&#8221;][et_pb_text _builder_version=&#8221;4.6.5&#8243; _module_preset=&#8221;db8bf3f5-f1c3-43f0-bc1e-ca238db48424&#8243; header_text_align=&#8221;right&#8221; background_image=&#8221;https:\/\/allithost.com\/\/wp-content\/uploads\/2020\/08\/Line-04-1-300&#215;1.png&#8221; background_size=&#8221;contain&#8221; background_position=&#8221;bottom_right&#8221; vertical_offset_tablet=&#8221;0&#8243; horizontal_offset_tablet=&#8221;0&#8243; custom_padding=&#8221;2px|||||&#8221; z_index_tablet=&#8221;0&#8243; text_text_shadow_horizontal_length_tablet=&#8221;0px&#8221; text_text_shadow_vertical_length_tablet=&#8221;0px&#8221; text_text_shadow_blur_strength_tablet=&#8221;1px&#8221; link_text_shadow_horizontal_length_tablet=&#8221;0px&#8221; link_text_shadow_vertical_length_tablet=&#8221;0px&#8221; link_text_shadow_blur_strength_tablet=&#8221;1px&#8221; ul_text_shadow_horizontal_length_tablet=&#8221;0px&#8221; ul_text_shadow_vertical_length_tablet=&#8221;0px&#8221; ul_text_shadow_blur_strength_tablet=&#8221;1px&#8221; ol_text_shadow_horizontal_length_tablet=&#8221;0px&#8221; ol_text_shadow_vertical_length_tablet=&#8221;0px&#8221; ol_text_shadow_blur_strength_tablet=&#8221;1px&#8221; quote_text_shadow_horizontal_length_tablet=&#8221;0px&#8221; quote_text_shadow_vertical_length_tablet=&#8221;0px&#8221; quote_text_shadow_blur_strength_tablet=&#8221;1px&#8221; header_text_shadow_horizontal_length_tablet=&#8221;0px&#8221; header_text_shadow_vertical_length_tablet=&#8221;0px&#8221; header_text_shadow_blur_strength_tablet=&#8221;1px&#8221; header_2_text_shadow_horizontal_length_tablet=&#8221;0px&#8221; header_2_text_shadow_vertical_length_tablet=&#8221;0px&#8221; header_2_text_shadow_blur_strength_tablet=&#8221;1px&#8221; header_3_text_shadow_horizontal_length_tablet=&#8221;0px&#8221; header_3_text_shadow_vertical_length_tablet=&#8221;0px&#8221; header_3_text_shadow_blur_strength_tablet=&#8221;1px&#8221; header_4_text_shadow_horizontal_length_tablet=&#8221;0px&#8221; header_4_text_shadow_vertical_length_tablet=&#8221;0px&#8221; header_4_text_shadow_blur_strength_tablet=&#8221;1px&#8221; header_5_text_shadow_horizontal_length_tablet=&#8221;0px&#8221; header_5_text_shadow_vertical_length_tablet=&#8221;0px&#8221; header_5_text_shadow_blur_strength_tablet=&#8221;1px&#8221; header_6_text_shadow_horizontal_length_tablet=&#8221;0px&#8221; header_6_text_shadow_vertical_length_tablet=&#8221;0px&#8221; header_6_text_shadow_blur_strength_tablet=&#8221;1px&#8221; box_shadow_horizontal_tablet=&#8221;0px&#8221; box_shadow_vertical_tablet=&#8221;0px&#8221; box_shadow_blur_tablet=&#8221;40px&#8221; box_shadow_spread_tablet=&#8221;0px&#8221;]<\/p>\n<h1>Gest\u00e3o E Suporte De TI<\/h1>\n<p>[\/et_pb_text][et_pb_text _builder_version=&#8221;4.6.5&#8243; _module_preset=&#8221;db8bf3f5-f1c3-43f0-bc1e-ca238db48424&#8243; vertical_offset_tablet=&#8221;0&#8243; horizontal_offset_tablet=&#8221;0&#8243; custom_padding=&#8221;2px|||||&#8221; z_index_tablet=&#8221;0&#8243; text_text_shadow_horizontal_length_tablet=&#8221;0px&#8221; text_text_shadow_vertical_length_tablet=&#8221;0px&#8221; text_text_shadow_blur_strength_tablet=&#8221;1px&#8221; link_text_shadow_horizontal_length_tablet=&#8221;0px&#8221; link_text_shadow_vertical_length_tablet=&#8221;0px&#8221; link_text_shadow_blur_strength_tablet=&#8221;1px&#8221; ul_text_shadow_horizontal_length_tablet=&#8221;0px&#8221; ul_text_shadow_vertical_length_tablet=&#8221;0px&#8221; ul_text_shadow_blur_strength_tablet=&#8221;1px&#8221; ol_text_shadow_horizontal_length_tablet=&#8221;0px&#8221; ol_text_shadow_vertical_length_tablet=&#8221;0px&#8221; ol_text_shadow_blur_strength_tablet=&#8221;1px&#8221; quote_text_shadow_horizontal_length_tablet=&#8221;0px&#8221; quote_text_shadow_vertical_length_tablet=&#8221;0px&#8221; quote_text_shadow_blur_strength_tablet=&#8221;1px&#8221; header_text_shadow_horizontal_length_tablet=&#8221;0px&#8221; header_text_shadow_vertical_length_tablet=&#8221;0px&#8221; header_text_shadow_blur_strength_tablet=&#8221;1px&#8221; header_2_text_shadow_horizontal_length_tablet=&#8221;0px&#8221; header_2_text_shadow_vertical_length_tablet=&#8221;0px&#8221; header_2_text_shadow_blur_strength_tablet=&#8221;1px&#8221; header_3_text_shadow_horizontal_length_tablet=&#8221;0px&#8221; header_3_text_shadow_vertical_length_tablet=&#8221;0px&#8221; header_3_text_shadow_blur_strength_tablet=&#8221;1px&#8221; header_4_text_shadow_horizontal_length_tablet=&#8221;0px&#8221; header_4_text_shadow_vertical_length_tablet=&#8221;0px&#8221; header_4_text_shadow_blur_strength_tablet=&#8221;1px&#8221; header_5_text_shadow_horizontal_length_tablet=&#8221;0px&#8221; header_5_text_shadow_vertical_length_tablet=&#8221;0px&#8221; header_5_text_shadow_blur_strength_tablet=&#8221;1px&#8221; header_6_text_shadow_horizontal_length_tablet=&#8221;0px&#8221; header_6_text_shadow_vertical_length_tablet=&#8221;0px&#8221; header_6_text_shadow_blur_strength_tablet=&#8221;1px&#8221; box_shadow_horizontal_tablet=&#8221;0px&#8221; box_shadow_vertical_tablet=&#8221;0px&#8221; box_shadow_blur_tablet=&#8221;40px&#8221; box_shadow_spread_tablet=&#8221;0px&#8221;]<\/p>\n<h2>Entender, analisar e depois gerenciar: \u00e9 como fazemos o melhor pela sua empresa!<\/h2>\n<p>[\/et_pb_text][et_pb_text _builder_version=&#8221;4.6.5&#8243; _module_preset=&#8221;0e7b0c3f-5c05-474d-8e4a-716f1207d1aa&#8221; vertical_offset_tablet=&#8221;0&#8243; horizontal_offset_tablet=&#8221;0&#8243; custom_padding=&#8221;2px|||||&#8221; z_index_tablet=&#8221;0&#8243; text_text_shadow_horizontal_length_tablet=&#8221;0px&#8221; text_text_shadow_vertical_length_tablet=&#8221;0px&#8221; text_text_shadow_blur_strength_tablet=&#8221;1px&#8221; link_text_shadow_horizontal_length_tablet=&#8221;0px&#8221; link_text_shadow_vertical_length_tablet=&#8221;0px&#8221; link_text_shadow_blur_strength_tablet=&#8221;1px&#8221; ul_text_shadow_horizontal_length_tablet=&#8221;0px&#8221; ul_text_shadow_vertical_length_tablet=&#8221;0px&#8221; ul_text_shadow_blur_strength_tablet=&#8221;1px&#8221; ol_text_shadow_horizontal_length_tablet=&#8221;0px&#8221; ol_text_shadow_vertical_length_tablet=&#8221;0px&#8221; ol_text_shadow_blur_strength_tablet=&#8221;1px&#8221; quote_text_shadow_horizontal_length_tablet=&#8221;0px&#8221; quote_text_shadow_vertical_length_tablet=&#8221;0px&#8221; quote_text_shadow_blur_strength_tablet=&#8221;1px&#8221; header_text_shadow_horizontal_length_tablet=&#8221;0px&#8221; header_text_shadow_vertical_length_tablet=&#8221;0px&#8221; header_text_shadow_blur_strength_tablet=&#8221;1px&#8221; header_2_text_shadow_horizontal_length_tablet=&#8221;0px&#8221; header_2_text_shadow_vertical_length_tablet=&#8221;0px&#8221; header_2_text_shadow_blur_strength_tablet=&#8221;1px&#8221; header_3_text_shadow_horizontal_length_tablet=&#8221;0px&#8221; header_3_text_shadow_vertical_length_tablet=&#8221;0px&#8221; header_3_text_shadow_blur_strength_tablet=&#8221;1px&#8221; header_4_text_shadow_horizontal_length_tablet=&#8221;0px&#8221; header_4_text_shadow_vertical_length_tablet=&#8221;0px&#8221; header_4_text_shadow_blur_strength_tablet=&#8221;1px&#8221; header_5_text_shadow_horizontal_length_tablet=&#8221;0px&#8221; header_5_text_shadow_vertical_length_tablet=&#8221;0px&#8221; header_5_text_shadow_blur_strength_tablet=&#8221;1px&#8221; header_6_text_shadow_horizontal_length_tablet=&#8221;0px&#8221; header_6_text_shadow_vertical_length_tablet=&#8221;0px&#8221; header_6_text_shadow_blur_strength_tablet=&#8221;1px&#8221; box_shadow_horizontal_tablet=&#8221;0px&#8221; box_shadow_vertical_tablet=&#8221;0px&#8221; box_shadow_blur_tablet=&#8221;40px&#8221; box_shadow_spread_tablet=&#8221;0px&#8221;]<\/p>\n<p>Como parte do atual cibermercado hiperconectado e tecnologicamente avan\u00e7ado, para atingir a mais alta confiabilidade e seguran\u00e7a voc\u00ea precisa investir em servi\u00e7os de TI de alta qualidade. Uma gest\u00e3o eficiente pode assegurar que todas as ferramentas de trabalho e seus respectivos locais de acesso estejam sempre dispon\u00edveis. Assim, em poss\u00edveis situa\u00e7\u00f5es emergenciais todos os problemas podem ser solucionados imediatamente.<\/p>\n<p>Ao solicitar os servi\u00e7os da All It Host, a sua empresa j\u00e1 come\u00e7a a desfrutar o melhor do mundo de TI. Descobrir\u00e1 um caminho de seguran\u00e7a e praticidade fundamentais em cada processo de recursos tecnol\u00f3gicos da sua empresa. Conosco, voc\u00ea poder\u00e1 ter tranquilidade diante de poss\u00edveis preocupa\u00e7\u00f5es e transtornos de TI e Cloud. Afinal, assumiremos estas responsabilidades t\u00e9cnicas como seus parceiros especialistas em todas as quest\u00f5es de TI.<\/p>\n<p>N\u00f3s o libertaremos de seus problemas de TI e assumiremos essas responsabilidades t\u00e9cnicas como seus parceiros especialistas em todas as quest\u00f5es de TI. Pensamos em termos de custo-benef\u00edcio. Assim, estamos aptos a oferecer nossos servi\u00e7os de Terceiriza\u00e7\u00e3o de TI a pre\u00e7os iniciais que atendem a pequenas, m\u00e9dias e grandes empresas. Em cada pacote de servi\u00e7os e pre\u00e7os, os mesmos crit\u00e9rios de qualidade.<\/p>\n<h3>Como a All It Host faz isso?<\/h3>\n<p>Sabemos que pelo menos 60% do seu I.T. as horas de trabalho da equipe s\u00e3o passadas ociosamente entre as tarefas. Seja enquanto um servidor esteja sendo atualizado ou enquanto \u00e9 feito o download das \u00faltimas corre\u00e7\u00f5es.<\/p>\n<p>Nossa equipe nunca fica ociosa. Enquanto esperamos a conclus\u00e3o de um trabalho, podemos mudar para outro imediatamente. Tudo com muito muita rapidez, muito crit\u00e9rio e cumprimento de prazo. Temos um conjunto completo de ferramentas para automatizar e facilitar todos os processos relacionados \u00e0 manuten\u00e7\u00e3o de seus sistemas de TI.<\/p>\n<p>Com nossa equipe especializada, avaliamos primeiramente sua infraestrutura, incluindo pontos relacionados \u00e0s suas regras de neg\u00f3cio, como suas contas correntes, para podermos oferecer-lhe planos que reduzem custos e aumentam lucro e economia. Suas contas de luz, internet e telefone ficar\u00e3o bem menores, uma prova de que utilizar nossos servi\u00e7os \u00e9 mesmo a melhor decis\u00e3o.<\/p>\n<p>Sim, temos especialistas em todas as \u00e1reas de TI. E preocupamo-nos em dar o melhor retorno ao seu investimento em TI. <\/p>\n<h3>Gest\u00e3o e Suporte<\/h3>\n<p>N\u00e3o importa se sua infraestrutura de TI est\u00e1 hospedada localmente ou em qualquer outro provedor de nuvem. Iremos manter, monitorar e proteger qualquer um dos seus sistemas e implantar todas as configura\u00e7\u00f5es necess\u00e1rias. Seu neg\u00f3cio ter\u00e1 aten\u00e7\u00e3o permanente de nossa equipe de especialistas.<\/p>\n<p>Em caso de a sua conex\u00e3o com a Internet estiver inst\u00e1vel ou voc\u00ea n\u00e3o conseguir conectar-se \u00e0 Web, basta entrar em contato com o nosso suporte. Analisaremos os servidores da sua empresa e forneceremos as informa\u00e7\u00f5es necess\u00e1rias a uma corre\u00e7\u00e3o imediata. O prop\u00f3sito \u00e9 ajudar nossos cliente, inclusive os que n\u00e3o estiverem em Cloud.<\/p>\n<p>Com mais de duas d\u00e9cadas de experi\u00eancia em gerenciamento e suporte para redes locais e remotas, data centers, escrit\u00f3rios remotos e todos os tipos de regras de neg\u00f3cios e mercados, fornecemos suporte especializado 24\/7\/365.<\/p>\n<p>Nossos servi\u00e7os de gerenciamento e suporte de TI incluem, entre outros:<br \/>Monitoramento e manuten\u00e7\u00e3o de roteadores e firewalls, al\u00e9m de configura\u00e7\u00e3o e administra\u00e7\u00e3o de VPN; backup recorrente de todos os arquivos de configura\u00e7\u00e3o; controle de acesso \u00e0 web; Seguran\u00e7a, gerenciamento e monitoramento de e-mail; Planejamento, implanta\u00e7\u00e3o e gerenciamento de AD, DHCP e DNS.<\/p>\n<ul>\n<li>Suporte de hardware e software: forne\u00e7emos suporte remoto para os problemas gerais internos de computadores e servidores; suporte de acesso para VPN e usu\u00e1rios de rede.<\/li>\n<li>Instala\u00e7\u00e3o, monitoramento e solu\u00e7\u00e3o de problemas de software, incluindo configura\u00e7\u00e3o remota e local, planejamento, desenvolvimento e implanta\u00e7\u00e3o de solu\u00e7\u00f5es de software.<\/li>\n<li>Contato de suporte terceirizado para problemas relacionados ao ISP, incluindo problemas de conectividade, altera\u00e7\u00f5es e atualiza\u00e7\u00f5es de rede; contato de suporte de terceiros para fornecedores de hardware e software, incluindo atualiza\u00e7\u00f5es, upgrades e suporte geral ao usu\u00e1rio.<\/li>\n<\/ul>\n<p>Conscientes de que as demandas de TI podem mudar de uma organiza\u00e7\u00e3o para outra, n\u00f3s, da All It Host, elaboramos um projeto personalizado para cada empresa.<\/p>\n<p>Temos um projeto espec\u00edfico para a sua empresa, contate-nos!<\/p>\n<p><a href=\"http:\/\/home\" data-wplink-url-error=\"true\">ALL IT HOST<\/a><\/p>\n<p>[\/et_pb_text][\/et_pb_column][\/et_pb_row][\/et_pb_section]<\/p>\n","protected":false},"excerpt":{"rendered":"<p>Gest\u00e3o E Suporte De TIEntender, analisar e depois gerenciar: \u00e9 como fazemos o melhor pela sua empresa!Como parte do atual cibermercado hiperconectado e tecnologicamente avan\u00e7ado, para atingir a mais alta confiabilidade e seguran\u00e7a voc\u00ea precisa investir em servi\u00e7os de TI de alta qualidade. Uma gest\u00e3o eficiente pode assegurar que todas as ferramentas de trabalho e [&hellip;]<\/p>\n","protected":false},"author":5,"featured_media":0,"parent":49469,"menu_order":0,"comment_status":"closed","ping_status":"closed","template":"","meta":{"_et_pb_use_builder":"on","_et_pb_old_content":"","_et_gb_content_width":"","footnotes":""},"class_list":["post-49535","page","type-page","status-publish","hentry"],"yoast_head":"<!-- This site is optimized with the Yoast SEO plugin v27.4 - https:\/\/yoast.com\/product\/yoast-seo-wordpress\/ -->\n<title>Gest\u00e3o E Suporte De TI - All It Host<\/title>\n<meta name=\"robots\" content=\"index, follow, max-snippet:-1, max-image-preview:large, max-video-preview:-1\" \/>\n<link rel=\"canonical\" href=\"https:\/\/allithost.com\/pt-br\/produtos\/gestao-e-suporte-de-ti\/\" \/>\n<meta property=\"og:locale\" content=\"pt_BR\" \/>\n<meta property=\"og:type\" content=\"article\" \/>\n<meta property=\"og:title\" content=\"Gest\u00e3o E Suporte De TI - All It Host\" \/>\n<meta property=\"og:description\" content=\"Gest\u00e3o E Suporte De TIEntender, analisar e depois gerenciar: \u00e9 como fazemos o melhor pela sua empresa!Como parte do atual cibermercado hiperconectado e tecnologicamente avan\u00e7ado, para atingir a mais alta confiabilidade e seguran\u00e7a voc\u00ea precisa investir em servi\u00e7os de TI de alta qualidade. Uma gest\u00e3o eficiente pode assegurar que todas as ferramentas de trabalho e [&hellip;]\" \/>\n<meta property=\"og:url\" content=\"https:\/\/allithost.com\/pt-br\/produtos\/gestao-e-suporte-de-ti\/\" \/>\n<meta property=\"og:site_name\" content=\"All It Host\" \/>\n<meta property=\"article:publisher\" content=\"https:\/\/www.facebook.com\/allithost\" \/>\n<meta property=\"article:modified_time\" content=\"2020-10-17T13:19:42+00:00\" \/>\n<meta property=\"og:image\" content=\"https:\/\/allithost.com\/wp-content\/uploads\/2020\/09\/04-Logo-Allithost-1-1-e1600720431694.png\" \/>\n\t<meta property=\"og:image:width\" content=\"600\" \/>\n\t<meta property=\"og:image:height\" content=\"117\" \/>\n\t<meta property=\"og:image:type\" content=\"image\/png\" \/>\n<meta name=\"twitter:card\" content=\"summary_large_image\" \/>\n<meta name=\"twitter:site\" content=\"@allithost\" \/>\n<meta name=\"twitter:label1\" content=\"Est. tempo de leitura\" \/>\n\t<meta name=\"twitter:data1\" content=\"8 minutos\" \/>\n<script type=\"application\/ld+json\" class=\"yoast-schema-graph\">{\"@context\":\"https:\\\/\\\/schema.org\",\"@graph\":[{\"@type\":\"WebPage\",\"@id\":\"https:\\\/\\\/allithost.com\\\/pt-br\\\/produtos\\\/gestao-e-suporte-de-ti\\\/\",\"url\":\"https:\\\/\\\/allithost.com\\\/pt-br\\\/produtos\\\/gestao-e-suporte-de-ti\\\/\",\"name\":\"Gest\u00e3o E Suporte De TI - All It Host\",\"isPartOf\":{\"@id\":\"https:\\\/\\\/allithost.com\\\/pt-br\\\/#website\"},\"datePublished\":\"2020-10-03T17:41:11+00:00\",\"dateModified\":\"2020-10-17T13:19:42+00:00\",\"breadcrumb\":{\"@id\":\"https:\\\/\\\/allithost.com\\\/pt-br\\\/produtos\\\/gestao-e-suporte-de-ti\\\/#breadcrumb\"},\"inLanguage\":\"pt-BR\",\"potentialAction\":[{\"@type\":\"ReadAction\",\"target\":[\"https:\\\/\\\/allithost.com\\\/pt-br\\\/produtos\\\/gestao-e-suporte-de-ti\\\/\"]}]},{\"@type\":\"BreadcrumbList\",\"@id\":\"https:\\\/\\\/allithost.com\\\/pt-br\\\/produtos\\\/gestao-e-suporte-de-ti\\\/#breadcrumb\",\"itemListElement\":[{\"@type\":\"ListItem\",\"position\":1,\"name\":\"Home\",\"item\":\"https:\\\/\\\/allithost.com\\\/pt-br\\\/\"},{\"@type\":\"ListItem\",\"position\":2,\"name\":\"Produtos\",\"item\":\"https:\\\/\\\/allithost.com\\\/pt-br\\\/products\\\/\"},{\"@type\":\"ListItem\",\"position\":3,\"name\":\"Gest\u00e3o E Suporte De TI\"}]},{\"@type\":\"WebSite\",\"@id\":\"https:\\\/\\\/allithost.com\\\/pt-br\\\/#website\",\"url\":\"https:\\\/\\\/allithost.com\\\/pt-br\\\/\",\"name\":\"All It Host\",\"description\":\"The Cloud Computing Revolution\",\"publisher\":{\"@id\":\"https:\\\/\\\/allithost.com\\\/pt-br\\\/#organization\"},\"potentialAction\":[{\"@type\":\"SearchAction\",\"target\":{\"@type\":\"EntryPoint\",\"urlTemplate\":\"https:\\\/\\\/allithost.com\\\/pt-br\\\/?s={search_term_string}\"},\"query-input\":{\"@type\":\"PropertyValueSpecification\",\"valueRequired\":true,\"valueName\":\"search_term_string\"}}],\"inLanguage\":\"pt-BR\"},{\"@type\":\"Organization\",\"@id\":\"https:\\\/\\\/allithost.com\\\/pt-br\\\/#organization\",\"name\":\"All IT Host Inc.\",\"url\":\"https:\\\/\\\/allithost.com\\\/pt-br\\\/\",\"logo\":{\"@type\":\"ImageObject\",\"inLanguage\":\"pt-BR\",\"@id\":\"https:\\\/\\\/allithost.com\\\/pt-br\\\/#\\\/schema\\\/logo\\\/image\\\/\",\"url\":\"https:\\\/\\\/allithost.com\\\/wp-content\\\/uploads\\\/2020\\\/08\\\/02-Logo-Allithost--e1600304778301.png\",\"contentUrl\":\"https:\\\/\\\/allithost.com\\\/wp-content\\\/uploads\\\/2020\\\/08\\\/02-Logo-Allithost--e1600304778301.png\",\"width\":116,\"height\":94,\"caption\":\"All IT Host Inc.\"},\"image\":{\"@id\":\"https:\\\/\\\/allithost.com\\\/pt-br\\\/#\\\/schema\\\/logo\\\/image\\\/\"},\"sameAs\":[\"https:\\\/\\\/www.facebook.com\\\/allithost\",\"https:\\\/\\\/x.com\\\/allithost\",\"http:\\\/\\\/www.linkedin.com\\\/company\\\/all-it-host\"]}]}<\/script>\n<!-- \/ Yoast SEO plugin. -->","yoast_head_json":{"title":"Gest\u00e3o E Suporte De TI - All It Host","robots":{"index":"index","follow":"follow","max-snippet":"max-snippet:-1","max-image-preview":"max-image-preview:large","max-video-preview":"max-video-preview:-1"},"canonical":"https:\/\/allithost.com\/pt-br\/produtos\/gestao-e-suporte-de-ti\/","og_locale":"pt_BR","og_type":"article","og_title":"Gest\u00e3o E Suporte De TI - All It Host","og_description":"Gest\u00e3o E Suporte De TIEntender, analisar e depois gerenciar: \u00e9 como fazemos o melhor pela sua empresa!Como parte do atual cibermercado hiperconectado e tecnologicamente avan\u00e7ado, para atingir a mais alta confiabilidade e seguran\u00e7a voc\u00ea precisa investir em servi\u00e7os de TI de alta qualidade. Uma gest\u00e3o eficiente pode assegurar que todas as ferramentas de trabalho e [&hellip;]","og_url":"https:\/\/allithost.com\/pt-br\/produtos\/gestao-e-suporte-de-ti\/","og_site_name":"All It Host","article_publisher":"https:\/\/www.facebook.com\/allithost","article_modified_time":"2020-10-17T13:19:42+00:00","og_image":[{"width":600,"height":117,"url":"https:\/\/allithost.com\/wp-content\/uploads\/2020\/09\/04-Logo-Allithost-1-1-e1600720431694.png","type":"image\/png"}],"twitter_card":"summary_large_image","twitter_site":"@allithost","twitter_misc":{"Est. tempo de leitura":"8 minutos"},"schema":{"@context":"https:\/\/schema.org","@graph":[{"@type":"WebPage","@id":"https:\/\/allithost.com\/pt-br\/produtos\/gestao-e-suporte-de-ti\/","url":"https:\/\/allithost.com\/pt-br\/produtos\/gestao-e-suporte-de-ti\/","name":"Gest\u00e3o E Suporte De TI - All It Host","isPartOf":{"@id":"https:\/\/allithost.com\/pt-br\/#website"},"datePublished":"2020-10-03T17:41:11+00:00","dateModified":"2020-10-17T13:19:42+00:00","breadcrumb":{"@id":"https:\/\/allithost.com\/pt-br\/produtos\/gestao-e-suporte-de-ti\/#breadcrumb"},"inLanguage":"pt-BR","potentialAction":[{"@type":"ReadAction","target":["https:\/\/allithost.com\/pt-br\/produtos\/gestao-e-suporte-de-ti\/"]}]},{"@type":"BreadcrumbList","@id":"https:\/\/allithost.com\/pt-br\/produtos\/gestao-e-suporte-de-ti\/#breadcrumb","itemListElement":[{"@type":"ListItem","position":1,"name":"Home","item":"https:\/\/allithost.com\/pt-br\/"},{"@type":"ListItem","position":2,"name":"Produtos","item":"https:\/\/allithost.com\/pt-br\/products\/"},{"@type":"ListItem","position":3,"name":"Gest\u00e3o E Suporte De TI"}]},{"@type":"WebSite","@id":"https:\/\/allithost.com\/pt-br\/#website","url":"https:\/\/allithost.com\/pt-br\/","name":"All It Host","description":"The Cloud Computing Revolution","publisher":{"@id":"https:\/\/allithost.com\/pt-br\/#organization"},"potentialAction":[{"@type":"SearchAction","target":{"@type":"EntryPoint","urlTemplate":"https:\/\/allithost.com\/pt-br\/?s={search_term_string}"},"query-input":{"@type":"PropertyValueSpecification","valueRequired":true,"valueName":"search_term_string"}}],"inLanguage":"pt-BR"},{"@type":"Organization","@id":"https:\/\/allithost.com\/pt-br\/#organization","name":"All IT Host Inc.","url":"https:\/\/allithost.com\/pt-br\/","logo":{"@type":"ImageObject","inLanguage":"pt-BR","@id":"https:\/\/allithost.com\/pt-br\/#\/schema\/logo\/image\/","url":"https:\/\/allithost.com\/wp-content\/uploads\/2020\/08\/02-Logo-Allithost--e1600304778301.png","contentUrl":"https:\/\/allithost.com\/wp-content\/uploads\/2020\/08\/02-Logo-Allithost--e1600304778301.png","width":116,"height":94,"caption":"All IT Host Inc."},"image":{"@id":"https:\/\/allithost.com\/pt-br\/#\/schema\/logo\/image\/"},"sameAs":["https:\/\/www.facebook.com\/allithost","https:\/\/x.com\/allithost","http:\/\/www.linkedin.com\/company\/all-it-host"]}]}},"_links":{"self":[{"href":"https:\/\/allithost.com\/pt-br\/wp-json\/wp\/v2\/pages\/49535","targetHints":{"allow":["GET"]}}],"collection":[{"href":"https:\/\/allithost.com\/pt-br\/wp-json\/wp\/v2\/pages"}],"about":[{"href":"https:\/\/allithost.com\/pt-br\/wp-json\/wp\/v2\/types\/page"}],"author":[{"embeddable":true,"href":"https:\/\/allithost.com\/pt-br\/wp-json\/wp\/v2\/users\/5"}],"replies":[{"embeddable":true,"href":"https:\/\/allithost.com\/pt-br\/wp-json\/wp\/v2\/comments?post=49535"}],"version-history":[{"count":0,"href":"https:\/\/allithost.com\/pt-br\/wp-json\/wp\/v2\/pages\/49535\/revisions"}],"up":[{"embeddable":true,"href":"https:\/\/allithost.com\/pt-br\/wp-json\/wp\/v2\/pages\/49469"}],"wp:attachment":[{"href":"https:\/\/allithost.com\/pt-br\/wp-json\/wp\/v2\/media?parent=49535"}],"curies":[{"name":"wp","href":"https:\/\/api.w.org\/{rel}","templated":true}]}}