{"id":49520,"date":"2020-10-03T13:52:14","date_gmt":"2020-10-03T13:52:14","guid":{"rendered":"http:\/\/96.46.250.135\/allithost\/produtos\/vantagens-do-cloud\/"},"modified":"2020-10-17T13:24:38","modified_gmt":"2020-10-17T13:24:38","slug":"vantagens-do-cloud","status":"publish","type":"page","link":"https:\/\/allithost.com\/pt-br\/produtos\/vantagens-do-cloud\/","title":{"rendered":"VANTAGENS DO CLOUD"},"content":{"rendered":"<p>[et_pb_section fb_built=&#8221;1&#8243; _builder_version=&#8221;3.22&#8243;][et_pb_row _builder_version=&#8221;3.25&#8243;][et_pb_column type=&#8221;4_4&#8243; _builder_version=&#8221;3.0.47&#8243; custom_padding=&#8221;|||&#8221; custom_padding__hover=&#8221;|||&#8221;][et_pb_text _builder_version=&#8221;4.6.5&#8243; _module_preset=&#8221;db8bf3f5-f1c3-43f0-bc1e-ca238db48424&#8243; header_text_align=&#8221;right&#8221; background_image=&#8221;https:\/\/allithost.com\/\/wp-content\/uploads\/2020\/08\/Line-04-1-300&#215;1.png&#8221; background_size=&#8221;contain&#8221; background_position=&#8221;bottom_right&#8221; vertical_offset_tablet=&#8221;0&#8243; horizontal_offset_tablet=&#8221;0&#8243; z_index_tablet=&#8221;0&#8243; text_text_shadow_horizontal_length_tablet=&#8221;0px&#8221; text_text_shadow_vertical_length_tablet=&#8221;0px&#8221; text_text_shadow_blur_strength_tablet=&#8221;1px&#8221; link_text_shadow_horizontal_length_tablet=&#8221;0px&#8221; link_text_shadow_vertical_length_tablet=&#8221;0px&#8221; link_text_shadow_blur_strength_tablet=&#8221;1px&#8221; ul_text_shadow_horizontal_length_tablet=&#8221;0px&#8221; ul_text_shadow_vertical_length_tablet=&#8221;0px&#8221; ul_text_shadow_blur_strength_tablet=&#8221;1px&#8221; ol_text_shadow_horizontal_length_tablet=&#8221;0px&#8221; ol_text_shadow_vertical_length_tablet=&#8221;0px&#8221; ol_text_shadow_blur_strength_tablet=&#8221;1px&#8221; quote_text_shadow_horizontal_length_tablet=&#8221;0px&#8221; quote_text_shadow_vertical_length_tablet=&#8221;0px&#8221; quote_text_shadow_blur_strength_tablet=&#8221;1px&#8221; header_text_shadow_horizontal_length_tablet=&#8221;0px&#8221; header_text_shadow_vertical_length_tablet=&#8221;0px&#8221; header_text_shadow_blur_strength_tablet=&#8221;1px&#8221; header_2_text_shadow_horizontal_length_tablet=&#8221;0px&#8221; header_2_text_shadow_vertical_length_tablet=&#8221;0px&#8221; header_2_text_shadow_blur_strength_tablet=&#8221;1px&#8221; header_3_text_shadow_horizontal_length_tablet=&#8221;0px&#8221; header_3_text_shadow_vertical_length_tablet=&#8221;0px&#8221; header_3_text_shadow_blur_strength_tablet=&#8221;1px&#8221; header_4_text_shadow_horizontal_length_tablet=&#8221;0px&#8221; header_4_text_shadow_vertical_length_tablet=&#8221;0px&#8221; header_4_text_shadow_blur_strength_tablet=&#8221;1px&#8221; header_5_text_shadow_horizontal_length_tablet=&#8221;0px&#8221; header_5_text_shadow_vertical_length_tablet=&#8221;0px&#8221; header_5_text_shadow_blur_strength_tablet=&#8221;1px&#8221; header_6_text_shadow_horizontal_length_tablet=&#8221;0px&#8221; header_6_text_shadow_vertical_length_tablet=&#8221;0px&#8221; header_6_text_shadow_blur_strength_tablet=&#8221;1px&#8221; box_shadow_horizontal_tablet=&#8221;0px&#8221; box_shadow_vertical_tablet=&#8221;0px&#8221; box_shadow_blur_tablet=&#8221;40px&#8221; box_shadow_spread_tablet=&#8221;0px&#8221;]<\/p>\n<h1>VANTAGENS DO CLOUD<\/h1>\n<p>[\/et_pb_text][et_pb_text _builder_version=&#8221;4.6.5&#8243; _module_preset=&#8221;db8bf3f5-f1c3-43f0-bc1e-ca238db48424&#8243; vertical_offset_tablet=&#8221;0&#8243; horizontal_offset_tablet=&#8221;0&#8243; z_index_tablet=&#8221;0&#8243; text_text_shadow_horizontal_length_tablet=&#8221;0px&#8221; text_text_shadow_vertical_length_tablet=&#8221;0px&#8221; text_text_shadow_blur_strength_tablet=&#8221;1px&#8221; link_text_shadow_horizontal_length_tablet=&#8221;0px&#8221; link_text_shadow_vertical_length_tablet=&#8221;0px&#8221; link_text_shadow_blur_strength_tablet=&#8221;1px&#8221; ul_text_shadow_horizontal_length_tablet=&#8221;0px&#8221; ul_text_shadow_vertical_length_tablet=&#8221;0px&#8221; ul_text_shadow_blur_strength_tablet=&#8221;1px&#8221; ol_text_shadow_horizontal_length_tablet=&#8221;0px&#8221; ol_text_shadow_vertical_length_tablet=&#8221;0px&#8221; ol_text_shadow_blur_strength_tablet=&#8221;1px&#8221; quote_text_shadow_horizontal_length_tablet=&#8221;0px&#8221; quote_text_shadow_vertical_length_tablet=&#8221;0px&#8221; quote_text_shadow_blur_strength_tablet=&#8221;1px&#8221; header_text_shadow_horizontal_length_tablet=&#8221;0px&#8221; header_text_shadow_vertical_length_tablet=&#8221;0px&#8221; header_text_shadow_blur_strength_tablet=&#8221;1px&#8221; header_2_text_shadow_horizontal_length_tablet=&#8221;0px&#8221; header_2_text_shadow_vertical_length_tablet=&#8221;0px&#8221; header_2_text_shadow_blur_strength_tablet=&#8221;1px&#8221; header_3_text_shadow_horizontal_length_tablet=&#8221;0px&#8221; header_3_text_shadow_vertical_length_tablet=&#8221;0px&#8221; header_3_text_shadow_blur_strength_tablet=&#8221;1px&#8221; header_4_text_shadow_horizontal_length_tablet=&#8221;0px&#8221; header_4_text_shadow_vertical_length_tablet=&#8221;0px&#8221; header_4_text_shadow_blur_strength_tablet=&#8221;1px&#8221; header_5_text_shadow_horizontal_length_tablet=&#8221;0px&#8221; header_5_text_shadow_vertical_length_tablet=&#8221;0px&#8221; header_5_text_shadow_blur_strength_tablet=&#8221;1px&#8221; header_6_text_shadow_horizontal_length_tablet=&#8221;0px&#8221; header_6_text_shadow_vertical_length_tablet=&#8221;0px&#8221; header_6_text_shadow_blur_strength_tablet=&#8221;1px&#8221; box_shadow_horizontal_tablet=&#8221;0px&#8221; box_shadow_vertical_tablet=&#8221;0px&#8221; box_shadow_blur_tablet=&#8221;40px&#8221; box_shadow_spread_tablet=&#8221;0px&#8221;]<\/p>\n<h2>Extraia o melhor de todos benef\u00edcio de Cloud para a sua empresa!<\/h2>\n<p>[\/et_pb_text][et_pb_text _builder_version=&#8221;4.6.5&#8243; _module_preset=&#8221;0e7b0c3f-5c05-474d-8e4a-716f1207d1aa&#8221; vertical_offset_tablet=&#8221;0&#8243; horizontal_offset_tablet=&#8221;0&#8243; z_index_tablet=&#8221;0&#8243; text_text_shadow_horizontal_length_tablet=&#8221;0px&#8221; text_text_shadow_vertical_length_tablet=&#8221;0px&#8221; text_text_shadow_blur_strength_tablet=&#8221;1px&#8221; link_text_shadow_horizontal_length_tablet=&#8221;0px&#8221; link_text_shadow_vertical_length_tablet=&#8221;0px&#8221; link_text_shadow_blur_strength_tablet=&#8221;1px&#8221; ul_text_shadow_horizontal_length_tablet=&#8221;0px&#8221; ul_text_shadow_vertical_length_tablet=&#8221;0px&#8221; ul_text_shadow_blur_strength_tablet=&#8221;1px&#8221; ol_text_shadow_horizontal_length_tablet=&#8221;0px&#8221; ol_text_shadow_vertical_length_tablet=&#8221;0px&#8221; ol_text_shadow_blur_strength_tablet=&#8221;1px&#8221; quote_text_shadow_horizontal_length_tablet=&#8221;0px&#8221; quote_text_shadow_vertical_length_tablet=&#8221;0px&#8221; quote_text_shadow_blur_strength_tablet=&#8221;1px&#8221; header_text_shadow_horizontal_length_tablet=&#8221;0px&#8221; header_text_shadow_vertical_length_tablet=&#8221;0px&#8221; header_text_shadow_blur_strength_tablet=&#8221;1px&#8221; header_2_text_shadow_horizontal_length_tablet=&#8221;0px&#8221; header_2_text_shadow_vertical_length_tablet=&#8221;0px&#8221; header_2_text_shadow_blur_strength_tablet=&#8221;1px&#8221; header_3_text_shadow_horizontal_length_tablet=&#8221;0px&#8221; header_3_text_shadow_vertical_length_tablet=&#8221;0px&#8221; header_3_text_shadow_blur_strength_tablet=&#8221;1px&#8221; header_4_text_shadow_horizontal_length_tablet=&#8221;0px&#8221; header_4_text_shadow_vertical_length_tablet=&#8221;0px&#8221; header_4_text_shadow_blur_strength_tablet=&#8221;1px&#8221; header_5_text_shadow_horizontal_length_tablet=&#8221;0px&#8221; header_5_text_shadow_vertical_length_tablet=&#8221;0px&#8221; header_5_text_shadow_blur_strength_tablet=&#8221;1px&#8221; header_6_text_shadow_horizontal_length_tablet=&#8221;0px&#8221; header_6_text_shadow_vertical_length_tablet=&#8221;0px&#8221; header_6_text_shadow_blur_strength_tablet=&#8221;1px&#8221; box_shadow_horizontal_tablet=&#8221;0px&#8221; box_shadow_vertical_tablet=&#8221;0px&#8221; box_shadow_blur_tablet=&#8221;40px&#8221; box_shadow_spread_tablet=&#8221;0px&#8221;]Ao proporcionar recursos ilimitados com solu\u00e7\u00f5es de TI via internet e entregues de acordo com a demanda, Cloud Computing assegura amplos e imprescind\u00edveis benef\u00edcios tecnol\u00f3gicos para qualquer empresa atenta \u00e0 maior din\u00e2mica de trabalho da atualidade. E a ALL IT HOST, com ampla experi\u00eancia nesse segmento, est\u00e1 sempre pronta para oferecer o melhor desses benef\u00edcios.<\/p>\n<p>Neste novo momento da hist\u00f3ria, em que grandes avan\u00e7os s\u00e3o poss\u00edveis apenas por causa da tecnologia, n\u00e3o \u00e9 mais necess\u00e1rio investir em software e hardware. Consequentemente, voc\u00ea pode economizar em pessoal de suporte t\u00e9cnico. Tudo isso com economia de custos, pois o gasto \u00e9 apenas com os acessos e servi\u00e7os usados.<\/p>\n<p>Neste novo momento da hist\u00f3ria, em que grandes avan\u00e7os s\u00e3o poss\u00edveis apenas por causa da tecnologia, n\u00e3o \u00e9 mais necess\u00e1rio investir em software e hardware. Consequentemente, voc\u00ea pode economizar em pessoal de suporte t\u00e9cnico. Tudo isso com economia de custos, pois o gasto \u00e9 apenas com os acessos e servi\u00e7os usados. Consequentemente, voc\u00ea pode economizar em pessoal de suporte t\u00e9cnico. Tudo isso com economia de custos, pois o gasto \u00e9 apenas com os acessos e servi\u00e7os usados.<\/p>\n<p>A alta capacidade de processamento elimina a lentid\u00e3o, que pode dificultar, atrasar ou impossibilitar o cumprimento de metas e compromissos da sua empresa.<\/p>\n<h3>Mobilidade &amp; Business Intelligence: uma parceria perfeita para o seu Neg\u00f3cio.<\/h3>\n<p>Cloud unprecedented mobility is another advantage that can give your business higher leverage. Cada dispositivo conectado pode ser um meio de acesso \u00e0 infraestrutura de TI da sua empresa. Atrav\u00e9s dos seus dispositivos remotos, ser\u00e1 poss\u00edvel executar fun\u00e7\u00f5es at\u00e9 mesmo emergenciais, sem necessidade de deslocamento f\u00edsico. Conectividade \u00e9 um primoroso recurso da atualidade, e deve estar presente na sua empresa.<\/p>\n<p>Em um momento em que as empresas est\u00e3o cada vez mais estruturadas no contexto globalizado, a efici\u00eancia operacional \u00e9 um dos resultados da rela\u00e7\u00e3o mobilidade &amp; Cloud Computing, que passa a integrar o Business Intelligence. Uma vantagem que deve estar presente em seu Neg\u00f3cio. Afinal, ao reunir dados e evid\u00eancias, contribue decididamente para decis\u00f5es estrat\u00e9gicas.<\/p>\n<h3>All It Host, porque todos os benef\u00edcios s\u00e3o de alta relev\u00e2ncia.<\/h3>\n<p>A All It Host, em parceria com a Citrix, \u00e9 uma provedora de servi\u00e7os certificados. Fornecemos o conjunto de servi\u00e7os Virtual App &amp; Cloud Desktops da Citrix, empresa especializada em desktops, aplicativos e servidores em Nuvem. Aos benef\u00edcios j\u00e1 apresentados, enfatizamos outros, que mostram ainda mais o quanto a sua empresa deve ser migrada para os nossos servi\u00e7os em Cloud, seja no modelo p\u00fablico, privado ou h\u00edbrido:<\/p>\n<ul>\n<li>Redu\u00e7\u00e3o ou elimina\u00e7\u00e3o de custos de colocation, redu\u00e7\u00e3o de energia, de manuten\u00e7\u00e3o e de outros gastos relacionados ao servidor, pois a sua infraestrutura de TI estar\u00e1 hospedada virtualmente ou fisicamente em nosso Data Center 5nine. Conosco, voc\u00ea n\u00e3o precisa se preocupar com monitoramento, seguran\u00e7a de dados e sistemas, disponibilidade de sistemas e qualquer outro aspectos relacionado \u00e0 infraestrutura de TI.<\/li>\n<li>Atualiza\u00e7\u00e3o e disposi\u00e7\u00e3o de recursos extras sob demanda e em tempo real, eliminando o tempo de inatividade durante as atualiza\u00e7\u00f5es de hardware e software.<\/li>\n<li>Redu\u00e7\u00e3o de custo de licenciamentos de software, pois as licen\u00e7as podem ser compartilhadas legalmente entre muitas m\u00e1quinas virtuais, algo que \u00e9 imposs\u00edvel para servidores f\u00edsicos.<\/li>\n<\/ul>\n<h3>Nossa estrutura de seguran\u00e7a, e mais\u2026<\/h3>\n<p>A estrutura de seguran\u00e7a da All It Host cumpre as normas e pol\u00edticas de seguran\u00e7a exigidas \u00e0s empresas. Com as nossas medidas de compliance, n\u00e3o h\u00e1 risco de uma m\u00e1quina comprometida contaminar a rede. Tudo \u00e9 duplicado, e com redund\u00e2ncia.<\/p>\n<p>Controle e monitoramento permanentes evitam ataques cibern\u00e9ticos, viola\u00e7\u00f5es de rede ou vazamentos de dados corporativos. A nossa garantia est\u00e1 na efici\u00eancia de firewalls, sistemas antiv\u00edrus, pol\u00edticas de backup, procedimentos e planos de recupera\u00e7\u00e3o de desastres, bloqueio e isolamento imediato da rede, juntamente com atualiza\u00e7\u00f5es automatizadas de sistemas r\u00e1pidos e imediatos, e em outras medidas de seguran\u00e7a.<\/p>\n<p>Recupera\u00e7\u00e3o de desastres \u00e9 geralmente uma \u00e1rea de TI muito negligenciada, e a falta de medidas reais causa perdas de dados, dinheiro e tempo. Para evitar tamanho transtorno, mantemos um backup estritamente atualizado de todos os seus dados e sistemas, bem como outras medidas de preven\u00e7\u00e3o e mitiga\u00e7\u00e3o de desastres. N\u00e3o \u00e9 preciso se preocupar com uma estrat\u00e9gia de recupera\u00e7\u00e3o de desastres, n\u00f3s fornecemos isso para a sua empresa.<\/p>\n<p>E ainda h\u00e1 mais no Cloud:<\/p>\n<ul>\n<li>Planos de alta disponibilidade, nos quais mantemos permanente redund\u00e2ncia total de todos os seus sistemas e dados, permitindo a sobreviv\u00eancia e continuidade dos neg\u00f3cios se um desastre atingir seus locais f\u00edsicos.<\/li>\n<li>Aplica\u00e7\u00e3o de failover. Caso algum componente de hardware ou software fique indispon\u00edvel, seja por falha ou manuten\u00e7\u00e3o, outro componente entra logo em atividade, sem qualquer interrup\u00e7\u00e3o dos seus servi\u00e7os.<\/li>\n<li>Expans\u00e3o ou redu\u00e7\u00e3o autom\u00e1tica de recursos, garantindo que voc\u00ea pague apenas o que consumir.<\/li>\n<\/ul>\n<p>Al\u00e9m desses benef\u00edcios, h\u00e1 outras, como o controle de senhas e de acesso de usu\u00e1rios. Dois aspectos fundamentais para qualquer empresa.<\/p>\n<p>E muito, muito mais.<\/p>\n<p>Se voc\u00ea tiver alguma d\u00favida, <a href=\"https:\/\/allithost.com\/contact-us\/\">contacte-nos<\/a>! Estamos aqui. A nossa equipe de especialistas ter\u00e1 muito prazer em adend\u00ea-lo.<\/p>\n<p><a href=\"https:\/\/allithost.com\/\/pt-br\/\">ALL IT HOST<\/a>[\/et_pb_text][\/et_pb_column][\/et_pb_row][\/et_pb_section]<\/p>\n","protected":false},"excerpt":{"rendered":"<p>VANTAGENS DO CLOUDExtraia o melhor de todos benef\u00edcio de Cloud para a sua empresa!Ao proporcionar recursos ilimitados com solu\u00e7\u00f5es de TI via internet e entregues de acordo com a demanda, Cloud Computing assegura amplos e imprescind\u00edveis benef\u00edcios tecnol\u00f3gicos para qualquer empresa atenta \u00e0 maior din\u00e2mica de trabalho da atualidade. E a ALL IT HOST, com [&hellip;]<\/p>\n","protected":false},"author":5,"featured_media":0,"parent":49469,"menu_order":0,"comment_status":"closed","ping_status":"closed","template":"","meta":{"_et_pb_use_builder":"on","_et_pb_old_content":"","_et_gb_content_width":"","footnotes":""},"class_list":["post-49520","page","type-page","status-publish","hentry"],"yoast_head":"<!-- This site is optimized with the Yoast SEO plugin v27.4 - https:\/\/yoast.com\/product\/yoast-seo-wordpress\/ -->\n<title>VANTAGENS DO CLOUD - All It Host<\/title>\n<meta name=\"robots\" content=\"index, follow, max-snippet:-1, max-image-preview:large, max-video-preview:-1\" \/>\n<link rel=\"canonical\" href=\"https:\/\/allithost.com\/pt-br\/produtos\/vantagens-do-cloud\/\" \/>\n<meta property=\"og:locale\" content=\"pt_BR\" \/>\n<meta property=\"og:type\" content=\"article\" \/>\n<meta property=\"og:title\" content=\"VANTAGENS DO CLOUD - All It Host\" \/>\n<meta property=\"og:description\" content=\"VANTAGENS DO CLOUDExtraia o melhor de todos benef\u00edcio de Cloud para a sua empresa!Ao proporcionar recursos ilimitados com solu\u00e7\u00f5es de TI via internet e entregues de acordo com a demanda, Cloud Computing assegura amplos e imprescind\u00edveis benef\u00edcios tecnol\u00f3gicos para qualquer empresa atenta \u00e0 maior din\u00e2mica de trabalho da atualidade. E a ALL IT HOST, com [&hellip;]\" \/>\n<meta property=\"og:url\" content=\"https:\/\/allithost.com\/pt-br\/produtos\/vantagens-do-cloud\/\" \/>\n<meta property=\"og:site_name\" content=\"All It Host\" \/>\n<meta property=\"article:publisher\" content=\"https:\/\/www.facebook.com\/allithost\" \/>\n<meta property=\"article:modified_time\" content=\"2020-10-17T13:24:38+00:00\" \/>\n<meta property=\"og:image\" content=\"https:\/\/allithost.com\/wp-content\/uploads\/2020\/09\/04-Logo-Allithost-1-1-e1600720431694.png\" \/>\n\t<meta property=\"og:image:width\" content=\"600\" \/>\n\t<meta property=\"og:image:height\" content=\"117\" \/>\n\t<meta property=\"og:image:type\" content=\"image\/png\" \/>\n<meta name=\"twitter:card\" content=\"summary_large_image\" \/>\n<meta name=\"twitter:site\" content=\"@allithost\" \/>\n<meta name=\"twitter:label1\" content=\"Est. tempo de leitura\" \/>\n\t<meta name=\"twitter:data1\" content=\"9 minutos\" \/>\n<script type=\"application\/ld+json\" class=\"yoast-schema-graph\">{\"@context\":\"https:\\\/\\\/schema.org\",\"@graph\":[{\"@type\":\"WebPage\",\"@id\":\"https:\\\/\\\/allithost.com\\\/pt-br\\\/produtos\\\/vantagens-do-cloud\\\/\",\"url\":\"https:\\\/\\\/allithost.com\\\/pt-br\\\/produtos\\\/vantagens-do-cloud\\\/\",\"name\":\"VANTAGENS DO CLOUD - All It Host\",\"isPartOf\":{\"@id\":\"https:\\\/\\\/allithost.com\\\/pt-br\\\/#website\"},\"datePublished\":\"2020-10-03T13:52:14+00:00\",\"dateModified\":\"2020-10-17T13:24:38+00:00\",\"breadcrumb\":{\"@id\":\"https:\\\/\\\/allithost.com\\\/pt-br\\\/produtos\\\/vantagens-do-cloud\\\/#breadcrumb\"},\"inLanguage\":\"pt-BR\",\"potentialAction\":[{\"@type\":\"ReadAction\",\"target\":[\"https:\\\/\\\/allithost.com\\\/pt-br\\\/produtos\\\/vantagens-do-cloud\\\/\"]}]},{\"@type\":\"BreadcrumbList\",\"@id\":\"https:\\\/\\\/allithost.com\\\/pt-br\\\/produtos\\\/vantagens-do-cloud\\\/#breadcrumb\",\"itemListElement\":[{\"@type\":\"ListItem\",\"position\":1,\"name\":\"Home\",\"item\":\"https:\\\/\\\/allithost.com\\\/pt-br\\\/\"},{\"@type\":\"ListItem\",\"position\":2,\"name\":\"Produtos\",\"item\":\"https:\\\/\\\/allithost.com\\\/pt-br\\\/products\\\/\"},{\"@type\":\"ListItem\",\"position\":3,\"name\":\"VANTAGENS DO CLOUD\"}]},{\"@type\":\"WebSite\",\"@id\":\"https:\\\/\\\/allithost.com\\\/pt-br\\\/#website\",\"url\":\"https:\\\/\\\/allithost.com\\\/pt-br\\\/\",\"name\":\"All It Host\",\"description\":\"The Cloud Computing Revolution\",\"publisher\":{\"@id\":\"https:\\\/\\\/allithost.com\\\/pt-br\\\/#organization\"},\"potentialAction\":[{\"@type\":\"SearchAction\",\"target\":{\"@type\":\"EntryPoint\",\"urlTemplate\":\"https:\\\/\\\/allithost.com\\\/pt-br\\\/?s={search_term_string}\"},\"query-input\":{\"@type\":\"PropertyValueSpecification\",\"valueRequired\":true,\"valueName\":\"search_term_string\"}}],\"inLanguage\":\"pt-BR\"},{\"@type\":\"Organization\",\"@id\":\"https:\\\/\\\/allithost.com\\\/pt-br\\\/#organization\",\"name\":\"All IT Host Inc.\",\"url\":\"https:\\\/\\\/allithost.com\\\/pt-br\\\/\",\"logo\":{\"@type\":\"ImageObject\",\"inLanguage\":\"pt-BR\",\"@id\":\"https:\\\/\\\/allithost.com\\\/pt-br\\\/#\\\/schema\\\/logo\\\/image\\\/\",\"url\":\"https:\\\/\\\/allithost.com\\\/wp-content\\\/uploads\\\/2020\\\/08\\\/02-Logo-Allithost--e1600304778301.png\",\"contentUrl\":\"https:\\\/\\\/allithost.com\\\/wp-content\\\/uploads\\\/2020\\\/08\\\/02-Logo-Allithost--e1600304778301.png\",\"width\":116,\"height\":94,\"caption\":\"All IT Host Inc.\"},\"image\":{\"@id\":\"https:\\\/\\\/allithost.com\\\/pt-br\\\/#\\\/schema\\\/logo\\\/image\\\/\"},\"sameAs\":[\"https:\\\/\\\/www.facebook.com\\\/allithost\",\"https:\\\/\\\/x.com\\\/allithost\",\"http:\\\/\\\/www.linkedin.com\\\/company\\\/all-it-host\"]}]}<\/script>\n<!-- \/ Yoast SEO plugin. -->","yoast_head_json":{"title":"VANTAGENS DO CLOUD - All It Host","robots":{"index":"index","follow":"follow","max-snippet":"max-snippet:-1","max-image-preview":"max-image-preview:large","max-video-preview":"max-video-preview:-1"},"canonical":"https:\/\/allithost.com\/pt-br\/produtos\/vantagens-do-cloud\/","og_locale":"pt_BR","og_type":"article","og_title":"VANTAGENS DO CLOUD - All It Host","og_description":"VANTAGENS DO CLOUDExtraia o melhor de todos benef\u00edcio de Cloud para a sua empresa!Ao proporcionar recursos ilimitados com solu\u00e7\u00f5es de TI via internet e entregues de acordo com a demanda, Cloud Computing assegura amplos e imprescind\u00edveis benef\u00edcios tecnol\u00f3gicos para qualquer empresa atenta \u00e0 maior din\u00e2mica de trabalho da atualidade. E a ALL IT HOST, com [&hellip;]","og_url":"https:\/\/allithost.com\/pt-br\/produtos\/vantagens-do-cloud\/","og_site_name":"All It Host","article_publisher":"https:\/\/www.facebook.com\/allithost","article_modified_time":"2020-10-17T13:24:38+00:00","og_image":[{"width":600,"height":117,"url":"https:\/\/allithost.com\/wp-content\/uploads\/2020\/09\/04-Logo-Allithost-1-1-e1600720431694.png","type":"image\/png"}],"twitter_card":"summary_large_image","twitter_site":"@allithost","twitter_misc":{"Est. tempo de leitura":"9 minutos"},"schema":{"@context":"https:\/\/schema.org","@graph":[{"@type":"WebPage","@id":"https:\/\/allithost.com\/pt-br\/produtos\/vantagens-do-cloud\/","url":"https:\/\/allithost.com\/pt-br\/produtos\/vantagens-do-cloud\/","name":"VANTAGENS DO CLOUD - All It Host","isPartOf":{"@id":"https:\/\/allithost.com\/pt-br\/#website"},"datePublished":"2020-10-03T13:52:14+00:00","dateModified":"2020-10-17T13:24:38+00:00","breadcrumb":{"@id":"https:\/\/allithost.com\/pt-br\/produtos\/vantagens-do-cloud\/#breadcrumb"},"inLanguage":"pt-BR","potentialAction":[{"@type":"ReadAction","target":["https:\/\/allithost.com\/pt-br\/produtos\/vantagens-do-cloud\/"]}]},{"@type":"BreadcrumbList","@id":"https:\/\/allithost.com\/pt-br\/produtos\/vantagens-do-cloud\/#breadcrumb","itemListElement":[{"@type":"ListItem","position":1,"name":"Home","item":"https:\/\/allithost.com\/pt-br\/"},{"@type":"ListItem","position":2,"name":"Produtos","item":"https:\/\/allithost.com\/pt-br\/products\/"},{"@type":"ListItem","position":3,"name":"VANTAGENS DO CLOUD"}]},{"@type":"WebSite","@id":"https:\/\/allithost.com\/pt-br\/#website","url":"https:\/\/allithost.com\/pt-br\/","name":"All It Host","description":"The Cloud Computing Revolution","publisher":{"@id":"https:\/\/allithost.com\/pt-br\/#organization"},"potentialAction":[{"@type":"SearchAction","target":{"@type":"EntryPoint","urlTemplate":"https:\/\/allithost.com\/pt-br\/?s={search_term_string}"},"query-input":{"@type":"PropertyValueSpecification","valueRequired":true,"valueName":"search_term_string"}}],"inLanguage":"pt-BR"},{"@type":"Organization","@id":"https:\/\/allithost.com\/pt-br\/#organization","name":"All IT Host Inc.","url":"https:\/\/allithost.com\/pt-br\/","logo":{"@type":"ImageObject","inLanguage":"pt-BR","@id":"https:\/\/allithost.com\/pt-br\/#\/schema\/logo\/image\/","url":"https:\/\/allithost.com\/wp-content\/uploads\/2020\/08\/02-Logo-Allithost--e1600304778301.png","contentUrl":"https:\/\/allithost.com\/wp-content\/uploads\/2020\/08\/02-Logo-Allithost--e1600304778301.png","width":116,"height":94,"caption":"All IT Host Inc."},"image":{"@id":"https:\/\/allithost.com\/pt-br\/#\/schema\/logo\/image\/"},"sameAs":["https:\/\/www.facebook.com\/allithost","https:\/\/x.com\/allithost","http:\/\/www.linkedin.com\/company\/all-it-host"]}]}},"_links":{"self":[{"href":"https:\/\/allithost.com\/pt-br\/wp-json\/wp\/v2\/pages\/49520","targetHints":{"allow":["GET"]}}],"collection":[{"href":"https:\/\/allithost.com\/pt-br\/wp-json\/wp\/v2\/pages"}],"about":[{"href":"https:\/\/allithost.com\/pt-br\/wp-json\/wp\/v2\/types\/page"}],"author":[{"embeddable":true,"href":"https:\/\/allithost.com\/pt-br\/wp-json\/wp\/v2\/users\/5"}],"replies":[{"embeddable":true,"href":"https:\/\/allithost.com\/pt-br\/wp-json\/wp\/v2\/comments?post=49520"}],"version-history":[{"count":0,"href":"https:\/\/allithost.com\/pt-br\/wp-json\/wp\/v2\/pages\/49520\/revisions"}],"up":[{"embeddable":true,"href":"https:\/\/allithost.com\/pt-br\/wp-json\/wp\/v2\/pages\/49469"}],"wp:attachment":[{"href":"https:\/\/allithost.com\/pt-br\/wp-json\/wp\/v2\/media?parent=49520"}],"curies":[{"name":"wp","href":"https:\/\/api.w.org\/{rel}","templated":true}]}}