{"id":49505,"date":"2020-10-03T13:30:23","date_gmt":"2020-10-03T13:30:23","guid":{"rendered":"http:\/\/96.46.250.135\/allithost\/produtos\/citrix-cloud-desktops\/"},"modified":"2020-10-17T13:24:38","modified_gmt":"2020-10-17T13:24:38","slug":"citrix-cloud-desktops","status":"publish","type":"page","link":"https:\/\/allithost.com\/pt-br\/produtos\/citrix-cloud-desktops\/","title":{"rendered":"Citrix Cloud Desktops"},"content":{"rendered":"<p>[et_pb_section fb_built=&#8221;1&#8243; _builder_version=&#8221;3.22&#8243; collapsed=&#8221;on&#8221;][et_pb_row _builder_version=&#8221;3.25&#8243;][et_pb_column type=&#8221;4_4&#8243; _builder_version=&#8221;3.0.47&#8243; custom_padding=&#8221;|||&#8221; custom_padding__hover=&#8221;|||&#8221;][et_pb_text _builder_version=&#8221;4.6.5&#8243; _dynamic_attributes=&#8221;content&#8221; _module_preset=&#8221;db8bf3f5-f1c3-43f0-bc1e-ca238db48424&#8243; text_font_size=&#8221;16px&#8221; header_text_align=&#8221;right&#8221; background_image=&#8221;https:\/\/allithost.com\/\/wp-content\/uploads\/2020\/08\/Line-04-1-300&#215;1.png&#8221; background_size=&#8221;contain&#8221; background_position=&#8221;bottom_right&#8221; vertical_offset_tablet=&#8221;0&#8243; horizontal_offset_tablet=&#8221;0&#8243; z_index_tablet=&#8221;0&#8243; text_text_shadow_horizontal_length_tablet=&#8221;0px&#8221; text_text_shadow_vertical_length_tablet=&#8221;0px&#8221; text_text_shadow_blur_strength_tablet=&#8221;1px&#8221; link_text_shadow_horizontal_length_tablet=&#8221;0px&#8221; link_text_shadow_vertical_length_tablet=&#8221;0px&#8221; link_text_shadow_blur_strength_tablet=&#8221;1px&#8221; ul_text_shadow_horizontal_length_tablet=&#8221;0px&#8221; ul_text_shadow_vertical_length_tablet=&#8221;0px&#8221; ul_text_shadow_blur_strength_tablet=&#8221;1px&#8221; ol_text_shadow_horizontal_length_tablet=&#8221;0px&#8221; ol_text_shadow_vertical_length_tablet=&#8221;0px&#8221; ol_text_shadow_blur_strength_tablet=&#8221;1px&#8221; quote_text_shadow_horizontal_length_tablet=&#8221;0px&#8221; quote_text_shadow_vertical_length_tablet=&#8221;0px&#8221; quote_text_shadow_blur_strength_tablet=&#8221;1px&#8221; header_text_shadow_horizontal_length_tablet=&#8221;0px&#8221; header_text_shadow_vertical_length_tablet=&#8221;0px&#8221; header_text_shadow_blur_strength_tablet=&#8221;1px&#8221; header_2_text_shadow_horizontal_length_tablet=&#8221;0px&#8221; header_2_text_shadow_vertical_length_tablet=&#8221;0px&#8221; header_2_text_shadow_blur_strength_tablet=&#8221;1px&#8221; header_3_text_shadow_horizontal_length_tablet=&#8221;0px&#8221; header_3_text_shadow_vertical_length_tablet=&#8221;0px&#8221; header_3_text_shadow_blur_strength_tablet=&#8221;1px&#8221; header_4_text_shadow_horizontal_length_tablet=&#8221;0px&#8221; header_4_text_shadow_vertical_length_tablet=&#8221;0px&#8221; header_4_text_shadow_blur_strength_tablet=&#8221;1px&#8221; header_5_text_shadow_horizontal_length_tablet=&#8221;0px&#8221; header_5_text_shadow_vertical_length_tablet=&#8221;0px&#8221; header_5_text_shadow_blur_strength_tablet=&#8221;1px&#8221; header_6_text_shadow_horizontal_length_tablet=&#8221;0px&#8221; header_6_text_shadow_vertical_length_tablet=&#8221;0px&#8221; header_6_text_shadow_blur_strength_tablet=&#8221;1px&#8221; box_shadow_horizontal_tablet=&#8221;0px&#8221; box_shadow_vertical_tablet=&#8221;0px&#8221; box_shadow_blur_tablet=&#8221;40px&#8221; box_shadow_spread_tablet=&#8221;0px&#8221;]@ET-DC@eyJkeW5hbWljIjp0cnVlLCJjb250ZW50IjoicG9zdF90aXRsZSIsInNldHRpbmdzIjp7ImJlZm9yZSI6IjxoMT4iLCJhZnRlciI6IjwvaDE+In19@[\/et_pb_text][et_pb_text _builder_version=&#8221;4.6.5&#8243; _module_preset=&#8221;db8bf3f5-f1c3-43f0-bc1e-ca238db48424&#8243; text_font_size=&#8221;16px&#8221; header_text_align=&#8221;right&#8221; background_enable_image=&#8221;off&#8221; background_size=&#8221;contain&#8221; background_position=&#8221;bottom_right&#8221; vertical_offset_tablet=&#8221;0&#8243; horizontal_offset_tablet=&#8221;0&#8243; z_index_tablet=&#8221;0&#8243; text_text_shadow_horizontal_length_tablet=&#8221;0px&#8221; text_text_shadow_vertical_length_tablet=&#8221;0px&#8221; text_text_shadow_blur_strength_tablet=&#8221;1px&#8221; link_text_shadow_horizontal_length_tablet=&#8221;0px&#8221; link_text_shadow_vertical_length_tablet=&#8221;0px&#8221; link_text_shadow_blur_strength_tablet=&#8221;1px&#8221; ul_text_shadow_horizontal_length_tablet=&#8221;0px&#8221; ul_text_shadow_vertical_length_tablet=&#8221;0px&#8221; ul_text_shadow_blur_strength_tablet=&#8221;1px&#8221; ol_text_shadow_horizontal_length_tablet=&#8221;0px&#8221; ol_text_shadow_vertical_length_tablet=&#8221;0px&#8221; ol_text_shadow_blur_strength_tablet=&#8221;1px&#8221; quote_text_shadow_horizontal_length_tablet=&#8221;0px&#8221; quote_text_shadow_vertical_length_tablet=&#8221;0px&#8221; quote_text_shadow_blur_strength_tablet=&#8221;1px&#8221; header_text_shadow_horizontal_length_tablet=&#8221;0px&#8221; header_text_shadow_vertical_length_tablet=&#8221;0px&#8221; header_text_shadow_blur_strength_tablet=&#8221;1px&#8221; header_2_text_shadow_horizontal_length_tablet=&#8221;0px&#8221; header_2_text_shadow_vertical_length_tablet=&#8221;0px&#8221; header_2_text_shadow_blur_strength_tablet=&#8221;1px&#8221; header_3_text_shadow_horizontal_length_tablet=&#8221;0px&#8221; header_3_text_shadow_vertical_length_tablet=&#8221;0px&#8221; header_3_text_shadow_blur_strength_tablet=&#8221;1px&#8221; header_4_text_shadow_horizontal_length_tablet=&#8221;0px&#8221; header_4_text_shadow_vertical_length_tablet=&#8221;0px&#8221; header_4_text_shadow_blur_strength_tablet=&#8221;1px&#8221; header_5_text_shadow_horizontal_length_tablet=&#8221;0px&#8221; header_5_text_shadow_vertical_length_tablet=&#8221;0px&#8221; header_5_text_shadow_blur_strength_tablet=&#8221;1px&#8221; header_6_text_shadow_horizontal_length_tablet=&#8221;0px&#8221; header_6_text_shadow_vertical_length_tablet=&#8221;0px&#8221; header_6_text_shadow_blur_strength_tablet=&#8221;1px&#8221; box_shadow_horizontal_tablet=&#8221;0px&#8221; box_shadow_vertical_tablet=&#8221;0px&#8221; box_shadow_blur_tablet=&#8221;40px&#8221; box_shadow_spread_tablet=&#8221;0px&#8221;]<\/p>\n<h2>O que s\u00e3o Citrix Cloud Desktops?<\/h2>\n<p>[\/et_pb_text][et_pb_text _builder_version=&#8221;4.6.5&#8243; _module_preset=&#8221;0e7b0c3f-5c05-474d-8e4a-716f1207d1aa&#8221; text_font_size=&#8221;16px&#8221; vertical_offset_tablet=&#8221;0&#8243; horizontal_offset_tablet=&#8221;0&#8243; z_index_tablet=&#8221;0&#8243; text_text_shadow_horizontal_length_tablet=&#8221;0px&#8221; text_text_shadow_vertical_length_tablet=&#8221;0px&#8221; text_text_shadow_blur_strength_tablet=&#8221;1px&#8221; link_text_shadow_horizontal_length_tablet=&#8221;0px&#8221; link_text_shadow_vertical_length_tablet=&#8221;0px&#8221; link_text_shadow_blur_strength_tablet=&#8221;1px&#8221; ul_text_shadow_horizontal_length_tablet=&#8221;0px&#8221; ul_text_shadow_vertical_length_tablet=&#8221;0px&#8221; ul_text_shadow_blur_strength_tablet=&#8221;1px&#8221; ol_text_shadow_horizontal_length_tablet=&#8221;0px&#8221; ol_text_shadow_vertical_length_tablet=&#8221;0px&#8221; ol_text_shadow_blur_strength_tablet=&#8221;1px&#8221; quote_text_shadow_horizontal_length_tablet=&#8221;0px&#8221; quote_text_shadow_vertical_length_tablet=&#8221;0px&#8221; quote_text_shadow_blur_strength_tablet=&#8221;1px&#8221; header_text_shadow_horizontal_length_tablet=&#8221;0px&#8221; header_text_shadow_vertical_length_tablet=&#8221;0px&#8221; header_text_shadow_blur_strength_tablet=&#8221;1px&#8221; header_2_text_shadow_horizontal_length_tablet=&#8221;0px&#8221; header_2_text_shadow_vertical_length_tablet=&#8221;0px&#8221; header_2_text_shadow_blur_strength_tablet=&#8221;1px&#8221; header_3_text_shadow_horizontal_length_tablet=&#8221;0px&#8221; header_3_text_shadow_vertical_length_tablet=&#8221;0px&#8221; header_3_text_shadow_blur_strength_tablet=&#8221;1px&#8221; header_4_text_shadow_horizontal_length_tablet=&#8221;0px&#8221; header_4_text_shadow_vertical_length_tablet=&#8221;0px&#8221; header_4_text_shadow_blur_strength_tablet=&#8221;1px&#8221; header_5_text_shadow_horizontal_length_tablet=&#8221;0px&#8221; header_5_text_shadow_vertical_length_tablet=&#8221;0px&#8221; header_5_text_shadow_blur_strength_tablet=&#8221;1px&#8221; header_6_text_shadow_horizontal_length_tablet=&#8221;0px&#8221; header_6_text_shadow_vertical_length_tablet=&#8221;0px&#8221; header_6_text_shadow_blur_strength_tablet=&#8221;1px&#8221; box_shadow_horizontal_tablet=&#8221;0px&#8221; box_shadow_vertical_tablet=&#8221;0px&#8221; box_shadow_blur_tablet=&#8221;40px&#8221; box_shadow_spread_tablet=&#8221;0px&#8221;]<\/p>\n<h3>A Internet \u00e9 a grande Nuvem<\/h3>\n<p>\u00c9 composta de nuvens menores, clusters de servidores que podem estar hospedados no mesmo Data Center ou em locais diferentes. Cluster \u00e9, portanto, uma estrutura de sistema que combina dois ou mais computadores que trabalham em total sincronia, como se fossem apenas um. \u00c9 um conceito que surgiu diante da complexidade de tarefas que precisam ser processadas ao mesmo tempo.<\/p>\n<p>De maneira inteligente, esses computadores, chamados servidores, compartilham uma variedade de recursos, como armazenamento, mem\u00f3ria, conectividade com a Internet, dispositivos, software e hardware de seguran\u00e7a e, at\u00e9, energia da CPU. Ao trabalharem juntas, essas m\u00e1quinas possibilitam a disponibilidade remota de recursos da computa\u00e7\u00e3o por meio de conex\u00e3o \u00e0 internet. Assim, \u00e9 formado o poderoso sistema de tecnologia: a Nuvem.<\/p>\n<p>O Citrix Cloud Desktop \u00e9 seu escrit\u00f3rio virtual. Pode ser acessado com seguran\u00e7a a partir de qualquer lugar ou dispositivo. \u00c0 medida que voc\u00ea acessa sua \u00e1rea de trabalho, todos os dados s\u00e3o efetivamente armazenados em um ou em muitos dos poderosos servidores implantados em um ou em diversos Data Centers de alta seguran\u00e7a, distribu\u00eddos em v\u00e1rios lugares do mundo.<\/p>\n<p>Sabemos que, sem essa seguran\u00e7a em Nuvem, caso ocorra algum dano em qualquer computador da sua empresa, e os dados n\u00e3o tiverem sido armazenados em backup, \u00e9 poss\u00edvel que documentos ou qualquer outra informa\u00e7\u00e3o armazenada nessa m\u00e1quina sejam perdidos. Um impasse que pode ocorrer inclusive com os seus dispositivos pessoais.<\/p>\n<h3>Esteja seguro em qualquer lugar do mundo!<\/h3>\n<p>Com Cloud, caso haja algum problema com qualquer servidor f\u00edsico, haver\u00e1 outra m\u00e1quina que, automaticamente, assume toda a carga e reduz o risco de tempo de inatividade para seus sistemas e aplicativos baseados em Nuvem. Essa infraestrutura possibilita que um servidor virtual tenha alta disponibilidade e alto desempenho permanentes.<\/p>\n<p>Nossa infraestrutura Citrix Cloud Desktops fornece a escalabilidade e a flexibilidade necess\u00e1rias para que o seu ambiente de trabalho seja melhor aprimorado e gerenciado. E isso ocorre independentemente do n\u00famero ou da disposi\u00e7\u00e3o geogr\u00e1fica dos seus colaboradores.<\/p>\n<p>A essas vantagens, voc\u00ea pode adicionar a capacidade infinita de poder de computa\u00e7\u00e3o, a garantia de continuidade dos neg\u00f3cios e a capacidade de sobreviv\u00eancia diante de qualquer desastre, al\u00e9m de seguran\u00e7a de alto n\u00edvel e economia de custos.<\/p>\n<h3>Citrix Virtual Desktop: Simplifica\u00e7\u00e3o e seguran\u00e7a<\/h3>\n<p>Para oferecer essas vantagens de gerenciamento de ambiente de trabalho, e com alta efici\u00eancia, n\u00f3s, da All It Host, elegemos a primorosa tecnologia em servi\u00e7o de virtualiza\u00e7\u00e3o da <strong><a href=\"https:\/\/www.citrix.com\/buy\/partnerlocator\/results.html?company=all%20it%20host\">Citrix<\/a><\/strong>: a <strong><a href=\"https:\/\/docs.citrix.com\/en-us\/citrix-virtual-apps-desktops-service.html\">Citrix Virtual App and Desktop Service<\/a><\/strong>. Ao fornecer controle de TI de m\u00e1quinas virtuais, aplicativos e seguran\u00e7a, esta tecnologia fornece tamb\u00e9m acesso a partir qualquer lugar e em qualquer dispositivo. Como afirmado pela pr\u00f3pria Citrix, os usu\u00e1rios finais podem usar aplicativos e \u00e1reas de trabalho, independentemente do sistema operacional e da interface do dispositivo<\/p>\n<p>Voc\u00ea se lembra de problemas e perdas causados por um computador que congelou ou travou, especialmente quando um trabalho importante estava em andamento e n\u00e3o havia sido salvo? Isso acabou, devido o poder da infraestrutura de nossos servi\u00e7os Citrix Virtual Desktop. Al\u00e9m disso, seus protocolos embutidos de alta seguran\u00e7a e criptografia garantem que seus sistemas virtuais cumpram todas as certifica\u00e7\u00f5es e regulamentos relacionados \u00e0 seguran\u00e7a, emitidos por governos e organiza\u00e7\u00f5es de mercado.<\/p>\n<p>Cloud Desktop vai al\u00e9m de simplesmente armazenar arquivos de sua empresa em outro lugar. Oferece tamb\u00e9m o poder de um supercomputador em qualquer dispositivo que voc\u00ea e os seus colaboradores usarem para os devidos acessos. Tamb\u00e9m, a sua empresa sempre ter\u00e1 acesso \u00e0 mais recente vers\u00e3o do Microsoft Windows, totalmente funcional, inclusive por meio de smartphones.<\/p>\n<p>Por fim, voc\u00ea e sua empresa poder\u00e3o usar os aplicativos e softwares mais atualizados, mesmo se voc\u00ea acesse o Cloud Desktop a partir de qualquer computador antigo. Basta que ele tenha uma conex\u00e3o com a Internet. Este \u00e9 outro ponto para obter ainda mais economia, cortando despesas relacionadas \u00e0 aquisi\u00e7\u00e3o de novos computadores e respectivas licen\u00e7as de software.<\/p>\n<p>Descubra mais a respeito destes e outros benef\u00edcios.<\/p>\n<p>Contate-nos, e ver\u00e1 o quanto ter\u00e1 sido uma atitude acertada!<\/p>\n<p><a href=\"https:\/\/allithost.com\/\/pt-br\/\">ALL IT HOST<\/a>[\/et_pb_text][\/et_pb_column][\/et_pb_row][\/et_pb_section]<\/p>\n","protected":false},"excerpt":{"rendered":"<p>O que s\u00e3o Citrix Cloud Desktops?A Internet \u00e9 a grande Nuvem \u00c9 composta de nuvens menores, clusters de servidores que podem estar hospedados no mesmo Data Center ou em locais diferentes. Cluster \u00e9, portanto, uma estrutura de sistema que combina dois ou mais computadores que trabalham em total sincronia, como se fossem apenas um. \u00c9 [&hellip;]<\/p>\n","protected":false},"author":5,"featured_media":0,"parent":49469,"menu_order":0,"comment_status":"closed","ping_status":"closed","template":"","meta":{"_et_pb_use_builder":"on","_et_pb_old_content":"","_et_gb_content_width":"","footnotes":""},"class_list":["post-49505","page","type-page","status-publish","hentry"],"yoast_head":"<!-- This site is optimized with the Yoast SEO plugin v27.4 - https:\/\/yoast.com\/product\/yoast-seo-wordpress\/ -->\n<title>Citrix Cloud Desktops - All It Host<\/title>\n<meta name=\"robots\" content=\"index, follow, max-snippet:-1, max-image-preview:large, max-video-preview:-1\" \/>\n<link rel=\"canonical\" href=\"https:\/\/allithost.com\/pt-br\/produtos\/citrix-cloud-desktops\/\" \/>\n<meta property=\"og:locale\" content=\"pt_BR\" \/>\n<meta property=\"og:type\" content=\"article\" \/>\n<meta property=\"og:title\" content=\"Citrix Cloud Desktops - All It Host\" \/>\n<meta property=\"og:description\" content=\"O que s\u00e3o Citrix Cloud Desktops?A Internet \u00e9 a grande Nuvem \u00c9 composta de nuvens menores, clusters de servidores que podem estar hospedados no mesmo Data Center ou em locais diferentes. Cluster \u00e9, portanto, uma estrutura de sistema que combina dois ou mais computadores que trabalham em total sincronia, como se fossem apenas um. \u00c9 [&hellip;]\" \/>\n<meta property=\"og:url\" content=\"https:\/\/allithost.com\/pt-br\/produtos\/citrix-cloud-desktops\/\" \/>\n<meta property=\"og:site_name\" content=\"All It Host\" \/>\n<meta property=\"article:publisher\" content=\"https:\/\/www.facebook.com\/allithost\" \/>\n<meta property=\"article:modified_time\" content=\"2020-10-17T13:24:38+00:00\" \/>\n<meta property=\"og:image\" content=\"https:\/\/allithost.com\/wp-content\/uploads\/2020\/09\/04-Logo-Allithost-1-1-e1600720431694.png\" \/>\n\t<meta property=\"og:image:width\" content=\"600\" \/>\n\t<meta property=\"og:image:height\" content=\"117\" \/>\n\t<meta property=\"og:image:type\" content=\"image\/png\" \/>\n<meta name=\"twitter:card\" content=\"summary_large_image\" \/>\n<meta name=\"twitter:site\" content=\"@allithost\" \/>\n<meta name=\"twitter:label1\" content=\"Est. tempo de leitura\" \/>\n\t<meta name=\"twitter:data1\" content=\"8 minutos\" \/>\n<script type=\"application\/ld+json\" class=\"yoast-schema-graph\">{\"@context\":\"https:\\\/\\\/schema.org\",\"@graph\":[{\"@type\":\"WebPage\",\"@id\":\"https:\\\/\\\/allithost.com\\\/pt-br\\\/produtos\\\/citrix-cloud-desktops\\\/\",\"url\":\"https:\\\/\\\/allithost.com\\\/pt-br\\\/produtos\\\/citrix-cloud-desktops\\\/\",\"name\":\"Citrix Cloud Desktops - All It Host\",\"isPartOf\":{\"@id\":\"https:\\\/\\\/allithost.com\\\/pt-br\\\/#website\"},\"datePublished\":\"2020-10-03T13:30:23+00:00\",\"dateModified\":\"2020-10-17T13:24:38+00:00\",\"breadcrumb\":{\"@id\":\"https:\\\/\\\/allithost.com\\\/pt-br\\\/produtos\\\/citrix-cloud-desktops\\\/#breadcrumb\"},\"inLanguage\":\"pt-BR\",\"potentialAction\":[{\"@type\":\"ReadAction\",\"target\":[\"https:\\\/\\\/allithost.com\\\/pt-br\\\/produtos\\\/citrix-cloud-desktops\\\/\"]}]},{\"@type\":\"BreadcrumbList\",\"@id\":\"https:\\\/\\\/allithost.com\\\/pt-br\\\/produtos\\\/citrix-cloud-desktops\\\/#breadcrumb\",\"itemListElement\":[{\"@type\":\"ListItem\",\"position\":1,\"name\":\"Home\",\"item\":\"https:\\\/\\\/allithost.com\\\/pt-br\\\/\"},{\"@type\":\"ListItem\",\"position\":2,\"name\":\"Produtos\",\"item\":\"https:\\\/\\\/allithost.com\\\/pt-br\\\/products\\\/\"},{\"@type\":\"ListItem\",\"position\":3,\"name\":\"Citrix Cloud Desktops\"}]},{\"@type\":\"WebSite\",\"@id\":\"https:\\\/\\\/allithost.com\\\/pt-br\\\/#website\",\"url\":\"https:\\\/\\\/allithost.com\\\/pt-br\\\/\",\"name\":\"All It Host\",\"description\":\"The Cloud Computing Revolution\",\"publisher\":{\"@id\":\"https:\\\/\\\/allithost.com\\\/pt-br\\\/#organization\"},\"potentialAction\":[{\"@type\":\"SearchAction\",\"target\":{\"@type\":\"EntryPoint\",\"urlTemplate\":\"https:\\\/\\\/allithost.com\\\/pt-br\\\/?s={search_term_string}\"},\"query-input\":{\"@type\":\"PropertyValueSpecification\",\"valueRequired\":true,\"valueName\":\"search_term_string\"}}],\"inLanguage\":\"pt-BR\"},{\"@type\":\"Organization\",\"@id\":\"https:\\\/\\\/allithost.com\\\/pt-br\\\/#organization\",\"name\":\"All IT Host Inc.\",\"url\":\"https:\\\/\\\/allithost.com\\\/pt-br\\\/\",\"logo\":{\"@type\":\"ImageObject\",\"inLanguage\":\"pt-BR\",\"@id\":\"https:\\\/\\\/allithost.com\\\/pt-br\\\/#\\\/schema\\\/logo\\\/image\\\/\",\"url\":\"https:\\\/\\\/allithost.com\\\/wp-content\\\/uploads\\\/2020\\\/08\\\/02-Logo-Allithost--e1600304778301.png\",\"contentUrl\":\"https:\\\/\\\/allithost.com\\\/wp-content\\\/uploads\\\/2020\\\/08\\\/02-Logo-Allithost--e1600304778301.png\",\"width\":116,\"height\":94,\"caption\":\"All IT Host Inc.\"},\"image\":{\"@id\":\"https:\\\/\\\/allithost.com\\\/pt-br\\\/#\\\/schema\\\/logo\\\/image\\\/\"},\"sameAs\":[\"https:\\\/\\\/www.facebook.com\\\/allithost\",\"https:\\\/\\\/x.com\\\/allithost\",\"http:\\\/\\\/www.linkedin.com\\\/company\\\/all-it-host\"]}]}<\/script>\n<!-- \/ Yoast SEO plugin. -->","yoast_head_json":{"title":"Citrix Cloud Desktops - All It Host","robots":{"index":"index","follow":"follow","max-snippet":"max-snippet:-1","max-image-preview":"max-image-preview:large","max-video-preview":"max-video-preview:-1"},"canonical":"https:\/\/allithost.com\/pt-br\/produtos\/citrix-cloud-desktops\/","og_locale":"pt_BR","og_type":"article","og_title":"Citrix Cloud Desktops - All It Host","og_description":"O que s\u00e3o Citrix Cloud Desktops?A Internet \u00e9 a grande Nuvem \u00c9 composta de nuvens menores, clusters de servidores que podem estar hospedados no mesmo Data Center ou em locais diferentes. Cluster \u00e9, portanto, uma estrutura de sistema que combina dois ou mais computadores que trabalham em total sincronia, como se fossem apenas um. \u00c9 [&hellip;]","og_url":"https:\/\/allithost.com\/pt-br\/produtos\/citrix-cloud-desktops\/","og_site_name":"All It Host","article_publisher":"https:\/\/www.facebook.com\/allithost","article_modified_time":"2020-10-17T13:24:38+00:00","og_image":[{"width":600,"height":117,"url":"https:\/\/allithost.com\/wp-content\/uploads\/2020\/09\/04-Logo-Allithost-1-1-e1600720431694.png","type":"image\/png"}],"twitter_card":"summary_large_image","twitter_site":"@allithost","twitter_misc":{"Est. tempo de leitura":"8 minutos"},"schema":{"@context":"https:\/\/schema.org","@graph":[{"@type":"WebPage","@id":"https:\/\/allithost.com\/pt-br\/produtos\/citrix-cloud-desktops\/","url":"https:\/\/allithost.com\/pt-br\/produtos\/citrix-cloud-desktops\/","name":"Citrix Cloud Desktops - All It Host","isPartOf":{"@id":"https:\/\/allithost.com\/pt-br\/#website"},"datePublished":"2020-10-03T13:30:23+00:00","dateModified":"2020-10-17T13:24:38+00:00","breadcrumb":{"@id":"https:\/\/allithost.com\/pt-br\/produtos\/citrix-cloud-desktops\/#breadcrumb"},"inLanguage":"pt-BR","potentialAction":[{"@type":"ReadAction","target":["https:\/\/allithost.com\/pt-br\/produtos\/citrix-cloud-desktops\/"]}]},{"@type":"BreadcrumbList","@id":"https:\/\/allithost.com\/pt-br\/produtos\/citrix-cloud-desktops\/#breadcrumb","itemListElement":[{"@type":"ListItem","position":1,"name":"Home","item":"https:\/\/allithost.com\/pt-br\/"},{"@type":"ListItem","position":2,"name":"Produtos","item":"https:\/\/allithost.com\/pt-br\/products\/"},{"@type":"ListItem","position":3,"name":"Citrix Cloud Desktops"}]},{"@type":"WebSite","@id":"https:\/\/allithost.com\/pt-br\/#website","url":"https:\/\/allithost.com\/pt-br\/","name":"All It Host","description":"The Cloud Computing Revolution","publisher":{"@id":"https:\/\/allithost.com\/pt-br\/#organization"},"potentialAction":[{"@type":"SearchAction","target":{"@type":"EntryPoint","urlTemplate":"https:\/\/allithost.com\/pt-br\/?s={search_term_string}"},"query-input":{"@type":"PropertyValueSpecification","valueRequired":true,"valueName":"search_term_string"}}],"inLanguage":"pt-BR"},{"@type":"Organization","@id":"https:\/\/allithost.com\/pt-br\/#organization","name":"All IT Host Inc.","url":"https:\/\/allithost.com\/pt-br\/","logo":{"@type":"ImageObject","inLanguage":"pt-BR","@id":"https:\/\/allithost.com\/pt-br\/#\/schema\/logo\/image\/","url":"https:\/\/allithost.com\/wp-content\/uploads\/2020\/08\/02-Logo-Allithost--e1600304778301.png","contentUrl":"https:\/\/allithost.com\/wp-content\/uploads\/2020\/08\/02-Logo-Allithost--e1600304778301.png","width":116,"height":94,"caption":"All IT Host Inc."},"image":{"@id":"https:\/\/allithost.com\/pt-br\/#\/schema\/logo\/image\/"},"sameAs":["https:\/\/www.facebook.com\/allithost","https:\/\/x.com\/allithost","http:\/\/www.linkedin.com\/company\/all-it-host"]}]}},"_links":{"self":[{"href":"https:\/\/allithost.com\/pt-br\/wp-json\/wp\/v2\/pages\/49505","targetHints":{"allow":["GET"]}}],"collection":[{"href":"https:\/\/allithost.com\/pt-br\/wp-json\/wp\/v2\/pages"}],"about":[{"href":"https:\/\/allithost.com\/pt-br\/wp-json\/wp\/v2\/types\/page"}],"author":[{"embeddable":true,"href":"https:\/\/allithost.com\/pt-br\/wp-json\/wp\/v2\/users\/5"}],"replies":[{"embeddable":true,"href":"https:\/\/allithost.com\/pt-br\/wp-json\/wp\/v2\/comments?post=49505"}],"version-history":[{"count":0,"href":"https:\/\/allithost.com\/pt-br\/wp-json\/wp\/v2\/pages\/49505\/revisions"}],"up":[{"embeddable":true,"href":"https:\/\/allithost.com\/pt-br\/wp-json\/wp\/v2\/pages\/49469"}],"wp:attachment":[{"href":"https:\/\/allithost.com\/pt-br\/wp-json\/wp\/v2\/media?parent=49505"}],"curies":[{"name":"wp","href":"https:\/\/api.w.org\/{rel}","templated":true}]}}