{"id":49469,"date":"2020-10-03T13:22:39","date_gmt":"2020-10-03T13:22:39","guid":{"rendered":"http:\/\/96.46.250.135\/allithost\/produtos\/"},"modified":"2020-10-24T12:05:09","modified_gmt":"2020-10-24T12:05:09","slug":"produtos","status":"publish","type":"page","link":"https:\/\/allithost.com\/pt-br\/produtos\/","title":{"rendered":"Produtos"},"content":{"rendered":"<p>[et_pb_section fb_built=&#8221;1&#8243; module_class=&#8221;aihRow&#8221; _builder_version=&#8221;4.6.5&#8243; background_enable_image=&#8221;off&#8221; vertical_offset_tablet=&#8221;0&#8243; horizontal_offset_tablet=&#8221;0&#8243; z_index_tablet=&#8221;0&#8243; box_shadow_horizontal_tablet=&#8221;0px&#8221; box_shadow_vertical_tablet=&#8221;0px&#8221; box_shadow_blur_tablet=&#8221;40px&#8221; box_shadow_spread_tablet=&#8221;0px&#8221; collapsed=&#8221;off&#8221;][et_pb_row _builder_version=&#8221;4.6.5&#8243; _module_preset=&#8221;1a8cc165-98c7-417d-9974-9d28bd3ee57d&#8221; collapsed=&#8221;off&#8221;][et_pb_column type=&#8221;4_4&#8243; _builder_version=&#8221;3.0.47&#8243; custom_padding=&#8221;|||&#8221; custom_padding__hover=&#8221;|||&#8221;][et_pb_text admin_label=&#8221;Title&#8221; _builder_version=&#8221;4.6.5&#8243; _module_preset=&#8221;db8bf3f5-f1c3-43f0-bc1e-ca238db48424&#8243; header_text_align=&#8221;right&#8221; background_image=&#8221;https:\/\/allithost.com\/\/wp-content\/uploads\/2020\/08\/Line-04-1-300&#215;1.png&#8221; background_size=&#8221;contain&#8221; background_position=&#8221;bottom_right&#8221; vertical_offset_tablet=&#8221;0&#8243; horizontal_offset_tablet=&#8221;0&#8243; z_index_tablet=&#8221;0&#8243; text_text_shadow_horizontal_length_tablet=&#8221;0px&#8221; text_text_shadow_vertical_length_tablet=&#8221;0px&#8221; text_text_shadow_blur_strength_tablet=&#8221;1px&#8221; link_text_shadow_horizontal_length_tablet=&#8221;0px&#8221; link_text_shadow_vertical_length_tablet=&#8221;0px&#8221; link_text_shadow_blur_strength_tablet=&#8221;1px&#8221; ul_text_shadow_horizontal_length_tablet=&#8221;0px&#8221; ul_text_shadow_vertical_length_tablet=&#8221;0px&#8221; ul_text_shadow_blur_strength_tablet=&#8221;1px&#8221; ol_text_shadow_horizontal_length_tablet=&#8221;0px&#8221; ol_text_shadow_vertical_length_tablet=&#8221;0px&#8221; ol_text_shadow_blur_strength_tablet=&#8221;1px&#8221; quote_text_shadow_horizontal_length_tablet=&#8221;0px&#8221; quote_text_shadow_vertical_length_tablet=&#8221;0px&#8221; quote_text_shadow_blur_strength_tablet=&#8221;1px&#8221; header_text_shadow_horizontal_length_tablet=&#8221;0px&#8221; header_text_shadow_vertical_length_tablet=&#8221;0px&#8221; header_text_shadow_blur_strength_tablet=&#8221;1px&#8221; header_2_text_shadow_horizontal_length_tablet=&#8221;0px&#8221; header_2_text_shadow_vertical_length_tablet=&#8221;0px&#8221; header_2_text_shadow_blur_strength_tablet=&#8221;1px&#8221; header_3_text_shadow_horizontal_length_tablet=&#8221;0px&#8221; header_3_text_shadow_vertical_length_tablet=&#8221;0px&#8221; header_3_text_shadow_blur_strength_tablet=&#8221;1px&#8221; header_4_text_shadow_horizontal_length_tablet=&#8221;0px&#8221; header_4_text_shadow_vertical_length_tablet=&#8221;0px&#8221; header_4_text_shadow_blur_strength_tablet=&#8221;1px&#8221; header_5_text_shadow_horizontal_length_tablet=&#8221;0px&#8221; header_5_text_shadow_vertical_length_tablet=&#8221;0px&#8221; header_5_text_shadow_blur_strength_tablet=&#8221;1px&#8221; header_6_text_shadow_horizontal_length_tablet=&#8221;0px&#8221; header_6_text_shadow_vertical_length_tablet=&#8221;0px&#8221; header_6_text_shadow_blur_strength_tablet=&#8221;1px&#8221; box_shadow_horizontal_tablet=&#8221;0px&#8221; box_shadow_vertical_tablet=&#8221;0px&#8221; box_shadow_blur_tablet=&#8221;40px&#8221; box_shadow_spread_tablet=&#8221;0px&#8221;]<\/p>\n<h1>Produtos<\/h1>\n<p>[\/et_pb_text][\/et_pb_column][\/et_pb_row][et_pb_row column_structure=&#8221;1_3,1_3,1_3&#8243; admin_label=&#8221;Produtos&#8221; _builder_version=&#8221;4.6.5&#8243; _module_preset=&#8221;1a8cc165-98c7-417d-9974-9d28bd3ee57d&#8221; custom_padding=&#8221;6px|||||&#8221; collapsed=&#8221;off&#8221;][et_pb_column type=&#8221;1_3&#8243; _builder_version=&#8221;3.25&#8243; custom_padding=&#8221;|||&#8221; custom_padding__hover=&#8221;|||&#8221;][et_pb_blurb title=&#8221;CITRIX CLOUD DESKTOPS&#8221; url=&#8221;@ET-DC@eyJkeW5hbWljIjp0cnVlLCJjb250ZW50IjoicG9zdF9saW5rX3VybF9wYWdlIiwic2V0dGluZ3MiOnsicG9zdF9pZCI6IjcxNCJ9fQ==@&#8221; image=&#8221;https:\/\/allithost.com\/\/wp-content\/uploads\/2020\/08\/CITRIX_CLOUD_DESKTOP-e1598655982927.png&#8221; image_max_width=&#8221;80%&#8221; admin_label=&#8221;CITRIX CLOUD DESKTOP&#8221; _builder_version=&#8221;4.6.5&#8243; _module_preset=&#8221;28ef5ec5-8e91-49de-8f3f-13d0d896806b&#8221; vertical_offset_tablet=&#8221;0&#8243; horizontal_offset_tablet=&#8221;0&#8243; hover_enabled=&#8221;0&#8243; body_font_size_tablet=&#8221;&#8221; body_font_size_phone=&#8221;&#8221; body_font_size_last_edited=&#8221;on|phone&#8221; z_index_tablet=&#8221;0&#8243; sticky_enabled=&#8221;0&#8243; _dynamic_attributes=&#8221;url,link_option_url&#8221; link_option_url=&#8221;@ET-DC@eyJkeW5hbWljIjp0cnVlLCJjb250ZW50IjoicG9zdF9saW5rX3VybF9wYWdlIiwic2V0dGluZ3MiOnsicG9zdF9pZCI6IjcxNCJ9fQ==@&#8221;]Os desktops com base na Nuvem Virtual permitem que voc\u00ea acesse uma \u00e1rea completa de recursos e servi\u00e7os e execute a vers\u00e3o mais recente do Microsoft Windows. Tudo em qualquer dispositivo, a qualquer hora e em qualquer lugar.[\/et_pb_blurb][\/et_pb_column][et_pb_column type=&#8221;1_3&#8243; _builder_version=&#8221;3.25&#8243; custom_padding=&#8221;|||&#8221; custom_padding__hover=&#8221;|||&#8221;][et_pb_blurb title=&#8221;VANTAGENS DO CLOUD&#8221; url=&#8221;@ET-DC@eyJkeW5hbWljIjp0cnVlLCJjb250ZW50IjoicG9zdF9saW5rX3VybF9wYWdlIiwic2V0dGluZ3MiOnsicG9zdF9pZCI6IjcyMCJ9fQ==@&#8221; image=&#8221;https:\/\/allithost.com\/\/wp-content\/uploads\/2020\/08\/BENEFITS-e1598656037947.png&#8221; admin_label=&#8221;CLOUD ADVANTAGES&#8221; _builder_version=&#8221;4.6.5&#8243; _module_preset=&#8221;28ef5ec5-8e91-49de-8f3f-13d0d896806b&#8221; vertical_offset_tablet=&#8221;0&#8243; horizontal_offset_tablet=&#8221;0&#8243; hover_enabled=&#8221;0&#8243; body_font_size_tablet=&#8221;&#8221; body_font_size_phone=&#8221;&#8221; body_font_size_last_edited=&#8221;on|phone&#8221; z_index_tablet=&#8221;0&#8243; _dynamic_attributes=&#8221;url,link_option_url&#8221; link_option_url=&#8221;@ET-DC@eyJkeW5hbWljIjp0cnVlLCJjb250ZW50IjoicG9zdF9saW5rX3VybF9wYWdlIiwic2V0dGluZ3MiOnsicG9zdF9pZCI6IjcyMCJ9fQ==@&#8221; sticky_enabled=&#8221;0&#8243;]Com recursos ilimitados e sem investimento em software e hardware, Cloud Computing oferece amplos benef\u00edcios para qualquer Empresa. As despesas s\u00e3o apenas com os acessos realizados e os servi\u00e7os utilizados. Veja nossa incr\u00edvel lista de benef\u00edcios.[\/et_pb_blurb][\/et_pb_column][et_pb_column type=&#8221;1_3&#8243; _builder_version=&#8221;3.25&#8243; custom_padding=&#8221;|||&#8221; custom_padding__hover=&#8221;|||&#8221;][et_pb_blurb title=&#8221;GEST\u00c3O E SUPORTE DE TI&#8221; url=&#8221;https:\/\/allithost.com\/pt-br\/produtos\/gestao-e-suporte-de-ti\/&#8221; image=&#8221;https:\/\/allithost.com\/\/wp-content\/uploads\/2020\/08\/IT_MANAGEMENT_SUPPORT-e1598656012517.png&#8221; admin_label=&#8221;IT MANAGEMENT SUPPORT&#8221; _builder_version=&#8221;4.6.5&#8243; _module_preset=&#8221;28ef5ec5-8e91-49de-8f3f-13d0d896806b&#8221; vertical_offset_tablet=&#8221;0&#8243; horizontal_offset_tablet=&#8221;0&#8243; body_font_size_tablet=&#8221;&#8221; body_font_size_phone=&#8221;&#8221; body_font_size_last_edited=&#8221;on|phone&#8221; z_index_tablet=&#8221;0&#8243;]Cloud \u00e9 t\u00e3o inteligente que pode dimensionar o pr\u00f3prio tamanho de acordo com a necessidade. Dispon\u00edvel 24X7, \u00e9 de confian\u00e7a e r\u00e1pida. Em Nuvem, muitos computadores pensam como um s\u00f3, e o seu neg\u00f3cio tamb\u00e9m ficar\u00e1 mais inteligente![\/et_pb_blurb][\/et_pb_column][\/et_pb_row][\/et_pb_section]<\/p>\n","protected":false},"excerpt":{"rendered":"<p>ProdutosOs desktops com base na Nuvem Virtual permitem que voc\u00ea acesse uma \u00e1rea completa de recursos e servi\u00e7os e execute a vers\u00e3o mais recente do Microsoft Windows. Tudo em qualquer dispositivo, a qualquer hora e em qualquer lugar.Com recursos ilimitados e sem investimento em software e hardware, Cloud Computing oferece amplos benef\u00edcios para qualquer Empresa. [&hellip;]<\/p>\n","protected":false},"author":5,"featured_media":0,"parent":0,"menu_order":0,"comment_status":"closed","ping_status":"closed","template":"","meta":{"_et_pb_use_builder":"on","_et_pb_old_content":"","_et_gb_content_width":"","footnotes":""},"class_list":["post-49469","page","type-page","status-publish","hentry"],"yoast_head":"<!-- This site is optimized with the Yoast SEO plugin v27.4 - https:\/\/yoast.com\/product\/yoast-seo-wordpress\/ -->\n<title>Produtos - All It Host<\/title>\n<meta name=\"robots\" content=\"index, follow, max-snippet:-1, max-image-preview:large, max-video-preview:-1\" \/>\n<link rel=\"canonical\" href=\"https:\/\/allithost.com\/pt-br\/produtos\/\" \/>\n<meta property=\"og:locale\" content=\"pt_BR\" \/>\n<meta property=\"og:type\" content=\"article\" \/>\n<meta property=\"og:title\" content=\"Produtos - All It Host\" \/>\n<meta property=\"og:description\" content=\"ProdutosOs desktops com base na Nuvem Virtual permitem que voc\u00ea acesse uma \u00e1rea completa de recursos e servi\u00e7os e execute a vers\u00e3o mais recente do Microsoft Windows. Tudo em qualquer dispositivo, a qualquer hora e em qualquer lugar.Com recursos ilimitados e sem investimento em software e hardware, Cloud Computing oferece amplos benef\u00edcios para qualquer Empresa. [&hellip;]\" \/>\n<meta property=\"og:url\" content=\"https:\/\/allithost.com\/pt-br\/produtos\/\" \/>\n<meta property=\"og:site_name\" content=\"All It Host\" \/>\n<meta property=\"article:publisher\" content=\"https:\/\/www.facebook.com\/allithost\" \/>\n<meta property=\"article:modified_time\" content=\"2020-10-24T12:05:09+00:00\" \/>\n<meta property=\"og:image\" content=\"https:\/\/allithost.com\/wp-content\/uploads\/2020\/09\/04-Logo-Allithost-1-1-e1600720431694.png\" \/>\n\t<meta property=\"og:image:width\" content=\"600\" \/>\n\t<meta property=\"og:image:height\" content=\"117\" \/>\n\t<meta property=\"og:image:type\" content=\"image\/png\" \/>\n<meta name=\"twitter:card\" content=\"summary_large_image\" \/>\n<meta name=\"twitter:site\" content=\"@allithost\" \/>\n<meta name=\"twitter:label1\" content=\"Est. tempo de leitura\" \/>\n\t<meta name=\"twitter:data1\" content=\"4 minutos\" \/>\n<script type=\"application\/ld+json\" class=\"yoast-schema-graph\">{\"@context\":\"https:\\\/\\\/schema.org\",\"@graph\":[{\"@type\":\"WebPage\",\"@id\":\"https:\\\/\\\/allithost.com\\\/pt-br\\\/produtos\\\/\",\"url\":\"https:\\\/\\\/allithost.com\\\/pt-br\\\/produtos\\\/\",\"name\":\"Produtos - All It Host\",\"isPartOf\":{\"@id\":\"https:\\\/\\\/allithost.com\\\/pt-br\\\/#website\"},\"datePublished\":\"2020-10-03T13:22:39+00:00\",\"dateModified\":\"2020-10-24T12:05:09+00:00\",\"breadcrumb\":{\"@id\":\"https:\\\/\\\/allithost.com\\\/pt-br\\\/produtos\\\/#breadcrumb\"},\"inLanguage\":\"pt-BR\",\"potentialAction\":[{\"@type\":\"ReadAction\",\"target\":[\"https:\\\/\\\/allithost.com\\\/pt-br\\\/produtos\\\/\"]}]},{\"@type\":\"BreadcrumbList\",\"@id\":\"https:\\\/\\\/allithost.com\\\/pt-br\\\/produtos\\\/#breadcrumb\",\"itemListElement\":[{\"@type\":\"ListItem\",\"position\":1,\"name\":\"Home\",\"item\":\"https:\\\/\\\/allithost.com\\\/pt-br\\\/\"},{\"@type\":\"ListItem\",\"position\":2,\"name\":\"Produtos\"}]},{\"@type\":\"WebSite\",\"@id\":\"https:\\\/\\\/allithost.com\\\/pt-br\\\/#website\",\"url\":\"https:\\\/\\\/allithost.com\\\/pt-br\\\/\",\"name\":\"All It Host\",\"description\":\"The Cloud Computing Revolution\",\"publisher\":{\"@id\":\"https:\\\/\\\/allithost.com\\\/pt-br\\\/#organization\"},\"potentialAction\":[{\"@type\":\"SearchAction\",\"target\":{\"@type\":\"EntryPoint\",\"urlTemplate\":\"https:\\\/\\\/allithost.com\\\/pt-br\\\/?s={search_term_string}\"},\"query-input\":{\"@type\":\"PropertyValueSpecification\",\"valueRequired\":true,\"valueName\":\"search_term_string\"}}],\"inLanguage\":\"pt-BR\"},{\"@type\":\"Organization\",\"@id\":\"https:\\\/\\\/allithost.com\\\/pt-br\\\/#organization\",\"name\":\"All IT Host Inc.\",\"url\":\"https:\\\/\\\/allithost.com\\\/pt-br\\\/\",\"logo\":{\"@type\":\"ImageObject\",\"inLanguage\":\"pt-BR\",\"@id\":\"https:\\\/\\\/allithost.com\\\/pt-br\\\/#\\\/schema\\\/logo\\\/image\\\/\",\"url\":\"https:\\\/\\\/allithost.com\\\/wp-content\\\/uploads\\\/2020\\\/08\\\/02-Logo-Allithost--e1600304778301.png\",\"contentUrl\":\"https:\\\/\\\/allithost.com\\\/wp-content\\\/uploads\\\/2020\\\/08\\\/02-Logo-Allithost--e1600304778301.png\",\"width\":116,\"height\":94,\"caption\":\"All IT Host Inc.\"},\"image\":{\"@id\":\"https:\\\/\\\/allithost.com\\\/pt-br\\\/#\\\/schema\\\/logo\\\/image\\\/\"},\"sameAs\":[\"https:\\\/\\\/www.facebook.com\\\/allithost\",\"https:\\\/\\\/x.com\\\/allithost\",\"http:\\\/\\\/www.linkedin.com\\\/company\\\/all-it-host\"]}]}<\/script>\n<!-- \/ Yoast SEO plugin. -->","yoast_head_json":{"title":"Produtos - All It Host","robots":{"index":"index","follow":"follow","max-snippet":"max-snippet:-1","max-image-preview":"max-image-preview:large","max-video-preview":"max-video-preview:-1"},"canonical":"https:\/\/allithost.com\/pt-br\/produtos\/","og_locale":"pt_BR","og_type":"article","og_title":"Produtos - All It Host","og_description":"ProdutosOs desktops com base na Nuvem Virtual permitem que voc\u00ea acesse uma \u00e1rea completa de recursos e servi\u00e7os e execute a vers\u00e3o mais recente do Microsoft Windows. Tudo em qualquer dispositivo, a qualquer hora e em qualquer lugar.Com recursos ilimitados e sem investimento em software e hardware, Cloud Computing oferece amplos benef\u00edcios para qualquer Empresa. [&hellip;]","og_url":"https:\/\/allithost.com\/pt-br\/produtos\/","og_site_name":"All It Host","article_publisher":"https:\/\/www.facebook.com\/allithost","article_modified_time":"2020-10-24T12:05:09+00:00","og_image":[{"width":600,"height":117,"url":"https:\/\/allithost.com\/wp-content\/uploads\/2020\/09\/04-Logo-Allithost-1-1-e1600720431694.png","type":"image\/png"}],"twitter_card":"summary_large_image","twitter_site":"@allithost","twitter_misc":{"Est. tempo de leitura":"4 minutos"},"schema":{"@context":"https:\/\/schema.org","@graph":[{"@type":"WebPage","@id":"https:\/\/allithost.com\/pt-br\/produtos\/","url":"https:\/\/allithost.com\/pt-br\/produtos\/","name":"Produtos - All It Host","isPartOf":{"@id":"https:\/\/allithost.com\/pt-br\/#website"},"datePublished":"2020-10-03T13:22:39+00:00","dateModified":"2020-10-24T12:05:09+00:00","breadcrumb":{"@id":"https:\/\/allithost.com\/pt-br\/produtos\/#breadcrumb"},"inLanguage":"pt-BR","potentialAction":[{"@type":"ReadAction","target":["https:\/\/allithost.com\/pt-br\/produtos\/"]}]},{"@type":"BreadcrumbList","@id":"https:\/\/allithost.com\/pt-br\/produtos\/#breadcrumb","itemListElement":[{"@type":"ListItem","position":1,"name":"Home","item":"https:\/\/allithost.com\/pt-br\/"},{"@type":"ListItem","position":2,"name":"Produtos"}]},{"@type":"WebSite","@id":"https:\/\/allithost.com\/pt-br\/#website","url":"https:\/\/allithost.com\/pt-br\/","name":"All It Host","description":"The Cloud Computing Revolution","publisher":{"@id":"https:\/\/allithost.com\/pt-br\/#organization"},"potentialAction":[{"@type":"SearchAction","target":{"@type":"EntryPoint","urlTemplate":"https:\/\/allithost.com\/pt-br\/?s={search_term_string}"},"query-input":{"@type":"PropertyValueSpecification","valueRequired":true,"valueName":"search_term_string"}}],"inLanguage":"pt-BR"},{"@type":"Organization","@id":"https:\/\/allithost.com\/pt-br\/#organization","name":"All IT Host Inc.","url":"https:\/\/allithost.com\/pt-br\/","logo":{"@type":"ImageObject","inLanguage":"pt-BR","@id":"https:\/\/allithost.com\/pt-br\/#\/schema\/logo\/image\/","url":"https:\/\/allithost.com\/wp-content\/uploads\/2020\/08\/02-Logo-Allithost--e1600304778301.png","contentUrl":"https:\/\/allithost.com\/wp-content\/uploads\/2020\/08\/02-Logo-Allithost--e1600304778301.png","width":116,"height":94,"caption":"All IT Host Inc."},"image":{"@id":"https:\/\/allithost.com\/pt-br\/#\/schema\/logo\/image\/"},"sameAs":["https:\/\/www.facebook.com\/allithost","https:\/\/x.com\/allithost","http:\/\/www.linkedin.com\/company\/all-it-host"]}]}},"_links":{"self":[{"href":"https:\/\/allithost.com\/pt-br\/wp-json\/wp\/v2\/pages\/49469","targetHints":{"allow":["GET"]}}],"collection":[{"href":"https:\/\/allithost.com\/pt-br\/wp-json\/wp\/v2\/pages"}],"about":[{"href":"https:\/\/allithost.com\/pt-br\/wp-json\/wp\/v2\/types\/page"}],"author":[{"embeddable":true,"href":"https:\/\/allithost.com\/pt-br\/wp-json\/wp\/v2\/users\/5"}],"replies":[{"embeddable":true,"href":"https:\/\/allithost.com\/pt-br\/wp-json\/wp\/v2\/comments?post=49469"}],"version-history":[{"count":0,"href":"https:\/\/allithost.com\/pt-br\/wp-json\/wp\/v2\/pages\/49469\/revisions"}],"wp:attachment":[{"href":"https:\/\/allithost.com\/pt-br\/wp-json\/wp\/v2\/media?parent=49469"}],"curies":[{"name":"wp","href":"https:\/\/api.w.org\/{rel}","templated":true}]}}