{"id":49384,"date":"2020-10-03T12:58:44","date_gmt":"2020-10-03T12:58:44","guid":{"rendered":"http:\/\/96.46.250.135\/allithost\/sobre-nos\/"},"modified":"2020-11-19T17:21:31","modified_gmt":"2020-11-19T17:21:31","slug":"sobre-nos","status":"publish","type":"page","link":"https:\/\/allithost.com\/pt-br\/sobre-nos\/","title":{"rendered":"Sobre N\u00f3s"},"content":{"rendered":"<p>[et_pb_section fb_built=&#8221;1&#8243; _builder_version=&#8221;4.6.5&#8243; background_enable_image=&#8221;off&#8221; vertical_offset_tablet=&#8221;0&#8243; horizontal_offset_tablet=&#8221;0&#8243; custom_padding=&#8221;2px|||||&#8221; z_index_tablet=&#8221;0&#8243; box_shadow_horizontal_tablet=&#8221;0px&#8221; box_shadow_vertical_tablet=&#8221;0px&#8221; box_shadow_blur_tablet=&#8221;40px&#8221; box_shadow_spread_tablet=&#8221;0px&#8221; collapsed=&#8221;off&#8221;][et_pb_row _builder_version=&#8221;4.5.1&#8243; max_width=&#8221;1380px&#8221; collapsed=&#8221;off&#8221;][et_pb_column type=&#8221;4_4&#8243; _builder_version=&#8221;3.0.47&#8243; custom_padding=&#8221;|||&#8221; custom_padding__hover=&#8221;|||&#8221;][et_pb_text content_phone=&#8221;<\/p>\n<h1> <img decoding=\"async\" class=\"%22alignnone\" src=\"\/\/allithost.com\/\/wp-content\/uploads\/2020\/08\/Line-04-1-300x1.png%22\" alt=\"%22%22\" width=\"%22900%22\" height=\"%223%22\">  <span><em><span><strong>Sobre N\u00f3s <\/strong><\/span><\/em><\/span><\/h1>\n<h1><span><em>Somos apaixonados por TI.<\/em><\/span><\/h1>\n<h3><em><strong><\/strong><\/em><\/h3>\n<h3><em><strong>Atualmente: <\/strong> <\/em><\/h3>\n<\/p>\n<p><span>Desde 1998, trabalhamos com um expressivo n\u00famero de empresas, fornecendo servi\u00e7os de TI, tais como: constru\u00e7\u00e3o de PCs e servidores, integra\u00e7\u00e3o e manuten\u00e7\u00e3o de redes, suporte t\u00e9cnico, consultoria e outros. Nesse per\u00edodo, a Citrix estava preparando a plataforma que veio a ser mais a mais poderosa no fornecimento de desktops virtuais. <\/span><\/p>\n<p><span>Em 2010, tornamo-nos parceiros da Citrix, com a certeza de poder aperfei\u00e7oar ainda mais a maneira como prestamos servi\u00e7os aos nossos cliente. Implementamos o que chamamos de Escrit\u00f3rio Virtual. Pensamos: \u201cN\u00e3o mais hardware, instala\u00e7\u00f5es de rede ruins e problemas tediosos do usu\u00e1rio final.\u201d <\/span><\/p>\n<p><span>Desde ent\u00e3o, fornecemos sistemas constru\u00eddos sobre as plataformas <a href=\"\/\/docs.citrix.com\/en-us\/citrix-virtual-apps-desktops-service.html%22\">Citrix Cloud<\/a> e <strong>Microsoft<\/strong>. Utilizamos switches e firewalls Cisco da empresa, servidores e armazenamentos de alto desempenho, ferramentas de monitoramento e muito mais. Tudo isso para oferecer a melhor seguran\u00e7a e conformidade aos nossos cliente. Tudo isso para oferecer a melhor seguran\u00e7a e conformidade aos nossos cliente. <\/span><\/p>\n<p><span>Acreditamos que o Home Office chegou para ficar. Assim, queremos garantir que, independentemente do tamanho, todas as empresas tenham a oportunidade de se beneficiarem de uma solu\u00e7\u00e3o corporativa e a um pre\u00e7o acess\u00edvel. <\/span><\/p>\n<p><span><span>All It Host. Na All It Host tudo \u00e9 feito por uma equipe de especialistas que adora surfar nas ondas da tecnologia. ALL IT HOST <\/span> <\/span><\/p>\n<p>&#8221; content_last_edited=&#8221;off|phone&#8221; admin_label=&#8221;Page Title&#8221; _builder_version=&#8221;4.6.5&#8243; _module_preset=&#8221;db8bf3f5-f1c3-43f0-bc1e-ca238db48424&#8243; header_text_align=&#8221;right&#8221; background_image=&#8221;https:\/\/allithost.com\/\/wp-content\/uploads\/2020\/08\/Line-04-1-300&#215;1.png&#8221; background_size=&#8221;contain&#8221; background_position=&#8221;bottom_left&#8221; vertical_offset_tablet=&#8221;0&#8243; horizontal_offset_tablet=&#8221;0&#8243; custom_margin=&#8221;||||false|false&#8221; z_index_tablet=&#8221;0&#8243; text_text_shadow_horizontal_length_tablet=&#8221;0px&#8221; text_text_shadow_vertical_length_tablet=&#8221;0px&#8221; text_text_shadow_blur_strength_tablet=&#8221;1px&#8221; link_text_shadow_horizontal_length_tablet=&#8221;0px&#8221; link_text_shadow_vertical_length_tablet=&#8221;0px&#8221; link_text_shadow_blur_strength_tablet=&#8221;1px&#8221; ul_text_shadow_horizontal_length_tablet=&#8221;0px&#8221; ul_text_shadow_vertical_length_tablet=&#8221;0px&#8221; ul_text_shadow_blur_strength_tablet=&#8221;1px&#8221; ol_text_shadow_horizontal_length_tablet=&#8221;0px&#8221; ol_text_shadow_vertical_length_tablet=&#8221;0px&#8221; ol_text_shadow_blur_strength_tablet=&#8221;1px&#8221; quote_text_shadow_horizontal_length_tablet=&#8221;0px&#8221; quote_text_shadow_vertical_length_tablet=&#8221;0px&#8221; quote_text_shadow_blur_strength_tablet=&#8221;1px&#8221; header_text_shadow_horizontal_length_tablet=&#8221;0px&#8221; header_text_shadow_vertical_length_tablet=&#8221;0px&#8221; header_text_shadow_blur_strength_tablet=&#8221;1px&#8221; header_2_text_shadow_horizontal_length_tablet=&#8221;0px&#8221; header_2_text_shadow_vertical_length_tablet=&#8221;0px&#8221; header_2_text_shadow_blur_strength_tablet=&#8221;1px&#8221; header_3_text_shadow_horizontal_length_tablet=&#8221;0px&#8221; header_3_text_shadow_vertical_length_tablet=&#8221;0px&#8221; header_3_text_shadow_blur_strength_tablet=&#8221;1px&#8221; header_4_text_shadow_horizontal_length_tablet=&#8221;0px&#8221; header_4_text_shadow_vertical_length_tablet=&#8221;0px&#8221; header_4_text_shadow_blur_strength_tablet=&#8221;1px&#8221; header_5_text_shadow_horizontal_length_tablet=&#8221;0px&#8221; header_5_text_shadow_vertical_length_tablet=&#8221;0px&#8221; header_5_text_shadow_blur_strength_tablet=&#8221;1px&#8221; header_6_text_shadow_horizontal_length_tablet=&#8221;0px&#8221; header_6_text_shadow_vertical_length_tablet=&#8221;0px&#8221; header_6_text_shadow_blur_strength_tablet=&#8221;1px&#8221; border_width_bottom=&#8221;0px&#8221; box_shadow_horizontal_tablet=&#8221;0px&#8221; box_shadow_vertical_tablet=&#8221;0px&#8221; box_shadow_blur_tablet=&#8221;40px&#8221; box_shadow_spread_tablet=&#8221;0px&#8221;]<\/p>\n<h1>Sobre N\u00f3s<\/h1>\n<p>[\/et_pb_text][et_pb_text content_tablet=&#8221;&#8221; content_phone=&#8221;<\/p>\n<h1> <img decoding=\"async\" class=\"%22alignnone\" src=\"\/\/allithost.com\/\/wp-content\/uploads\/2020\/08\/Line-04-1-300x1.png%22\" alt=\"%22%22\" width=\"%22900%22\" height=\"%223%22\">  <span><em><span><strong>Sobre N\u00f3s <\/strong><\/span><\/em><\/span><\/h1>\n<h1><span><em>Somos apaixonados por TI.<\/em><\/span><\/h1>\n<h3><em><strong><\/strong><\/em><\/h3>\n<h3><em><strong>Atualmente: <\/strong> <\/em><\/h3>\n<\/p>\n<p><span>Desde 1998, trabalhamos com um expressivo n\u00famero de empresas, fornecendo servi\u00e7os de TI, tais como: constru\u00e7\u00e3o de PCs e servidores, integra\u00e7\u00e3o e manuten\u00e7\u00e3o de redes, suporte t\u00e9cnico, consultoria e outros. Nesse per\u00edodo, a Citrix estava preparando a plataforma que veio a ser mais a mais poderosa no fornecimento de desktops virtuais. <\/span><\/p>\n<p><span>Em 2010, tornamo-nos parceiros da Citrix, com a certeza de poder aperfei\u00e7oar ainda mais a maneira como prestamos servi\u00e7os aos nossos cliente. Implementamos o que chamamos de Escrit\u00f3rio Virtual. Pensamos: \u201cN\u00e3o mais hardware, instala\u00e7\u00f5es de rede ruins e problemas tediosos do usu\u00e1rio final.\u201d <\/span><\/p>\n<p><span>Desde ent\u00e3o, fornecemos sistemas constru\u00eddos sobre as plataformas <a href=\"\/\/docs.citrix.com\/en-us\/citrix-virtual-apps-desktops-service.html%22\">Citrix Cloud<\/a> e <strong>Microsoft<\/strong>. Utilizamos switches e firewalls Cisco da empresa, servidores e armazenamentos de alto desempenho, ferramentas de monitoramento e muito mais. Tudo isso para oferecer a melhor seguran\u00e7a e conformidade aos nossos cliente. Tudo isso para oferecer a melhor seguran\u00e7a e conformidade aos nossos cliente. <\/span><\/p>\n<p><span>Acreditamos que o Home Office chegou para ficar. Assim, queremos garantir que, independentemente do tamanho, todas as empresas tenham a oportunidade de se beneficiarem de uma solu\u00e7\u00e3o corporativa e a um pre\u00e7o acess\u00edvel. <\/span><\/p>\n<p><span><span>All It Host. Na All It Host tudo \u00e9 feito por uma equipe de especialistas que adora surfar nas ondas da tecnologia. ALL IT HOST <\/span> <\/span><\/p>\n<p>&#8221; content_last_edited=&#8221;on|phone&#8221; admin_label=&#8221;Subtitle&#8221; _builder_version=&#8221;4.6.5&#8243; _module_preset=&#8221;db8bf3f5-f1c3-43f0-bc1e-ca238db48424&#8243; vertical_offset_tablet=&#8221;0&#8243; horizontal_offset_tablet=&#8221;0&#8243; custom_margin=&#8221;||||false|false&#8221; header_font_size_tablet=&#8221;&#8221; header_font_size_phone=&#8221;25px&#8221; header_font_size_last_edited=&#8221;on|phone&#8221; z_index_tablet=&#8221;0&#8243; text_text_shadow_horizontal_length_tablet=&#8221;0px&#8221; text_text_shadow_vertical_length_tablet=&#8221;0px&#8221; text_text_shadow_blur_strength_tablet=&#8221;1px&#8221; link_text_shadow_horizontal_length_tablet=&#8221;0px&#8221; link_text_shadow_vertical_length_tablet=&#8221;0px&#8221; link_text_shadow_blur_strength_tablet=&#8221;1px&#8221; ul_text_shadow_horizontal_length_tablet=&#8221;0px&#8221; ul_text_shadow_vertical_length_tablet=&#8221;0px&#8221; ul_text_shadow_blur_strength_tablet=&#8221;1px&#8221; ol_text_shadow_horizontal_length_tablet=&#8221;0px&#8221; ol_text_shadow_vertical_length_tablet=&#8221;0px&#8221; ol_text_shadow_blur_strength_tablet=&#8221;1px&#8221; quote_text_shadow_horizontal_length_tablet=&#8221;0px&#8221; quote_text_shadow_vertical_length_tablet=&#8221;0px&#8221; quote_text_shadow_blur_strength_tablet=&#8221;1px&#8221; header_text_shadow_horizontal_length_tablet=&#8221;0px&#8221; header_text_shadow_vertical_length_tablet=&#8221;0px&#8221; header_text_shadow_blur_strength_tablet=&#8221;1px&#8221; header_2_text_shadow_horizontal_length_tablet=&#8221;0px&#8221; header_2_text_shadow_vertical_length_tablet=&#8221;0px&#8221; header_2_text_shadow_blur_strength_tablet=&#8221;1px&#8221; header_3_text_shadow_horizontal_length_tablet=&#8221;0px&#8221; header_3_text_shadow_vertical_length_tablet=&#8221;0px&#8221; header_3_text_shadow_blur_strength_tablet=&#8221;1px&#8221; header_4_text_shadow_horizontal_length_tablet=&#8221;0px&#8221; header_4_text_shadow_vertical_length_tablet=&#8221;0px&#8221; header_4_text_shadow_blur_strength_tablet=&#8221;1px&#8221; header_5_text_shadow_horizontal_length_tablet=&#8221;0px&#8221; header_5_text_shadow_vertical_length_tablet=&#8221;0px&#8221; header_5_text_shadow_blur_strength_tablet=&#8221;1px&#8221; header_6_text_shadow_horizontal_length_tablet=&#8221;0px&#8221; header_6_text_shadow_vertical_length_tablet=&#8221;0px&#8221; header_6_text_shadow_blur_strength_tablet=&#8221;1px&#8221; box_shadow_horizontal_tablet=&#8221;0px&#8221; box_shadow_vertical_tablet=&#8221;0px&#8221; box_shadow_blur_tablet=&#8221;40px&#8221; box_shadow_spread_tablet=&#8221;0px&#8221;]<\/p>\n<h2>Somos apaixonados por TI<\/h2>\n<p>[\/et_pb_text][et_pb_text content_tablet=&#8221;&#8221; content_phone=&#8221;<\/p>\n<h1> <img decoding=\"async\" class=\"%22alignnone\" src=\"\/\/allithost.com\/\/wp-content\/uploads\/2020\/08\/Line-04-1-300x1.png%22\" alt=\"%22%22\" width=\"%22900%22\" height=\"%223%22\">  <span><em><span><strong>Sobre N\u00f3s <\/strong><\/span><\/em><\/span><\/h1>\n<h1><span><em>Somos apaixonados por TI.<\/em><\/span><\/h1>\n<h3><em><strong><\/strong><\/em><\/h3>\n<h3><em><strong>Atualmente: <\/strong> <\/em><\/h3>\n<\/p>\n<p><span>Desde 1998, trabalhamos com um expressivo n\u00famero de empresas, fornecendo servi\u00e7os de TI, tais como: constru\u00e7\u00e3o de PCs e servidores, integra\u00e7\u00e3o e manuten\u00e7\u00e3o de redes, suporte t\u00e9cnico, consultoria e outros. Nesse per\u00edodo, a Citrix estava preparando a plataforma que veio a ser mais a mais poderosa no fornecimento de desktops virtuais. <\/span><\/p>\n<p><span>Em 2010, tornamo-nos parceiros da Citrix, com a certeza de poder aperfei\u00e7oar ainda mais a maneira como prestamos servi\u00e7os aos nossos cliente. Implementamos o que chamamos de Escrit\u00f3rio Virtual. Pensamos: \u201cN\u00e3o mais hardware, instala\u00e7\u00f5es de rede ruins e problemas tediosos do usu\u00e1rio final.\u201d <\/span><\/p>\n<p><span>Desde ent\u00e3o, fornecemos sistemas constru\u00eddos sobre as plataformas <a href=\"\/\/docs.citrix.com\/en-us\/citrix-virtual-apps-desktops-service.html%22\">Citrix Cloud<\/a> e <strong>Microsoft<\/strong>. Utilizamos switches e firewalls Cisco da empresa, servidores e armazenamentos de alto desempenho, ferramentas de monitoramento e muito mais. Tudo isso para oferecer a melhor seguran\u00e7a e conformidade aos nossos cliente. Tudo isso para oferecer a melhor seguran\u00e7a e conformidade aos nossos cliente. <\/span><\/p>\n<p><span>Acreditamos que o Home Office chegou para ficar. Assim, queremos garantir que, independentemente do tamanho, todas as empresas tenham a oportunidade de se beneficiarem de uma solu\u00e7\u00e3o corporativa e a um pre\u00e7o acess\u00edvel. <\/span><\/p>\n<p><span><span>All It Host. Na All It Host tudo \u00e9 feito por uma equipe de especialistas que adora surfar nas ondas da tecnologia. ALL IT HOST <\/span> <\/span><\/p>\n<p>&#8221; content_last_edited=&#8221;on|phone&#8221; admin_label=&#8221;Text&#8221; _builder_version=&#8221;4.6.5&#8243; _module_preset=&#8221;0e7b0c3f-5c05-474d-8e4a-716f1207d1aa&#8221; vertical_offset_tablet=&#8221;0&#8243; horizontal_offset_tablet=&#8221;0&#8243; custom_margin=&#8221;-33px|||||&#8221; header_font_size_tablet=&#8221;&#8221; header_font_size_phone=&#8221;25px&#8221; header_font_size_last_edited=&#8221;on|phone&#8221; z_index_tablet=&#8221;0&#8243; text_text_shadow_horizontal_length_tablet=&#8221;0px&#8221; text_text_shadow_vertical_length_tablet=&#8221;0px&#8221; text_text_shadow_blur_strength_tablet=&#8221;1px&#8221; link_text_shadow_horizontal_length_tablet=&#8221;0px&#8221; link_text_shadow_vertical_length_tablet=&#8221;0px&#8221; link_text_shadow_blur_strength_tablet=&#8221;1px&#8221; ul_text_shadow_horizontal_length_tablet=&#8221;0px&#8221; ul_text_shadow_vertical_length_tablet=&#8221;0px&#8221; ul_text_shadow_blur_strength_tablet=&#8221;1px&#8221; ol_text_shadow_horizontal_length_tablet=&#8221;0px&#8221; ol_text_shadow_vertical_length_tablet=&#8221;0px&#8221; ol_text_shadow_blur_strength_tablet=&#8221;1px&#8221; quote_text_shadow_horizontal_length_tablet=&#8221;0px&#8221; quote_text_shadow_vertical_length_tablet=&#8221;0px&#8221; quote_text_shadow_blur_strength_tablet=&#8221;1px&#8221; header_text_shadow_horizontal_length_tablet=&#8221;0px&#8221; header_text_shadow_vertical_length_tablet=&#8221;0px&#8221; header_text_shadow_blur_strength_tablet=&#8221;1px&#8221; header_2_text_shadow_horizontal_length_tablet=&#8221;0px&#8221; header_2_text_shadow_vertical_length_tablet=&#8221;0px&#8221; header_2_text_shadow_blur_strength_tablet=&#8221;1px&#8221; header_3_text_shadow_horizontal_length_tablet=&#8221;0px&#8221; header_3_text_shadow_vertical_length_tablet=&#8221;0px&#8221; header_3_text_shadow_blur_strength_tablet=&#8221;1px&#8221; header_4_text_shadow_horizontal_length_tablet=&#8221;0px&#8221; header_4_text_shadow_vertical_length_tablet=&#8221;0px&#8221; header_4_text_shadow_blur_strength_tablet=&#8221;1px&#8221; header_5_text_shadow_horizontal_length_tablet=&#8221;0px&#8221; header_5_text_shadow_vertical_length_tablet=&#8221;0px&#8221; header_5_text_shadow_blur_strength_tablet=&#8221;1px&#8221; header_6_text_shadow_horizontal_length_tablet=&#8221;0px&#8221; header_6_text_shadow_vertical_length_tablet=&#8221;0px&#8221; header_6_text_shadow_blur_strength_tablet=&#8221;1px&#8221; box_shadow_horizontal_tablet=&#8221;0px&#8221; box_shadow_vertical_tablet=&#8221;0px&#8221; box_shadow_blur_tablet=&#8221;40px&#8221; box_shadow_spread_tablet=&#8221;0px&#8221;]Desde 1998, trabalhamos com um expressivo n\u00famero de empresas, fornecendo servi\u00e7os de TI, tais como: constru\u00e7\u00e3o de PCs e servidores, integra\u00e7\u00e3o e manuten\u00e7\u00e3o de redes, suporte t\u00e9cnico, consultoria e outros. Nesse per\u00edodo, a Citrix estava preparando a plataforma que veio a ser mais a mais poderosa no fornecimento de desktops virtuais.<\/p>\n<p>Em 2010, tornamo-nos parceiros da Citrix, com a certeza de poder aperfei\u00e7oar ainda mais a maneira como prestamos servi\u00e7os aos nossos cliente. Implementamos o que chamamos de Escrit\u00f3rio Virtual. Pensamos: \u201cN\u00e3o mais hardware, instala\u00e7\u00f5es de rede ruins e problemas tediosos do usu\u00e1rio final.\u201d<\/p>\n<p>Desde ent\u00e3o, fornecemos sistemas constru\u00eddos sobre as plataformas <a href=\"https:\/\/docs.citrix.com\/en-us\/citrix-virtual-apps-desktops-service.html\">Citrix Cloud<\/a> e Microsoft. Utilizamos switches e firewalls Cisco da empresa, servidores e armazenamentos de alto desempenho, ferramentas de monitoramento e muito mais. Tudo isso para oferecer a melhor seguran\u00e7a e conformidade aos nossos cliente.<\/p>\n<p>Acreditamos que o Home Office chegou para ficar. Assim, queremos garantir que, independentemente do tamanho, todas as empresas tenham a oportunidade de se beneficiarem de uma solu\u00e7\u00e3o corporativa e a um pre\u00e7o acess\u00edvel.<\/p>\n<p>All It Host. Na All It Host tudo \u00e9 feito por uma equipe de especialistas que adora surfar nas ondas da tecnologia. <\/p>\n<p>ALL IT HOST[\/et_pb_text][\/et_pb_column][\/et_pb_row][\/et_pb_section][et_pb_section fb_built=&#8221;1&#8243; _builder_version=&#8221;3.22&#8243; collapsed=&#8221;off&#8221;][et_pb_row _builder_version=&#8221;3.25&#8243;][et_pb_column type=&#8221;4_4&#8243; _builder_version=&#8221;3.0.47&#8243; custom_padding=&#8221;|||&#8221; custom_padding__hover=&#8221;|||&#8221;][et_pb_video src=&#8221;https:\/\/allithost.com\/\/wp-content\/uploads\/2020\/09\/video-allithost-banner.mp4&#8243; image_src=&#8221;https:\/\/allithost.com\/wp-content\/uploads\/2020\/09\/Banner-cover-video.png&#8221; _builder_version=&#8221;4.6.5&#8243; vertical_offset_tablet=&#8221;0&#8243; horizontal_offset_tablet=&#8221;0&#8243; z_index_tablet=&#8221;0&#8243; box_shadow_horizontal_tablet=&#8221;0px&#8221; box_shadow_vertical_tablet=&#8221;0px&#8221; box_shadow_blur_tablet=&#8221;40px&#8221; box_shadow_spread_tablet=&#8221;0px&#8221;]<br \/>\n[\/et_pb_video][\/et_pb_column][\/et_pb_row][\/et_pb_section]<\/p>\n","protected":false},"excerpt":{"rendered":"<p>Sobre N\u00f3sSomos apaixonados por TIDesde 1998, trabalhamos com um expressivo n\u00famero de empresas, fornecendo servi\u00e7os de TI, tais como: constru\u00e7\u00e3o de PCs e servidores, integra\u00e7\u00e3o e manuten\u00e7\u00e3o de redes, suporte t\u00e9cnico, consultoria e outros. Nesse per\u00edodo, a Citrix estava preparando a plataforma que veio a ser mais a mais poderosa no fornecimento de desktops virtuais. [&hellip;]<\/p>\n","protected":false},"author":5,"featured_media":0,"parent":0,"menu_order":0,"comment_status":"closed","ping_status":"closed","template":"","meta":{"_et_pb_use_builder":"on","_et_pb_old_content":"","_et_gb_content_width":"","footnotes":""},"class_list":["post-49384","page","type-page","status-publish","hentry"],"yoast_head":"<!-- This site is optimized with the Yoast SEO plugin v27.4 - https:\/\/yoast.com\/product\/yoast-seo-wordpress\/ -->\n<title>Sobre N\u00f3s - All It Host<\/title>\n<meta name=\"robots\" content=\"index, follow, max-snippet:-1, max-image-preview:large, max-video-preview:-1\" \/>\n<link rel=\"canonical\" href=\"https:\/\/allithost.com\/pt-br\/sobre-nos\/\" \/>\n<meta property=\"og:locale\" content=\"pt_BR\" \/>\n<meta property=\"og:type\" content=\"article\" \/>\n<meta property=\"og:title\" content=\"Sobre N\u00f3s - All It Host\" \/>\n<meta property=\"og:description\" content=\"Sobre N\u00f3sSomos apaixonados por TIDesde 1998, trabalhamos com um expressivo n\u00famero de empresas, fornecendo servi\u00e7os de TI, tais como: constru\u00e7\u00e3o de PCs e servidores, integra\u00e7\u00e3o e manuten\u00e7\u00e3o de redes, suporte t\u00e9cnico, consultoria e outros. Nesse per\u00edodo, a Citrix estava preparando a plataforma que veio a ser mais a mais poderosa no fornecimento de desktops virtuais. [&hellip;]\" \/>\n<meta property=\"og:url\" content=\"https:\/\/allithost.com\/pt-br\/sobre-nos\/\" \/>\n<meta property=\"og:site_name\" content=\"All It Host\" \/>\n<meta property=\"article:publisher\" content=\"https:\/\/www.facebook.com\/allithost\" \/>\n<meta property=\"article:modified_time\" content=\"2020-11-19T17:21:31+00:00\" \/>\n<meta property=\"og:image\" content=\"https:\/\/allithost.com\/wp-content\/uploads\/2020\/09\/04-Logo-Allithost-1-1-e1600720431694.png\" \/>\n\t<meta property=\"og:image:width\" content=\"600\" \/>\n\t<meta property=\"og:image:height\" content=\"117\" \/>\n\t<meta property=\"og:image:type\" content=\"image\/png\" \/>\n<meta name=\"twitter:card\" content=\"summary_large_image\" \/>\n<meta name=\"twitter:site\" content=\"@allithost\" \/>\n<meta name=\"twitter:label1\" content=\"Est. tempo de leitura\" \/>\n\t<meta name=\"twitter:data1\" content=\"10 minutos\" \/>\n<script type=\"application\/ld+json\" class=\"yoast-schema-graph\">{\"@context\":\"https:\\\/\\\/schema.org\",\"@graph\":[{\"@type\":\"WebPage\",\"@id\":\"https:\\\/\\\/allithost.com\\\/pt-br\\\/sobre-nos\\\/\",\"url\":\"https:\\\/\\\/allithost.com\\\/pt-br\\\/sobre-nos\\\/\",\"name\":\"Sobre N\u00f3s - All It Host\",\"isPartOf\":{\"@id\":\"https:\\\/\\\/allithost.com\\\/pt-br\\\/#website\"},\"datePublished\":\"2020-10-03T12:58:44+00:00\",\"dateModified\":\"2020-11-19T17:21:31+00:00\",\"breadcrumb\":{\"@id\":\"https:\\\/\\\/allithost.com\\\/pt-br\\\/sobre-nos\\\/#breadcrumb\"},\"inLanguage\":\"pt-BR\",\"potentialAction\":[{\"@type\":\"ReadAction\",\"target\":[\"https:\\\/\\\/allithost.com\\\/pt-br\\\/sobre-nos\\\/\"]}]},{\"@type\":\"BreadcrumbList\",\"@id\":\"https:\\\/\\\/allithost.com\\\/pt-br\\\/sobre-nos\\\/#breadcrumb\",\"itemListElement\":[{\"@type\":\"ListItem\",\"position\":1,\"name\":\"Home\",\"item\":\"https:\\\/\\\/allithost.com\\\/pt-br\\\/\"},{\"@type\":\"ListItem\",\"position\":2,\"name\":\"Sobre N\u00f3s\"}]},{\"@type\":\"WebSite\",\"@id\":\"https:\\\/\\\/allithost.com\\\/pt-br\\\/#website\",\"url\":\"https:\\\/\\\/allithost.com\\\/pt-br\\\/\",\"name\":\"All It Host\",\"description\":\"The Cloud Computing Revolution\",\"publisher\":{\"@id\":\"https:\\\/\\\/allithost.com\\\/pt-br\\\/#organization\"},\"potentialAction\":[{\"@type\":\"SearchAction\",\"target\":{\"@type\":\"EntryPoint\",\"urlTemplate\":\"https:\\\/\\\/allithost.com\\\/pt-br\\\/?s={search_term_string}\"},\"query-input\":{\"@type\":\"PropertyValueSpecification\",\"valueRequired\":true,\"valueName\":\"search_term_string\"}}],\"inLanguage\":\"pt-BR\"},{\"@type\":\"Organization\",\"@id\":\"https:\\\/\\\/allithost.com\\\/pt-br\\\/#organization\",\"name\":\"All IT Host Inc.\",\"url\":\"https:\\\/\\\/allithost.com\\\/pt-br\\\/\",\"logo\":{\"@type\":\"ImageObject\",\"inLanguage\":\"pt-BR\",\"@id\":\"https:\\\/\\\/allithost.com\\\/pt-br\\\/#\\\/schema\\\/logo\\\/image\\\/\",\"url\":\"https:\\\/\\\/allithost.com\\\/wp-content\\\/uploads\\\/2020\\\/08\\\/02-Logo-Allithost--e1600304778301.png\",\"contentUrl\":\"https:\\\/\\\/allithost.com\\\/wp-content\\\/uploads\\\/2020\\\/08\\\/02-Logo-Allithost--e1600304778301.png\",\"width\":116,\"height\":94,\"caption\":\"All IT Host Inc.\"},\"image\":{\"@id\":\"https:\\\/\\\/allithost.com\\\/pt-br\\\/#\\\/schema\\\/logo\\\/image\\\/\"},\"sameAs\":[\"https:\\\/\\\/www.facebook.com\\\/allithost\",\"https:\\\/\\\/x.com\\\/allithost\",\"http:\\\/\\\/www.linkedin.com\\\/company\\\/all-it-host\"]}]}<\/script>\n<!-- \/ Yoast SEO plugin. -->","yoast_head_json":{"title":"Sobre N\u00f3s - All It Host","robots":{"index":"index","follow":"follow","max-snippet":"max-snippet:-1","max-image-preview":"max-image-preview:large","max-video-preview":"max-video-preview:-1"},"canonical":"https:\/\/allithost.com\/pt-br\/sobre-nos\/","og_locale":"pt_BR","og_type":"article","og_title":"Sobre N\u00f3s - All It Host","og_description":"Sobre N\u00f3sSomos apaixonados por TIDesde 1998, trabalhamos com um expressivo n\u00famero de empresas, fornecendo servi\u00e7os de TI, tais como: constru\u00e7\u00e3o de PCs e servidores, integra\u00e7\u00e3o e manuten\u00e7\u00e3o de redes, suporte t\u00e9cnico, consultoria e outros. Nesse per\u00edodo, a Citrix estava preparando a plataforma que veio a ser mais a mais poderosa no fornecimento de desktops virtuais. [&hellip;]","og_url":"https:\/\/allithost.com\/pt-br\/sobre-nos\/","og_site_name":"All It Host","article_publisher":"https:\/\/www.facebook.com\/allithost","article_modified_time":"2020-11-19T17:21:31+00:00","og_image":[{"width":600,"height":117,"url":"https:\/\/allithost.com\/wp-content\/uploads\/2020\/09\/04-Logo-Allithost-1-1-e1600720431694.png","type":"image\/png"}],"twitter_card":"summary_large_image","twitter_site":"@allithost","twitter_misc":{"Est. tempo de leitura":"10 minutos"},"schema":{"@context":"https:\/\/schema.org","@graph":[{"@type":"WebPage","@id":"https:\/\/allithost.com\/pt-br\/sobre-nos\/","url":"https:\/\/allithost.com\/pt-br\/sobre-nos\/","name":"Sobre N\u00f3s - All It Host","isPartOf":{"@id":"https:\/\/allithost.com\/pt-br\/#website"},"datePublished":"2020-10-03T12:58:44+00:00","dateModified":"2020-11-19T17:21:31+00:00","breadcrumb":{"@id":"https:\/\/allithost.com\/pt-br\/sobre-nos\/#breadcrumb"},"inLanguage":"pt-BR","potentialAction":[{"@type":"ReadAction","target":["https:\/\/allithost.com\/pt-br\/sobre-nos\/"]}]},{"@type":"BreadcrumbList","@id":"https:\/\/allithost.com\/pt-br\/sobre-nos\/#breadcrumb","itemListElement":[{"@type":"ListItem","position":1,"name":"Home","item":"https:\/\/allithost.com\/pt-br\/"},{"@type":"ListItem","position":2,"name":"Sobre N\u00f3s"}]},{"@type":"WebSite","@id":"https:\/\/allithost.com\/pt-br\/#website","url":"https:\/\/allithost.com\/pt-br\/","name":"All It Host","description":"The Cloud Computing Revolution","publisher":{"@id":"https:\/\/allithost.com\/pt-br\/#organization"},"potentialAction":[{"@type":"SearchAction","target":{"@type":"EntryPoint","urlTemplate":"https:\/\/allithost.com\/pt-br\/?s={search_term_string}"},"query-input":{"@type":"PropertyValueSpecification","valueRequired":true,"valueName":"search_term_string"}}],"inLanguage":"pt-BR"},{"@type":"Organization","@id":"https:\/\/allithost.com\/pt-br\/#organization","name":"All IT Host Inc.","url":"https:\/\/allithost.com\/pt-br\/","logo":{"@type":"ImageObject","inLanguage":"pt-BR","@id":"https:\/\/allithost.com\/pt-br\/#\/schema\/logo\/image\/","url":"https:\/\/allithost.com\/wp-content\/uploads\/2020\/08\/02-Logo-Allithost--e1600304778301.png","contentUrl":"https:\/\/allithost.com\/wp-content\/uploads\/2020\/08\/02-Logo-Allithost--e1600304778301.png","width":116,"height":94,"caption":"All IT Host Inc."},"image":{"@id":"https:\/\/allithost.com\/pt-br\/#\/schema\/logo\/image\/"},"sameAs":["https:\/\/www.facebook.com\/allithost","https:\/\/x.com\/allithost","http:\/\/www.linkedin.com\/company\/all-it-host"]}]}},"_links":{"self":[{"href":"https:\/\/allithost.com\/pt-br\/wp-json\/wp\/v2\/pages\/49384","targetHints":{"allow":["GET"]}}],"collection":[{"href":"https:\/\/allithost.com\/pt-br\/wp-json\/wp\/v2\/pages"}],"about":[{"href":"https:\/\/allithost.com\/pt-br\/wp-json\/wp\/v2\/types\/page"}],"author":[{"embeddable":true,"href":"https:\/\/allithost.com\/pt-br\/wp-json\/wp\/v2\/users\/5"}],"replies":[{"embeddable":true,"href":"https:\/\/allithost.com\/pt-br\/wp-json\/wp\/v2\/comments?post=49384"}],"version-history":[{"count":0,"href":"https:\/\/allithost.com\/pt-br\/wp-json\/wp\/v2\/pages\/49384\/revisions"}],"wp:attachment":[{"href":"https:\/\/allithost.com\/pt-br\/wp-json\/wp\/v2\/media?parent=49384"}],"curies":[{"name":"wp","href":"https:\/\/api.w.org\/{rel}","templated":true}]}}