{"id":49854,"date":"2020-10-06T18:52:16","date_gmt":"2020-10-06T18:52:16","guid":{"rendered":"http:\/\/96.46.250.135\/allithost\/politique-de-cookies\/"},"modified":"2020-10-17T13:09:15","modified_gmt":"2020-10-17T13:09:15","slug":"politique-de-cookies","status":"publish","type":"page","link":"https:\/\/allithost.com\/fr\/politique-de-cookies\/","title":{"rendered":"Politique de Cookies"},"content":{"rendered":"<p>[et_pb_section fb_built=\u00a0\u00bb1&Prime; _builder_version=\u00a0\u00bb3.22&Prime; custom_padding=\u00a0\u00bb||32px|||\u00a0\u00bb collapsed=\u00a0\u00bbon\u00a0\u00bb][et_pb_row _builder_version=\u00a0\u00bb3.25&Prime;][et_pb_column type=\u00a0\u00bb4_4&Prime; _builder_version=\u00a0\u00bb3.0.47&Prime; custom_padding=\u00a0\u00bb|||\u00a0\u00bb custom_padding__hover=\u00a0\u00bb|||\u00a0\u00bb][et_pb_text admin_label=\u00a0\u00bbPage Title\u00a0\u00bb _builder_version=\u00a0\u00bb4.6.5&Prime; _module_preset=\u00a0\u00bbd5b42f19-9bc7-4b6b-8452-8099d036dbc2&Prime; vertical_offset_tablet=\u00a0\u00bb0&Prime; horizontal_offset_tablet=\u00a0\u00bb0&Prime; z_index_tablet=\u00a0\u00bb0&Prime; text_text_shadow_horizontal_length_tablet=\u00a0\u00bb0px\u00a0\u00bb text_text_shadow_vertical_length_tablet=\u00a0\u00bb0px\u00a0\u00bb text_text_shadow_blur_strength_tablet=\u00a0\u00bb1px\u00a0\u00bb link_text_shadow_horizontal_length_tablet=\u00a0\u00bb0px\u00a0\u00bb link_text_shadow_vertical_length_tablet=\u00a0\u00bb0px\u00a0\u00bb link_text_shadow_blur_strength_tablet=\u00a0\u00bb1px\u00a0\u00bb ul_text_shadow_horizontal_length_tablet=\u00a0\u00bb0px\u00a0\u00bb ul_text_shadow_vertical_length_tablet=\u00a0\u00bb0px\u00a0\u00bb ul_text_shadow_blur_strength_tablet=\u00a0\u00bb1px\u00a0\u00bb ol_text_shadow_horizontal_length_tablet=\u00a0\u00bb0px\u00a0\u00bb ol_text_shadow_vertical_length_tablet=\u00a0\u00bb0px\u00a0\u00bb ol_text_shadow_blur_strength_tablet=\u00a0\u00bb1px\u00a0\u00bb quote_text_shadow_horizontal_length_tablet=\u00a0\u00bb0px\u00a0\u00bb quote_text_shadow_vertical_length_tablet=\u00a0\u00bb0px\u00a0\u00bb quote_text_shadow_blur_strength_tablet=\u00a0\u00bb1px\u00a0\u00bb header_text_shadow_horizontal_length_tablet=\u00a0\u00bb0px\u00a0\u00bb header_text_shadow_vertical_length_tablet=\u00a0\u00bb0px\u00a0\u00bb header_text_shadow_blur_strength_tablet=\u00a0\u00bb1px\u00a0\u00bb header_2_text_shadow_horizontal_length_tablet=\u00a0\u00bb0px\u00a0\u00bb header_2_text_shadow_vertical_length_tablet=\u00a0\u00bb0px\u00a0\u00bb header_2_text_shadow_blur_strength_tablet=\u00a0\u00bb1px\u00a0\u00bb header_3_text_shadow_horizontal_length_tablet=\u00a0\u00bb0px\u00a0\u00bb header_3_text_shadow_vertical_length_tablet=\u00a0\u00bb0px\u00a0\u00bb header_3_text_shadow_blur_strength_tablet=\u00a0\u00bb1px\u00a0\u00bb header_4_text_shadow_horizontal_length_tablet=\u00a0\u00bb0px\u00a0\u00bb header_4_text_shadow_vertical_length_tablet=\u00a0\u00bb0px\u00a0\u00bb header_4_text_shadow_blur_strength_tablet=\u00a0\u00bb1px\u00a0\u00bb header_5_text_shadow_horizontal_length_tablet=\u00a0\u00bb0px\u00a0\u00bb header_5_text_shadow_vertical_length_tablet=\u00a0\u00bb0px\u00a0\u00bb header_5_text_shadow_blur_strength_tablet=\u00a0\u00bb1px\u00a0\u00bb header_6_text_shadow_horizontal_length_tablet=\u00a0\u00bb0px\u00a0\u00bb header_6_text_shadow_vertical_length_tablet=\u00a0\u00bb0px\u00a0\u00bb header_6_text_shadow_blur_strength_tablet=\u00a0\u00bb1px\u00a0\u00bb box_shadow_horizontal_tablet=\u00a0\u00bb0px\u00a0\u00bb box_shadow_vertical_tablet=\u00a0\u00bb0px\u00a0\u00bb box_shadow_blur_tablet=\u00a0\u00bb40px\u00a0\u00bb box_shadow_spread_tablet=\u00a0\u00bb0px\u00a0\u00bb]<\/p>\n<h1>Politique de Cookies<\/h1>\n<p>[\/et_pb_text][et_pb_text _builder_version=\u00a0\u00bb4.6.5&Prime; _module_preset=\u00a0\u00bb0e7b0c3f-5c05-474d-8e4a-716f1207d1aa\u00a0\u00bb]<\/p>\n<p>ILS Inc \u2013 Dba All IT Host rinforme de l&rsquo;utilisation de cookies sur son site Internet: <a href=\"https:\/\/allithost.com\">www.https:\/\/allithost.com\/<\/a>.<\/p>\n<h2>Que sont les cookies?<\/h2>\n<p>Les cookies sont des fichiers qui peuvent \u00eatre t\u00e9l\u00e9charg\u00e9s sur votre ordinateur via des pages Web. Ce sont des outils qui ont un r\u00f4le essentiel pour la fourniture de nombreux services de la soci\u00e9t\u00e9 de l&rsquo;information. Entre autres, ils permettent une page Web stocker et r\u00e9cup\u00e9rer des informations sur les habitudes de navigation d&rsquo;un utilisateur ou de son \u00e9quipement et, en fonction des informations obtenus, peuvent \u00eatre utilis\u00e9s pour reconna\u00eetre l&rsquo;utilisateur et am\u00e9liorer le service offert.<\/p>\n<h3>Types de cookies<\/h3>\n<p>En fonction de l&rsquo;entit\u00e9 qui g\u00e8re le domaine \u00e0 partir duquel les cookies sont envoy\u00e9s et traite les donn\u00e9es obtenues, cela peut \u00eatre distinguer deux types:<\/p>\n<ul>\n<li><em>Cookies propres<\/em>: ceux qui sont envoy\u00e9s \u00e0 l&rsquo;\u00e9quipement terminal de l&rsquo;utilisateur \u00e0 partir d&rsquo;un ordinateur ou d&rsquo;un domaine g\u00e9r\u00e9 par l&rsquo;\u00e9diteur lui-m\u00eame et \u00e0 partir duquel le service demand\u00e9 par l&rsquo;utilisateur est fourni.<\/li>\n<li><em>Cookies tiers<\/em>: ceux qui sont envoy\u00e9s \u00e0 l&rsquo;\u00e9quipement terminal de l&rsquo;utilisateur \u00e0 partir d&rsquo;un ordinateur ou d&rsquo;un domaine qui n&rsquo;est pas g\u00e9r\u00e9 par l&rsquo;\u00e9diteur, mais par une autre entit\u00e9 qui traite les donn\u00e9es obtenues gr\u00e2ce aux cookies.<\/li>\n<\/ul>\n<p>Dans le cas o\u00f9 des cookies sont install\u00e9s \u00e0 partir d&rsquo;un ordinateur ou d&rsquo;un domaine g\u00e9r\u00e9 par l&rsquo;\u00e9diteur lui-m\u00eame, mais les informations qui sont collect\u00e9s au moyen de ceux-ci sont g\u00e9r\u00e9s par un tiers, ils ne peuvent pas \u00eatre consid\u00e9r\u00e9s comme des cookies propres.<\/p>\n<p>Il existe \u00e9galement une deuxi\u00e8me classification en fonction de la dur\u00e9e pendant laquelle ils restent stock\u00e9s dans le navigateur du client, qui peut \u00eatre:<\/p>\n<p><em>Cookies de session<\/em>: con\u00e7us pour collecter et stocker des donn\u00e9es pendant que l&rsquo;utilisateur acc\u00e8de \u00e0 une page Web. Ils sont g\u00e9n\u00e9ralement utilis\u00e9s pour stocker des informations qui ne sont int\u00e9ress\u00e9es \u00e0 conserver que pour la fourniture du service demand\u00e9 par l&rsquo;utilisateur en une seule fois (par exemple une liste de produits achet\u00e9s). Lorsque vous fermez votre navigateur, tous les cookies sont automatiquement supprim\u00e9s.<\/p>\n<p><em>Cookies persistants<\/em>: les donn\u00e9es sont toujours stock\u00e9es dans le terminal et peuvent \u00eatre consult\u00e9es et trait\u00e9es pendant une p\u00e9riode d\u00e9finie par le responsable du cookie, qui peut aller de quelques minutes \u00e0 plusieurs ann\u00e9es.<\/p>\n<p>Enfin, il existe une autre classification avec cinq types de cookies en fonction de la finalit\u00e9 pour laquelle les donn\u00e9es obtenues sont trait\u00e9es:<\/p>\n<p><em>Cookies techniques<\/em>: ceux qui permettent \u00e0 l&rsquo;utilisateur de naviguer dans une page Web, une plateforme ou une application et l&rsquo;utilisation des diff\u00e9rentes options ou services qui y existent, tels que Par exemple, contr\u00f4ler le trafic et la communication des donn\u00e9es, identifier la session, acc\u00e9der aux parties \u00e0 acc\u00e8s restreint, m\u00e9moriser les \u00e9l\u00e9ments qui composent une commande, effectuer le processus d&rsquo;achat d&rsquo;une commande, faire une demande d&rsquo;inscription ou de participation \u00e0 un \u00e9v\u00e9nement, utiliser des \u00e9l\u00e9ments de s\u00e9curit\u00e9 lors de la navigation, stocker du contenu pour diffuser des vid\u00e9os ou du son ou partager du contenu via les r\u00e9seaux sociaux.<\/p>\n<p><em>Cookies de personnalisation<\/em>: ils permettent \u00e0 l&rsquo;utilisateur d&rsquo;acc\u00e9der au service avec certaines caract\u00e9ristiques g\u00e9n\u00e9rales pr\u00e9d\u00e9finies en fonction d&rsquo;une s\u00e9rie de crit\u00e8res dans le terminal de l&rsquo;utilisateur, tels que la langue, le type de navigateur par lequel le service est acc\u00e9d\u00e9, la configuration r\u00e9gional d&rsquo;o\u00f9 vous acc\u00e9dez au service, etc.<\/p>\n<p><em>Cookies d&rsquo;analyse<\/em>: ils permettent \u00e0 leur responsable de surveiller et d&rsquo;analyser le comportement des utilisateurs des sites Web auxquels ils sont li\u00e9s. Les informations collect\u00e9es via ce type de cookies sont utilis\u00e9es pour mesurer l&rsquo;activit\u00e9 des sites Web, de l&rsquo;application ou de la plate-forme et pour cr\u00e9er des profils de navigation des utilisateurs desdits sites, applications et plates-formes, afin d&rsquo;introduire des am\u00e9liorations dans fonction de l&rsquo;analyse des donn\u00e9es d&rsquo;utilisation faite par les utilisateurs du service.<\/p>\n<p><em>Cookies publicitaires<\/em>: ils permettent la gestion, de la mani\u00e8re la plus efficace possible, des espaces publicitaires.<\/p>\n<p><em>Cookies de publicit\u00e9 comportementale<\/em>: ils stockent des informations sur le comportement des utilisateurs obtenues gr\u00e2ce \u00e0 l&rsquo;observation continue de leurs habitudes de navigation, ce qui permet le d\u00e9veloppement d&rsquo;un profil sp\u00e9cifique pour afficher des publicit\u00e9s bas\u00e9es sur celui-ci.<\/p>\n<p><em>Cookies de r\u00e9seaux sociaux externes<\/em>: ils sont utilis\u00e9s pour que les visiteurs puissent interagir avec le contenu des diff\u00e9rentes plateformes sociales (facebook, youtube, twitter, linkedIn, etc.) et qu&rsquo;ils ne soient g\u00e9n\u00e9r\u00e9s que pour les utilisateurs desdits r\u00e9seaux sociaux. Les conditions d&rsquo;utilisation de ces cookies et les informations collect\u00e9es sont r\u00e9gies par la politique de confidentialit\u00e9 de la plateforme sociale correspondante.<\/p>\n<h3>D\u00e9sactivation et \u00e9limination des cookies<\/h3>\n<p>Vous avez la possibilit\u00e9 d&rsquo;autoriser, de bloquer ou de supprimer les cookies install\u00e9s sur votre ordinateur en configurant les options du navigateur install\u00e9 sur votre ordinateur. En d\u00e9sactivant les cookies, certains des services disponibles peuvent ne plus \u00eatre op\u00e9rationnels. La La fa\u00e7on de d\u00e9sactiver les cookies est diff\u00e9rente pour chaque navigateur, mais cela peut g\u00e9n\u00e9ralement \u00eatre fait \u00e0 partir du menu Outils u Options. Vous pouvez \u00e9galement consulter le menu Aide du navigateur o\u00f9 vous pouvez trouver des instructions. L&rsquo;utilisateur peut \u00e0 tout moment, choisissez les cookies que vous souhaitez utiliser sur ce site.<\/p>\n<p>Vous pouvez autoriser, bloquer ou supprimer les cookies install\u00e9s sur votre ordinateur en configurant les options du navigateur install\u00e9es sur votre ordinateur:<\/p>\n<ul>\n<li>Microsoft Internet Explorer ou Microsoft Edge:<\/li>\n<\/ul>\n<p><a href=\"http:\/\/windows.microsoft.com\/es-es\/windows-vista\/Block-or-allow-cookies\">http:\/\/windows.microsoft.com\/es-es\/windows-vista\/Block-or-allow-cookies<\/a><\/p>\n<ul>\n<li>Mozilla Firefox: <a href=\"http:\/\/support.mozilla.org\/es\/kb\/impedir-que-los-sitios-web-guarden-sus-preferencia\">http:\/\/support.mozilla.org\/es\/kb\/impedir-que-los-sitios-web-guarden-sus-preferencia<\/a><\/li>\n<li>Chrome: <a href=\"https:\/\/support.google.com\/accounts\/answer\/61416?hl=es\">https:\/\/support.google.com\/accounts\/answer\/61416?hl=es<\/a><\/li>\n<li>Safari: <a href=\"http:\/\/safari.helpmax.net\/es\/privacidad-y-seguridad\/como-gestionar-las-cookies\/\">http:\/\/safari.helpmax.net\/es\/privacidad-y-seguridad\/como-gestionar-las-cookies\/<\/a><\/li>\n<\/ul>\n<p>En outre, vous pouvez \u00e9galement g\u00e9rer le magasin de cookies dans votre navigateur gr\u00e2ce \u00e0 des outils tels que les suivants:<\/p>\n<ul>\n<li>Opera: <a href=\"http:\/\/help.opera.com\/Linux\/10.60\/es-ES\/cookies.html\">http:\/\/help.opera.com\/Linux\/10.60\/es-ES\/cookies.html<\/a><\/li>\n<li>Vos choix en ligne: <a href=\"http:\/\/www.youronlinechoices.com\/es\/\">www.youronlinechoices.com\/es\/<\/a><\/li>\n<\/ul>\n<p>Cookies utilis\u00e9s sur www.https:\/\/allithost.com\/<\/p>\n<p>Les cookies utilis\u00e9s dans ce portail sont identifi\u00e9s ci-dessous, ainsi que leur type et leur fonction:<\/p>\n<h2>Acceptation de la politique de cookies<\/h2>\n<p><a href=\"https:\/\/allithost.com\">www.https:\/\/allithost.com\/<\/a> suppose que vous acceptez l&rsquo;utilisation de cookies. Cependant, il affiche des informations sur sa politique de cookies en bas ou en haut de n&rsquo;importe quelle page du portail \u00e0 chaque connexion afin que vous en soyez conscient.<\/p>\n<p>Compte tenu de ces informations, il est possible de r\u00e9aliser les actions suivantes:<\/p>\n<ul>\n<li>Accepter les cookies. Cet avis ne sera plus affich\u00e9 lors de l&rsquo;acc\u00e8s \u00e0 une page du portail au cours de cette session.<\/li>\n<li>Fermer. L&rsquo;avis est masqu\u00e9 sur cette page.<\/li>\n<li>Modifiez votre configuration. Vous pouvez obtenir plus d&rsquo;informations sur ce que sont les cookies, conna\u00eetre la politique de cookies de www.miweb.es et modifiez la configuration de votre navigateur.<\/li>\n<\/ul>\n<p>[\/et_pb_text][\/et_pb_column][\/et_pb_row][\/et_pb_section]<\/p>\n","protected":false},"excerpt":{"rendered":"<p>Politique de CookiesILS Inc \u2013 Dba All IT Host rinforme de l&rsquo;utilisation de cookies sur son site Internet: www.https:\/\/allithost.com\/. Que sont les cookies? Les cookies sont des fichiers qui peuvent \u00eatre t\u00e9l\u00e9charg\u00e9s sur votre ordinateur via des pages Web. Ce sont des outils qui ont un r\u00f4le essentiel pour la fourniture de nombreux services de [&hellip;]<\/p>\n","protected":false},"author":5,"featured_media":0,"parent":0,"menu_order":0,"comment_status":"closed","ping_status":"closed","template":"","meta":{"_et_pb_use_builder":"on","_et_pb_old_content":"","_et_gb_content_width":"","footnotes":""},"class_list":["post-49854","page","type-page","status-publish","hentry"],"yoast_head":"<!-- This site is optimized with the Yoast SEO plugin v27.4 - https:\/\/yoast.com\/product\/yoast-seo-wordpress\/ -->\n<title>Politique de Cookies - All It Host<\/title>\n<meta name=\"robots\" content=\"index, follow, max-snippet:-1, max-image-preview:large, max-video-preview:-1\" \/>\n<link rel=\"canonical\" href=\"https:\/\/allithost.com\/fr\/politique-de-cookies\/\" \/>\n<meta property=\"og:locale\" content=\"fr_FR\" \/>\n<meta property=\"og:type\" content=\"article\" \/>\n<meta property=\"og:title\" content=\"Politique de Cookies - All It Host\" \/>\n<meta property=\"og:description\" content=\"Politique de CookiesILS Inc \u2013 Dba All IT Host rinforme de l&#039;utilisation de cookies sur son site Internet: www.https:\/\/allithost.com\/. Que sont les cookies? Les cookies sont des fichiers qui peuvent \u00eatre t\u00e9l\u00e9charg\u00e9s sur votre ordinateur via des pages Web. Ce sont des outils qui ont un r\u00f4le essentiel pour la fourniture de nombreux services de [&hellip;]\" \/>\n<meta property=\"og:url\" content=\"https:\/\/allithost.com\/fr\/politique-de-cookies\/\" \/>\n<meta property=\"og:site_name\" content=\"All It Host\" \/>\n<meta property=\"article:publisher\" content=\"https:\/\/www.facebook.com\/allithost\" \/>\n<meta property=\"article:modified_time\" content=\"2020-10-17T13:09:15+00:00\" \/>\n<meta property=\"og:image\" content=\"https:\/\/allithost.com\/wp-content\/uploads\/2020\/09\/04-Logo-Allithost-1-1-e1600720431694.png\" \/>\n\t<meta property=\"og:image:width\" content=\"600\" \/>\n\t<meta property=\"og:image:height\" content=\"117\" \/>\n\t<meta property=\"og:image:type\" content=\"image\/png\" \/>\n<meta name=\"twitter:card\" content=\"summary_large_image\" \/>\n<meta name=\"twitter:site\" content=\"@allithost\" \/>\n<meta name=\"twitter:label1\" content=\"Dur\u00e9e de lecture estim\u00e9e\" \/>\n\t<meta name=\"twitter:data1\" content=\"8 minutes\" \/>\n<script type=\"application\/ld+json\" class=\"yoast-schema-graph\">{\"@context\":\"https:\\\/\\\/schema.org\",\"@graph\":[{\"@type\":\"WebPage\",\"@id\":\"https:\\\/\\\/allithost.com\\\/fr\\\/politique-de-cookies\\\/\",\"url\":\"https:\\\/\\\/allithost.com\\\/fr\\\/politique-de-cookies\\\/\",\"name\":\"Politique de Cookies - All It Host\",\"isPartOf\":{\"@id\":\"https:\\\/\\\/allithost.com\\\/fr\\\/#website\"},\"datePublished\":\"2020-10-06T18:52:16+00:00\",\"dateModified\":\"2020-10-17T13:09:15+00:00\",\"breadcrumb\":{\"@id\":\"https:\\\/\\\/allithost.com\\\/fr\\\/politique-de-cookies\\\/#breadcrumb\"},\"inLanguage\":\"fr-FR\",\"potentialAction\":[{\"@type\":\"ReadAction\",\"target\":[\"https:\\\/\\\/allithost.com\\\/fr\\\/politique-de-cookies\\\/\"]}]},{\"@type\":\"BreadcrumbList\",\"@id\":\"https:\\\/\\\/allithost.com\\\/fr\\\/politique-de-cookies\\\/#breadcrumb\",\"itemListElement\":[{\"@type\":\"ListItem\",\"position\":1,\"name\":\"Home\",\"item\":\"https:\\\/\\\/allithost.com\\\/fr\\\/\"},{\"@type\":\"ListItem\",\"position\":2,\"name\":\"Politique de Cookies\"}]},{\"@type\":\"WebSite\",\"@id\":\"https:\\\/\\\/allithost.com\\\/fr\\\/#website\",\"url\":\"https:\\\/\\\/allithost.com\\\/fr\\\/\",\"name\":\"All It Host\",\"description\":\"The Cloud Computing Revolution\",\"publisher\":{\"@id\":\"https:\\\/\\\/allithost.com\\\/fr\\\/#organization\"},\"potentialAction\":[{\"@type\":\"SearchAction\",\"target\":{\"@type\":\"EntryPoint\",\"urlTemplate\":\"https:\\\/\\\/allithost.com\\\/fr\\\/?s={search_term_string}\"},\"query-input\":{\"@type\":\"PropertyValueSpecification\",\"valueRequired\":true,\"valueName\":\"search_term_string\"}}],\"inLanguage\":\"fr-FR\"},{\"@type\":\"Organization\",\"@id\":\"https:\\\/\\\/allithost.com\\\/fr\\\/#organization\",\"name\":\"All IT Host Inc.\",\"url\":\"https:\\\/\\\/allithost.com\\\/fr\\\/\",\"logo\":{\"@type\":\"ImageObject\",\"inLanguage\":\"fr-FR\",\"@id\":\"https:\\\/\\\/allithost.com\\\/fr\\\/#\\\/schema\\\/logo\\\/image\\\/\",\"url\":\"https:\\\/\\\/allithost.com\\\/wp-content\\\/uploads\\\/2020\\\/08\\\/02-Logo-Allithost--e1600304778301.png\",\"contentUrl\":\"https:\\\/\\\/allithost.com\\\/wp-content\\\/uploads\\\/2020\\\/08\\\/02-Logo-Allithost--e1600304778301.png\",\"width\":116,\"height\":94,\"caption\":\"All IT Host Inc.\"},\"image\":{\"@id\":\"https:\\\/\\\/allithost.com\\\/fr\\\/#\\\/schema\\\/logo\\\/image\\\/\"},\"sameAs\":[\"https:\\\/\\\/www.facebook.com\\\/allithost\",\"https:\\\/\\\/x.com\\\/allithost\",\"http:\\\/\\\/www.linkedin.com\\\/company\\\/all-it-host\"]}]}<\/script>\n<!-- \/ Yoast SEO plugin. -->","yoast_head_json":{"title":"Politique de Cookies - All It Host","robots":{"index":"index","follow":"follow","max-snippet":"max-snippet:-1","max-image-preview":"max-image-preview:large","max-video-preview":"max-video-preview:-1"},"canonical":"https:\/\/allithost.com\/fr\/politique-de-cookies\/","og_locale":"fr_FR","og_type":"article","og_title":"Politique de Cookies - All It Host","og_description":"Politique de CookiesILS Inc \u2013 Dba All IT Host rinforme de l'utilisation de cookies sur son site Internet: www.https:\/\/allithost.com\/. Que sont les cookies? Les cookies sont des fichiers qui peuvent \u00eatre t\u00e9l\u00e9charg\u00e9s sur votre ordinateur via des pages Web. Ce sont des outils qui ont un r\u00f4le essentiel pour la fourniture de nombreux services de [&hellip;]","og_url":"https:\/\/allithost.com\/fr\/politique-de-cookies\/","og_site_name":"All It Host","article_publisher":"https:\/\/www.facebook.com\/allithost","article_modified_time":"2020-10-17T13:09:15+00:00","og_image":[{"width":600,"height":117,"url":"https:\/\/allithost.com\/wp-content\/uploads\/2020\/09\/04-Logo-Allithost-1-1-e1600720431694.png","type":"image\/png"}],"twitter_card":"summary_large_image","twitter_site":"@allithost","twitter_misc":{"Dur\u00e9e de lecture estim\u00e9e":"8 minutes"},"schema":{"@context":"https:\/\/schema.org","@graph":[{"@type":"WebPage","@id":"https:\/\/allithost.com\/fr\/politique-de-cookies\/","url":"https:\/\/allithost.com\/fr\/politique-de-cookies\/","name":"Politique de Cookies - All It Host","isPartOf":{"@id":"https:\/\/allithost.com\/fr\/#website"},"datePublished":"2020-10-06T18:52:16+00:00","dateModified":"2020-10-17T13:09:15+00:00","breadcrumb":{"@id":"https:\/\/allithost.com\/fr\/politique-de-cookies\/#breadcrumb"},"inLanguage":"fr-FR","potentialAction":[{"@type":"ReadAction","target":["https:\/\/allithost.com\/fr\/politique-de-cookies\/"]}]},{"@type":"BreadcrumbList","@id":"https:\/\/allithost.com\/fr\/politique-de-cookies\/#breadcrumb","itemListElement":[{"@type":"ListItem","position":1,"name":"Home","item":"https:\/\/allithost.com\/fr\/"},{"@type":"ListItem","position":2,"name":"Politique de Cookies"}]},{"@type":"WebSite","@id":"https:\/\/allithost.com\/fr\/#website","url":"https:\/\/allithost.com\/fr\/","name":"All It Host","description":"The Cloud Computing Revolution","publisher":{"@id":"https:\/\/allithost.com\/fr\/#organization"},"potentialAction":[{"@type":"SearchAction","target":{"@type":"EntryPoint","urlTemplate":"https:\/\/allithost.com\/fr\/?s={search_term_string}"},"query-input":{"@type":"PropertyValueSpecification","valueRequired":true,"valueName":"search_term_string"}}],"inLanguage":"fr-FR"},{"@type":"Organization","@id":"https:\/\/allithost.com\/fr\/#organization","name":"All IT Host Inc.","url":"https:\/\/allithost.com\/fr\/","logo":{"@type":"ImageObject","inLanguage":"fr-FR","@id":"https:\/\/allithost.com\/fr\/#\/schema\/logo\/image\/","url":"https:\/\/allithost.com\/wp-content\/uploads\/2020\/08\/02-Logo-Allithost--e1600304778301.png","contentUrl":"https:\/\/allithost.com\/wp-content\/uploads\/2020\/08\/02-Logo-Allithost--e1600304778301.png","width":116,"height":94,"caption":"All IT Host Inc."},"image":{"@id":"https:\/\/allithost.com\/fr\/#\/schema\/logo\/image\/"},"sameAs":["https:\/\/www.facebook.com\/allithost","https:\/\/x.com\/allithost","http:\/\/www.linkedin.com\/company\/all-it-host"]}]}},"_links":{"self":[{"href":"https:\/\/allithost.com\/fr\/wp-json\/wp\/v2\/pages\/49854","targetHints":{"allow":["GET"]}}],"collection":[{"href":"https:\/\/allithost.com\/fr\/wp-json\/wp\/v2\/pages"}],"about":[{"href":"https:\/\/allithost.com\/fr\/wp-json\/wp\/v2\/types\/page"}],"author":[{"embeddable":true,"href":"https:\/\/allithost.com\/fr\/wp-json\/wp\/v2\/users\/5"}],"replies":[{"embeddable":true,"href":"https:\/\/allithost.com\/fr\/wp-json\/wp\/v2\/comments?post=49854"}],"version-history":[{"count":0,"href":"https:\/\/allithost.com\/fr\/wp-json\/wp\/v2\/pages\/49854\/revisions"}],"wp:attachment":[{"href":"https:\/\/allithost.com\/fr\/wp-json\/wp\/v2\/media?parent=49854"}],"curies":[{"name":"wp","href":"https:\/\/api.w.org\/{rel}","templated":true}]}}