{"id":47639,"date":"2020-09-30T12:43:34","date_gmt":"2020-09-30T12:43:34","guid":{"rendered":"http:\/\/96.46.250.135\/allithost\/avantages\/"},"modified":"2020-10-17T13:24:46","modified_gmt":"2020-10-17T13:24:46","slug":"avantages","status":"publish","type":"page","link":"https:\/\/allithost.com\/fr\/produits\/avantages\/","title":{"rendered":"AVANTAGES CLOUD"},"content":{"rendered":"<p>[et_pb_section fb_built=\u00a0\u00bb1&Prime; _builder_version=\u00a0\u00bb3.22&Prime;][et_pb_row _builder_version=\u00a0\u00bb3.25&Prime;][et_pb_column type=\u00a0\u00bb4_4&Prime; _builder_version=\u00a0\u00bb3.0.47&Prime; custom_padding=\u00a0\u00bb|||\u00a0\u00bb custom_padding__hover=\u00a0\u00bb|||\u00a0\u00bb][et_pb_text _builder_version=\u00a0\u00bb4.6.5&Prime; _module_preset=\u00a0\u00bbdb8bf3f5-f1c3-43f0-bc1e-ca238db48424&Prime; header_text_align=\u00a0\u00bbright\u00a0\u00bb background_image=\u00a0\u00bbhttps:\/\/allithost.com\/\/wp-content\/uploads\/2020\/08\/Line-04-1-300&#215;1.png\u00a0\u00bb background_size=\u00a0\u00bbcontain\u00a0\u00bb background_position=\u00a0\u00bbbottom_right\u00a0\u00bb vertical_offset_tablet=\u00a0\u00bb0&Prime; horizontal_offset_tablet=\u00a0\u00bb0&Prime; z_index_tablet=\u00a0\u00bb0&Prime; text_text_shadow_horizontal_length_tablet=\u00a0\u00bb0px\u00a0\u00bb text_text_shadow_vertical_length_tablet=\u00a0\u00bb0px\u00a0\u00bb text_text_shadow_blur_strength_tablet=\u00a0\u00bb1px\u00a0\u00bb link_text_shadow_horizontal_length_tablet=\u00a0\u00bb0px\u00a0\u00bb link_text_shadow_vertical_length_tablet=\u00a0\u00bb0px\u00a0\u00bb link_text_shadow_blur_strength_tablet=\u00a0\u00bb1px\u00a0\u00bb ul_text_shadow_horizontal_length_tablet=\u00a0\u00bb0px\u00a0\u00bb ul_text_shadow_vertical_length_tablet=\u00a0\u00bb0px\u00a0\u00bb ul_text_shadow_blur_strength_tablet=\u00a0\u00bb1px\u00a0\u00bb ol_text_shadow_horizontal_length_tablet=\u00a0\u00bb0px\u00a0\u00bb ol_text_shadow_vertical_length_tablet=\u00a0\u00bb0px\u00a0\u00bb ol_text_shadow_blur_strength_tablet=\u00a0\u00bb1px\u00a0\u00bb quote_text_shadow_horizontal_length_tablet=\u00a0\u00bb0px\u00a0\u00bb quote_text_shadow_vertical_length_tablet=\u00a0\u00bb0px\u00a0\u00bb quote_text_shadow_blur_strength_tablet=\u00a0\u00bb1px\u00a0\u00bb header_text_shadow_horizontal_length_tablet=\u00a0\u00bb0px\u00a0\u00bb header_text_shadow_vertical_length_tablet=\u00a0\u00bb0px\u00a0\u00bb header_text_shadow_blur_strength_tablet=\u00a0\u00bb1px\u00a0\u00bb header_2_text_shadow_horizontal_length_tablet=\u00a0\u00bb0px\u00a0\u00bb header_2_text_shadow_vertical_length_tablet=\u00a0\u00bb0px\u00a0\u00bb header_2_text_shadow_blur_strength_tablet=\u00a0\u00bb1px\u00a0\u00bb header_3_text_shadow_horizontal_length_tablet=\u00a0\u00bb0px\u00a0\u00bb header_3_text_shadow_vertical_length_tablet=\u00a0\u00bb0px\u00a0\u00bb header_3_text_shadow_blur_strength_tablet=\u00a0\u00bb1px\u00a0\u00bb header_4_text_shadow_horizontal_length_tablet=\u00a0\u00bb0px\u00a0\u00bb header_4_text_shadow_vertical_length_tablet=\u00a0\u00bb0px\u00a0\u00bb header_4_text_shadow_blur_strength_tablet=\u00a0\u00bb1px\u00a0\u00bb header_5_text_shadow_horizontal_length_tablet=\u00a0\u00bb0px\u00a0\u00bb header_5_text_shadow_vertical_length_tablet=\u00a0\u00bb0px\u00a0\u00bb header_5_text_shadow_blur_strength_tablet=\u00a0\u00bb1px\u00a0\u00bb header_6_text_shadow_horizontal_length_tablet=\u00a0\u00bb0px\u00a0\u00bb header_6_text_shadow_vertical_length_tablet=\u00a0\u00bb0px\u00a0\u00bb header_6_text_shadow_blur_strength_tablet=\u00a0\u00bb1px\u00a0\u00bb box_shadow_horizontal_tablet=\u00a0\u00bb0px\u00a0\u00bb box_shadow_vertical_tablet=\u00a0\u00bb0px\u00a0\u00bb box_shadow_blur_tablet=\u00a0\u00bb40px\u00a0\u00bb box_shadow_spread_tablet=\u00a0\u00bb0px\u00a0\u00bb]<\/p>\n<h1>AVANTAGES CLOUD<\/h1>\n<p>[\/et_pb_text][et_pb_text _builder_version=\u00a0\u00bb4.6.5&Prime; _module_preset=\u00a0\u00bbdb8bf3f5-f1c3-43f0-bc1e-ca238db48424&Prime; vertical_offset_tablet=\u00a0\u00bb0&Prime; horizontal_offset_tablet=\u00a0\u00bb0&Prime; z_index_tablet=\u00a0\u00bb0&Prime; text_text_shadow_horizontal_length_tablet=\u00a0\u00bb0px\u00a0\u00bb text_text_shadow_vertical_length_tablet=\u00a0\u00bb0px\u00a0\u00bb text_text_shadow_blur_strength_tablet=\u00a0\u00bb1px\u00a0\u00bb link_text_shadow_horizontal_length_tablet=\u00a0\u00bb0px\u00a0\u00bb link_text_shadow_vertical_length_tablet=\u00a0\u00bb0px\u00a0\u00bb link_text_shadow_blur_strength_tablet=\u00a0\u00bb1px\u00a0\u00bb ul_text_shadow_horizontal_length_tablet=\u00a0\u00bb0px\u00a0\u00bb ul_text_shadow_vertical_length_tablet=\u00a0\u00bb0px\u00a0\u00bb ul_text_shadow_blur_strength_tablet=\u00a0\u00bb1px\u00a0\u00bb ol_text_shadow_horizontal_length_tablet=\u00a0\u00bb0px\u00a0\u00bb ol_text_shadow_vertical_length_tablet=\u00a0\u00bb0px\u00a0\u00bb ol_text_shadow_blur_strength_tablet=\u00a0\u00bb1px\u00a0\u00bb quote_text_shadow_horizontal_length_tablet=\u00a0\u00bb0px\u00a0\u00bb quote_text_shadow_vertical_length_tablet=\u00a0\u00bb0px\u00a0\u00bb quote_text_shadow_blur_strength_tablet=\u00a0\u00bb1px\u00a0\u00bb header_text_shadow_horizontal_length_tablet=\u00a0\u00bb0px\u00a0\u00bb header_text_shadow_vertical_length_tablet=\u00a0\u00bb0px\u00a0\u00bb header_text_shadow_blur_strength_tablet=\u00a0\u00bb1px\u00a0\u00bb header_2_text_shadow_horizontal_length_tablet=\u00a0\u00bb0px\u00a0\u00bb header_2_text_shadow_vertical_length_tablet=\u00a0\u00bb0px\u00a0\u00bb header_2_text_shadow_blur_strength_tablet=\u00a0\u00bb1px\u00a0\u00bb header_3_text_shadow_horizontal_length_tablet=\u00a0\u00bb0px\u00a0\u00bb header_3_text_shadow_vertical_length_tablet=\u00a0\u00bb0px\u00a0\u00bb header_3_text_shadow_blur_strength_tablet=\u00a0\u00bb1px\u00a0\u00bb header_4_text_shadow_horizontal_length_tablet=\u00a0\u00bb0px\u00a0\u00bb header_4_text_shadow_vertical_length_tablet=\u00a0\u00bb0px\u00a0\u00bb header_4_text_shadow_blur_strength_tablet=\u00a0\u00bb1px\u00a0\u00bb header_5_text_shadow_horizontal_length_tablet=\u00a0\u00bb0px\u00a0\u00bb header_5_text_shadow_vertical_length_tablet=\u00a0\u00bb0px\u00a0\u00bb header_5_text_shadow_blur_strength_tablet=\u00a0\u00bb1px\u00a0\u00bb header_6_text_shadow_horizontal_length_tablet=\u00a0\u00bb0px\u00a0\u00bb header_6_text_shadow_vertical_length_tablet=\u00a0\u00bb0px\u00a0\u00bb header_6_text_shadow_blur_strength_tablet=\u00a0\u00bb1px\u00a0\u00bb box_shadow_horizontal_tablet=\u00a0\u00bb0px\u00a0\u00bb box_shadow_vertical_tablet=\u00a0\u00bb0px\u00a0\u00bb box_shadow_blur_tablet=\u00a0\u00bb40px\u00a0\u00bb box_shadow_spread_tablet=\u00a0\u00bb0px\u00a0\u00bb]<\/p>\n<h2>Obtenez le meilleur de tous les avantages Cloud pour votre entreprise!<\/h2>\n<p>[\/et_pb_text][et_pb_text _builder_version=\u00a0\u00bb4.6.5&Prime; _module_preset=\u00a0\u00bb0e7b0c3f-5c05-474d-8e4a-716f1207d1aa\u00a0\u00bb vertical_offset_tablet=\u00a0\u00bb0&Prime; horizontal_offset_tablet=\u00a0\u00bb0&Prime; z_index_tablet=\u00a0\u00bb0&Prime; text_text_shadow_horizontal_length_tablet=\u00a0\u00bb0px\u00a0\u00bb text_text_shadow_vertical_length_tablet=\u00a0\u00bb0px\u00a0\u00bb text_text_shadow_blur_strength_tablet=\u00a0\u00bb1px\u00a0\u00bb link_text_shadow_horizontal_length_tablet=\u00a0\u00bb0px\u00a0\u00bb link_text_shadow_vertical_length_tablet=\u00a0\u00bb0px\u00a0\u00bb link_text_shadow_blur_strength_tablet=\u00a0\u00bb1px\u00a0\u00bb ul_text_shadow_horizontal_length_tablet=\u00a0\u00bb0px\u00a0\u00bb ul_text_shadow_vertical_length_tablet=\u00a0\u00bb0px\u00a0\u00bb ul_text_shadow_blur_strength_tablet=\u00a0\u00bb1px\u00a0\u00bb ol_text_shadow_horizontal_length_tablet=\u00a0\u00bb0px\u00a0\u00bb ol_text_shadow_vertical_length_tablet=\u00a0\u00bb0px\u00a0\u00bb ol_text_shadow_blur_strength_tablet=\u00a0\u00bb1px\u00a0\u00bb quote_text_shadow_horizontal_length_tablet=\u00a0\u00bb0px\u00a0\u00bb quote_text_shadow_vertical_length_tablet=\u00a0\u00bb0px\u00a0\u00bb quote_text_shadow_blur_strength_tablet=\u00a0\u00bb1px\u00a0\u00bb header_text_shadow_horizontal_length_tablet=\u00a0\u00bb0px\u00a0\u00bb header_text_shadow_vertical_length_tablet=\u00a0\u00bb0px\u00a0\u00bb header_text_shadow_blur_strength_tablet=\u00a0\u00bb1px\u00a0\u00bb header_2_text_shadow_horizontal_length_tablet=\u00a0\u00bb0px\u00a0\u00bb header_2_text_shadow_vertical_length_tablet=\u00a0\u00bb0px\u00a0\u00bb header_2_text_shadow_blur_strength_tablet=\u00a0\u00bb1px\u00a0\u00bb header_3_text_shadow_horizontal_length_tablet=\u00a0\u00bb0px\u00a0\u00bb header_3_text_shadow_vertical_length_tablet=\u00a0\u00bb0px\u00a0\u00bb header_3_text_shadow_blur_strength_tablet=\u00a0\u00bb1px\u00a0\u00bb header_4_text_shadow_horizontal_length_tablet=\u00a0\u00bb0px\u00a0\u00bb header_4_text_shadow_vertical_length_tablet=\u00a0\u00bb0px\u00a0\u00bb header_4_text_shadow_blur_strength_tablet=\u00a0\u00bb1px\u00a0\u00bb header_5_text_shadow_horizontal_length_tablet=\u00a0\u00bb0px\u00a0\u00bb header_5_text_shadow_vertical_length_tablet=\u00a0\u00bb0px\u00a0\u00bb header_5_text_shadow_blur_strength_tablet=\u00a0\u00bb1px\u00a0\u00bb header_6_text_shadow_horizontal_length_tablet=\u00a0\u00bb0px\u00a0\u00bb header_6_text_shadow_vertical_length_tablet=\u00a0\u00bb0px\u00a0\u00bb header_6_text_shadow_blur_strength_tablet=\u00a0\u00bb1px\u00a0\u00bb box_shadow_horizontal_tablet=\u00a0\u00bb0px\u00a0\u00bb box_shadow_vertical_tablet=\u00a0\u00bb0px\u00a0\u00bb box_shadow_blur_tablet=\u00a0\u00bb40px\u00a0\u00bb box_shadow_spread_tablet=\u00a0\u00bb0px\u00a0\u00bb]En fournissant des ressources illimit\u00e9es, Le Cloud Computing assure des avantages technologiques larges et essentiels \u00e0 toute entreprise qui est attentive \u00e0 la nouvelle dynamique de travail d\u2019aujourd\u2019hui. Chez ALL IT HOST, nous poss\u00e9dons une vaste exp\u00e9rience dans ce segment et sommes toujours pr\u00eats \u00e0 fournir le meilleur de ces avantages.<\/p>\n<p>Dans ce nouveau moment de l\u2019histoire, o\u00f9 de grandes avanc\u00e9es sont possibles gr\u00e2ce \u00e0 la technologie, il n\u2019est plus n\u00e9cessaire d\u2019investir dans les softwares et les hardwares. En cons\u00e9quence, vous pouvez r\u00e9duire le co\u00fbt en personnel technique. Avec le Cloud Computing, vous ne payez que pour ce que vous utilisez, lorsque vous l\u2019utilisez.<\/p>\n<p>En offrant une plus grande agilit\u00e9 dans la prestation des services informatiques, Cloud permet \u00e0 votre entreprise de travailler avec une grande capacit\u00e9 en fonction de la demande, d\u2019avoir une \u00e9volutivit\u00e9 importante ainsi qu\u2019une grande flexibilit\u00e9. De cette fa\u00e7on, votre entreprise augmente l&rsquo;engagement informatique avec les objectifs et la livraison de l&rsquo;entreprise gr\u00e2ce \u00e0 une optimisation intelligente des processus informatiques.<\/p>\n<p>Une capacit\u00e9 de traitement \u00e9lev\u00e9e \u00e9limine les ralentissements, ce qui peut entraver, retarder ou rendre impossible d\u2019atteindre les objectifs et les engagements de votre entreprise.<\/p>\n<h3>Corporate Mobility et B.I.: un match parfait pour votre entreprise.<\/h3>\n<p>La grande mobilit\u00e9 du Cloud est un autre avantage qui peut donner \u00e0 votre entreprise un plus grand effet de levier. N\u2019importe quel appareil connect\u00e9 peut devenir un autre moyen d\u2019acc\u00e9der \u00e0 l\u2019infrastructure informatique de votre entreprise. M\u00eame les t\u00e2ches d\u2019urgence peuvent \u00eatre effectu\u00e9es via vos appareils distants connect\u00e9s au Cloud, sans avoir besoin de se rendre \u00e0 un endroit pour r\u00e9soudre un probl\u00e8me ou de se d\u00e9placer lorsqu\u2019il nous est difficile de le faire. Cette connectivit\u00e9 compl\u00e8te est une ressource incroyable disponible d\u00e8s maintenant.<\/p>\n<p>\u00c0 l\u2019heure o\u00f9 les entreprises sont de plus en plus structur\u00e9es dans un contexte mondial, l\u2019efficacit\u00e9 op\u00e9rationnelle est l\u2019un des r\u00e9sultats de la relation mobilit\u00e9 et cloud computing, qui fait maintenant partie de la Business Intelligence. Un avantage qui doit \u00eatre pr\u00e9sent dans votre entreprise. Apr\u00e8s tout, en recueillant des donn\u00e9es et des preuves, il contribue de mani\u00e8re d\u00e9cisive aux d\u00e9cisions strat\u00e9giques.<\/p>\n<h3>ALL IT HOST, parce que tous les avantages sont de grande pertinence.<\/h3>\n<p>All IT Host, en partenariat avec Citrix, est un fournisseur de services certifi\u00e9 d\u2019applications virtuelles &amp; Cloud Desktops de Citrix, sp\u00e9cialis\u00e9 dans la fourniture de bureau virtuels, applications et serveurs. Pour les avantages d\u00e9j\u00e0 cit\u00e9s, il y a plus de raisons de faire migrer votre entreprise vers notre plate-forme de services Cloud, que ce soit sur les environnements publics, priv\u00e9s ou hybrides, tels que:<\/p>\n<ul>\n<li>R\u00e9duction des co\u00fbts de colocation (ou sans frais du tout), des services publics et des \u00e9conomies d\u2019entretien, ainsi que tout autre co\u00fbt li\u00e9 \u00e0 l\u2019infrastructure informatique et des serveurs, car il sera h\u00e9berg\u00e9 virtuellement ou physiquement dans notre centre de donn\u00e9es de grande capacit\u00e9 et disponible \u00e0 tout moment. Avec nous, vous n\u2019aurez pas \u00e0 vous soucier de la surveillance, de la s\u00e9curit\u00e9 des donn\u00e9es et des syst\u00e8mes, de la disponibilit\u00e9 des syst\u00e8mes et de tout ce qui concerne votre infrastructure informatique.<\/li>\n<li>Mises \u00e0 niveau, mises \u00e0 jour, augmentation ou r\u00e9duction des ressources suppl\u00e9mentaires, \u00e0 la demande et en temps r\u00e9el, \u00e9liminant tout temps d\u2019arr\u00eat que vous avez l\u2019habitude de vivre lors de la mise \u00e0 jour ou la mise \u00e0 niveau de votre mat\u00e9riel et de vos logiciels.<\/li>\n<li>\u00c9conomies li\u00e9es aux co\u00fbts de licence de logiciel, car les licences peuvent \u00eatre l\u00e9galement partag\u00e9es entre diff\u00e9rentes machines virtuelles ce qui n\u2019est pas faisable lors de l\u2019utilisation de vos propres machines physiques.<\/li>\n<\/ul>\n<h3>Nos syst\u00e8mes et notre infrastructure de s\u00e9curit\u00e9 r\u00e9seau, et plus encore&#8230;<\/h3>\n<p>L\u2019infrastructure de s\u00e9curit\u00e9 d\u2019All It Host est conforme aux normes de s\u00e9curit\u00e9 et aux politiques requises. Avec nos mesures de conformit\u00e9, il n\u2019y a aucun risque qu\u2019une machine compromise contamine le r\u00e9seau. En outre, chacun de nos syst\u00e8mes est enti\u00e8rement redondant.<\/p>\n<p>Le contr\u00f4le et la surveillance permanents \u00e9vitent les cyberattaques, les violations de r\u00e9seau ou les fuites de donn\u00e9es d\u2019entreprise. Nos pare-feu, syst\u00e8mes antivirus, strat\u00e9gies de sauvegarde, proc\u00e9dures et plans de r\u00e9cup\u00e9ration apr\u00e8s sinistre, verrouillage et isolement imm\u00e9diats du r\u00e9seau, ainsi que les mises \u00e0 jour automatiques et rapide des syst\u00e8mes et d\u2019autres mesures de s\u00e9curit\u00e9, garantissent cela.<\/p>\n<p>La r\u00e9cup\u00e9ration apr\u00e8s sinistre est g\u00e9n\u00e9ralement un domaine informatique tr\u00e8s n\u00e9glig\u00e9, et l\u2019absence de mesures r\u00e9elles entra\u00eene des pertes de donn\u00e9es, d\u2019argent et de temps. Pour \u00e9viter cela, nous maintenons une sauvegarde \u00e0 jour de toutes vos donn\u00e9es et syst\u00e8mes, ainsi que d\u2019autres mesures de dissuasion et d\u2019att\u00e9nuation des catastrophes. Vous n\u2019avez pas besoin de vous souciez d\u2019une strat\u00e9gie de r\u00e9cup\u00e9ration apr\u00e8s sinistre, nous fournissons cela pour vous.<\/p>\n<p>Et il ya encore plus \u00e0 Cloud:<\/p>\n<ul>\n<li>Plans de haute disponibilit\u00e9, o\u00f9 nous maintenons la redondance compl\u00e8te permanente de tous vos syst\u00e8mes et donn\u00e9es, permettant \u00e0 l\u2019entreprise de continuer ses activit\u00e9s en cas de catastrophe.<\/li>\n<li>Les couches de basculement qui permettent \u00e0 un syst\u00e8me ou \u00e0 un p\u00e9riph\u00e9rique de prendre imm\u00e9diatement et en toute transparence le relais pour un n\u0153ud d\u00e9faillant, sans aucun temps d\u2019arr\u00eat.<\/li>\n<li>Commission\/d\u00e9classement automatique des ressources qui garantissent que vous ne payez que pour ce que vous utilisez.<\/li>\n<\/ul>\n<p>En outre, de nombreux autres avantages tels que l\u2019application de la politique de mot de passe et le contr\u00f4le d\u2019acc\u00e8s aux utilisateurs. Deux des fonctions informatiques les plus importantes pour n\u2019importe quelle entreprise.<\/p>\n<p>Et beaucoup plus encore.<\/p>\n<p>Si vous avez des questions, <a href=\"https:\/\/allithost.com\/contact-us\/\">contactez-nous<\/a> ! Notre \u00e9quipe d\u2019experts informatiques sera ravie de vous aider.<\/p>\n<p><a href=\"https:\/\/allithost.com\/\/fr\/\">ALL IT HOST<\/a>[\/et_pb_text][\/et_pb_column][\/et_pb_row][\/et_pb_section]<\/p>\n","protected":false},"excerpt":{"rendered":"<p>AVANTAGES CLOUDObtenez le meilleur de tous les avantages Cloud pour votre entreprise!En fournissant des ressources illimit\u00e9es, Le Cloud Computing assure des avantages technologiques larges et essentiels \u00e0 toute entreprise qui est attentive \u00e0 la nouvelle dynamique de travail d\u2019aujourd\u2019hui. Chez ALL IT HOST, nous poss\u00e9dons une vaste exp\u00e9rience dans ce segment et sommes toujours pr\u00eats [&hellip;]<\/p>\n","protected":false},"author":5,"featured_media":0,"parent":48413,"menu_order":0,"comment_status":"closed","ping_status":"closed","template":"","meta":{"_et_pb_use_builder":"on","_et_pb_old_content":"","_et_gb_content_width":"","footnotes":""},"class_list":["post-47639","page","type-page","status-publish","hentry"],"yoast_head":"<!-- This site is optimized with the Yoast SEO plugin v27.4 - https:\/\/yoast.com\/product\/yoast-seo-wordpress\/ -->\n<title>AVANTAGES CLOUD - All It Host<\/title>\n<meta name=\"robots\" content=\"index, follow, max-snippet:-1, max-image-preview:large, max-video-preview:-1\" \/>\n<link rel=\"canonical\" href=\"https:\/\/allithost.com\/fr\/produits\/avantages\/\" \/>\n<meta property=\"og:locale\" content=\"fr_FR\" \/>\n<meta property=\"og:type\" content=\"article\" \/>\n<meta property=\"og:title\" content=\"AVANTAGES CLOUD - All It Host\" \/>\n<meta property=\"og:description\" content=\"AVANTAGES CLOUDObtenez le meilleur de tous les avantages Cloud pour votre entreprise!En fournissant des ressources illimit\u00e9es, Le Cloud Computing assure des avantages technologiques larges et essentiels \u00e0 toute entreprise qui est attentive \u00e0 la nouvelle dynamique de travail d\u2019aujourd\u2019hui. Chez ALL IT HOST, nous poss\u00e9dons une vaste exp\u00e9rience dans ce segment et sommes toujours pr\u00eats [&hellip;]\" \/>\n<meta property=\"og:url\" content=\"https:\/\/allithost.com\/fr\/produits\/avantages\/\" \/>\n<meta property=\"og:site_name\" content=\"All It Host\" \/>\n<meta property=\"article:publisher\" content=\"https:\/\/www.facebook.com\/allithost\" \/>\n<meta property=\"article:modified_time\" content=\"2020-10-17T13:24:46+00:00\" \/>\n<meta property=\"og:image\" content=\"https:\/\/allithost.com\/wp-content\/uploads\/2020\/09\/04-Logo-Allithost-1-1-e1600720431694.png\" \/>\n\t<meta property=\"og:image:width\" content=\"600\" \/>\n\t<meta property=\"og:image:height\" content=\"117\" \/>\n\t<meta property=\"og:image:type\" content=\"image\/png\" \/>\n<meta name=\"twitter:card\" content=\"summary_large_image\" \/>\n<meta name=\"twitter:site\" content=\"@allithost\" \/>\n<meta name=\"twitter:label1\" content=\"Dur\u00e9e de lecture estim\u00e9e\" \/>\n\t<meta name=\"twitter:data1\" content=\"10 minutes\" \/>\n<script type=\"application\/ld+json\" class=\"yoast-schema-graph\">{\"@context\":\"https:\\\/\\\/schema.org\",\"@graph\":[{\"@type\":\"WebPage\",\"@id\":\"https:\\\/\\\/allithost.com\\\/fr\\\/produits\\\/avantages\\\/\",\"url\":\"https:\\\/\\\/allithost.com\\\/fr\\\/produits\\\/avantages\\\/\",\"name\":\"AVANTAGES CLOUD - All It Host\",\"isPartOf\":{\"@id\":\"https:\\\/\\\/allithost.com\\\/fr\\\/#website\"},\"datePublished\":\"2020-09-30T12:43:34+00:00\",\"dateModified\":\"2020-10-17T13:24:46+00:00\",\"breadcrumb\":{\"@id\":\"https:\\\/\\\/allithost.com\\\/fr\\\/produits\\\/avantages\\\/#breadcrumb\"},\"inLanguage\":\"fr-FR\",\"potentialAction\":[{\"@type\":\"ReadAction\",\"target\":[\"https:\\\/\\\/allithost.com\\\/fr\\\/produits\\\/avantages\\\/\"]}]},{\"@type\":\"BreadcrumbList\",\"@id\":\"https:\\\/\\\/allithost.com\\\/fr\\\/produits\\\/avantages\\\/#breadcrumb\",\"itemListElement\":[{\"@type\":\"ListItem\",\"position\":1,\"name\":\"Home\",\"item\":\"https:\\\/\\\/allithost.com\\\/fr\\\/\"},{\"@type\":\"ListItem\",\"position\":2,\"name\":\"Produits\",\"item\":\"https:\\\/\\\/allithost.com\\\/fr\\\/products\\\/\"},{\"@type\":\"ListItem\",\"position\":3,\"name\":\"AVANTAGES CLOUD\"}]},{\"@type\":\"WebSite\",\"@id\":\"https:\\\/\\\/allithost.com\\\/fr\\\/#website\",\"url\":\"https:\\\/\\\/allithost.com\\\/fr\\\/\",\"name\":\"All It Host\",\"description\":\"The Cloud Computing Revolution\",\"publisher\":{\"@id\":\"https:\\\/\\\/allithost.com\\\/fr\\\/#organization\"},\"potentialAction\":[{\"@type\":\"SearchAction\",\"target\":{\"@type\":\"EntryPoint\",\"urlTemplate\":\"https:\\\/\\\/allithost.com\\\/fr\\\/?s={search_term_string}\"},\"query-input\":{\"@type\":\"PropertyValueSpecification\",\"valueRequired\":true,\"valueName\":\"search_term_string\"}}],\"inLanguage\":\"fr-FR\"},{\"@type\":\"Organization\",\"@id\":\"https:\\\/\\\/allithost.com\\\/fr\\\/#organization\",\"name\":\"All IT Host Inc.\",\"url\":\"https:\\\/\\\/allithost.com\\\/fr\\\/\",\"logo\":{\"@type\":\"ImageObject\",\"inLanguage\":\"fr-FR\",\"@id\":\"https:\\\/\\\/allithost.com\\\/fr\\\/#\\\/schema\\\/logo\\\/image\\\/\",\"url\":\"https:\\\/\\\/allithost.com\\\/wp-content\\\/uploads\\\/2020\\\/08\\\/02-Logo-Allithost--e1600304778301.png\",\"contentUrl\":\"https:\\\/\\\/allithost.com\\\/wp-content\\\/uploads\\\/2020\\\/08\\\/02-Logo-Allithost--e1600304778301.png\",\"width\":116,\"height\":94,\"caption\":\"All IT Host Inc.\"},\"image\":{\"@id\":\"https:\\\/\\\/allithost.com\\\/fr\\\/#\\\/schema\\\/logo\\\/image\\\/\"},\"sameAs\":[\"https:\\\/\\\/www.facebook.com\\\/allithost\",\"https:\\\/\\\/x.com\\\/allithost\",\"http:\\\/\\\/www.linkedin.com\\\/company\\\/all-it-host\"]}]}<\/script>\n<!-- \/ Yoast SEO plugin. -->","yoast_head_json":{"title":"AVANTAGES CLOUD - All It Host","robots":{"index":"index","follow":"follow","max-snippet":"max-snippet:-1","max-image-preview":"max-image-preview:large","max-video-preview":"max-video-preview:-1"},"canonical":"https:\/\/allithost.com\/fr\/produits\/avantages\/","og_locale":"fr_FR","og_type":"article","og_title":"AVANTAGES CLOUD - All It Host","og_description":"AVANTAGES CLOUDObtenez le meilleur de tous les avantages Cloud pour votre entreprise!En fournissant des ressources illimit\u00e9es, Le Cloud Computing assure des avantages technologiques larges et essentiels \u00e0 toute entreprise qui est attentive \u00e0 la nouvelle dynamique de travail d\u2019aujourd\u2019hui. Chez ALL IT HOST, nous poss\u00e9dons une vaste exp\u00e9rience dans ce segment et sommes toujours pr\u00eats [&hellip;]","og_url":"https:\/\/allithost.com\/fr\/produits\/avantages\/","og_site_name":"All It Host","article_publisher":"https:\/\/www.facebook.com\/allithost","article_modified_time":"2020-10-17T13:24:46+00:00","og_image":[{"width":600,"height":117,"url":"https:\/\/allithost.com\/wp-content\/uploads\/2020\/09\/04-Logo-Allithost-1-1-e1600720431694.png","type":"image\/png"}],"twitter_card":"summary_large_image","twitter_site":"@allithost","twitter_misc":{"Dur\u00e9e de lecture estim\u00e9e":"10 minutes"},"schema":{"@context":"https:\/\/schema.org","@graph":[{"@type":"WebPage","@id":"https:\/\/allithost.com\/fr\/produits\/avantages\/","url":"https:\/\/allithost.com\/fr\/produits\/avantages\/","name":"AVANTAGES CLOUD - All It Host","isPartOf":{"@id":"https:\/\/allithost.com\/fr\/#website"},"datePublished":"2020-09-30T12:43:34+00:00","dateModified":"2020-10-17T13:24:46+00:00","breadcrumb":{"@id":"https:\/\/allithost.com\/fr\/produits\/avantages\/#breadcrumb"},"inLanguage":"fr-FR","potentialAction":[{"@type":"ReadAction","target":["https:\/\/allithost.com\/fr\/produits\/avantages\/"]}]},{"@type":"BreadcrumbList","@id":"https:\/\/allithost.com\/fr\/produits\/avantages\/#breadcrumb","itemListElement":[{"@type":"ListItem","position":1,"name":"Home","item":"https:\/\/allithost.com\/fr\/"},{"@type":"ListItem","position":2,"name":"Produits","item":"https:\/\/allithost.com\/fr\/products\/"},{"@type":"ListItem","position":3,"name":"AVANTAGES CLOUD"}]},{"@type":"WebSite","@id":"https:\/\/allithost.com\/fr\/#website","url":"https:\/\/allithost.com\/fr\/","name":"All It Host","description":"The Cloud Computing Revolution","publisher":{"@id":"https:\/\/allithost.com\/fr\/#organization"},"potentialAction":[{"@type":"SearchAction","target":{"@type":"EntryPoint","urlTemplate":"https:\/\/allithost.com\/fr\/?s={search_term_string}"},"query-input":{"@type":"PropertyValueSpecification","valueRequired":true,"valueName":"search_term_string"}}],"inLanguage":"fr-FR"},{"@type":"Organization","@id":"https:\/\/allithost.com\/fr\/#organization","name":"All IT Host Inc.","url":"https:\/\/allithost.com\/fr\/","logo":{"@type":"ImageObject","inLanguage":"fr-FR","@id":"https:\/\/allithost.com\/fr\/#\/schema\/logo\/image\/","url":"https:\/\/allithost.com\/wp-content\/uploads\/2020\/08\/02-Logo-Allithost--e1600304778301.png","contentUrl":"https:\/\/allithost.com\/wp-content\/uploads\/2020\/08\/02-Logo-Allithost--e1600304778301.png","width":116,"height":94,"caption":"All IT Host Inc."},"image":{"@id":"https:\/\/allithost.com\/fr\/#\/schema\/logo\/image\/"},"sameAs":["https:\/\/www.facebook.com\/allithost","https:\/\/x.com\/allithost","http:\/\/www.linkedin.com\/company\/all-it-host"]}]}},"_links":{"self":[{"href":"https:\/\/allithost.com\/fr\/wp-json\/wp\/v2\/pages\/47639","targetHints":{"allow":["GET"]}}],"collection":[{"href":"https:\/\/allithost.com\/fr\/wp-json\/wp\/v2\/pages"}],"about":[{"href":"https:\/\/allithost.com\/fr\/wp-json\/wp\/v2\/types\/page"}],"author":[{"embeddable":true,"href":"https:\/\/allithost.com\/fr\/wp-json\/wp\/v2\/users\/5"}],"replies":[{"embeddable":true,"href":"https:\/\/allithost.com\/fr\/wp-json\/wp\/v2\/comments?post=47639"}],"version-history":[{"count":0,"href":"https:\/\/allithost.com\/fr\/wp-json\/wp\/v2\/pages\/47639\/revisions"}],"up":[{"embeddable":true,"href":"https:\/\/allithost.com\/fr\/wp-json\/wp\/v2\/pages\/48413"}],"wp:attachment":[{"href":"https:\/\/allithost.com\/fr\/wp-json\/wp\/v2\/media?parent=47639"}],"curies":[{"name":"wp","href":"https:\/\/api.w.org\/{rel}","templated":true}]}}