{"id":47625,"date":"2020-09-30T12:23:58","date_gmt":"2020-09-30T12:23:58","guid":{"rendered":"http:\/\/96.46.250.135\/allithost\/ordinateurs-de-bureau-cloud-citrix\/"},"modified":"2020-10-17T13:21:07","modified_gmt":"2020-10-17T13:21:07","slug":"ordinateurs-de-bureau-cloud-citrix","status":"publish","type":"page","link":"https:\/\/allithost.com\/fr\/produits\/ordinateurs-de-bureau-cloud-citrix\/","title":{"rendered":"ORDINATEURS DE BUREAU CLOUD CITRIX"},"content":{"rendered":"<p>[et_pb_section fb_built=\u00a0\u00bb1&Prime; _builder_version=\u00a0\u00bb3.22&Prime; collapsed=\u00a0\u00bbon\u00a0\u00bb][et_pb_row _builder_version=\u00a0\u00bb3.25&Prime;][et_pb_column type=\u00a0\u00bb4_4&Prime; _builder_version=\u00a0\u00bb3.0.47&Prime; custom_padding=\u00a0\u00bb|||\u00a0\u00bb custom_padding__hover=\u00a0\u00bb|||\u00a0\u00bb][et_pb_text _builder_version=\u00a0\u00bb4.6.5&Prime; _dynamic_attributes=\u00a0\u00bbcontent\u00a0\u00bb _module_preset=\u00a0\u00bbdb8bf3f5-f1c3-43f0-bc1e-ca238db48424&Prime; text_font_size=\u00a0\u00bb16px\u00a0\u00bb header_text_align=\u00a0\u00bbright\u00a0\u00bb background_image=\u00a0\u00bbhttps:\/\/allithost.com\/\/wp-content\/uploads\/2020\/08\/Line-04-1-300&#215;1.png\u00a0\u00bb background_size=\u00a0\u00bbcontain\u00a0\u00bb background_position=\u00a0\u00bbbottom_right\u00a0\u00bb vertical_offset_tablet=\u00a0\u00bb0&Prime; horizontal_offset_tablet=\u00a0\u00bb0&Prime; z_index_tablet=\u00a0\u00bb0&Prime; text_text_shadow_horizontal_length_tablet=\u00a0\u00bb0px\u00a0\u00bb text_text_shadow_vertical_length_tablet=\u00a0\u00bb0px\u00a0\u00bb text_text_shadow_blur_strength_tablet=\u00a0\u00bb1px\u00a0\u00bb link_text_shadow_horizontal_length_tablet=\u00a0\u00bb0px\u00a0\u00bb link_text_shadow_vertical_length_tablet=\u00a0\u00bb0px\u00a0\u00bb link_text_shadow_blur_strength_tablet=\u00a0\u00bb1px\u00a0\u00bb ul_text_shadow_horizontal_length_tablet=\u00a0\u00bb0px\u00a0\u00bb ul_text_shadow_vertical_length_tablet=\u00a0\u00bb0px\u00a0\u00bb ul_text_shadow_blur_strength_tablet=\u00a0\u00bb1px\u00a0\u00bb ol_text_shadow_horizontal_length_tablet=\u00a0\u00bb0px\u00a0\u00bb ol_text_shadow_vertical_length_tablet=\u00a0\u00bb0px\u00a0\u00bb ol_text_shadow_blur_strength_tablet=\u00a0\u00bb1px\u00a0\u00bb quote_text_shadow_horizontal_length_tablet=\u00a0\u00bb0px\u00a0\u00bb quote_text_shadow_vertical_length_tablet=\u00a0\u00bb0px\u00a0\u00bb quote_text_shadow_blur_strength_tablet=\u00a0\u00bb1px\u00a0\u00bb header_text_shadow_horizontal_length_tablet=\u00a0\u00bb0px\u00a0\u00bb header_text_shadow_vertical_length_tablet=\u00a0\u00bb0px\u00a0\u00bb header_text_shadow_blur_strength_tablet=\u00a0\u00bb1px\u00a0\u00bb header_2_text_shadow_horizontal_length_tablet=\u00a0\u00bb0px\u00a0\u00bb header_2_text_shadow_vertical_length_tablet=\u00a0\u00bb0px\u00a0\u00bb header_2_text_shadow_blur_strength_tablet=\u00a0\u00bb1px\u00a0\u00bb header_3_text_shadow_horizontal_length_tablet=\u00a0\u00bb0px\u00a0\u00bb header_3_text_shadow_vertical_length_tablet=\u00a0\u00bb0px\u00a0\u00bb header_3_text_shadow_blur_strength_tablet=\u00a0\u00bb1px\u00a0\u00bb header_4_text_shadow_horizontal_length_tablet=\u00a0\u00bb0px\u00a0\u00bb header_4_text_shadow_vertical_length_tablet=\u00a0\u00bb0px\u00a0\u00bb header_4_text_shadow_blur_strength_tablet=\u00a0\u00bb1px\u00a0\u00bb header_5_text_shadow_horizontal_length_tablet=\u00a0\u00bb0px\u00a0\u00bb header_5_text_shadow_vertical_length_tablet=\u00a0\u00bb0px\u00a0\u00bb header_5_text_shadow_blur_strength_tablet=\u00a0\u00bb1px\u00a0\u00bb header_6_text_shadow_horizontal_length_tablet=\u00a0\u00bb0px\u00a0\u00bb header_6_text_shadow_vertical_length_tablet=\u00a0\u00bb0px\u00a0\u00bb header_6_text_shadow_blur_strength_tablet=\u00a0\u00bb1px\u00a0\u00bb box_shadow_horizontal_tablet=\u00a0\u00bb0px\u00a0\u00bb box_shadow_vertical_tablet=\u00a0\u00bb0px\u00a0\u00bb box_shadow_blur_tablet=\u00a0\u00bb40px\u00a0\u00bb box_shadow_spread_tablet=\u00a0\u00bb0px\u00a0\u00bb]@ET-DC@eyJkeW5hbWljIjp0cnVlLCJjb250ZW50IjoicG9zdF90aXRsZSIsInNldHRpbmdzIjp7ImJlZm9yZSI6IjxoMT4iLCJhZnRlciI6IjwvaDE+In19@[\/et_pb_text][et_pb_text _builder_version=\u00a0\u00bb4.6.5&Prime; _module_preset=\u00a0\u00bbdb8bf3f5-f1c3-43f0-bc1e-ca238db48424&Prime; text_font_size=\u00a0\u00bb16px\u00a0\u00bb header_text_align=\u00a0\u00bbright\u00a0\u00bb background_enable_image=\u00a0\u00bboff\u00a0\u00bb background_size=\u00a0\u00bbcontain\u00a0\u00bb background_position=\u00a0\u00bbbottom_right\u00a0\u00bb vertical_offset_tablet=\u00a0\u00bb0&Prime; horizontal_offset_tablet=\u00a0\u00bb0&Prime; z_index_tablet=\u00a0\u00bb0&Prime; text_text_shadow_horizontal_length_tablet=\u00a0\u00bb0px\u00a0\u00bb text_text_shadow_vertical_length_tablet=\u00a0\u00bb0px\u00a0\u00bb text_text_shadow_blur_strength_tablet=\u00a0\u00bb1px\u00a0\u00bb link_text_shadow_horizontal_length_tablet=\u00a0\u00bb0px\u00a0\u00bb link_text_shadow_vertical_length_tablet=\u00a0\u00bb0px\u00a0\u00bb link_text_shadow_blur_strength_tablet=\u00a0\u00bb1px\u00a0\u00bb ul_text_shadow_horizontal_length_tablet=\u00a0\u00bb0px\u00a0\u00bb ul_text_shadow_vertical_length_tablet=\u00a0\u00bb0px\u00a0\u00bb ul_text_shadow_blur_strength_tablet=\u00a0\u00bb1px\u00a0\u00bb ol_text_shadow_horizontal_length_tablet=\u00a0\u00bb0px\u00a0\u00bb ol_text_shadow_vertical_length_tablet=\u00a0\u00bb0px\u00a0\u00bb ol_text_shadow_blur_strength_tablet=\u00a0\u00bb1px\u00a0\u00bb quote_text_shadow_horizontal_length_tablet=\u00a0\u00bb0px\u00a0\u00bb quote_text_shadow_vertical_length_tablet=\u00a0\u00bb0px\u00a0\u00bb quote_text_shadow_blur_strength_tablet=\u00a0\u00bb1px\u00a0\u00bb header_text_shadow_horizontal_length_tablet=\u00a0\u00bb0px\u00a0\u00bb header_text_shadow_vertical_length_tablet=\u00a0\u00bb0px\u00a0\u00bb header_text_shadow_blur_strength_tablet=\u00a0\u00bb1px\u00a0\u00bb header_2_text_shadow_horizontal_length_tablet=\u00a0\u00bb0px\u00a0\u00bb header_2_text_shadow_vertical_length_tablet=\u00a0\u00bb0px\u00a0\u00bb header_2_text_shadow_blur_strength_tablet=\u00a0\u00bb1px\u00a0\u00bb header_3_text_shadow_horizontal_length_tablet=\u00a0\u00bb0px\u00a0\u00bb header_3_text_shadow_vertical_length_tablet=\u00a0\u00bb0px\u00a0\u00bb header_3_text_shadow_blur_strength_tablet=\u00a0\u00bb1px\u00a0\u00bb header_4_text_shadow_horizontal_length_tablet=\u00a0\u00bb0px\u00a0\u00bb header_4_text_shadow_vertical_length_tablet=\u00a0\u00bb0px\u00a0\u00bb header_4_text_shadow_blur_strength_tablet=\u00a0\u00bb1px\u00a0\u00bb header_5_text_shadow_horizontal_length_tablet=\u00a0\u00bb0px\u00a0\u00bb header_5_text_shadow_vertical_length_tablet=\u00a0\u00bb0px\u00a0\u00bb header_5_text_shadow_blur_strength_tablet=\u00a0\u00bb1px\u00a0\u00bb header_6_text_shadow_horizontal_length_tablet=\u00a0\u00bb0px\u00a0\u00bb header_6_text_shadow_vertical_length_tablet=\u00a0\u00bb0px\u00a0\u00bb header_6_text_shadow_blur_strength_tablet=\u00a0\u00bb1px\u00a0\u00bb box_shadow_horizontal_tablet=\u00a0\u00bb0px\u00a0\u00bb box_shadow_vertical_tablet=\u00a0\u00bb0px\u00a0\u00bb box_shadow_blur_tablet=\u00a0\u00bb40px\u00a0\u00bb box_shadow_spread_tablet=\u00a0\u00bb0px\u00a0\u00bb]<\/p>\n<h2>Que sont Citrix Cloud Desktops?<\/h2>\n<p>[\/et_pb_text][et_pb_text _builder_version=\u00a0\u00bb4.6.5&Prime; _module_preset=\u00a0\u00bb0e7b0c3f-5c05-474d-8e4a-716f1207d1aa\u00a0\u00bb text_font_size=\u00a0\u00bb16px\u00a0\u00bb vertical_offset_tablet=\u00a0\u00bb0&Prime; horizontal_offset_tablet=\u00a0\u00bb0&Prime; z_index_tablet=\u00a0\u00bb0&Prime; text_text_shadow_horizontal_length_tablet=\u00a0\u00bb0px\u00a0\u00bb text_text_shadow_vertical_length_tablet=\u00a0\u00bb0px\u00a0\u00bb text_text_shadow_blur_strength_tablet=\u00a0\u00bb1px\u00a0\u00bb link_text_shadow_horizontal_length_tablet=\u00a0\u00bb0px\u00a0\u00bb link_text_shadow_vertical_length_tablet=\u00a0\u00bb0px\u00a0\u00bb link_text_shadow_blur_strength_tablet=\u00a0\u00bb1px\u00a0\u00bb ul_text_shadow_horizontal_length_tablet=\u00a0\u00bb0px\u00a0\u00bb ul_text_shadow_vertical_length_tablet=\u00a0\u00bb0px\u00a0\u00bb ul_text_shadow_blur_strength_tablet=\u00a0\u00bb1px\u00a0\u00bb ol_text_shadow_horizontal_length_tablet=\u00a0\u00bb0px\u00a0\u00bb ol_text_shadow_vertical_length_tablet=\u00a0\u00bb0px\u00a0\u00bb ol_text_shadow_blur_strength_tablet=\u00a0\u00bb1px\u00a0\u00bb quote_text_shadow_horizontal_length_tablet=\u00a0\u00bb0px\u00a0\u00bb quote_text_shadow_vertical_length_tablet=\u00a0\u00bb0px\u00a0\u00bb quote_text_shadow_blur_strength_tablet=\u00a0\u00bb1px\u00a0\u00bb header_text_shadow_horizontal_length_tablet=\u00a0\u00bb0px\u00a0\u00bb header_text_shadow_vertical_length_tablet=\u00a0\u00bb0px\u00a0\u00bb header_text_shadow_blur_strength_tablet=\u00a0\u00bb1px\u00a0\u00bb header_2_text_shadow_horizontal_length_tablet=\u00a0\u00bb0px\u00a0\u00bb header_2_text_shadow_vertical_length_tablet=\u00a0\u00bb0px\u00a0\u00bb header_2_text_shadow_blur_strength_tablet=\u00a0\u00bb1px\u00a0\u00bb header_3_text_shadow_horizontal_length_tablet=\u00a0\u00bb0px\u00a0\u00bb header_3_text_shadow_vertical_length_tablet=\u00a0\u00bb0px\u00a0\u00bb header_3_text_shadow_blur_strength_tablet=\u00a0\u00bb1px\u00a0\u00bb header_4_text_shadow_horizontal_length_tablet=\u00a0\u00bb0px\u00a0\u00bb header_4_text_shadow_vertical_length_tablet=\u00a0\u00bb0px\u00a0\u00bb header_4_text_shadow_blur_strength_tablet=\u00a0\u00bb1px\u00a0\u00bb header_5_text_shadow_horizontal_length_tablet=\u00a0\u00bb0px\u00a0\u00bb header_5_text_shadow_vertical_length_tablet=\u00a0\u00bb0px\u00a0\u00bb header_5_text_shadow_blur_strength_tablet=\u00a0\u00bb1px\u00a0\u00bb header_6_text_shadow_horizontal_length_tablet=\u00a0\u00bb0px\u00a0\u00bb header_6_text_shadow_vertical_length_tablet=\u00a0\u00bb0px\u00a0\u00bb header_6_text_shadow_blur_strength_tablet=\u00a0\u00bb1px\u00a0\u00bb box_shadow_horizontal_tablet=\u00a0\u00bb0px\u00a0\u00bb box_shadow_vertical_tablet=\u00a0\u00bb0px\u00a0\u00bb box_shadow_blur_tablet=\u00a0\u00bb40px\u00a0\u00bb box_shadow_spread_tablet=\u00a0\u00bb0px\u00a0\u00bb]<\/p>\n<h3>Internet est le Grand Cloud<\/h3>\n<p>Ce Grand Cloud est compos\u00e9 de clouds plus petits, clusters de serveurs \u00e9tant possiblement h\u00e9berg\u00e9s dans le m\u00eame centre de donn\u00e9es ou ailleurs. Le cluster est donc un syst\u00e8me qui combine deux ordinateurs ou plus qui fonctionnent en synchronisation compl\u00e8te, comme s\u2019ils ne formaient qu\u2019un. C\u2019est un concept qui d\u00e9coule de la complexit\u00e9 des t\u00e2ches qui doivent \u00eatre trait\u00e9es en m\u00eame temps.<\/p>\n<p>Intelligemment, ces ordinateurs, appel\u00e9s serveurs, partager une vari\u00e9t\u00e9 de ressources, telles que le stockage, la m\u00e9moire, la connectivit\u00e9 Internet, les appareils et les logiciels de s\u00e9curit\u00e9 et le mat\u00e9riel, et m\u00eame la puissance du processeur. En travaillant ensemble, ces machines permettent aux ressources informatiques d\u2019\u00eatre disponibles \u00e0 distance via une connexion Internet. Ainsi, nous obtenons ce fameux syst\u00e8me : le Cloud.<\/p>\n<p>Citrix Cloud Desktop est votre Bureau virtuel. Vous pouvez y acc\u00e9dez en toute s\u00e9curit\u00e9 depuis n\u2019importe o\u00f9 et ce peu importe l\u2019appareil. Lorsque vous acc\u00e9dez \u00e0 votre bureau par l\u2019interm\u00e9diaire de vos propres appareils, il est en fait stock\u00e9 en toute s\u00e9curit\u00e9 dans un ou plusieurs serveurs puissants, qui sont d\u00e9ploy\u00e9s dans un ou plusieurs centres de donn\u00e9es s\u00e9curis\u00e9s distribu\u00e9s \u00e0 travers le monde.<\/p>\n<p>Sans cette s\u00e9curit\u00e9 cloud, tout dommage survenant \u00e0 un ordinateur de votre entreprise &#8211; ou m\u00eame votre ordinateur et appareils personnels &#8211; lorsque les donn\u00e9es n\u2019ont pas \u00e9t\u00e9 sauvegard\u00e9es, peut r\u00e9sulter \u00e0 une perte de documents ou toute autre information stock\u00e9e sur la machine endommag\u00e9e.<\/p>\n<h3>S\u00e9curit\u00e9 n\u2019importe o\u00f9 dans le monde!<\/h3>\n<p>Automatiquement, avec Cloud, s\u2019il y a un probl\u00e8me avec les serveurs physiques, une autre machine prendra automatiquement en charge les donn\u00e9es enti\u00e8res et r\u00e9duira ainsi le temps d\u2019interruption des syst\u00e8mes et applications bas\u00e9es sur le Cloud. Cette infrastructure permet \u00e0 un serveur virtuel d\u2019avoir une disponibilit\u00e9 permanente et des grandes performances.<\/p>\n<p>Notre infrastructure Citrix Cloud Desktop offre l\u2019\u00e9volutivit\u00e9 et la flexibilit\u00e9 n\u00e9cessaires pour am\u00e9liorer et mieux g\u00e9rer votre environnement informatique. Quel que soit le nombre ou la disposition g\u00e9ographique de vos employ\u00e9s, ou si vous avez l\u2019intention d\u2019am\u00e9liorer la gestion de l\u2019\u00e9quipement dans votre milieu de travail.<\/p>\n<p>\u00c0 ces avantages, vous pouvez ajouter une grande capacit\u00e9 de calcul, la garantie de la continuit\u00e9 du travail m\u00eame en tant de catastrophes, ainsi qu\u2019une s\u00e9curit\u00e9 de haute qualit\u00e9 et un moindre co\u00fbt.<\/p>\n<h3>Citrix Virtual Desktop: simplification et s\u00e9curit\u00e9<\/h3>\n<p>Pour offrir tous ces avantages de gestion I.T. en milieu de travail, avec un maximum d\u2019efficacit\u00e9, nous avons choisi, chez All IT Host, la technologie de virtualisation \u00e9tonnante de <strong><a href=\"https:\/\/www.citrix.com\/buy\/partnerlocator\/results.html?company=all%20it%20host\">Citrix<\/a><\/strong>: <strong><a href=\"https:\/\/docs.citrix.com\/en-us\/citrix-virtual-apps-desktops-service.html\">Citrix Virtual Apps et Desktop Services<\/a><\/strong> En fournissant le contr\u00f4le I.T. des machines virtuelles, des applications, des utilisateurs et de la s\u00e9curit\u00e9, cette technologie offre la possibilit\u00e9 \u00e0 tout utilisateur d\u2019acc\u00e9der \u00e0 un bureau \u00e0 distance virtuel \u00e0 partir de n\u2019importe quel appareil, n\u2019importe o\u00f9. Comme l\u2019indique Citrix, les utilisateurs finaux sont en mesure d\u2019acc\u00e9der \u00e0 leurs ordinateurs de bureau virtuels et toutes les applications qui s\u2019y ex\u00e9cutent, sans se soucier du syst\u00e8me d\u2019exploitation ou du type d\u2019appareil qu\u2019ils utilisent pour le faire.<\/p>\n<p>Rappelez-vous des probl\u00e8mes et des pertes caus\u00e9es par un ordinateur qui freeze ou crash, surtout quand vous aviez un travail important en cours, et que vous avez oubliez de sauvegarder? Ces probl\u00e8mes ont essentiellement disparu, en raison de la puissance d\u2019infrastructure de nos services de bureau virtuel Citrix. De plus, des protocoles int\u00e9gr\u00e9s de haute s\u00e9curit\u00e9 et de cryptographie garantissent que vos syst\u00e8mes virtuels seront conformes \u00e0 toutes les certifications et r\u00e9glementations li\u00e9es \u00e0 la s\u00e9curit\u00e9, \u00e9mises par les gouvernements et\/ou les organisations de march\u00e9.<\/p>\n<p>C\u2019est pourquoi un Bureau Cloud va bien au-del\u00e0 de simplement garder vos fichiers ailleurs. Il offre la puissance d\u2019un super-ordinateur depuis n\u2019importe quel appareil que vous ou vos employ\u00e9s utilisez pour y acc\u00e9der. Et, votre entreprise aura toujours la plus r\u00e9cente version de Windows, enti\u00e8rement op\u00e9rationnelle, m\u00eame pour un smartphone.<\/p>\n<p>Enfin, vous et votre entreprise serez en mesure d\u2019utiliser les logiciels et applications les plus \u00e0 jour, m\u00eame si vous acc\u00e9dez \u00e0 votre Cloud Desktop \u00e0 partir d\u2019un ancien ordinateur, \u00e0 condition qu\u2019il dispose d\u2019une connexion Internet. Cette r\u00e9duction des d\u00e9penses li\u00e9es \u00e0 l\u2019acquisition de nouveaux ordinateurs et licences logicielles, repr\u00e9sente une autre source d\u2019\u00e9conomie.<\/p>\n<p>Jetez un oeil a tous ces avantages et bien d\u2019autres encore.<\/p>\n<p>Et contactez-nous, pour vous rendre compte qu\u2019adopter notre Cloud est la bonne d\u00e9cision!<\/p>\n<p><a href=\"https:\/\/allithost.com\/\/fr\/\">ALL IT HOST<\/a>[\/et_pb_text][\/et_pb_column][\/et_pb_row][\/et_pb_section]<\/p>\n","protected":false},"excerpt":{"rendered":"<p>Que sont Citrix Cloud Desktops?Internet est le Grand Cloud Ce Grand Cloud est compos\u00e9 de clouds plus petits, clusters de serveurs \u00e9tant possiblement h\u00e9berg\u00e9s dans le m\u00eame centre de donn\u00e9es ou ailleurs. Le cluster est donc un syst\u00e8me qui combine deux ordinateurs ou plus qui fonctionnent en synchronisation compl\u00e8te, comme s\u2019ils ne formaient qu\u2019un. C\u2019est [&hellip;]<\/p>\n","protected":false},"author":5,"featured_media":0,"parent":48413,"menu_order":0,"comment_status":"closed","ping_status":"closed","template":"","meta":{"_et_pb_use_builder":"on","_et_pb_old_content":"","_et_gb_content_width":"","footnotes":""},"class_list":["post-47625","page","type-page","status-publish","hentry"],"yoast_head":"<!-- This site is optimized with the Yoast SEO plugin v27.4 - https:\/\/yoast.com\/product\/yoast-seo-wordpress\/ -->\n<title>ORDINATEURS DE BUREAU CLOUD CITRIX - All It Host<\/title>\n<meta name=\"robots\" content=\"index, follow, max-snippet:-1, max-image-preview:large, max-video-preview:-1\" \/>\n<link rel=\"canonical\" href=\"https:\/\/allithost.com\/fr\/produits\/ordinateurs-de-bureau-cloud-citrix\/\" \/>\n<meta property=\"og:locale\" content=\"fr_FR\" \/>\n<meta property=\"og:type\" content=\"article\" \/>\n<meta property=\"og:title\" content=\"ORDINATEURS DE BUREAU CLOUD CITRIX - All It Host\" \/>\n<meta property=\"og:description\" content=\"Que sont Citrix Cloud Desktops?Internet est le Grand Cloud Ce Grand Cloud est compos\u00e9 de clouds plus petits, clusters de serveurs \u00e9tant possiblement h\u00e9berg\u00e9s dans le m\u00eame centre de donn\u00e9es ou ailleurs. Le cluster est donc un syst\u00e8me qui combine deux ordinateurs ou plus qui fonctionnent en synchronisation compl\u00e8te, comme s\u2019ils ne formaient qu\u2019un. C\u2019est [&hellip;]\" \/>\n<meta property=\"og:url\" content=\"https:\/\/allithost.com\/fr\/produits\/ordinateurs-de-bureau-cloud-citrix\/\" \/>\n<meta property=\"og:site_name\" content=\"All It Host\" \/>\n<meta property=\"article:publisher\" content=\"https:\/\/www.facebook.com\/allithost\" \/>\n<meta property=\"article:modified_time\" content=\"2020-10-17T13:21:07+00:00\" \/>\n<meta property=\"og:image\" content=\"https:\/\/allithost.com\/wp-content\/uploads\/2020\/09\/04-Logo-Allithost-1-1-e1600720431694.png\" \/>\n\t<meta property=\"og:image:width\" content=\"600\" \/>\n\t<meta property=\"og:image:height\" content=\"117\" \/>\n\t<meta property=\"og:image:type\" content=\"image\/png\" \/>\n<meta name=\"twitter:card\" content=\"summary_large_image\" \/>\n<meta name=\"twitter:site\" content=\"@allithost\" \/>\n<meta name=\"twitter:label1\" content=\"Dur\u00e9e de lecture estim\u00e9e\" \/>\n\t<meta name=\"twitter:data1\" content=\"9 minutes\" \/>\n<script type=\"application\/ld+json\" class=\"yoast-schema-graph\">{\"@context\":\"https:\\\/\\\/schema.org\",\"@graph\":[{\"@type\":\"WebPage\",\"@id\":\"https:\\\/\\\/allithost.com\\\/fr\\\/produits\\\/ordinateurs-de-bureau-cloud-citrix\\\/\",\"url\":\"https:\\\/\\\/allithost.com\\\/fr\\\/produits\\\/ordinateurs-de-bureau-cloud-citrix\\\/\",\"name\":\"ORDINATEURS DE BUREAU CLOUD CITRIX - All It Host\",\"isPartOf\":{\"@id\":\"https:\\\/\\\/allithost.com\\\/fr\\\/#website\"},\"datePublished\":\"2020-09-30T12:23:58+00:00\",\"dateModified\":\"2020-10-17T13:21:07+00:00\",\"breadcrumb\":{\"@id\":\"https:\\\/\\\/allithost.com\\\/fr\\\/produits\\\/ordinateurs-de-bureau-cloud-citrix\\\/#breadcrumb\"},\"inLanguage\":\"fr-FR\",\"potentialAction\":[{\"@type\":\"ReadAction\",\"target\":[\"https:\\\/\\\/allithost.com\\\/fr\\\/produits\\\/ordinateurs-de-bureau-cloud-citrix\\\/\"]}]},{\"@type\":\"BreadcrumbList\",\"@id\":\"https:\\\/\\\/allithost.com\\\/fr\\\/produits\\\/ordinateurs-de-bureau-cloud-citrix\\\/#breadcrumb\",\"itemListElement\":[{\"@type\":\"ListItem\",\"position\":1,\"name\":\"Home\",\"item\":\"https:\\\/\\\/allithost.com\\\/fr\\\/\"},{\"@type\":\"ListItem\",\"position\":2,\"name\":\"Produits\",\"item\":\"https:\\\/\\\/allithost.com\\\/fr\\\/products\\\/\"},{\"@type\":\"ListItem\",\"position\":3,\"name\":\"ORDINATEURS DE BUREAU CLOUD CITRIX\"}]},{\"@type\":\"WebSite\",\"@id\":\"https:\\\/\\\/allithost.com\\\/fr\\\/#website\",\"url\":\"https:\\\/\\\/allithost.com\\\/fr\\\/\",\"name\":\"All It Host\",\"description\":\"The Cloud Computing Revolution\",\"publisher\":{\"@id\":\"https:\\\/\\\/allithost.com\\\/fr\\\/#organization\"},\"potentialAction\":[{\"@type\":\"SearchAction\",\"target\":{\"@type\":\"EntryPoint\",\"urlTemplate\":\"https:\\\/\\\/allithost.com\\\/fr\\\/?s={search_term_string}\"},\"query-input\":{\"@type\":\"PropertyValueSpecification\",\"valueRequired\":true,\"valueName\":\"search_term_string\"}}],\"inLanguage\":\"fr-FR\"},{\"@type\":\"Organization\",\"@id\":\"https:\\\/\\\/allithost.com\\\/fr\\\/#organization\",\"name\":\"All IT Host Inc.\",\"url\":\"https:\\\/\\\/allithost.com\\\/fr\\\/\",\"logo\":{\"@type\":\"ImageObject\",\"inLanguage\":\"fr-FR\",\"@id\":\"https:\\\/\\\/allithost.com\\\/fr\\\/#\\\/schema\\\/logo\\\/image\\\/\",\"url\":\"https:\\\/\\\/allithost.com\\\/wp-content\\\/uploads\\\/2020\\\/08\\\/02-Logo-Allithost--e1600304778301.png\",\"contentUrl\":\"https:\\\/\\\/allithost.com\\\/wp-content\\\/uploads\\\/2020\\\/08\\\/02-Logo-Allithost--e1600304778301.png\",\"width\":116,\"height\":94,\"caption\":\"All IT Host Inc.\"},\"image\":{\"@id\":\"https:\\\/\\\/allithost.com\\\/fr\\\/#\\\/schema\\\/logo\\\/image\\\/\"},\"sameAs\":[\"https:\\\/\\\/www.facebook.com\\\/allithost\",\"https:\\\/\\\/x.com\\\/allithost\",\"http:\\\/\\\/www.linkedin.com\\\/company\\\/all-it-host\"]}]}<\/script>\n<!-- \/ Yoast SEO plugin. -->","yoast_head_json":{"title":"ORDINATEURS DE BUREAU CLOUD CITRIX - All It Host","robots":{"index":"index","follow":"follow","max-snippet":"max-snippet:-1","max-image-preview":"max-image-preview:large","max-video-preview":"max-video-preview:-1"},"canonical":"https:\/\/allithost.com\/fr\/produits\/ordinateurs-de-bureau-cloud-citrix\/","og_locale":"fr_FR","og_type":"article","og_title":"ORDINATEURS DE BUREAU CLOUD CITRIX - All It Host","og_description":"Que sont Citrix Cloud Desktops?Internet est le Grand Cloud Ce Grand Cloud est compos\u00e9 de clouds plus petits, clusters de serveurs \u00e9tant possiblement h\u00e9berg\u00e9s dans le m\u00eame centre de donn\u00e9es ou ailleurs. Le cluster est donc un syst\u00e8me qui combine deux ordinateurs ou plus qui fonctionnent en synchronisation compl\u00e8te, comme s\u2019ils ne formaient qu\u2019un. C\u2019est [&hellip;]","og_url":"https:\/\/allithost.com\/fr\/produits\/ordinateurs-de-bureau-cloud-citrix\/","og_site_name":"All It Host","article_publisher":"https:\/\/www.facebook.com\/allithost","article_modified_time":"2020-10-17T13:21:07+00:00","og_image":[{"width":600,"height":117,"url":"https:\/\/allithost.com\/wp-content\/uploads\/2020\/09\/04-Logo-Allithost-1-1-e1600720431694.png","type":"image\/png"}],"twitter_card":"summary_large_image","twitter_site":"@allithost","twitter_misc":{"Dur\u00e9e de lecture estim\u00e9e":"9 minutes"},"schema":{"@context":"https:\/\/schema.org","@graph":[{"@type":"WebPage","@id":"https:\/\/allithost.com\/fr\/produits\/ordinateurs-de-bureau-cloud-citrix\/","url":"https:\/\/allithost.com\/fr\/produits\/ordinateurs-de-bureau-cloud-citrix\/","name":"ORDINATEURS DE BUREAU CLOUD CITRIX - All It Host","isPartOf":{"@id":"https:\/\/allithost.com\/fr\/#website"},"datePublished":"2020-09-30T12:23:58+00:00","dateModified":"2020-10-17T13:21:07+00:00","breadcrumb":{"@id":"https:\/\/allithost.com\/fr\/produits\/ordinateurs-de-bureau-cloud-citrix\/#breadcrumb"},"inLanguage":"fr-FR","potentialAction":[{"@type":"ReadAction","target":["https:\/\/allithost.com\/fr\/produits\/ordinateurs-de-bureau-cloud-citrix\/"]}]},{"@type":"BreadcrumbList","@id":"https:\/\/allithost.com\/fr\/produits\/ordinateurs-de-bureau-cloud-citrix\/#breadcrumb","itemListElement":[{"@type":"ListItem","position":1,"name":"Home","item":"https:\/\/allithost.com\/fr\/"},{"@type":"ListItem","position":2,"name":"Produits","item":"https:\/\/allithost.com\/fr\/products\/"},{"@type":"ListItem","position":3,"name":"ORDINATEURS DE BUREAU CLOUD CITRIX"}]},{"@type":"WebSite","@id":"https:\/\/allithost.com\/fr\/#website","url":"https:\/\/allithost.com\/fr\/","name":"All It Host","description":"The Cloud Computing Revolution","publisher":{"@id":"https:\/\/allithost.com\/fr\/#organization"},"potentialAction":[{"@type":"SearchAction","target":{"@type":"EntryPoint","urlTemplate":"https:\/\/allithost.com\/fr\/?s={search_term_string}"},"query-input":{"@type":"PropertyValueSpecification","valueRequired":true,"valueName":"search_term_string"}}],"inLanguage":"fr-FR"},{"@type":"Organization","@id":"https:\/\/allithost.com\/fr\/#organization","name":"All IT Host Inc.","url":"https:\/\/allithost.com\/fr\/","logo":{"@type":"ImageObject","inLanguage":"fr-FR","@id":"https:\/\/allithost.com\/fr\/#\/schema\/logo\/image\/","url":"https:\/\/allithost.com\/wp-content\/uploads\/2020\/08\/02-Logo-Allithost--e1600304778301.png","contentUrl":"https:\/\/allithost.com\/wp-content\/uploads\/2020\/08\/02-Logo-Allithost--e1600304778301.png","width":116,"height":94,"caption":"All IT Host Inc."},"image":{"@id":"https:\/\/allithost.com\/fr\/#\/schema\/logo\/image\/"},"sameAs":["https:\/\/www.facebook.com\/allithost","https:\/\/x.com\/allithost","http:\/\/www.linkedin.com\/company\/all-it-host"]}]}},"_links":{"self":[{"href":"https:\/\/allithost.com\/fr\/wp-json\/wp\/v2\/pages\/47625","targetHints":{"allow":["GET"]}}],"collection":[{"href":"https:\/\/allithost.com\/fr\/wp-json\/wp\/v2\/pages"}],"about":[{"href":"https:\/\/allithost.com\/fr\/wp-json\/wp\/v2\/types\/page"}],"author":[{"embeddable":true,"href":"https:\/\/allithost.com\/fr\/wp-json\/wp\/v2\/users\/5"}],"replies":[{"embeddable":true,"href":"https:\/\/allithost.com\/fr\/wp-json\/wp\/v2\/comments?post=47625"}],"version-history":[{"count":0,"href":"https:\/\/allithost.com\/fr\/wp-json\/wp\/v2\/pages\/47625\/revisions"}],"up":[{"embeddable":true,"href":"https:\/\/allithost.com\/fr\/wp-json\/wp\/v2\/pages\/48413"}],"wp:attachment":[{"href":"https:\/\/allithost.com\/fr\/wp-json\/wp\/v2\/media?parent=47625"}],"curies":[{"name":"wp","href":"https:\/\/api.w.org\/{rel}","templated":true}]}}