{"id":47619,"date":"2020-09-30T11:54:49","date_gmt":"2020-09-30T11:54:49","guid":{"rendered":"http:\/\/96.46.250.135\/allithost\/gestion-et-soutien-informatiques\/"},"modified":"2020-10-17T13:20:06","modified_gmt":"2020-10-17T13:20:06","slug":"gestion-et-soutien-informatiques","status":"publish","type":"page","link":"https:\/\/allithost.com\/fr\/produits\/gestion-et-soutien-informatiques\/","title":{"rendered":"GESTION ET SOUTIEN INFORMATIQUES"},"content":{"rendered":"<p>[et_pb_section fb_built=\u00a0\u00bb1&Prime; _builder_version=\u00a0\u00bb3.22&Prime; collapsed=\u00a0\u00bbon\u00a0\u00bb][et_pb_row _builder_version=\u00a0\u00bb3.25&Prime;][et_pb_column type=\u00a0\u00bb4_4&Prime; _builder_version=\u00a0\u00bb3.25&Prime; custom_padding=\u00a0\u00bb|||\u00a0\u00bb custom_padding__hover=\u00a0\u00bb|||\u00a0\u00bb][et_pb_text _builder_version=\u00a0\u00bb4.6.5&Prime; _module_preset=\u00a0\u00bbdb8bf3f5-f1c3-43f0-bc1e-ca238db48424&Prime; header_text_align=\u00a0\u00bbright\u00a0\u00bb background_image=\u00a0\u00bbhttps:\/\/allithost.com\/\/wp-content\/uploads\/2020\/08\/Line-04-1-300&#215;1.png\u00a0\u00bb background_size=\u00a0\u00bbcontain\u00a0\u00bb background_position=\u00a0\u00bbbottom_right\u00a0\u00bb vertical_offset_tablet=\u00a0\u00bb0&Prime; horizontal_offset_tablet=\u00a0\u00bb0&Prime; custom_padding=\u00a0\u00bb2px|||||\u00a0\u00bb z_index_tablet=\u00a0\u00bb0&Prime; text_text_shadow_horizontal_length_tablet=\u00a0\u00bb0px\u00a0\u00bb text_text_shadow_vertical_length_tablet=\u00a0\u00bb0px\u00a0\u00bb text_text_shadow_blur_strength_tablet=\u00a0\u00bb1px\u00a0\u00bb link_text_shadow_horizontal_length_tablet=\u00a0\u00bb0px\u00a0\u00bb link_text_shadow_vertical_length_tablet=\u00a0\u00bb0px\u00a0\u00bb link_text_shadow_blur_strength_tablet=\u00a0\u00bb1px\u00a0\u00bb ul_text_shadow_horizontal_length_tablet=\u00a0\u00bb0px\u00a0\u00bb ul_text_shadow_vertical_length_tablet=\u00a0\u00bb0px\u00a0\u00bb ul_text_shadow_blur_strength_tablet=\u00a0\u00bb1px\u00a0\u00bb ol_text_shadow_horizontal_length_tablet=\u00a0\u00bb0px\u00a0\u00bb ol_text_shadow_vertical_length_tablet=\u00a0\u00bb0px\u00a0\u00bb ol_text_shadow_blur_strength_tablet=\u00a0\u00bb1px\u00a0\u00bb quote_text_shadow_horizontal_length_tablet=\u00a0\u00bb0px\u00a0\u00bb quote_text_shadow_vertical_length_tablet=\u00a0\u00bb0px\u00a0\u00bb quote_text_shadow_blur_strength_tablet=\u00a0\u00bb1px\u00a0\u00bb header_text_shadow_horizontal_length_tablet=\u00a0\u00bb0px\u00a0\u00bb header_text_shadow_vertical_length_tablet=\u00a0\u00bb0px\u00a0\u00bb header_text_shadow_blur_strength_tablet=\u00a0\u00bb1px\u00a0\u00bb header_2_text_shadow_horizontal_length_tablet=\u00a0\u00bb0px\u00a0\u00bb header_2_text_shadow_vertical_length_tablet=\u00a0\u00bb0px\u00a0\u00bb header_2_text_shadow_blur_strength_tablet=\u00a0\u00bb1px\u00a0\u00bb header_3_text_shadow_horizontal_length_tablet=\u00a0\u00bb0px\u00a0\u00bb header_3_text_shadow_vertical_length_tablet=\u00a0\u00bb0px\u00a0\u00bb header_3_text_shadow_blur_strength_tablet=\u00a0\u00bb1px\u00a0\u00bb header_4_text_shadow_horizontal_length_tablet=\u00a0\u00bb0px\u00a0\u00bb header_4_text_shadow_vertical_length_tablet=\u00a0\u00bb0px\u00a0\u00bb header_4_text_shadow_blur_strength_tablet=\u00a0\u00bb1px\u00a0\u00bb header_5_text_shadow_horizontal_length_tablet=\u00a0\u00bb0px\u00a0\u00bb header_5_text_shadow_vertical_length_tablet=\u00a0\u00bb0px\u00a0\u00bb header_5_text_shadow_blur_strength_tablet=\u00a0\u00bb1px\u00a0\u00bb header_6_text_shadow_horizontal_length_tablet=\u00a0\u00bb0px\u00a0\u00bb header_6_text_shadow_vertical_length_tablet=\u00a0\u00bb0px\u00a0\u00bb header_6_text_shadow_blur_strength_tablet=\u00a0\u00bb1px\u00a0\u00bb box_shadow_horizontal_tablet=\u00a0\u00bb0px\u00a0\u00bb box_shadow_vertical_tablet=\u00a0\u00bb0px\u00a0\u00bb box_shadow_blur_tablet=\u00a0\u00bb40px\u00a0\u00bb box_shadow_spread_tablet=\u00a0\u00bb0px\u00a0\u00bb]<\/p>\n<h1>GESTION ET SOUTIEN INFORMATIQUES<\/h1>\n<p>[\/et_pb_text][et_pb_text _builder_version=\u00a0\u00bb4.6.5&Prime; _module_preset=\u00a0\u00bbdb8bf3f5-f1c3-43f0-bc1e-ca238db48424&Prime; vertical_offset_tablet=\u00a0\u00bb0&Prime; horizontal_offset_tablet=\u00a0\u00bb0&Prime; custom_padding=\u00a0\u00bb2px|||||\u00a0\u00bb z_index_tablet=\u00a0\u00bb0&Prime; text_text_shadow_horizontal_length_tablet=\u00a0\u00bb0px\u00a0\u00bb text_text_shadow_vertical_length_tablet=\u00a0\u00bb0px\u00a0\u00bb text_text_shadow_blur_strength_tablet=\u00a0\u00bb1px\u00a0\u00bb link_text_shadow_horizontal_length_tablet=\u00a0\u00bb0px\u00a0\u00bb link_text_shadow_vertical_length_tablet=\u00a0\u00bb0px\u00a0\u00bb link_text_shadow_blur_strength_tablet=\u00a0\u00bb1px\u00a0\u00bb ul_text_shadow_horizontal_length_tablet=\u00a0\u00bb0px\u00a0\u00bb ul_text_shadow_vertical_length_tablet=\u00a0\u00bb0px\u00a0\u00bb ul_text_shadow_blur_strength_tablet=\u00a0\u00bb1px\u00a0\u00bb ol_text_shadow_horizontal_length_tablet=\u00a0\u00bb0px\u00a0\u00bb ol_text_shadow_vertical_length_tablet=\u00a0\u00bb0px\u00a0\u00bb ol_text_shadow_blur_strength_tablet=\u00a0\u00bb1px\u00a0\u00bb quote_text_shadow_horizontal_length_tablet=\u00a0\u00bb0px\u00a0\u00bb quote_text_shadow_vertical_length_tablet=\u00a0\u00bb0px\u00a0\u00bb quote_text_shadow_blur_strength_tablet=\u00a0\u00bb1px\u00a0\u00bb header_text_shadow_horizontal_length_tablet=\u00a0\u00bb0px\u00a0\u00bb header_text_shadow_vertical_length_tablet=\u00a0\u00bb0px\u00a0\u00bb header_text_shadow_blur_strength_tablet=\u00a0\u00bb1px\u00a0\u00bb header_2_text_shadow_horizontal_length_tablet=\u00a0\u00bb0px\u00a0\u00bb header_2_text_shadow_vertical_length_tablet=\u00a0\u00bb0px\u00a0\u00bb header_2_text_shadow_blur_strength_tablet=\u00a0\u00bb1px\u00a0\u00bb header_3_text_shadow_horizontal_length_tablet=\u00a0\u00bb0px\u00a0\u00bb header_3_text_shadow_vertical_length_tablet=\u00a0\u00bb0px\u00a0\u00bb header_3_text_shadow_blur_strength_tablet=\u00a0\u00bb1px\u00a0\u00bb header_4_text_shadow_horizontal_length_tablet=\u00a0\u00bb0px\u00a0\u00bb header_4_text_shadow_vertical_length_tablet=\u00a0\u00bb0px\u00a0\u00bb header_4_text_shadow_blur_strength_tablet=\u00a0\u00bb1px\u00a0\u00bb header_5_text_shadow_horizontal_length_tablet=\u00a0\u00bb0px\u00a0\u00bb header_5_text_shadow_vertical_length_tablet=\u00a0\u00bb0px\u00a0\u00bb header_5_text_shadow_blur_strength_tablet=\u00a0\u00bb1px\u00a0\u00bb header_6_text_shadow_horizontal_length_tablet=\u00a0\u00bb0px\u00a0\u00bb header_6_text_shadow_vertical_length_tablet=\u00a0\u00bb0px\u00a0\u00bb header_6_text_shadow_blur_strength_tablet=\u00a0\u00bb1px\u00a0\u00bb box_shadow_horizontal_tablet=\u00a0\u00bb0px\u00a0\u00bb box_shadow_vertical_tablet=\u00a0\u00bb0px\u00a0\u00bb box_shadow_blur_tablet=\u00a0\u00bb40px\u00a0\u00bb box_shadow_spread_tablet=\u00a0\u00bb0px\u00a0\u00bb]<\/p>\n<h2>\u00c9valuez, analysez et g\u00e9rez : nous r\u00e9alisons le meilleur pour votre entreprise!<\/h2>\n<p>[\/et_pb_text][et_pb_text _builder_version=\u00a0\u00bb4.6.5&Prime; _module_preset=\u00a0\u00bb0e7b0c3f-5c05-474d-8e4a-716f1207d1aa\u00a0\u00bb vertical_offset_tablet=\u00a0\u00bb0&Prime; horizontal_offset_tablet=\u00a0\u00bb0&Prime; custom_padding=\u00a0\u00bb2px|||||\u00a0\u00bb z_index_tablet=\u00a0\u00bb0&Prime; text_text_shadow_horizontal_length_tablet=\u00a0\u00bb0px\u00a0\u00bb text_text_shadow_vertical_length_tablet=\u00a0\u00bb0px\u00a0\u00bb text_text_shadow_blur_strength_tablet=\u00a0\u00bb1px\u00a0\u00bb link_text_shadow_horizontal_length_tablet=\u00a0\u00bb0px\u00a0\u00bb link_text_shadow_vertical_length_tablet=\u00a0\u00bb0px\u00a0\u00bb link_text_shadow_blur_strength_tablet=\u00a0\u00bb1px\u00a0\u00bb ul_text_shadow_horizontal_length_tablet=\u00a0\u00bb0px\u00a0\u00bb ul_text_shadow_vertical_length_tablet=\u00a0\u00bb0px\u00a0\u00bb ul_text_shadow_blur_strength_tablet=\u00a0\u00bb1px\u00a0\u00bb ol_text_shadow_horizontal_length_tablet=\u00a0\u00bb0px\u00a0\u00bb ol_text_shadow_vertical_length_tablet=\u00a0\u00bb0px\u00a0\u00bb ol_text_shadow_blur_strength_tablet=\u00a0\u00bb1px\u00a0\u00bb quote_text_shadow_horizontal_length_tablet=\u00a0\u00bb0px\u00a0\u00bb quote_text_shadow_vertical_length_tablet=\u00a0\u00bb0px\u00a0\u00bb quote_text_shadow_blur_strength_tablet=\u00a0\u00bb1px\u00a0\u00bb header_text_shadow_horizontal_length_tablet=\u00a0\u00bb0px\u00a0\u00bb header_text_shadow_vertical_length_tablet=\u00a0\u00bb0px\u00a0\u00bb header_text_shadow_blur_strength_tablet=\u00a0\u00bb1px\u00a0\u00bb header_2_text_shadow_horizontal_length_tablet=\u00a0\u00bb0px\u00a0\u00bb header_2_text_shadow_vertical_length_tablet=\u00a0\u00bb0px\u00a0\u00bb header_2_text_shadow_blur_strength_tablet=\u00a0\u00bb1px\u00a0\u00bb header_3_text_shadow_horizontal_length_tablet=\u00a0\u00bb0px\u00a0\u00bb header_3_text_shadow_vertical_length_tablet=\u00a0\u00bb0px\u00a0\u00bb header_3_text_shadow_blur_strength_tablet=\u00a0\u00bb1px\u00a0\u00bb header_4_text_shadow_horizontal_length_tablet=\u00a0\u00bb0px\u00a0\u00bb header_4_text_shadow_vertical_length_tablet=\u00a0\u00bb0px\u00a0\u00bb header_4_text_shadow_blur_strength_tablet=\u00a0\u00bb1px\u00a0\u00bb header_5_text_shadow_horizontal_length_tablet=\u00a0\u00bb0px\u00a0\u00bb header_5_text_shadow_vertical_length_tablet=\u00a0\u00bb0px\u00a0\u00bb header_5_text_shadow_blur_strength_tablet=\u00a0\u00bb1px\u00a0\u00bb header_6_text_shadow_horizontal_length_tablet=\u00a0\u00bb0px\u00a0\u00bb header_6_text_shadow_vertical_length_tablet=\u00a0\u00bb0px\u00a0\u00bb header_6_text_shadow_blur_strength_tablet=\u00a0\u00bb1px\u00a0\u00bb box_shadow_horizontal_tablet=\u00a0\u00bb0px\u00a0\u00bb box_shadow_vertical_tablet=\u00a0\u00bb0px\u00a0\u00bb box_shadow_blur_tablet=\u00a0\u00bb40px\u00a0\u00bb box_shadow_spread_tablet=\u00a0\u00bb0px\u00a0\u00bb]<\/p>\n<p>Dans le cadre du cybermarch\u00e9 hyper-connect\u00e9 et technologiquement avanc\u00e9 actuel, pour atteindre la plus grande fiabilit\u00e9 et s\u00e9curit\u00e9, vous devez investir dans des services informatiques de haute qualit\u00e9. Une bonne gestion peut s\u2019assurer que tous les outils de travail et les lieux d\u2019acc\u00e8s respectifs seront toujours disponibles. Si une urgence se produit, tous les probl\u00e8mes peuvent \u00eatre r\u00e9solus rapidement.<\/p>\n<p>Lorsque vous choisissez les services d\u2019All It Host, votre entreprise commence d\u00e9j\u00e0 \u00e0 profiter du meilleur du monde informatique. Vous d\u00e9couvrirez une voie de s\u00e9curit\u00e9 fondamentale et de praticit\u00e9 dans chaque processus de ressources technologiques de votre entreprise. Avec nous, vous serez exempt\u00e9 des soucis et inconv\u00e9nients possibles avec l\u2019informatique et le cloud. Nous nous occuperons de toutes vos technicit\u00e9s et complexit\u00e9s informatiques.<\/p>\n<p>Nous vous lib\u00e9rerons de vos probl\u00e8mes informatiques, et nous prendrons vos responsabilit\u00e9s techniques en tant que partenaires experts en question informatiques. Nous pensons en termes de co\u00fbt-avantage. Ainsi, nous sommes en mesure d\u2019offrir nos services d\u2019externalisation informatique avec des prix de d\u00e9part qui r\u00e9pondent aux petites, moyennes et grandes entreprises, sans compromettre la qualit\u00e9 de nos services.<\/p>\n<h3>Comment pouvons-nous faire cela?<\/h3>\n<p>Nous savons qu\u2019au moins 60% des heures de travail de votre \u00e9quipe d\u2019informatique sont pass\u00e9es au ralenti, entre les t\u00e2ches. Peut-\u00eatre pendant qu\u2019un serveur passe par une mise \u00e0 jour, ou pendant qu\u2019il t\u00e9l\u00e9charge les derniers correctifs.<\/p>\n<p>Notre \u00e9quipe n\u2019est jamais inactive. En attendant la fin d\u2019un travail, nous pouvons nous occupez d\u2019un autre tout de suite. Et tous ces travaux sont faits avec le meilleur de nos connaissances, aussi vite que n\u00e9cessaire, et avec notre engagement envers les normes et les horaires. Nous disposons d\u2019un ensemble complet d\u2019outils pour automatiser et faciliter tous les processus li\u00e9s \u00e0 l\u2019entretien de vos syst\u00e8mes informatiques.<\/p>\n<p>Avec notre \u00e9quipe sp\u00e9cialis\u00e9e, nous \u00e9valuons d\u2019abord votre infrastructure, y compris les points li\u00e9s \u00e0 vos r\u00e8gles d\u2019affaires, tels que vos factures actuelles, afin que nous puissions vous fournir des plans qui permettront de r\u00e9duire les co\u00fbts et d\u2019augmenter les b\u00e9n\u00e9fices et les \u00e9conomies. Avec nos plans d\u2019infrastructure informatique, vos factures d\u2019\u00e9lectricit\u00e9, d\u2019Internet et de t\u00e9l\u00e9phone seront bien inf\u00e9rieures, comme preuve que l\u2019utilisation de nos services \u00e9tait la meilleure d\u00e9cision.<\/p>\n<p>Oui, nous avons des sp\u00e9cialistes dans tous les domaines de l\u2019informatique. Et nous sommes soucieux de donner le meilleur rendement sur votre investissement informatique. <\/p>\n<h3>Gestion et Soutien<\/h3>\n<p>Peu importe que votre infrastructure informatique soit h\u00e9berg\u00e9e localement ou chez un autre fournisseur cloud. Nous maintiendrons, surveillerons et prot\u00e9gerons vos syst\u00e8mes, et d\u00e9ploierons toutes les configurations n\u00e9cessaires. Votre entreprise aura une attention permanente de notre \u00e9quipe d\u2019experts.<\/p>\n<p>Si votre connexion Internet est instable ou si vous n\u2019\u00eates pas en mesure de vous connecter au Web, vous n\u2019avez qu\u2019\u00e0 contacter notre \u00e9quipe de support. Nous regarderons \u00e0 travers les serveurs de votre entreprise et fournirons toutes les informations n\u00e9cessaires \u00e0 un correctif rapide. Notre objectif est de vous aider, vous, notre client, m\u00eame si vous n\u2019\u00eates pas l\u2019un de nos clients Cloud.<\/p>\n<p>Avec plus de deux d\u00e9cennies d\u2019exp\u00e9rience dans la gestion et le soutien des r\u00e9seaux locaux et distants, des centres de donn\u00e9es, des bureaux distants et toutes sortes de r\u00e8gles et de march\u00e9s d\u2019affaires, nous sommes en mesure de fournir un soutien expert 24\/7\/365.<\/p>\n<p>Nos services de support informatique et de management incluent, entre autres:<br \/>Surveillance et entretien des routeurs et des pare-feu, ainsi que configuration et administration VPN ; sauvegarde r\u00e9currente de tous les fichiers de configuration ; contr\u00f4le d&rsquo;acc\u00e8s Web ; S\u00e9curit\u00e9, gestion et surveillance des e-mails; Planification, d\u00e9ploiement et gestion AD, DHCP et DNS.<\/p>\n<ul>\n<li>Prise en charge mat\u00e9rielle et logicielle : prise en charge \u00e0 distance des probl\u00e8mes g\u00e9n\u00e9raux sur les ordinateurs et les serveurs ; prise en charge de l\u2019acc\u00e8s aux utilisateurs de VPN et de r\u00e9seau.<\/li>\n<li>Installation, surveillance et d\u00e9pannage des logiciels, y compris la configuration \u00e0 distance et locale, la planification, le d\u00e9veloppement et le d\u00e9ploiement de solutions logicielles.<\/li>\n<li>Liaison avec le support tiers pour les probl\u00e8mes li\u00e9s aux FAI, y compris les probl\u00e8mes de connectivit\u00e9, les changements de r\u00e9seau et les mises \u00e0 jour ; liaison de support tiers pour les fournisseurs de mat\u00e9riel et de logiciels, y compris les mises \u00e0 jour, les mises \u00e0 niveau et l&rsquo;assistance g\u00e9n\u00e9rale aux utilisateurs.<\/li>\n<\/ul>\n<p>Comme nous savons que les demandes li\u00e9es \u00e0 l\u2019informatique peuvent passer d\u2019une entreprise \u00e0 une autre, nous, chez ALL IT HOST, \u00e9tablirons un plan personnalis\u00e9 pour chacun de nos clients.<\/p>\n<p>Nous avons un projet sp\u00e9cifique pour votre entreprise, contactez-nous!<\/p>\n<p><a href=\"http:\/\/home\" data-wplink-url-error=\"true\">ALL IT HOST<\/a><\/p>\n<p>[\/et_pb_text][\/et_pb_column][\/et_pb_row][\/et_pb_section]<\/p>\n","protected":false},"excerpt":{"rendered":"<p>GESTION ET SOUTIEN INFORMATIQUES\u00c9valuez, analysez et g\u00e9rez : nous r\u00e9alisons le meilleur pour votre entreprise!Dans le cadre du cybermarch\u00e9 hyper-connect\u00e9 et technologiquement avanc\u00e9 actuel, pour atteindre la plus grande fiabilit\u00e9 et s\u00e9curit\u00e9, vous devez investir dans des services informatiques de haute qualit\u00e9. Une bonne gestion peut s\u2019assurer que tous les outils de travail et les [&hellip;]<\/p>\n","protected":false},"author":5,"featured_media":0,"parent":48413,"menu_order":0,"comment_status":"closed","ping_status":"closed","template":"","meta":{"_et_pb_use_builder":"on","_et_pb_old_content":"","_et_gb_content_width":"","footnotes":""},"class_list":["post-47619","page","type-page","status-publish","hentry"],"yoast_head":"<!-- This site is optimized with the Yoast SEO plugin v27.4 - https:\/\/yoast.com\/product\/yoast-seo-wordpress\/ -->\n<title>GESTION ET SOUTIEN INFORMATIQUES - All It Host<\/title>\n<meta name=\"robots\" content=\"index, follow, max-snippet:-1, max-image-preview:large, max-video-preview:-1\" \/>\n<link rel=\"canonical\" href=\"https:\/\/allithost.com\/fr\/produits\/gestion-et-soutien-informatiques\/\" \/>\n<meta property=\"og:locale\" content=\"fr_FR\" \/>\n<meta property=\"og:type\" content=\"article\" \/>\n<meta property=\"og:title\" content=\"GESTION ET SOUTIEN INFORMATIQUES - All It Host\" \/>\n<meta property=\"og:description\" content=\"GESTION ET SOUTIEN INFORMATIQUES\u00c9valuez, analysez et g\u00e9rez : nous r\u00e9alisons le meilleur pour votre entreprise!Dans le cadre du cybermarch\u00e9 hyper-connect\u00e9 et technologiquement avanc\u00e9 actuel, pour atteindre la plus grande fiabilit\u00e9 et s\u00e9curit\u00e9, vous devez investir dans des services informatiques de haute qualit\u00e9. Une bonne gestion peut s\u2019assurer que tous les outils de travail et les [&hellip;]\" \/>\n<meta property=\"og:url\" content=\"https:\/\/allithost.com\/fr\/produits\/gestion-et-soutien-informatiques\/\" \/>\n<meta property=\"og:site_name\" content=\"All It Host\" \/>\n<meta property=\"article:publisher\" content=\"https:\/\/www.facebook.com\/allithost\" \/>\n<meta property=\"article:modified_time\" content=\"2020-10-17T13:20:06+00:00\" \/>\n<meta property=\"og:image\" content=\"https:\/\/allithost.com\/wp-content\/uploads\/2020\/09\/04-Logo-Allithost-1-1-e1600720431694.png\" \/>\n\t<meta property=\"og:image:width\" content=\"600\" \/>\n\t<meta property=\"og:image:height\" content=\"117\" \/>\n\t<meta property=\"og:image:type\" content=\"image\/png\" \/>\n<meta name=\"twitter:card\" content=\"summary_large_image\" \/>\n<meta name=\"twitter:site\" content=\"@allithost\" \/>\n<meta name=\"twitter:label1\" content=\"Dur\u00e9e de lecture estim\u00e9e\" \/>\n\t<meta name=\"twitter:data1\" content=\"9 minutes\" \/>\n<script type=\"application\/ld+json\" class=\"yoast-schema-graph\">{\"@context\":\"https:\\\/\\\/schema.org\",\"@graph\":[{\"@type\":\"WebPage\",\"@id\":\"https:\\\/\\\/allithost.com\\\/fr\\\/produits\\\/gestion-et-soutien-informatiques\\\/\",\"url\":\"https:\\\/\\\/allithost.com\\\/fr\\\/produits\\\/gestion-et-soutien-informatiques\\\/\",\"name\":\"GESTION ET SOUTIEN INFORMATIQUES - All It Host\",\"isPartOf\":{\"@id\":\"https:\\\/\\\/allithost.com\\\/fr\\\/#website\"},\"datePublished\":\"2020-09-30T11:54:49+00:00\",\"dateModified\":\"2020-10-17T13:20:06+00:00\",\"breadcrumb\":{\"@id\":\"https:\\\/\\\/allithost.com\\\/fr\\\/produits\\\/gestion-et-soutien-informatiques\\\/#breadcrumb\"},\"inLanguage\":\"fr-FR\",\"potentialAction\":[{\"@type\":\"ReadAction\",\"target\":[\"https:\\\/\\\/allithost.com\\\/fr\\\/produits\\\/gestion-et-soutien-informatiques\\\/\"]}]},{\"@type\":\"BreadcrumbList\",\"@id\":\"https:\\\/\\\/allithost.com\\\/fr\\\/produits\\\/gestion-et-soutien-informatiques\\\/#breadcrumb\",\"itemListElement\":[{\"@type\":\"ListItem\",\"position\":1,\"name\":\"Home\",\"item\":\"https:\\\/\\\/allithost.com\\\/fr\\\/\"},{\"@type\":\"ListItem\",\"position\":2,\"name\":\"Produits\",\"item\":\"https:\\\/\\\/allithost.com\\\/fr\\\/products\\\/\"},{\"@type\":\"ListItem\",\"position\":3,\"name\":\"GESTION ET SOUTIEN INFORMATIQUES\"}]},{\"@type\":\"WebSite\",\"@id\":\"https:\\\/\\\/allithost.com\\\/fr\\\/#website\",\"url\":\"https:\\\/\\\/allithost.com\\\/fr\\\/\",\"name\":\"All It Host\",\"description\":\"The Cloud Computing Revolution\",\"publisher\":{\"@id\":\"https:\\\/\\\/allithost.com\\\/fr\\\/#organization\"},\"potentialAction\":[{\"@type\":\"SearchAction\",\"target\":{\"@type\":\"EntryPoint\",\"urlTemplate\":\"https:\\\/\\\/allithost.com\\\/fr\\\/?s={search_term_string}\"},\"query-input\":{\"@type\":\"PropertyValueSpecification\",\"valueRequired\":true,\"valueName\":\"search_term_string\"}}],\"inLanguage\":\"fr-FR\"},{\"@type\":\"Organization\",\"@id\":\"https:\\\/\\\/allithost.com\\\/fr\\\/#organization\",\"name\":\"All IT Host Inc.\",\"url\":\"https:\\\/\\\/allithost.com\\\/fr\\\/\",\"logo\":{\"@type\":\"ImageObject\",\"inLanguage\":\"fr-FR\",\"@id\":\"https:\\\/\\\/allithost.com\\\/fr\\\/#\\\/schema\\\/logo\\\/image\\\/\",\"url\":\"https:\\\/\\\/allithost.com\\\/wp-content\\\/uploads\\\/2020\\\/08\\\/02-Logo-Allithost--e1600304778301.png\",\"contentUrl\":\"https:\\\/\\\/allithost.com\\\/wp-content\\\/uploads\\\/2020\\\/08\\\/02-Logo-Allithost--e1600304778301.png\",\"width\":116,\"height\":94,\"caption\":\"All IT Host Inc.\"},\"image\":{\"@id\":\"https:\\\/\\\/allithost.com\\\/fr\\\/#\\\/schema\\\/logo\\\/image\\\/\"},\"sameAs\":[\"https:\\\/\\\/www.facebook.com\\\/allithost\",\"https:\\\/\\\/x.com\\\/allithost\",\"http:\\\/\\\/www.linkedin.com\\\/company\\\/all-it-host\"]}]}<\/script>\n<!-- \/ Yoast SEO plugin. -->","yoast_head_json":{"title":"GESTION ET SOUTIEN INFORMATIQUES - All It Host","robots":{"index":"index","follow":"follow","max-snippet":"max-snippet:-1","max-image-preview":"max-image-preview:large","max-video-preview":"max-video-preview:-1"},"canonical":"https:\/\/allithost.com\/fr\/produits\/gestion-et-soutien-informatiques\/","og_locale":"fr_FR","og_type":"article","og_title":"GESTION ET SOUTIEN INFORMATIQUES - All It Host","og_description":"GESTION ET SOUTIEN INFORMATIQUES\u00c9valuez, analysez et g\u00e9rez : nous r\u00e9alisons le meilleur pour votre entreprise!Dans le cadre du cybermarch\u00e9 hyper-connect\u00e9 et technologiquement avanc\u00e9 actuel, pour atteindre la plus grande fiabilit\u00e9 et s\u00e9curit\u00e9, vous devez investir dans des services informatiques de haute qualit\u00e9. Une bonne gestion peut s\u2019assurer que tous les outils de travail et les [&hellip;]","og_url":"https:\/\/allithost.com\/fr\/produits\/gestion-et-soutien-informatiques\/","og_site_name":"All It Host","article_publisher":"https:\/\/www.facebook.com\/allithost","article_modified_time":"2020-10-17T13:20:06+00:00","og_image":[{"width":600,"height":117,"url":"https:\/\/allithost.com\/wp-content\/uploads\/2020\/09\/04-Logo-Allithost-1-1-e1600720431694.png","type":"image\/png"}],"twitter_card":"summary_large_image","twitter_site":"@allithost","twitter_misc":{"Dur\u00e9e de lecture estim\u00e9e":"9 minutes"},"schema":{"@context":"https:\/\/schema.org","@graph":[{"@type":"WebPage","@id":"https:\/\/allithost.com\/fr\/produits\/gestion-et-soutien-informatiques\/","url":"https:\/\/allithost.com\/fr\/produits\/gestion-et-soutien-informatiques\/","name":"GESTION ET SOUTIEN INFORMATIQUES - All It Host","isPartOf":{"@id":"https:\/\/allithost.com\/fr\/#website"},"datePublished":"2020-09-30T11:54:49+00:00","dateModified":"2020-10-17T13:20:06+00:00","breadcrumb":{"@id":"https:\/\/allithost.com\/fr\/produits\/gestion-et-soutien-informatiques\/#breadcrumb"},"inLanguage":"fr-FR","potentialAction":[{"@type":"ReadAction","target":["https:\/\/allithost.com\/fr\/produits\/gestion-et-soutien-informatiques\/"]}]},{"@type":"BreadcrumbList","@id":"https:\/\/allithost.com\/fr\/produits\/gestion-et-soutien-informatiques\/#breadcrumb","itemListElement":[{"@type":"ListItem","position":1,"name":"Home","item":"https:\/\/allithost.com\/fr\/"},{"@type":"ListItem","position":2,"name":"Produits","item":"https:\/\/allithost.com\/fr\/products\/"},{"@type":"ListItem","position":3,"name":"GESTION ET SOUTIEN INFORMATIQUES"}]},{"@type":"WebSite","@id":"https:\/\/allithost.com\/fr\/#website","url":"https:\/\/allithost.com\/fr\/","name":"All It Host","description":"The Cloud Computing Revolution","publisher":{"@id":"https:\/\/allithost.com\/fr\/#organization"},"potentialAction":[{"@type":"SearchAction","target":{"@type":"EntryPoint","urlTemplate":"https:\/\/allithost.com\/fr\/?s={search_term_string}"},"query-input":{"@type":"PropertyValueSpecification","valueRequired":true,"valueName":"search_term_string"}}],"inLanguage":"fr-FR"},{"@type":"Organization","@id":"https:\/\/allithost.com\/fr\/#organization","name":"All IT Host Inc.","url":"https:\/\/allithost.com\/fr\/","logo":{"@type":"ImageObject","inLanguage":"fr-FR","@id":"https:\/\/allithost.com\/fr\/#\/schema\/logo\/image\/","url":"https:\/\/allithost.com\/wp-content\/uploads\/2020\/08\/02-Logo-Allithost--e1600304778301.png","contentUrl":"https:\/\/allithost.com\/wp-content\/uploads\/2020\/08\/02-Logo-Allithost--e1600304778301.png","width":116,"height":94,"caption":"All IT Host Inc."},"image":{"@id":"https:\/\/allithost.com\/fr\/#\/schema\/logo\/image\/"},"sameAs":["https:\/\/www.facebook.com\/allithost","https:\/\/x.com\/allithost","http:\/\/www.linkedin.com\/company\/all-it-host"]}]}},"_links":{"self":[{"href":"https:\/\/allithost.com\/fr\/wp-json\/wp\/v2\/pages\/47619","targetHints":{"allow":["GET"]}}],"collection":[{"href":"https:\/\/allithost.com\/fr\/wp-json\/wp\/v2\/pages"}],"about":[{"href":"https:\/\/allithost.com\/fr\/wp-json\/wp\/v2\/types\/page"}],"author":[{"embeddable":true,"href":"https:\/\/allithost.com\/fr\/wp-json\/wp\/v2\/users\/5"}],"replies":[{"embeddable":true,"href":"https:\/\/allithost.com\/fr\/wp-json\/wp\/v2\/comments?post=47619"}],"version-history":[{"count":0,"href":"https:\/\/allithost.com\/fr\/wp-json\/wp\/v2\/pages\/47619\/revisions"}],"up":[{"embeddable":true,"href":"https:\/\/allithost.com\/fr\/wp-json\/wp\/v2\/pages\/48413"}],"wp:attachment":[{"href":"https:\/\/allithost.com\/fr\/wp-json\/wp\/v2\/media?parent=47619"}],"curies":[{"name":"wp","href":"https:\/\/api.w.org\/{rel}","templated":true}]}}