{"id":48673,"date":"2020-10-01T20:13:31","date_gmt":"2020-10-01T20:13:31","guid":{"rendered":"http:\/\/96.46.250.135\/allithost\/products\/soporte-y-administracion-ti-2\/"},"modified":"2020-10-17T13:17:51","modified_gmt":"2020-10-17T13:17:51","slug":"soporte-y-administracion-ti-2","status":"publish","type":"page","link":"https:\/\/allithost.com\/es\/products\/soporte-y-administracion-ti-2\/","title":{"rendered":"Soporte y Administraci\u00f3n TI"},"content":{"rendered":"<p>[et_pb_section fb_built=\u00bb1&#8243; _builder_version=\u00bb3.22&#8243; collapsed=\u00bbon\u00bb][et_pb_row _builder_version=\u00bb3.25&#8243;][et_pb_column type=\u00bb4_4&#8243; _builder_version=\u00bb3.25&#8243; custom_padding=\u00bb|||\u00bb custom_padding__hover=\u00bb|||\u00bb][et_pb_text _builder_version=\u00bb4.6.5&#8243; _module_preset=\u00bbdb8bf3f5-f1c3-43f0-bc1e-ca238db48424&#8243; header_text_align=\u00bbright\u00bb background_image=\u00bbhttps:\/\/allithost.com\/\/wp-content\/uploads\/2020\/08\/Line-04-1-300&#215;1.png\u00bb background_size=\u00bbcontain\u00bb background_position=\u00bbbottom_right\u00bb vertical_offset_tablet=\u00bb0&#8243; horizontal_offset_tablet=\u00bb0&#8243; custom_padding=\u00bb2px|||||\u00bb z_index_tablet=\u00bb0&#8243; text_text_shadow_horizontal_length_tablet=\u00bb0px\u00bb text_text_shadow_vertical_length_tablet=\u00bb0px\u00bb text_text_shadow_blur_strength_tablet=\u00bb1px\u00bb link_text_shadow_horizontal_length_tablet=\u00bb0px\u00bb link_text_shadow_vertical_length_tablet=\u00bb0px\u00bb link_text_shadow_blur_strength_tablet=\u00bb1px\u00bb ul_text_shadow_horizontal_length_tablet=\u00bb0px\u00bb ul_text_shadow_vertical_length_tablet=\u00bb0px\u00bb ul_text_shadow_blur_strength_tablet=\u00bb1px\u00bb ol_text_shadow_horizontal_length_tablet=\u00bb0px\u00bb ol_text_shadow_vertical_length_tablet=\u00bb0px\u00bb ol_text_shadow_blur_strength_tablet=\u00bb1px\u00bb quote_text_shadow_horizontal_length_tablet=\u00bb0px\u00bb quote_text_shadow_vertical_length_tablet=\u00bb0px\u00bb quote_text_shadow_blur_strength_tablet=\u00bb1px\u00bb header_text_shadow_horizontal_length_tablet=\u00bb0px\u00bb header_text_shadow_vertical_length_tablet=\u00bb0px\u00bb header_text_shadow_blur_strength_tablet=\u00bb1px\u00bb header_2_text_shadow_horizontal_length_tablet=\u00bb0px\u00bb header_2_text_shadow_vertical_length_tablet=\u00bb0px\u00bb header_2_text_shadow_blur_strength_tablet=\u00bb1px\u00bb header_3_text_shadow_horizontal_length_tablet=\u00bb0px\u00bb header_3_text_shadow_vertical_length_tablet=\u00bb0px\u00bb header_3_text_shadow_blur_strength_tablet=\u00bb1px\u00bb header_4_text_shadow_horizontal_length_tablet=\u00bb0px\u00bb header_4_text_shadow_vertical_length_tablet=\u00bb0px\u00bb header_4_text_shadow_blur_strength_tablet=\u00bb1px\u00bb header_5_text_shadow_horizontal_length_tablet=\u00bb0px\u00bb header_5_text_shadow_vertical_length_tablet=\u00bb0px\u00bb header_5_text_shadow_blur_strength_tablet=\u00bb1px\u00bb header_6_text_shadow_horizontal_length_tablet=\u00bb0px\u00bb header_6_text_shadow_vertical_length_tablet=\u00bb0px\u00bb header_6_text_shadow_blur_strength_tablet=\u00bb1px\u00bb box_shadow_horizontal_tablet=\u00bb0px\u00bb box_shadow_vertical_tablet=\u00bb0px\u00bb box_shadow_blur_tablet=\u00bb40px\u00bb box_shadow_spread_tablet=\u00bb0px\u00bb]<\/p>\n<h1>Soporte y Administraci\u00f3n TI<\/h1>\n<p>[\/et_pb_text][et_pb_text _builder_version=\u00bb4.6.5&#8243; _module_preset=\u00bbdb8bf3f5-f1c3-43f0-bc1e-ca238db48424&#8243; vertical_offset_tablet=\u00bb0&#8243; horizontal_offset_tablet=\u00bb0&#8243; custom_padding=\u00bb2px|||||\u00bb z_index_tablet=\u00bb0&#8243; text_text_shadow_horizontal_length_tablet=\u00bb0px\u00bb text_text_shadow_vertical_length_tablet=\u00bb0px\u00bb text_text_shadow_blur_strength_tablet=\u00bb1px\u00bb link_text_shadow_horizontal_length_tablet=\u00bb0px\u00bb link_text_shadow_vertical_length_tablet=\u00bb0px\u00bb link_text_shadow_blur_strength_tablet=\u00bb1px\u00bb ul_text_shadow_horizontal_length_tablet=\u00bb0px\u00bb ul_text_shadow_vertical_length_tablet=\u00bb0px\u00bb ul_text_shadow_blur_strength_tablet=\u00bb1px\u00bb ol_text_shadow_horizontal_length_tablet=\u00bb0px\u00bb ol_text_shadow_vertical_length_tablet=\u00bb0px\u00bb ol_text_shadow_blur_strength_tablet=\u00bb1px\u00bb quote_text_shadow_horizontal_length_tablet=\u00bb0px\u00bb quote_text_shadow_vertical_length_tablet=\u00bb0px\u00bb quote_text_shadow_blur_strength_tablet=\u00bb1px\u00bb header_text_shadow_horizontal_length_tablet=\u00bb0px\u00bb header_text_shadow_vertical_length_tablet=\u00bb0px\u00bb header_text_shadow_blur_strength_tablet=\u00bb1px\u00bb header_2_text_shadow_horizontal_length_tablet=\u00bb0px\u00bb header_2_text_shadow_vertical_length_tablet=\u00bb0px\u00bb header_2_text_shadow_blur_strength_tablet=\u00bb1px\u00bb header_3_text_shadow_horizontal_length_tablet=\u00bb0px\u00bb header_3_text_shadow_vertical_length_tablet=\u00bb0px\u00bb header_3_text_shadow_blur_strength_tablet=\u00bb1px\u00bb header_4_text_shadow_horizontal_length_tablet=\u00bb0px\u00bb header_4_text_shadow_vertical_length_tablet=\u00bb0px\u00bb header_4_text_shadow_blur_strength_tablet=\u00bb1px\u00bb header_5_text_shadow_horizontal_length_tablet=\u00bb0px\u00bb header_5_text_shadow_vertical_length_tablet=\u00bb0px\u00bb header_5_text_shadow_blur_strength_tablet=\u00bb1px\u00bb header_6_text_shadow_horizontal_length_tablet=\u00bb0px\u00bb header_6_text_shadow_vertical_length_tablet=\u00bb0px\u00bb header_6_text_shadow_blur_strength_tablet=\u00bb1px\u00bb box_shadow_horizontal_tablet=\u00bb0px\u00bb box_shadow_vertical_tablet=\u00bb0px\u00bb box_shadow_blur_tablet=\u00bb40px\u00bb box_shadow_spread_tablet=\u00bb0px\u00bb]<\/p>\n<h2>Eval\u00faa, analiza, y ejecuta: hacemos lo que sea mejor para tu empresa.<\/h2>\n<p>[\/et_pb_text][et_pb_text _builder_version=\u00bb4.6.5&#8243; _module_preset=\u00bb0e7b0c3f-5c05-474d-8e4a-716f1207d1aa\u00bb vertical_offset_tablet=\u00bb0&#8243; horizontal_offset_tablet=\u00bb0&#8243; custom_padding=\u00bb2px|||||\u00bb z_index_tablet=\u00bb0&#8243; text_text_shadow_horizontal_length_tablet=\u00bb0px\u00bb text_text_shadow_vertical_length_tablet=\u00bb0px\u00bb text_text_shadow_blur_strength_tablet=\u00bb1px\u00bb link_text_shadow_horizontal_length_tablet=\u00bb0px\u00bb link_text_shadow_vertical_length_tablet=\u00bb0px\u00bb link_text_shadow_blur_strength_tablet=\u00bb1px\u00bb ul_text_shadow_horizontal_length_tablet=\u00bb0px\u00bb ul_text_shadow_vertical_length_tablet=\u00bb0px\u00bb ul_text_shadow_blur_strength_tablet=\u00bb1px\u00bb ol_text_shadow_horizontal_length_tablet=\u00bb0px\u00bb ol_text_shadow_vertical_length_tablet=\u00bb0px\u00bb ol_text_shadow_blur_strength_tablet=\u00bb1px\u00bb quote_text_shadow_horizontal_length_tablet=\u00bb0px\u00bb quote_text_shadow_vertical_length_tablet=\u00bb0px\u00bb quote_text_shadow_blur_strength_tablet=\u00bb1px\u00bb header_text_shadow_horizontal_length_tablet=\u00bb0px\u00bb header_text_shadow_vertical_length_tablet=\u00bb0px\u00bb header_text_shadow_blur_strength_tablet=\u00bb1px\u00bb header_2_text_shadow_horizontal_length_tablet=\u00bb0px\u00bb header_2_text_shadow_vertical_length_tablet=\u00bb0px\u00bb header_2_text_shadow_blur_strength_tablet=\u00bb1px\u00bb header_3_text_shadow_horizontal_length_tablet=\u00bb0px\u00bb header_3_text_shadow_vertical_length_tablet=\u00bb0px\u00bb header_3_text_shadow_blur_strength_tablet=\u00bb1px\u00bb header_4_text_shadow_horizontal_length_tablet=\u00bb0px\u00bb header_4_text_shadow_vertical_length_tablet=\u00bb0px\u00bb header_4_text_shadow_blur_strength_tablet=\u00bb1px\u00bb header_5_text_shadow_horizontal_length_tablet=\u00bb0px\u00bb header_5_text_shadow_vertical_length_tablet=\u00bb0px\u00bb header_5_text_shadow_blur_strength_tablet=\u00bb1px\u00bb header_6_text_shadow_horizontal_length_tablet=\u00bb0px\u00bb header_6_text_shadow_vertical_length_tablet=\u00bb0px\u00bb header_6_text_shadow_blur_strength_tablet=\u00bb1px\u00bb box_shadow_horizontal_tablet=\u00bb0px\u00bb box_shadow_vertical_tablet=\u00bb0px\u00bb box_shadow_blur_tablet=\u00bb40px\u00bb box_shadow_spread_tablet=\u00bb0px\u00bb]<\/p>\n<p>Como parte de la corriente hiper conectada y un mercado virtual tecnol\u00f3gicamente avanzado, para alcanzar la m\u00e1s alta fiabilidad y seguridad, tiene que invertir en un servicio TI de alta calidad. Una buena administraci\u00f3n puede asegurar que todas las herramientas y lugares de acceso respectivos est\u00e9n siempre disponibles. Si ocurriese alguna emergencia, todos los problemas podr\u00e1n ser resueltos enseguida.<\/p>\n<p>Al pedir los servicios de All IT Host, tu compa\u00f1\u00eda ya comienza a disfrutar lo mejor del mundo TI. Descubrir\u00e1 un camino de seguridad y factibilidad en cada proceso de recursos tecnol\u00f3gicos de su compa\u00f1\u00eda. Con nosotros, ser\u00e1 exento de posibles inconveniencias y preocupaciones con TI y Cloud. Nos encargaremos de las complejidades y tecnicismos que tu TI pueda presentar.<\/p>\n<p>Te liberaremos de tus problemas TI, y cogeremos esas responsabilidades t\u00e9cnicas como tus socios expertos en cualquier \u00e1mbito TI. Pensamos en t\u00e9rminos de tu coste-beneficio, as\u00ed que somos capaces de ofrecerte nuestros servicios de Subcontrataci\u00f3n TI con precios del comienzo de plan que acatan a compa\u00f1\u00edas peque\u00f1as, medias y grandes, sin poner en compromiso la calidad de nuestros servicios.<\/p>\n<h3>\u00bfC\u00f3mo hacemos esto?<\/h3>\n<p>Sabemos que por lo menos el 60% de las horas de trabajo de tu equipo TI se pasan inactivas entre tareas. Tal vez mientras un servidor est\u00e1 siendo actualizado, o cuando est\u00e1 descargando las \u00faltimas correcciones.<\/p>\n<p>Nuestro equipo nunca se queda inactivo. Mientras esperamos a que se termine un trabajo, podemos saltar a otro al instante. Todos estos trabajos y tareas son realizadas con nuestro mejor conocimiento de la materia a tratar, tan r\u00e1pido como se necesite, y con est\u00e1ndares de compromiso y horarios. Tenemos un set completo de herramientas para automatizar y facilitar todos los procesos relacionados con el mantenimiento tus sistemas TI.<\/p>\n<p>Con un equipo especializado, primero asesoramos tu infraestructura, incluyendo puntos relacionados con reglas empresariales, como facturas corrientes; provey\u00e9ndote as\u00ed con planes que cortar\u00e1n gastos e incrementar\u00e1n el lucro y los ahorros. Con nuestros planes de infraestructura TI, tus facturas de utilidad, Internet y tel\u00e9fono ser\u00e1n bastante m\u00e1s bajas, y ser\u00e1 evidencia que nuestros servicios fueron la mejor decisi\u00f3n a tomar.<\/p>\n<p>S\u00ed, tenemos especialistas en todas las \u00e1reas de TI, y estamos interesados en dar la mejor rentabilidad en tu inversi\u00f3n TI. <\/p>\n<h3>Administraci\u00f3n y Soporte<\/h3>\n<p>Es igual si tu infraestructura TI est\u00e1 alojada localmente o en otro proveedor de Cloud. Mantendremos, monitorizaremos y protegeremos cualquiera de tus sistemas, y desplegar cualquier configuraci\u00f3n necesaria. Tu empresa tendr\u00e1 atenci\u00f3n permanente de nuestro equipo de expertos.<\/p>\n<p>Si tu conexi\u00f3n a Internet es inestable o no es capaz de conectarse a la web, solamente tendr\u00e1 que llamar a nuestro equipo de apoyo y soporte. Miraremos los servidores de tu compa\u00f1\u00eda y proveeremos toda la informaci\u00f3n necesaria para un arreglo bueno y permanente. Nuestro objetivo es ayudarte, nuestro cliente, aun si no eres parte de nuestros clientes de Cloud.<\/p>\n<p>Con m\u00e1s de dos d\u00e9cadas de experiencia en administraci\u00f3n y soporte para redes locales y remotas, Centros de Datos oficinas remotas, y todo tipo de reglas empresariales y mercados, somos capaces de proveer soporte de un experto 24\/7\/365.<\/p>\n<p>Nuestro soporte TI y servicios de administraci\u00f3n incluyen, entre otros:<br \/>Monitorizaci\u00f3n y mantenimiento de routers y firewalls, as\u00ed como la configuraci\u00f3n VPN y administraci\u00f3n; copia de seguridad recurrente de todos los archivos de configuraci\u00f3n; control de acceso por la web; seguridad en el Email; monitorizaci\u00f3n y administraci\u00f3n; planificaci\u00f3n, despliegue y administraci\u00f3n AD, DHCP, y DNS.<\/p>\n<ul>\n<li>Soporte de hardware y software: soporte remoto para cuestiones generales en servidores y ordenadores; soporte de acceso a VPN y usuarios de la red.<\/li>\n<li>Instalaci\u00f3n de software, monitorizaci\u00f3n, y soluci\u00f3n de problemas, incluyendo configuraci\u00f3n, planificaci\u00f3n, desarrollo y despliegue remoto y local de soluciones de software.<\/li>\n<li>Enlace de soporte de terceros para problemas relacionados con ISP, incluyendo de conectividad, cambio y actualizaci\u00f3n de redes; enlace de soporte para vendedores de hardware y sofrware incluyendo actualizaciones, mejoras y soporte general de usuario.<\/li>\n<\/ul>\n<p>Como conocemos que las peticiones relacionadas con TI pueden variar entre compa\u00f1\u00edas, nosotros, All It Host, crearemos un plan personalizado para cada uno de nuestros clientes.<\/p>\n<p>Tenemos un proyecto espec\u00edfico para tu compa\u00f1\u00eda, cont\u00e1ctanos.<\/p>\n<p><a href=\"http:\/\/home\" data-wplink-url-error=\"true\">ALL IT HOST<\/a><\/p>\n<p>[\/et_pb_text][\/et_pb_column][\/et_pb_row][\/et_pb_section]<\/p>\n","protected":false},"excerpt":{"rendered":"<p>Soporte y Administraci\u00f3n TIEval\u00faa, analiza, y ejecuta: hacemos lo que sea mejor para tu empresa.Como parte de la corriente hiper conectada y un mercado virtual tecnol\u00f3gicamente avanzado, para alcanzar la m\u00e1s alta fiabilidad y seguridad, tiene que invertir en un servicio TI de alta calidad. Una buena administraci\u00f3n puede asegurar que todas las herramientas y [&hellip;]<\/p>\n","protected":false},"author":5,"featured_media":0,"parent":48434,"menu_order":0,"comment_status":"closed","ping_status":"closed","template":"","meta":{"_et_pb_use_builder":"on","_et_pb_old_content":"","_et_gb_content_width":"","footnotes":""},"class_list":["post-48673","page","type-page","status-publish","hentry"],"yoast_head":"<!-- This site is optimized with the Yoast SEO plugin v27.4 - https:\/\/yoast.com\/product\/yoast-seo-wordpress\/ -->\n<title>Soporte y Administraci\u00f3n TI - All It Host<\/title>\n<meta name=\"robots\" content=\"index, follow, max-snippet:-1, max-image-preview:large, max-video-preview:-1\" \/>\n<link rel=\"canonical\" href=\"https:\/\/allithost.com\/es\/products\/soporte-y-administracion-ti-2\/\" \/>\n<meta property=\"og:locale\" content=\"es_ES\" \/>\n<meta property=\"og:type\" content=\"article\" \/>\n<meta property=\"og:title\" content=\"Soporte y Administraci\u00f3n TI - All It Host\" \/>\n<meta property=\"og:description\" content=\"Soporte y Administraci\u00f3n TIEval\u00faa, analiza, y ejecuta: hacemos lo que sea mejor para tu empresa.Como parte de la corriente hiper conectada y un mercado virtual tecnol\u00f3gicamente avanzado, para alcanzar la m\u00e1s alta fiabilidad y seguridad, tiene que invertir en un servicio TI de alta calidad. Una buena administraci\u00f3n puede asegurar que todas las herramientas y [&hellip;]\" \/>\n<meta property=\"og:url\" content=\"https:\/\/allithost.com\/es\/products\/soporte-y-administracion-ti-2\/\" \/>\n<meta property=\"og:site_name\" content=\"All It Host\" \/>\n<meta property=\"article:publisher\" content=\"https:\/\/www.facebook.com\/allithost\" \/>\n<meta property=\"article:modified_time\" content=\"2020-10-17T13:17:51+00:00\" \/>\n<meta property=\"og:image\" content=\"https:\/\/allithost.com\/wp-content\/uploads\/2020\/09\/04-Logo-Allithost-1-1-e1600720431694.png\" \/>\n\t<meta property=\"og:image:width\" content=\"600\" \/>\n\t<meta property=\"og:image:height\" content=\"117\" \/>\n\t<meta property=\"og:image:type\" content=\"image\/png\" \/>\n<meta name=\"twitter:card\" content=\"summary_large_image\" \/>\n<meta name=\"twitter:site\" content=\"@allithost\" \/>\n<meta name=\"twitter:label1\" content=\"Tiempo de lectura\" \/>\n\t<meta name=\"twitter:data1\" content=\"8 minutos\" \/>\n<script type=\"application\/ld+json\" class=\"yoast-schema-graph\">{\"@context\":\"https:\\\/\\\/schema.org\",\"@graph\":[{\"@type\":\"WebPage\",\"@id\":\"https:\\\/\\\/allithost.com\\\/es\\\/products\\\/soporte-y-administracion-ti-2\\\/\",\"url\":\"https:\\\/\\\/allithost.com\\\/es\\\/products\\\/soporte-y-administracion-ti-2\\\/\",\"name\":\"Soporte y Administraci\u00f3n TI - All It Host\",\"isPartOf\":{\"@id\":\"https:\\\/\\\/allithost.com\\\/es\\\/#website\"},\"datePublished\":\"2020-10-01T20:13:31+00:00\",\"dateModified\":\"2020-10-17T13:17:51+00:00\",\"breadcrumb\":{\"@id\":\"https:\\\/\\\/allithost.com\\\/es\\\/products\\\/soporte-y-administracion-ti-2\\\/#breadcrumb\"},\"inLanguage\":\"es\",\"potentialAction\":[{\"@type\":\"ReadAction\",\"target\":[\"https:\\\/\\\/allithost.com\\\/es\\\/products\\\/soporte-y-administracion-ti-2\\\/\"]}]},{\"@type\":\"BreadcrumbList\",\"@id\":\"https:\\\/\\\/allithost.com\\\/es\\\/products\\\/soporte-y-administracion-ti-2\\\/#breadcrumb\",\"itemListElement\":[{\"@type\":\"ListItem\",\"position\":1,\"name\":\"Home\",\"item\":\"https:\\\/\\\/allithost.com\\\/es\\\/\"},{\"@type\":\"ListItem\",\"position\":2,\"name\":\"Productos\",\"item\":\"https:\\\/\\\/allithost.com\\\/es\\\/products\\\/\"},{\"@type\":\"ListItem\",\"position\":3,\"name\":\"Soporte y Administraci\u00f3n TI\"}]},{\"@type\":\"WebSite\",\"@id\":\"https:\\\/\\\/allithost.com\\\/es\\\/#website\",\"url\":\"https:\\\/\\\/allithost.com\\\/es\\\/\",\"name\":\"All It Host\",\"description\":\"The Cloud Computing Revolution\",\"publisher\":{\"@id\":\"https:\\\/\\\/allithost.com\\\/es\\\/#organization\"},\"potentialAction\":[{\"@type\":\"SearchAction\",\"target\":{\"@type\":\"EntryPoint\",\"urlTemplate\":\"https:\\\/\\\/allithost.com\\\/es\\\/?s={search_term_string}\"},\"query-input\":{\"@type\":\"PropertyValueSpecification\",\"valueRequired\":true,\"valueName\":\"search_term_string\"}}],\"inLanguage\":\"es\"},{\"@type\":\"Organization\",\"@id\":\"https:\\\/\\\/allithost.com\\\/es\\\/#organization\",\"name\":\"All IT Host Inc.\",\"url\":\"https:\\\/\\\/allithost.com\\\/es\\\/\",\"logo\":{\"@type\":\"ImageObject\",\"inLanguage\":\"es\",\"@id\":\"https:\\\/\\\/allithost.com\\\/es\\\/#\\\/schema\\\/logo\\\/image\\\/\",\"url\":\"https:\\\/\\\/allithost.com\\\/wp-content\\\/uploads\\\/2020\\\/08\\\/02-Logo-Allithost--e1600304778301.png\",\"contentUrl\":\"https:\\\/\\\/allithost.com\\\/wp-content\\\/uploads\\\/2020\\\/08\\\/02-Logo-Allithost--e1600304778301.png\",\"width\":116,\"height\":94,\"caption\":\"All IT Host Inc.\"},\"image\":{\"@id\":\"https:\\\/\\\/allithost.com\\\/es\\\/#\\\/schema\\\/logo\\\/image\\\/\"},\"sameAs\":[\"https:\\\/\\\/www.facebook.com\\\/allithost\",\"https:\\\/\\\/x.com\\\/allithost\",\"http:\\\/\\\/www.linkedin.com\\\/company\\\/all-it-host\"]}]}<\/script>\n<!-- \/ Yoast SEO plugin. -->","yoast_head_json":{"title":"Soporte y Administraci\u00f3n TI - All It Host","robots":{"index":"index","follow":"follow","max-snippet":"max-snippet:-1","max-image-preview":"max-image-preview:large","max-video-preview":"max-video-preview:-1"},"canonical":"https:\/\/allithost.com\/es\/products\/soporte-y-administracion-ti-2\/","og_locale":"es_ES","og_type":"article","og_title":"Soporte y Administraci\u00f3n TI - All It Host","og_description":"Soporte y Administraci\u00f3n TIEval\u00faa, analiza, y ejecuta: hacemos lo que sea mejor para tu empresa.Como parte de la corriente hiper conectada y un mercado virtual tecnol\u00f3gicamente avanzado, para alcanzar la m\u00e1s alta fiabilidad y seguridad, tiene que invertir en un servicio TI de alta calidad. Una buena administraci\u00f3n puede asegurar que todas las herramientas y [&hellip;]","og_url":"https:\/\/allithost.com\/es\/products\/soporte-y-administracion-ti-2\/","og_site_name":"All It Host","article_publisher":"https:\/\/www.facebook.com\/allithost","article_modified_time":"2020-10-17T13:17:51+00:00","og_image":[{"width":600,"height":117,"url":"https:\/\/allithost.com\/wp-content\/uploads\/2020\/09\/04-Logo-Allithost-1-1-e1600720431694.png","type":"image\/png"}],"twitter_card":"summary_large_image","twitter_site":"@allithost","twitter_misc":{"Tiempo de lectura":"8 minutos"},"schema":{"@context":"https:\/\/schema.org","@graph":[{"@type":"WebPage","@id":"https:\/\/allithost.com\/es\/products\/soporte-y-administracion-ti-2\/","url":"https:\/\/allithost.com\/es\/products\/soporte-y-administracion-ti-2\/","name":"Soporte y Administraci\u00f3n TI - All It Host","isPartOf":{"@id":"https:\/\/allithost.com\/es\/#website"},"datePublished":"2020-10-01T20:13:31+00:00","dateModified":"2020-10-17T13:17:51+00:00","breadcrumb":{"@id":"https:\/\/allithost.com\/es\/products\/soporte-y-administracion-ti-2\/#breadcrumb"},"inLanguage":"es","potentialAction":[{"@type":"ReadAction","target":["https:\/\/allithost.com\/es\/products\/soporte-y-administracion-ti-2\/"]}]},{"@type":"BreadcrumbList","@id":"https:\/\/allithost.com\/es\/products\/soporte-y-administracion-ti-2\/#breadcrumb","itemListElement":[{"@type":"ListItem","position":1,"name":"Home","item":"https:\/\/allithost.com\/es\/"},{"@type":"ListItem","position":2,"name":"Productos","item":"https:\/\/allithost.com\/es\/products\/"},{"@type":"ListItem","position":3,"name":"Soporte y Administraci\u00f3n TI"}]},{"@type":"WebSite","@id":"https:\/\/allithost.com\/es\/#website","url":"https:\/\/allithost.com\/es\/","name":"All It Host","description":"The Cloud Computing Revolution","publisher":{"@id":"https:\/\/allithost.com\/es\/#organization"},"potentialAction":[{"@type":"SearchAction","target":{"@type":"EntryPoint","urlTemplate":"https:\/\/allithost.com\/es\/?s={search_term_string}"},"query-input":{"@type":"PropertyValueSpecification","valueRequired":true,"valueName":"search_term_string"}}],"inLanguage":"es"},{"@type":"Organization","@id":"https:\/\/allithost.com\/es\/#organization","name":"All IT Host Inc.","url":"https:\/\/allithost.com\/es\/","logo":{"@type":"ImageObject","inLanguage":"es","@id":"https:\/\/allithost.com\/es\/#\/schema\/logo\/image\/","url":"https:\/\/allithost.com\/wp-content\/uploads\/2020\/08\/02-Logo-Allithost--e1600304778301.png","contentUrl":"https:\/\/allithost.com\/wp-content\/uploads\/2020\/08\/02-Logo-Allithost--e1600304778301.png","width":116,"height":94,"caption":"All IT Host Inc."},"image":{"@id":"https:\/\/allithost.com\/es\/#\/schema\/logo\/image\/"},"sameAs":["https:\/\/www.facebook.com\/allithost","https:\/\/x.com\/allithost","http:\/\/www.linkedin.com\/company\/all-it-host"]}]}},"_links":{"self":[{"href":"https:\/\/allithost.com\/es\/wp-json\/wp\/v2\/pages\/48673","targetHints":{"allow":["GET"]}}],"collection":[{"href":"https:\/\/allithost.com\/es\/wp-json\/wp\/v2\/pages"}],"about":[{"href":"https:\/\/allithost.com\/es\/wp-json\/wp\/v2\/types\/page"}],"author":[{"embeddable":true,"href":"https:\/\/allithost.com\/es\/wp-json\/wp\/v2\/users\/5"}],"replies":[{"embeddable":true,"href":"https:\/\/allithost.com\/es\/wp-json\/wp\/v2\/comments?post=48673"}],"version-history":[{"count":0,"href":"https:\/\/allithost.com\/es\/wp-json\/wp\/v2\/pages\/48673\/revisions"}],"up":[{"embeddable":true,"href":"https:\/\/allithost.com\/es\/wp-json\/wp\/v2\/pages\/48434"}],"wp:attachment":[{"href":"https:\/\/allithost.com\/es\/wp-json\/wp\/v2\/media?parent=48673"}],"curies":[{"name":"wp","href":"https:\/\/api.w.org\/{rel}","templated":true}]}}