{"id":48647,"date":"2020-10-01T20:01:14","date_gmt":"2020-10-01T20:01:14","guid":{"rendered":"http:\/\/96.46.250.135\/allithost\/products\/ventajas-de-cloud\/"},"modified":"2020-10-17T13:21:04","modified_gmt":"2020-10-17T13:21:04","slug":"ventajas-de-cloud","status":"publish","type":"page","link":"https:\/\/allithost.com\/es\/products\/ventajas-de-cloud\/","title":{"rendered":"Ventajas De Cloud"},"content":{"rendered":"<p>[et_pb_section fb_built=\u00bb1&#8243; _builder_version=\u00bb3.22&#8243;][et_pb_row _builder_version=\u00bb3.25&#8243;][et_pb_column type=\u00bb4_4&#8243; _builder_version=\u00bb3.0.47&#8243; custom_padding=\u00bb|||\u00bb custom_padding__hover=\u00bb|||\u00bb][et_pb_text _builder_version=\u00bb4.6.5&#8243; _module_preset=\u00bbdb8bf3f5-f1c3-43f0-bc1e-ca238db48424&#8243; header_text_align=\u00bbright\u00bb background_image=\u00bbhttps:\/\/allithost.com\/\/wp-content\/uploads\/2020\/08\/Line-04-1-300&#215;1.png\u00bb background_size=\u00bbcontain\u00bb background_position=\u00bbbottom_right\u00bb vertical_offset_tablet=\u00bb0&#8243; horizontal_offset_tablet=\u00bb0&#8243; z_index_tablet=\u00bb0&#8243; text_text_shadow_horizontal_length_tablet=\u00bb0px\u00bb text_text_shadow_vertical_length_tablet=\u00bb0px\u00bb text_text_shadow_blur_strength_tablet=\u00bb1px\u00bb link_text_shadow_horizontal_length_tablet=\u00bb0px\u00bb link_text_shadow_vertical_length_tablet=\u00bb0px\u00bb link_text_shadow_blur_strength_tablet=\u00bb1px\u00bb ul_text_shadow_horizontal_length_tablet=\u00bb0px\u00bb ul_text_shadow_vertical_length_tablet=\u00bb0px\u00bb ul_text_shadow_blur_strength_tablet=\u00bb1px\u00bb ol_text_shadow_horizontal_length_tablet=\u00bb0px\u00bb ol_text_shadow_vertical_length_tablet=\u00bb0px\u00bb ol_text_shadow_blur_strength_tablet=\u00bb1px\u00bb quote_text_shadow_horizontal_length_tablet=\u00bb0px\u00bb quote_text_shadow_vertical_length_tablet=\u00bb0px\u00bb quote_text_shadow_blur_strength_tablet=\u00bb1px\u00bb header_text_shadow_horizontal_length_tablet=\u00bb0px\u00bb header_text_shadow_vertical_length_tablet=\u00bb0px\u00bb header_text_shadow_blur_strength_tablet=\u00bb1px\u00bb header_2_text_shadow_horizontal_length_tablet=\u00bb0px\u00bb header_2_text_shadow_vertical_length_tablet=\u00bb0px\u00bb header_2_text_shadow_blur_strength_tablet=\u00bb1px\u00bb header_3_text_shadow_horizontal_length_tablet=\u00bb0px\u00bb header_3_text_shadow_vertical_length_tablet=\u00bb0px\u00bb header_3_text_shadow_blur_strength_tablet=\u00bb1px\u00bb header_4_text_shadow_horizontal_length_tablet=\u00bb0px\u00bb header_4_text_shadow_vertical_length_tablet=\u00bb0px\u00bb header_4_text_shadow_blur_strength_tablet=\u00bb1px\u00bb header_5_text_shadow_horizontal_length_tablet=\u00bb0px\u00bb header_5_text_shadow_vertical_length_tablet=\u00bb0px\u00bb header_5_text_shadow_blur_strength_tablet=\u00bb1px\u00bb header_6_text_shadow_horizontal_length_tablet=\u00bb0px\u00bb header_6_text_shadow_vertical_length_tablet=\u00bb0px\u00bb header_6_text_shadow_blur_strength_tablet=\u00bb1px\u00bb box_shadow_horizontal_tablet=\u00bb0px\u00bb box_shadow_vertical_tablet=\u00bb0px\u00bb box_shadow_blur_tablet=\u00bb40px\u00bb box_shadow_spread_tablet=\u00bb0px\u00bb]<\/p>\n<h1>Ventajas De Cloud<\/h1>\n<p>[\/et_pb_text][et_pb_text _builder_version=\u00bb4.6.5&#8243; _module_preset=\u00bbdb8bf3f5-f1c3-43f0-bc1e-ca238db48424&#8243; vertical_offset_tablet=\u00bb0&#8243; horizontal_offset_tablet=\u00bb0&#8243; z_index_tablet=\u00bb0&#8243; text_text_shadow_horizontal_length_tablet=\u00bb0px\u00bb text_text_shadow_vertical_length_tablet=\u00bb0px\u00bb text_text_shadow_blur_strength_tablet=\u00bb1px\u00bb link_text_shadow_horizontal_length_tablet=\u00bb0px\u00bb link_text_shadow_vertical_length_tablet=\u00bb0px\u00bb link_text_shadow_blur_strength_tablet=\u00bb1px\u00bb ul_text_shadow_horizontal_length_tablet=\u00bb0px\u00bb ul_text_shadow_vertical_length_tablet=\u00bb0px\u00bb ul_text_shadow_blur_strength_tablet=\u00bb1px\u00bb ol_text_shadow_horizontal_length_tablet=\u00bb0px\u00bb ol_text_shadow_vertical_length_tablet=\u00bb0px\u00bb ol_text_shadow_blur_strength_tablet=\u00bb1px\u00bb quote_text_shadow_horizontal_length_tablet=\u00bb0px\u00bb quote_text_shadow_vertical_length_tablet=\u00bb0px\u00bb quote_text_shadow_blur_strength_tablet=\u00bb1px\u00bb header_text_shadow_horizontal_length_tablet=\u00bb0px\u00bb header_text_shadow_vertical_length_tablet=\u00bb0px\u00bb header_text_shadow_blur_strength_tablet=\u00bb1px\u00bb header_2_text_shadow_horizontal_length_tablet=\u00bb0px\u00bb header_2_text_shadow_vertical_length_tablet=\u00bb0px\u00bb header_2_text_shadow_blur_strength_tablet=\u00bb1px\u00bb header_3_text_shadow_horizontal_length_tablet=\u00bb0px\u00bb header_3_text_shadow_vertical_length_tablet=\u00bb0px\u00bb header_3_text_shadow_blur_strength_tablet=\u00bb1px\u00bb header_4_text_shadow_horizontal_length_tablet=\u00bb0px\u00bb header_4_text_shadow_vertical_length_tablet=\u00bb0px\u00bb header_4_text_shadow_blur_strength_tablet=\u00bb1px\u00bb header_5_text_shadow_horizontal_length_tablet=\u00bb0px\u00bb header_5_text_shadow_vertical_length_tablet=\u00bb0px\u00bb header_5_text_shadow_blur_strength_tablet=\u00bb1px\u00bb header_6_text_shadow_horizontal_length_tablet=\u00bb0px\u00bb header_6_text_shadow_vertical_length_tablet=\u00bb0px\u00bb header_6_text_shadow_blur_strength_tablet=\u00bb1px\u00bb box_shadow_horizontal_tablet=\u00bb0px\u00bb box_shadow_vertical_tablet=\u00bb0px\u00bb box_shadow_blur_tablet=\u00bb40px\u00bb box_shadow_spread_tablet=\u00bb0px\u00bb]<\/p>\n<h2>\u00a1Consigue las mejores ventajas de Cloud para tu empresa!<\/h2>\n<p>[\/et_pb_text][et_pb_text _builder_version=\u00bb4.6.5&#8243; _module_preset=\u00bb0e7b0c3f-5c05-474d-8e4a-716f1207d1aa\u00bb vertical_offset_tablet=\u00bb0&#8243; horizontal_offset_tablet=\u00bb0&#8243; z_index_tablet=\u00bb0&#8243; text_text_shadow_horizontal_length_tablet=\u00bb0px\u00bb text_text_shadow_vertical_length_tablet=\u00bb0px\u00bb text_text_shadow_blur_strength_tablet=\u00bb1px\u00bb link_text_shadow_horizontal_length_tablet=\u00bb0px\u00bb link_text_shadow_vertical_length_tablet=\u00bb0px\u00bb link_text_shadow_blur_strength_tablet=\u00bb1px\u00bb ul_text_shadow_horizontal_length_tablet=\u00bb0px\u00bb ul_text_shadow_vertical_length_tablet=\u00bb0px\u00bb ul_text_shadow_blur_strength_tablet=\u00bb1px\u00bb ol_text_shadow_horizontal_length_tablet=\u00bb0px\u00bb ol_text_shadow_vertical_length_tablet=\u00bb0px\u00bb ol_text_shadow_blur_strength_tablet=\u00bb1px\u00bb quote_text_shadow_horizontal_length_tablet=\u00bb0px\u00bb quote_text_shadow_vertical_length_tablet=\u00bb0px\u00bb quote_text_shadow_blur_strength_tablet=\u00bb1px\u00bb header_text_shadow_horizontal_length_tablet=\u00bb0px\u00bb header_text_shadow_vertical_length_tablet=\u00bb0px\u00bb header_text_shadow_blur_strength_tablet=\u00bb1px\u00bb header_2_text_shadow_horizontal_length_tablet=\u00bb0px\u00bb header_2_text_shadow_vertical_length_tablet=\u00bb0px\u00bb header_2_text_shadow_blur_strength_tablet=\u00bb1px\u00bb header_3_text_shadow_horizontal_length_tablet=\u00bb0px\u00bb header_3_text_shadow_vertical_length_tablet=\u00bb0px\u00bb header_3_text_shadow_blur_strength_tablet=\u00bb1px\u00bb header_4_text_shadow_horizontal_length_tablet=\u00bb0px\u00bb header_4_text_shadow_vertical_length_tablet=\u00bb0px\u00bb header_4_text_shadow_blur_strength_tablet=\u00bb1px\u00bb header_5_text_shadow_horizontal_length_tablet=\u00bb0px\u00bb header_5_text_shadow_vertical_length_tablet=\u00bb0px\u00bb header_5_text_shadow_blur_strength_tablet=\u00bb1px\u00bb header_6_text_shadow_horizontal_length_tablet=\u00bb0px\u00bb header_6_text_shadow_vertical_length_tablet=\u00bb0px\u00bb header_6_text_shadow_blur_strength_tablet=\u00bb1px\u00bb box_shadow_horizontal_tablet=\u00bb0px\u00bb box_shadow_vertical_tablet=\u00bb0px\u00bb box_shadow_blur_tablet=\u00bb40px\u00bb box_shadow_spread_tablet=\u00bb0px\u00bb]Al proveer recursos ilimitados, Cloud Computing asegura amplias y esenciales ventajas tecnol\u00f3gicas para cualquier compa\u00f1\u00eda que sea atenta a las nuevas din\u00e1micas de trabajo de hoy. En ALL IT HOST, con gran experiencia en este \u00e1mbito, estamos siempre listos para proveer la mejor de las ventajas.<\/p>\n<p>En este nuevo momento de la historia, donde los avances son solo posibles por causa de la tecnolog\u00eda, ya no es necesario invertir en software y hardware. En consecuencia, tambi\u00e9n se puede ahorrar en personal t\u00e9cnico. Con Cloud Computing, solo pagar\u00edas por lo que uses, cuando lo uses.<\/p>\n<p>Al proveer una mayor agilidad en servicios de entrega TI, Cloud hace que tu empresa sea capaz de trabajar a una gran capacidad basada en la demanda, m\u00e1s alta capacidad de flexibilidad de escalabilidad e infraestructura. De esta manera, tu empresa incrementa la comunicaci\u00f3n de TI con metas corporativas y entrega a trav\u00e9s de la optimizaci\u00f3n de los procesos TI.<\/p>\n<p>Una capacidad de alto procesamiento elimina la lentitud, la cual se puede impedir, atrasar, o hacer que sea imposible que llegue a las metas y compromisos de tu compa\u00f1\u00eda.<\/p>\n<h3>Movilidad corporativa y B.I.: una combinaci\u00f3n perfecta para tu empresa.<\/h3>\n<p>La movilidad sin precedentes de Cloud es otra ventaja que le puede dar a tu empresa un m\u00e1s alto apalancamiento. Cualquier dispositivo conectado puede convertirse en otra manera de acceder a la infraestructura TI de tu empresa. Incluso las tareas de emergencia pueden hacerse a trav\u00e9s de Cloud conectado a dispositivos remotos, sin la necesidad de viajar al lugar a arreglar el problema, o conmutar cuando se hace dif\u00edcil. Esa conectividad es un recurso incre\u00edble disponible en este mismo instante.<\/p>\n<p>En un tiempo cuando las empresas estaban incre\u00edblemente estructuradas en el contexto global, la eficiencia operacional es uno de los resultados de movilidad y la relaci\u00f3n de Cloud Computing, la cual es parte de la Inteligencia de Empresa (Business Intelligence). Una ventaja que debe estar presente en tu empresa. Despu\u00e9s de todo, al recoger datos y pruebas, contribuye decisivamente a decisiones estrat\u00e9gicas.<\/p>\n<h3>AL IT HOST, porque todas las ventajas son de alta relevancia.<\/h3>\n<p>All It Host, en asociaci\u00f3n con Citrix, es un Servicio Proveedor Certificado de la App Virtual de Citrix &amp; Escritorios Cloud, especializado en la provisi\u00f3n de Escritorios Cloud, Apps, y Servidores. A las ventajas ya establecidas, existen m\u00e1s razones para las que tu empresa deber\u00eda emigrar a la plataforma de servicios Cloud, ya sea en P\u00fablico, Privado o en ambientes H\u00edbridos, como:<\/p>\n<ul>\n<li>&#8211; Bajos costes de colocaci\u00f3n (o ning\u00fan coste en general), utilidades y ahorros en mantenimiento, as\u00ed como en otros muchos costes relacionados con la infraestructura de servidores y ordenadores, ya que estar\u00e1 alojado virtual o f\u00edsicamente en nuestros Centro de Datos \u201c5-nines grade\u201d. Con nosotros, no tendr\u00e1s que preocuparte de la monitorizaci\u00f3n, datos y la seguridad de sistemas, su disponibilidad, y cualquier cosa relacionada con la infraestructura TI.<\/li>\n<li>Actualizaciones, mejoras, incrementando o disminuyendo los recursos extras, a demanda en tiempo real, eliminando cualquier contratiempo que se sol\u00eda experimentar mientras se actualizaba o mejoraba el hardware y software.<\/li>\n<li>Ahorros relacionados con costes de licencia de software, ya que las licencias pueden ser legalmente compartidas entre diferentes m\u00e1quinas virtuales, lo que no es factible al utilizar tus propias m\u00e1quinas en f\u00edsico.<\/li>\n<\/ul>\n<h3>Nuestros sistemas y seguridad de red e infraestructura, y m\u00e1s\u2026<\/h3>\n<p>La seguridad de infraestructura de All It Host cumple con los est\u00e1ndares de seguridad y las pol\u00edticas requeridas. Con nuestras medidas de cumplimiento, no hay riesgo de una m\u00e1quina comprometida contaminando la red. Adem\u00e1s, cada uno de nuestros sistemas es completamente redundante.<\/p>\n<p>El control permanente y la monitorizaci\u00f3n evitan ciberataques, brechas en la red, o fugas de datos de la empresa. Nuestros firewalls, sistemas antivirus, pol\u00edticas de copias de seguridad, procedimientos y planes de recuperaci\u00f3n de desastres, cierre de emergencia y aislamiento inmediato de la red, as\u00ed como actualizaciones de sistemas automatizadas y r\u00e1pidas y otras medidas de seguridad, lo garantizan.<\/p>\n<p>Recuperaci\u00f3n de Desastres es un \u00e1rea descuidada de TI, y la ausencia de medidas de verdad causan p\u00e9rdidas de datos, dinero y tiempo. Para evitar eso, mantenemos un a copia de seguridad cada d\u00eda para tus datos y sistemas, as\u00ed como otra disuasi\u00f3n de desastre y medidas de migraci\u00f3n. No necesitas preocuparte por la estrategia del Recuperador de Desastres, ya que lo proveemos para ti.<\/p>\n<p>Y a\u00fan hay m\u00e1s de Cloud:<\/p>\n<ul>\n<li>&#8211; Planes de alta disponibilidad, donde tenemos completa redundancia de todos tus sistemas y datos, dando paso a la supervivencia de tu empresa y continuidad si un desastre choca con tus localizaciones f\u00edsicas.<\/li>\n<li>&#8211; Capas de conmutaciones por error que habilitan a un sistema o dispositivo para tomar control inmediatamente y sin problemas de un nodo defectuoso, sin ning\u00fan contratiempo.<\/li>\n<li>&#8211; Comisi\u00f3n o desmantelamiento autom\u00e1tico de los recursos que garantizan que solo pagas por lo que utilizas.<\/li>\n<\/ul>\n<p>Adem\u00e1s, muchos otros beneficios, as\u00ed como pol\u00edtica de contrase\u00f1as y control de acceso del usuario. Dos de las funciones m\u00e1s importantes funciones TI para cualquier empresa.<\/p>\n<p>Y mucho, mucho m\u00e1s.<\/p>\n<p>Si tiene cualquier pregunta, <a href=\"https:\/\/allithost.com\/contact-us\/\">cont\u00e1ctenos<\/a>. Nuestro equipo de expertos TI estar\u00e1 feliz de ayudarle.<\/p>\n<p><a href=\"https:\/\/allithost.com\/\/es\/\">ALL IT HOST<\/a>[\/et_pb_text][\/et_pb_column][\/et_pb_row][\/et_pb_section]<\/p>\n","protected":false},"excerpt":{"rendered":"<p>Ventajas De Cloud\u00a1Consigue las mejores ventajas de Cloud para tu empresa!Al proveer recursos ilimitados, Cloud Computing asegura amplias y esenciales ventajas tecnol\u00f3gicas para cualquier compa\u00f1\u00eda que sea atenta a las nuevas din\u00e1micas de trabajo de hoy. En ALL IT HOST, con gran experiencia en este \u00e1mbito, estamos siempre listos para proveer la mejor de las [&hellip;]<\/p>\n","protected":false},"author":5,"featured_media":0,"parent":48434,"menu_order":0,"comment_status":"closed","ping_status":"closed","template":"","meta":{"_et_pb_use_builder":"on","_et_pb_old_content":"","_et_gb_content_width":"","footnotes":""},"class_list":["post-48647","page","type-page","status-publish","hentry"],"yoast_head":"<!-- This site is optimized with the Yoast SEO plugin v27.4 - https:\/\/yoast.com\/product\/yoast-seo-wordpress\/ -->\n<title>Ventajas De Cloud - All It Host<\/title>\n<meta name=\"robots\" content=\"index, follow, max-snippet:-1, max-image-preview:large, max-video-preview:-1\" \/>\n<link rel=\"canonical\" href=\"https:\/\/allithost.com\/es\/products\/ventajas-de-cloud\/\" \/>\n<meta property=\"og:locale\" content=\"es_ES\" \/>\n<meta property=\"og:type\" content=\"article\" \/>\n<meta property=\"og:title\" content=\"Ventajas De Cloud - All It Host\" \/>\n<meta property=\"og:description\" content=\"Ventajas De Cloud\u00a1Consigue las mejores ventajas de Cloud para tu empresa!Al proveer recursos ilimitados, Cloud Computing asegura amplias y esenciales ventajas tecnol\u00f3gicas para cualquier compa\u00f1\u00eda que sea atenta a las nuevas din\u00e1micas de trabajo de hoy. En ALL IT HOST, con gran experiencia en este \u00e1mbito, estamos siempre listos para proveer la mejor de las [&hellip;]\" \/>\n<meta property=\"og:url\" content=\"https:\/\/allithost.com\/es\/products\/ventajas-de-cloud\/\" \/>\n<meta property=\"og:site_name\" content=\"All It Host\" \/>\n<meta property=\"article:publisher\" content=\"https:\/\/www.facebook.com\/allithost\" \/>\n<meta property=\"article:modified_time\" content=\"2020-10-17T13:21:04+00:00\" \/>\n<meta property=\"og:image\" content=\"https:\/\/allithost.com\/wp-content\/uploads\/2020\/09\/04-Logo-Allithost-1-1-e1600720431694.png\" \/>\n\t<meta property=\"og:image:width\" content=\"600\" \/>\n\t<meta property=\"og:image:height\" content=\"117\" \/>\n\t<meta property=\"og:image:type\" content=\"image\/png\" \/>\n<meta name=\"twitter:card\" content=\"summary_large_image\" \/>\n<meta name=\"twitter:site\" content=\"@allithost\" \/>\n<meta name=\"twitter:label1\" content=\"Tiempo de lectura\" \/>\n\t<meta name=\"twitter:data1\" content=\"9 minutos\" \/>\n<script type=\"application\/ld+json\" class=\"yoast-schema-graph\">{\"@context\":\"https:\\\/\\\/schema.org\",\"@graph\":[{\"@type\":\"WebPage\",\"@id\":\"https:\\\/\\\/allithost.com\\\/es\\\/products\\\/ventajas-de-cloud\\\/\",\"url\":\"https:\\\/\\\/allithost.com\\\/es\\\/products\\\/ventajas-de-cloud\\\/\",\"name\":\"Ventajas De Cloud - All It Host\",\"isPartOf\":{\"@id\":\"https:\\\/\\\/allithost.com\\\/es\\\/#website\"},\"datePublished\":\"2020-10-01T20:01:14+00:00\",\"dateModified\":\"2020-10-17T13:21:04+00:00\",\"breadcrumb\":{\"@id\":\"https:\\\/\\\/allithost.com\\\/es\\\/products\\\/ventajas-de-cloud\\\/#breadcrumb\"},\"inLanguage\":\"es\",\"potentialAction\":[{\"@type\":\"ReadAction\",\"target\":[\"https:\\\/\\\/allithost.com\\\/es\\\/products\\\/ventajas-de-cloud\\\/\"]}]},{\"@type\":\"BreadcrumbList\",\"@id\":\"https:\\\/\\\/allithost.com\\\/es\\\/products\\\/ventajas-de-cloud\\\/#breadcrumb\",\"itemListElement\":[{\"@type\":\"ListItem\",\"position\":1,\"name\":\"Home\",\"item\":\"https:\\\/\\\/allithost.com\\\/es\\\/\"},{\"@type\":\"ListItem\",\"position\":2,\"name\":\"Productos\",\"item\":\"https:\\\/\\\/allithost.com\\\/es\\\/products\\\/\"},{\"@type\":\"ListItem\",\"position\":3,\"name\":\"Ventajas De Cloud\"}]},{\"@type\":\"WebSite\",\"@id\":\"https:\\\/\\\/allithost.com\\\/es\\\/#website\",\"url\":\"https:\\\/\\\/allithost.com\\\/es\\\/\",\"name\":\"All It Host\",\"description\":\"The Cloud Computing Revolution\",\"publisher\":{\"@id\":\"https:\\\/\\\/allithost.com\\\/es\\\/#organization\"},\"potentialAction\":[{\"@type\":\"SearchAction\",\"target\":{\"@type\":\"EntryPoint\",\"urlTemplate\":\"https:\\\/\\\/allithost.com\\\/es\\\/?s={search_term_string}\"},\"query-input\":{\"@type\":\"PropertyValueSpecification\",\"valueRequired\":true,\"valueName\":\"search_term_string\"}}],\"inLanguage\":\"es\"},{\"@type\":\"Organization\",\"@id\":\"https:\\\/\\\/allithost.com\\\/es\\\/#organization\",\"name\":\"All IT Host Inc.\",\"url\":\"https:\\\/\\\/allithost.com\\\/es\\\/\",\"logo\":{\"@type\":\"ImageObject\",\"inLanguage\":\"es\",\"@id\":\"https:\\\/\\\/allithost.com\\\/es\\\/#\\\/schema\\\/logo\\\/image\\\/\",\"url\":\"https:\\\/\\\/allithost.com\\\/wp-content\\\/uploads\\\/2020\\\/08\\\/02-Logo-Allithost--e1600304778301.png\",\"contentUrl\":\"https:\\\/\\\/allithost.com\\\/wp-content\\\/uploads\\\/2020\\\/08\\\/02-Logo-Allithost--e1600304778301.png\",\"width\":116,\"height\":94,\"caption\":\"All IT Host Inc.\"},\"image\":{\"@id\":\"https:\\\/\\\/allithost.com\\\/es\\\/#\\\/schema\\\/logo\\\/image\\\/\"},\"sameAs\":[\"https:\\\/\\\/www.facebook.com\\\/allithost\",\"https:\\\/\\\/x.com\\\/allithost\",\"http:\\\/\\\/www.linkedin.com\\\/company\\\/all-it-host\"]}]}<\/script>\n<!-- \/ Yoast SEO plugin. -->","yoast_head_json":{"title":"Ventajas De Cloud - All It Host","robots":{"index":"index","follow":"follow","max-snippet":"max-snippet:-1","max-image-preview":"max-image-preview:large","max-video-preview":"max-video-preview:-1"},"canonical":"https:\/\/allithost.com\/es\/products\/ventajas-de-cloud\/","og_locale":"es_ES","og_type":"article","og_title":"Ventajas De Cloud - All It Host","og_description":"Ventajas De Cloud\u00a1Consigue las mejores ventajas de Cloud para tu empresa!Al proveer recursos ilimitados, Cloud Computing asegura amplias y esenciales ventajas tecnol\u00f3gicas para cualquier compa\u00f1\u00eda que sea atenta a las nuevas din\u00e1micas de trabajo de hoy. En ALL IT HOST, con gran experiencia en este \u00e1mbito, estamos siempre listos para proveer la mejor de las [&hellip;]","og_url":"https:\/\/allithost.com\/es\/products\/ventajas-de-cloud\/","og_site_name":"All It Host","article_publisher":"https:\/\/www.facebook.com\/allithost","article_modified_time":"2020-10-17T13:21:04+00:00","og_image":[{"width":600,"height":117,"url":"https:\/\/allithost.com\/wp-content\/uploads\/2020\/09\/04-Logo-Allithost-1-1-e1600720431694.png","type":"image\/png"}],"twitter_card":"summary_large_image","twitter_site":"@allithost","twitter_misc":{"Tiempo de lectura":"9 minutos"},"schema":{"@context":"https:\/\/schema.org","@graph":[{"@type":"WebPage","@id":"https:\/\/allithost.com\/es\/products\/ventajas-de-cloud\/","url":"https:\/\/allithost.com\/es\/products\/ventajas-de-cloud\/","name":"Ventajas De Cloud - All It Host","isPartOf":{"@id":"https:\/\/allithost.com\/es\/#website"},"datePublished":"2020-10-01T20:01:14+00:00","dateModified":"2020-10-17T13:21:04+00:00","breadcrumb":{"@id":"https:\/\/allithost.com\/es\/products\/ventajas-de-cloud\/#breadcrumb"},"inLanguage":"es","potentialAction":[{"@type":"ReadAction","target":["https:\/\/allithost.com\/es\/products\/ventajas-de-cloud\/"]}]},{"@type":"BreadcrumbList","@id":"https:\/\/allithost.com\/es\/products\/ventajas-de-cloud\/#breadcrumb","itemListElement":[{"@type":"ListItem","position":1,"name":"Home","item":"https:\/\/allithost.com\/es\/"},{"@type":"ListItem","position":2,"name":"Productos","item":"https:\/\/allithost.com\/es\/products\/"},{"@type":"ListItem","position":3,"name":"Ventajas De Cloud"}]},{"@type":"WebSite","@id":"https:\/\/allithost.com\/es\/#website","url":"https:\/\/allithost.com\/es\/","name":"All It Host","description":"The Cloud Computing Revolution","publisher":{"@id":"https:\/\/allithost.com\/es\/#organization"},"potentialAction":[{"@type":"SearchAction","target":{"@type":"EntryPoint","urlTemplate":"https:\/\/allithost.com\/es\/?s={search_term_string}"},"query-input":{"@type":"PropertyValueSpecification","valueRequired":true,"valueName":"search_term_string"}}],"inLanguage":"es"},{"@type":"Organization","@id":"https:\/\/allithost.com\/es\/#organization","name":"All IT Host Inc.","url":"https:\/\/allithost.com\/es\/","logo":{"@type":"ImageObject","inLanguage":"es","@id":"https:\/\/allithost.com\/es\/#\/schema\/logo\/image\/","url":"https:\/\/allithost.com\/wp-content\/uploads\/2020\/08\/02-Logo-Allithost--e1600304778301.png","contentUrl":"https:\/\/allithost.com\/wp-content\/uploads\/2020\/08\/02-Logo-Allithost--e1600304778301.png","width":116,"height":94,"caption":"All IT Host Inc."},"image":{"@id":"https:\/\/allithost.com\/es\/#\/schema\/logo\/image\/"},"sameAs":["https:\/\/www.facebook.com\/allithost","https:\/\/x.com\/allithost","http:\/\/www.linkedin.com\/company\/all-it-host"]}]}},"_links":{"self":[{"href":"https:\/\/allithost.com\/es\/wp-json\/wp\/v2\/pages\/48647","targetHints":{"allow":["GET"]}}],"collection":[{"href":"https:\/\/allithost.com\/es\/wp-json\/wp\/v2\/pages"}],"about":[{"href":"https:\/\/allithost.com\/es\/wp-json\/wp\/v2\/types\/page"}],"author":[{"embeddable":true,"href":"https:\/\/allithost.com\/es\/wp-json\/wp\/v2\/users\/5"}],"replies":[{"embeddable":true,"href":"https:\/\/allithost.com\/es\/wp-json\/wp\/v2\/comments?post=48647"}],"version-history":[{"count":0,"href":"https:\/\/allithost.com\/es\/wp-json\/wp\/v2\/pages\/48647\/revisions"}],"up":[{"embeddable":true,"href":"https:\/\/allithost.com\/es\/wp-json\/wp\/v2\/pages\/48434"}],"wp:attachment":[{"href":"https:\/\/allithost.com\/es\/wp-json\/wp\/v2\/media?parent=48647"}],"curies":[{"name":"wp","href":"https:\/\/api.w.org\/{rel}","templated":true}]}}