{"id":48632,"date":"2020-10-01T20:00:22","date_gmt":"2020-10-01T20:00:22","guid":{"rendered":"http:\/\/96.46.250.135\/allithost\/products\/escritorios-cloud-citrix\/"},"modified":"2020-10-17T13:24:47","modified_gmt":"2020-10-17T13:24:47","slug":"escritorios-cloud-citrix","status":"publish","type":"page","link":"https:\/\/allithost.com\/es\/products\/escritorios-cloud-citrix\/","title":{"rendered":"Escritorios Cloud Citrix"},"content":{"rendered":"<p>[et_pb_section fb_built=\u00bb1&#8243; _builder_version=\u00bb3.22&#8243; collapsed=\u00bbon\u00bb][et_pb_row _builder_version=\u00bb3.25&#8243;][et_pb_column type=\u00bb4_4&#8243; _builder_version=\u00bb3.0.47&#8243; custom_padding=\u00bb|||\u00bb custom_padding__hover=\u00bb|||\u00bb][et_pb_text _builder_version=\u00bb4.6.5&#8243; _dynamic_attributes=\u00bbcontent\u00bb _module_preset=\u00bbdb8bf3f5-f1c3-43f0-bc1e-ca238db48424&#8243; text_font_size=\u00bb16px\u00bb header_text_align=\u00bbright\u00bb background_image=\u00bbhttps:\/\/allithost.com\/\/wp-content\/uploads\/2020\/08\/Line-04-1-300&#215;1.png\u00bb background_size=\u00bbcontain\u00bb background_position=\u00bbbottom_right\u00bb vertical_offset_tablet=\u00bb0&#8243; horizontal_offset_tablet=\u00bb0&#8243; z_index_tablet=\u00bb0&#8243; text_text_shadow_horizontal_length_tablet=\u00bb0px\u00bb text_text_shadow_vertical_length_tablet=\u00bb0px\u00bb text_text_shadow_blur_strength_tablet=\u00bb1px\u00bb link_text_shadow_horizontal_length_tablet=\u00bb0px\u00bb link_text_shadow_vertical_length_tablet=\u00bb0px\u00bb link_text_shadow_blur_strength_tablet=\u00bb1px\u00bb ul_text_shadow_horizontal_length_tablet=\u00bb0px\u00bb ul_text_shadow_vertical_length_tablet=\u00bb0px\u00bb ul_text_shadow_blur_strength_tablet=\u00bb1px\u00bb ol_text_shadow_horizontal_length_tablet=\u00bb0px\u00bb ol_text_shadow_vertical_length_tablet=\u00bb0px\u00bb ol_text_shadow_blur_strength_tablet=\u00bb1px\u00bb quote_text_shadow_horizontal_length_tablet=\u00bb0px\u00bb quote_text_shadow_vertical_length_tablet=\u00bb0px\u00bb quote_text_shadow_blur_strength_tablet=\u00bb1px\u00bb header_text_shadow_horizontal_length_tablet=\u00bb0px\u00bb header_text_shadow_vertical_length_tablet=\u00bb0px\u00bb header_text_shadow_blur_strength_tablet=\u00bb1px\u00bb header_2_text_shadow_horizontal_length_tablet=\u00bb0px\u00bb header_2_text_shadow_vertical_length_tablet=\u00bb0px\u00bb header_2_text_shadow_blur_strength_tablet=\u00bb1px\u00bb header_3_text_shadow_horizontal_length_tablet=\u00bb0px\u00bb header_3_text_shadow_vertical_length_tablet=\u00bb0px\u00bb header_3_text_shadow_blur_strength_tablet=\u00bb1px\u00bb header_4_text_shadow_horizontal_length_tablet=\u00bb0px\u00bb header_4_text_shadow_vertical_length_tablet=\u00bb0px\u00bb header_4_text_shadow_blur_strength_tablet=\u00bb1px\u00bb header_5_text_shadow_horizontal_length_tablet=\u00bb0px\u00bb header_5_text_shadow_vertical_length_tablet=\u00bb0px\u00bb header_5_text_shadow_blur_strength_tablet=\u00bb1px\u00bb header_6_text_shadow_horizontal_length_tablet=\u00bb0px\u00bb header_6_text_shadow_vertical_length_tablet=\u00bb0px\u00bb header_6_text_shadow_blur_strength_tablet=\u00bb1px\u00bb box_shadow_horizontal_tablet=\u00bb0px\u00bb box_shadow_vertical_tablet=\u00bb0px\u00bb box_shadow_blur_tablet=\u00bb40px\u00bb box_shadow_spread_tablet=\u00bb0px\u00bb]@ET-DC@eyJkeW5hbWljIjp0cnVlLCJjb250ZW50IjoicG9zdF90aXRsZSIsInNldHRpbmdzIjp7ImJlZm9yZSI6IjxoMT4iLCJhZnRlciI6IjwvaDE+In19@[\/et_pb_text][et_pb_text _builder_version=\u00bb4.6.5&#8243; _module_preset=\u00bbdb8bf3f5-f1c3-43f0-bc1e-ca238db48424&#8243; text_font_size=\u00bb16px\u00bb header_text_align=\u00bbright\u00bb background_enable_image=\u00bboff\u00bb background_size=\u00bbcontain\u00bb background_position=\u00bbbottom_right\u00bb vertical_offset_tablet=\u00bb0&#8243; horizontal_offset_tablet=\u00bb0&#8243; z_index_tablet=\u00bb0&#8243; text_text_shadow_horizontal_length_tablet=\u00bb0px\u00bb text_text_shadow_vertical_length_tablet=\u00bb0px\u00bb text_text_shadow_blur_strength_tablet=\u00bb1px\u00bb link_text_shadow_horizontal_length_tablet=\u00bb0px\u00bb link_text_shadow_vertical_length_tablet=\u00bb0px\u00bb link_text_shadow_blur_strength_tablet=\u00bb1px\u00bb ul_text_shadow_horizontal_length_tablet=\u00bb0px\u00bb ul_text_shadow_vertical_length_tablet=\u00bb0px\u00bb ul_text_shadow_blur_strength_tablet=\u00bb1px\u00bb ol_text_shadow_horizontal_length_tablet=\u00bb0px\u00bb ol_text_shadow_vertical_length_tablet=\u00bb0px\u00bb ol_text_shadow_blur_strength_tablet=\u00bb1px\u00bb quote_text_shadow_horizontal_length_tablet=\u00bb0px\u00bb quote_text_shadow_vertical_length_tablet=\u00bb0px\u00bb quote_text_shadow_blur_strength_tablet=\u00bb1px\u00bb header_text_shadow_horizontal_length_tablet=\u00bb0px\u00bb header_text_shadow_vertical_length_tablet=\u00bb0px\u00bb header_text_shadow_blur_strength_tablet=\u00bb1px\u00bb header_2_text_shadow_horizontal_length_tablet=\u00bb0px\u00bb header_2_text_shadow_vertical_length_tablet=\u00bb0px\u00bb header_2_text_shadow_blur_strength_tablet=\u00bb1px\u00bb header_3_text_shadow_horizontal_length_tablet=\u00bb0px\u00bb header_3_text_shadow_vertical_length_tablet=\u00bb0px\u00bb header_3_text_shadow_blur_strength_tablet=\u00bb1px\u00bb header_4_text_shadow_horizontal_length_tablet=\u00bb0px\u00bb header_4_text_shadow_vertical_length_tablet=\u00bb0px\u00bb header_4_text_shadow_blur_strength_tablet=\u00bb1px\u00bb header_5_text_shadow_horizontal_length_tablet=\u00bb0px\u00bb header_5_text_shadow_vertical_length_tablet=\u00bb0px\u00bb header_5_text_shadow_blur_strength_tablet=\u00bb1px\u00bb header_6_text_shadow_horizontal_length_tablet=\u00bb0px\u00bb header_6_text_shadow_vertical_length_tablet=\u00bb0px\u00bb header_6_text_shadow_blur_strength_tablet=\u00bb1px\u00bb box_shadow_horizontal_tablet=\u00bb0px\u00bb box_shadow_vertical_tablet=\u00bb0px\u00bb box_shadow_blur_tablet=\u00bb40px\u00bb box_shadow_spread_tablet=\u00bb0px\u00bb]<\/p>\n<h2>\u00bfQu\u00e9 son los Escritorios Cloud Citrix ?<\/h2>\n<p>[\/et_pb_text][et_pb_text _builder_version=\u00bb4.6.5&#8243; _module_preset=\u00bb0e7b0c3f-5c05-474d-8e4a-716f1207d1aa\u00bb text_font_size=\u00bb16px\u00bb vertical_offset_tablet=\u00bb0&#8243; horizontal_offset_tablet=\u00bb0&#8243; z_index_tablet=\u00bb0&#8243; text_text_shadow_horizontal_length_tablet=\u00bb0px\u00bb text_text_shadow_vertical_length_tablet=\u00bb0px\u00bb text_text_shadow_blur_strength_tablet=\u00bb1px\u00bb link_text_shadow_horizontal_length_tablet=\u00bb0px\u00bb link_text_shadow_vertical_length_tablet=\u00bb0px\u00bb link_text_shadow_blur_strength_tablet=\u00bb1px\u00bb ul_text_shadow_horizontal_length_tablet=\u00bb0px\u00bb ul_text_shadow_vertical_length_tablet=\u00bb0px\u00bb ul_text_shadow_blur_strength_tablet=\u00bb1px\u00bb ol_text_shadow_horizontal_length_tablet=\u00bb0px\u00bb ol_text_shadow_vertical_length_tablet=\u00bb0px\u00bb ol_text_shadow_blur_strength_tablet=\u00bb1px\u00bb quote_text_shadow_horizontal_length_tablet=\u00bb0px\u00bb quote_text_shadow_vertical_length_tablet=\u00bb0px\u00bb quote_text_shadow_blur_strength_tablet=\u00bb1px\u00bb header_text_shadow_horizontal_length_tablet=\u00bb0px\u00bb header_text_shadow_vertical_length_tablet=\u00bb0px\u00bb header_text_shadow_blur_strength_tablet=\u00bb1px\u00bb header_2_text_shadow_horizontal_length_tablet=\u00bb0px\u00bb header_2_text_shadow_vertical_length_tablet=\u00bb0px\u00bb header_2_text_shadow_blur_strength_tablet=\u00bb1px\u00bb header_3_text_shadow_horizontal_length_tablet=\u00bb0px\u00bb header_3_text_shadow_vertical_length_tablet=\u00bb0px\u00bb header_3_text_shadow_blur_strength_tablet=\u00bb1px\u00bb header_4_text_shadow_horizontal_length_tablet=\u00bb0px\u00bb header_4_text_shadow_vertical_length_tablet=\u00bb0px\u00bb header_4_text_shadow_blur_strength_tablet=\u00bb1px\u00bb header_5_text_shadow_horizontal_length_tablet=\u00bb0px\u00bb header_5_text_shadow_vertical_length_tablet=\u00bb0px\u00bb header_5_text_shadow_blur_strength_tablet=\u00bb1px\u00bb header_6_text_shadow_horizontal_length_tablet=\u00bb0px\u00bb header_6_text_shadow_vertical_length_tablet=\u00bb0px\u00bb header_6_text_shadow_blur_strength_tablet=\u00bb1px\u00bb box_shadow_horizontal_tablet=\u00bb0px\u00bb box_shadow_vertical_tablet=\u00bb0px\u00bb box_shadow_blur_tablet=\u00bb40px\u00bb box_shadow_spread_tablet=\u00bb0px\u00bb]<\/p>\n<h3>Internet es la Gran Nube<\/h3>\n<p>Internet est\u00e1 hecha de Nubes m\u00e1s peque\u00f1as, agrupaciones de servidores que pueden ser organizados en el mismo Centro de Datos, o en otro lugar. Cluster es, entonces, un sistema de estructura que combina dos o m\u00e1s ordenadores, que trabajan completamente sincronizados, como si fueran uno solo. Es un concepto que surgi\u00f3 de la complejidad de tareas que necesitan ser procesadas al mismo tiempo.<\/p>\n<p>Inteligentemente, esos ordenadores llamados servidores, comparten una variedad de recursos, como almacenamiento, memoria, conectividad a Internet, dispositivos y software y hardware de seguridad, e incluso poder CPU. Al trabajar juntos, esas m\u00e1quinas hacen posible que los recursos de computaci\u00f3n est\u00e9n disponibles de manera remota a trav\u00e9s de una conexi\u00f3n a Internet. As\u00ed, el sistema de tecnolog\u00eda poderosa es formado: la Nube.<\/p>\n<p>Los Escritorios Citrix Cloud son tu oficina virtual. Pueden ser alcanzados con seguridad desde cualquier sitio y dispositivo. Al acceder a tu escritorio desde tu propio dispositivo, est\u00e1 asegurado de manera segura en uno, o muchos servidores poderosos. \u00c9stos pueden ser localizados en muchos Centros de Datos seguros alrededor del mundo.<\/p>\n<p>Sin la seguridad de Cloud, si fuera a ocurrir alg\u00fan da\u00f1o en tu compa\u00f1\u00eda y los datos no hayan sido guardados previamente, es posible que los documentos del dispositivo se pierdan.<\/p>\n<h3>Es seguro en cualquier lugar del mundo<\/h3>\n<p>Con Cloud, si hay alg\u00fan problema con un servidor f\u00edsico, hay otra m\u00e1quina que autom\u00e1ticamente se hace cargo del peso por completo y reduce el riesgo de falta de tiempo para tus sistemas y aplicaciones con base en Cloud. Esa infraestructura hace posible que un servidor virtual tenga alta disponibilidad y rendimiento.<\/p>\n<p>Nuestra infraestructura de Escritorio Citrix Cloud proporciona la escalabilidad y flexibilidad necesaria para mejorar y gestionar mejor tu ambiente inform\u00e1tico de lugar de trabajo, independientemente del n\u00famero o posici\u00f3n geogr\u00e1fica de los empleados, si es necesario mejorar la administraci\u00f3n del equipo en el ambiente de lugar de trabajo.<\/p>\n<p>A estas ventajas se le pueden sumar la infinita capacidad del poder de computaci\u00f3n, la garant\u00eda de la continuidad empresarial y supervivencia frente a cualquier desastre, as\u00ed como un alto grado de seguridad y ahorro de costes.<\/p>\n<h3>Escritorio virtual de Citrix: simplificaci\u00f3n y seguridad<\/h3>\n<p>Para ofrecer todas esas ventajas de gesti\u00f3n de TI en lugares de trabajo con m\u00e1xima eficiencia, nosotros, All It Host, escogemos la virtualizaci\u00f3n de tecnolog\u00eda de <strong><a href=\"https:\/\/www.citrix.com\/buy\/partnerlocator\/results.html?company=all%20it%20host\">Citrix<\/a><\/strong>: <strong><a href=\"https:\/\/docs.citrix.com\/en-us\/citrix-virtual-apps-desktops-service.html\">Apps Virtuales de Citrix y Servicios de Escritorio<\/a><\/strong>. Al proveer control TI de m\u00e1quinas virtuales, Apps. Usuarios y seguridad, esta tecnolog\u00eda ofrece la capacidad a cualquier usuario de acceder a Escritorio Virtual Remoto desde cualquier dispositivo, en cualquier lugar. Como afirma Ctrix, los usuarios pueden acceder a sus escritorios virtuales y a cualquier aplicaci\u00f3n que est\u00e9 en funcionamiento all\u00ed, sin tener que preocuparse del Sistema Operativo o el tipo de dispositivo que se est\u00e9 utilizando.<\/p>\n<p>\u00bfRecuerda esos problemas y p\u00e9rdidas causadas por un ordenador bloqueado o que haya dejado de funcionar, especialmente cuando hab\u00eda trabajos importantes siendo terminados, pero se olvid\u00f3 guardarlo? Esos problemas son b\u00e1sicamente inexistentes por la infraestructura del servicio de Escritorio Virtual de Citrix. Tambi\u00e9n, sus protocolos de alta seguridad y criptograf\u00eda incorporados garantizan que tus sistemas virtuales cumplir\u00e1n con certificaciones y regulaciones relacionadas con la seguridad, presentado por gobiernos y organizaciones de comercio.<\/p>\n<p>Es por esto por lo que un Escritorio de Cloud va m\u00e1s all\u00e1 de mantener tus archivos en otro lugar. Ofrece poder de superordenador en cualquier dispositivo que se use para acceder al escritorio. Y tu empresa tendr\u00e1 siempre la \u00faltima versi\u00f3n de Microsoft Windows, operacional, incluso en un smartphone.<\/p>\n<p>Por \u00faltimo, t\u00fa y tu compa\u00f1\u00eda ser\u00e1 ser\u00e9is capaces de usar el m\u00e1s actualizado software y aplicaciones, incluso si se accede al escritorio Cloud desde un ordenador antiguo. Este es otro gran aspecto para obtener a\u00fan m\u00e1s ahorros al cortar gastos relacionados con la adquisici\u00f3n de nuevos ordenadores y licencias de software respectivas.<\/p>\n<p>Echa un vistazo a estas y m\u00e1s ventajas.<\/p>\n<p>Cont\u00e1ctanos, para ver c\u00f3mo cambiarte a nuestra Nube ser\u00e1 la mejor decisi\u00f3n.<\/p>\n<p><a href=\"https:\/\/allithost.com\/\/es\/\">ALL IT HOST<\/a>[\/et_pb_text][\/et_pb_column][\/et_pb_row][\/et_pb_section]<\/p>\n","protected":false},"excerpt":{"rendered":"<p>\u00bfQu\u00e9 son los Escritorios Cloud Citrix ?Internet es la Gran Nube Internet est\u00e1 hecha de Nubes m\u00e1s peque\u00f1as, agrupaciones de servidores que pueden ser organizados en el mismo Centro de Datos, o en otro lugar. Cluster es, entonces, un sistema de estructura que combina dos o m\u00e1s ordenadores, que trabajan completamente sincronizados, como si fueran [&hellip;]<\/p>\n","protected":false},"author":5,"featured_media":0,"parent":48434,"menu_order":0,"comment_status":"closed","ping_status":"closed","template":"","meta":{"_et_pb_use_builder":"on","_et_pb_old_content":"","_et_gb_content_width":"","footnotes":""},"class_list":["post-48632","page","type-page","status-publish","hentry"],"yoast_head":"<!-- This site is optimized with the Yoast SEO plugin v27.4 - https:\/\/yoast.com\/product\/yoast-seo-wordpress\/ -->\n<title>Escritorios Cloud Citrix - All It Host<\/title>\n<meta name=\"robots\" content=\"index, follow, max-snippet:-1, max-image-preview:large, max-video-preview:-1\" \/>\n<link rel=\"canonical\" href=\"https:\/\/allithost.com\/es\/products\/escritorios-cloud-citrix\/\" \/>\n<meta property=\"og:locale\" content=\"es_ES\" \/>\n<meta property=\"og:type\" content=\"article\" \/>\n<meta property=\"og:title\" content=\"Escritorios Cloud Citrix - All It Host\" \/>\n<meta property=\"og:description\" content=\"\u00bfQu\u00e9 son los Escritorios Cloud Citrix ?Internet es la Gran Nube Internet est\u00e1 hecha de Nubes m\u00e1s peque\u00f1as, agrupaciones de servidores que pueden ser organizados en el mismo Centro de Datos, o en otro lugar. Cluster es, entonces, un sistema de estructura que combina dos o m\u00e1s ordenadores, que trabajan completamente sincronizados, como si fueran [&hellip;]\" \/>\n<meta property=\"og:url\" content=\"https:\/\/allithost.com\/es\/products\/escritorios-cloud-citrix\/\" \/>\n<meta property=\"og:site_name\" content=\"All It Host\" \/>\n<meta property=\"article:publisher\" content=\"https:\/\/www.facebook.com\/allithost\" \/>\n<meta property=\"article:modified_time\" content=\"2020-10-17T13:24:47+00:00\" \/>\n<meta property=\"og:image\" content=\"https:\/\/allithost.com\/wp-content\/uploads\/2020\/09\/04-Logo-Allithost-1-1-e1600720431694.png\" \/>\n\t<meta property=\"og:image:width\" content=\"600\" \/>\n\t<meta property=\"og:image:height\" content=\"117\" \/>\n\t<meta property=\"og:image:type\" content=\"image\/png\" \/>\n<meta name=\"twitter:card\" content=\"summary_large_image\" \/>\n<meta name=\"twitter:site\" content=\"@allithost\" \/>\n<meta name=\"twitter:label1\" content=\"Tiempo de lectura\" \/>\n\t<meta name=\"twitter:data1\" content=\"8 minutos\" \/>\n<script type=\"application\/ld+json\" class=\"yoast-schema-graph\">{\"@context\":\"https:\\\/\\\/schema.org\",\"@graph\":[{\"@type\":\"WebPage\",\"@id\":\"https:\\\/\\\/allithost.com\\\/es\\\/products\\\/escritorios-cloud-citrix\\\/\",\"url\":\"https:\\\/\\\/allithost.com\\\/es\\\/products\\\/escritorios-cloud-citrix\\\/\",\"name\":\"Escritorios Cloud Citrix - All It Host\",\"isPartOf\":{\"@id\":\"https:\\\/\\\/allithost.com\\\/es\\\/#website\"},\"datePublished\":\"2020-10-01T20:00:22+00:00\",\"dateModified\":\"2020-10-17T13:24:47+00:00\",\"breadcrumb\":{\"@id\":\"https:\\\/\\\/allithost.com\\\/es\\\/products\\\/escritorios-cloud-citrix\\\/#breadcrumb\"},\"inLanguage\":\"es\",\"potentialAction\":[{\"@type\":\"ReadAction\",\"target\":[\"https:\\\/\\\/allithost.com\\\/es\\\/products\\\/escritorios-cloud-citrix\\\/\"]}]},{\"@type\":\"BreadcrumbList\",\"@id\":\"https:\\\/\\\/allithost.com\\\/es\\\/products\\\/escritorios-cloud-citrix\\\/#breadcrumb\",\"itemListElement\":[{\"@type\":\"ListItem\",\"position\":1,\"name\":\"Home\",\"item\":\"https:\\\/\\\/allithost.com\\\/es\\\/\"},{\"@type\":\"ListItem\",\"position\":2,\"name\":\"Productos\",\"item\":\"https:\\\/\\\/allithost.com\\\/es\\\/products\\\/\"},{\"@type\":\"ListItem\",\"position\":3,\"name\":\"Escritorios Cloud Citrix\"}]},{\"@type\":\"WebSite\",\"@id\":\"https:\\\/\\\/allithost.com\\\/es\\\/#website\",\"url\":\"https:\\\/\\\/allithost.com\\\/es\\\/\",\"name\":\"All It Host\",\"description\":\"The Cloud Computing Revolution\",\"publisher\":{\"@id\":\"https:\\\/\\\/allithost.com\\\/es\\\/#organization\"},\"potentialAction\":[{\"@type\":\"SearchAction\",\"target\":{\"@type\":\"EntryPoint\",\"urlTemplate\":\"https:\\\/\\\/allithost.com\\\/es\\\/?s={search_term_string}\"},\"query-input\":{\"@type\":\"PropertyValueSpecification\",\"valueRequired\":true,\"valueName\":\"search_term_string\"}}],\"inLanguage\":\"es\"},{\"@type\":\"Organization\",\"@id\":\"https:\\\/\\\/allithost.com\\\/es\\\/#organization\",\"name\":\"All IT Host Inc.\",\"url\":\"https:\\\/\\\/allithost.com\\\/es\\\/\",\"logo\":{\"@type\":\"ImageObject\",\"inLanguage\":\"es\",\"@id\":\"https:\\\/\\\/allithost.com\\\/es\\\/#\\\/schema\\\/logo\\\/image\\\/\",\"url\":\"https:\\\/\\\/allithost.com\\\/wp-content\\\/uploads\\\/2020\\\/08\\\/02-Logo-Allithost--e1600304778301.png\",\"contentUrl\":\"https:\\\/\\\/allithost.com\\\/wp-content\\\/uploads\\\/2020\\\/08\\\/02-Logo-Allithost--e1600304778301.png\",\"width\":116,\"height\":94,\"caption\":\"All IT Host Inc.\"},\"image\":{\"@id\":\"https:\\\/\\\/allithost.com\\\/es\\\/#\\\/schema\\\/logo\\\/image\\\/\"},\"sameAs\":[\"https:\\\/\\\/www.facebook.com\\\/allithost\",\"https:\\\/\\\/x.com\\\/allithost\",\"http:\\\/\\\/www.linkedin.com\\\/company\\\/all-it-host\"]}]}<\/script>\n<!-- \/ Yoast SEO plugin. -->","yoast_head_json":{"title":"Escritorios Cloud Citrix - All It Host","robots":{"index":"index","follow":"follow","max-snippet":"max-snippet:-1","max-image-preview":"max-image-preview:large","max-video-preview":"max-video-preview:-1"},"canonical":"https:\/\/allithost.com\/es\/products\/escritorios-cloud-citrix\/","og_locale":"es_ES","og_type":"article","og_title":"Escritorios Cloud Citrix - All It Host","og_description":"\u00bfQu\u00e9 son los Escritorios Cloud Citrix ?Internet es la Gran Nube Internet est\u00e1 hecha de Nubes m\u00e1s peque\u00f1as, agrupaciones de servidores que pueden ser organizados en el mismo Centro de Datos, o en otro lugar. Cluster es, entonces, un sistema de estructura que combina dos o m\u00e1s ordenadores, que trabajan completamente sincronizados, como si fueran [&hellip;]","og_url":"https:\/\/allithost.com\/es\/products\/escritorios-cloud-citrix\/","og_site_name":"All It Host","article_publisher":"https:\/\/www.facebook.com\/allithost","article_modified_time":"2020-10-17T13:24:47+00:00","og_image":[{"width":600,"height":117,"url":"https:\/\/allithost.com\/wp-content\/uploads\/2020\/09\/04-Logo-Allithost-1-1-e1600720431694.png","type":"image\/png"}],"twitter_card":"summary_large_image","twitter_site":"@allithost","twitter_misc":{"Tiempo de lectura":"8 minutos"},"schema":{"@context":"https:\/\/schema.org","@graph":[{"@type":"WebPage","@id":"https:\/\/allithost.com\/es\/products\/escritorios-cloud-citrix\/","url":"https:\/\/allithost.com\/es\/products\/escritorios-cloud-citrix\/","name":"Escritorios Cloud Citrix - All It Host","isPartOf":{"@id":"https:\/\/allithost.com\/es\/#website"},"datePublished":"2020-10-01T20:00:22+00:00","dateModified":"2020-10-17T13:24:47+00:00","breadcrumb":{"@id":"https:\/\/allithost.com\/es\/products\/escritorios-cloud-citrix\/#breadcrumb"},"inLanguage":"es","potentialAction":[{"@type":"ReadAction","target":["https:\/\/allithost.com\/es\/products\/escritorios-cloud-citrix\/"]}]},{"@type":"BreadcrumbList","@id":"https:\/\/allithost.com\/es\/products\/escritorios-cloud-citrix\/#breadcrumb","itemListElement":[{"@type":"ListItem","position":1,"name":"Home","item":"https:\/\/allithost.com\/es\/"},{"@type":"ListItem","position":2,"name":"Productos","item":"https:\/\/allithost.com\/es\/products\/"},{"@type":"ListItem","position":3,"name":"Escritorios Cloud Citrix"}]},{"@type":"WebSite","@id":"https:\/\/allithost.com\/es\/#website","url":"https:\/\/allithost.com\/es\/","name":"All It Host","description":"The Cloud Computing Revolution","publisher":{"@id":"https:\/\/allithost.com\/es\/#organization"},"potentialAction":[{"@type":"SearchAction","target":{"@type":"EntryPoint","urlTemplate":"https:\/\/allithost.com\/es\/?s={search_term_string}"},"query-input":{"@type":"PropertyValueSpecification","valueRequired":true,"valueName":"search_term_string"}}],"inLanguage":"es"},{"@type":"Organization","@id":"https:\/\/allithost.com\/es\/#organization","name":"All IT Host Inc.","url":"https:\/\/allithost.com\/es\/","logo":{"@type":"ImageObject","inLanguage":"es","@id":"https:\/\/allithost.com\/es\/#\/schema\/logo\/image\/","url":"https:\/\/allithost.com\/wp-content\/uploads\/2020\/08\/02-Logo-Allithost--e1600304778301.png","contentUrl":"https:\/\/allithost.com\/wp-content\/uploads\/2020\/08\/02-Logo-Allithost--e1600304778301.png","width":116,"height":94,"caption":"All IT Host Inc."},"image":{"@id":"https:\/\/allithost.com\/es\/#\/schema\/logo\/image\/"},"sameAs":["https:\/\/www.facebook.com\/allithost","https:\/\/x.com\/allithost","http:\/\/www.linkedin.com\/company\/all-it-host"]}]}},"_links":{"self":[{"href":"https:\/\/allithost.com\/es\/wp-json\/wp\/v2\/pages\/48632","targetHints":{"allow":["GET"]}}],"collection":[{"href":"https:\/\/allithost.com\/es\/wp-json\/wp\/v2\/pages"}],"about":[{"href":"https:\/\/allithost.com\/es\/wp-json\/wp\/v2\/types\/page"}],"author":[{"embeddable":true,"href":"https:\/\/allithost.com\/es\/wp-json\/wp\/v2\/users\/5"}],"replies":[{"embeddable":true,"href":"https:\/\/allithost.com\/es\/wp-json\/wp\/v2\/comments?post=48632"}],"version-history":[{"count":0,"href":"https:\/\/allithost.com\/es\/wp-json\/wp\/v2\/pages\/48632\/revisions"}],"up":[{"embeddable":true,"href":"https:\/\/allithost.com\/es\/wp-json\/wp\/v2\/pages\/48434"}],"wp:attachment":[{"href":"https:\/\/allithost.com\/es\/wp-json\/wp\/v2\/media?parent=48632"}],"curies":[{"name":"wp","href":"https:\/\/api.w.org\/{rel}","templated":true}]}}