{"id":48434,"date":"2020-10-01T18:48:00","date_gmt":"2020-10-01T18:48:00","guid":{"rendered":"http:\/\/96.46.250.135\/allithost\/products\/"},"modified":"2020-10-24T12:05:18","modified_gmt":"2020-10-24T12:05:18","slug":"products","status":"publish","type":"page","link":"https:\/\/allithost.com\/es\/products\/","title":{"rendered":"Productos"},"content":{"rendered":"<p>[et_pb_section fb_built=\u00bb1&#8243; module_class=\u00bbaihRow\u00bb _builder_version=\u00bb4.6.5&#8243; background_enable_image=\u00bboff\u00bb vertical_offset_tablet=\u00bb0&#8243; horizontal_offset_tablet=\u00bb0&#8243; z_index_tablet=\u00bb0&#8243; box_shadow_horizontal_tablet=\u00bb0px\u00bb box_shadow_vertical_tablet=\u00bb0px\u00bb box_shadow_blur_tablet=\u00bb40px\u00bb box_shadow_spread_tablet=\u00bb0px\u00bb collapsed=\u00bboff\u00bb][et_pb_row _builder_version=\u00bb4.6.5&#8243; _module_preset=\u00bb1a8cc165-98c7-417d-9974-9d28bd3ee57d\u00bb collapsed=\u00bboff\u00bb][et_pb_column type=\u00bb4_4&#8243; _builder_version=\u00bb3.0.47&#8243; custom_padding=\u00bb|||\u00bb custom_padding__hover=\u00bb|||\u00bb][et_pb_text admin_label=\u00bbTitle\u00bb _builder_version=\u00bb4.6.5&#8243; _module_preset=\u00bbdb8bf3f5-f1c3-43f0-bc1e-ca238db48424&#8243; header_text_align=\u00bbright\u00bb background_image=\u00bbhttps:\/\/allithost.com\/\/wp-content\/uploads\/2020\/08\/Line-04-1-300&#215;1.png\u00bb background_size=\u00bbcontain\u00bb background_position=\u00bbbottom_right\u00bb vertical_offset_tablet=\u00bb0&#8243; horizontal_offset_tablet=\u00bb0&#8243; z_index_tablet=\u00bb0&#8243; text_text_shadow_horizontal_length_tablet=\u00bb0px\u00bb text_text_shadow_vertical_length_tablet=\u00bb0px\u00bb text_text_shadow_blur_strength_tablet=\u00bb1px\u00bb link_text_shadow_horizontal_length_tablet=\u00bb0px\u00bb link_text_shadow_vertical_length_tablet=\u00bb0px\u00bb link_text_shadow_blur_strength_tablet=\u00bb1px\u00bb ul_text_shadow_horizontal_length_tablet=\u00bb0px\u00bb ul_text_shadow_vertical_length_tablet=\u00bb0px\u00bb ul_text_shadow_blur_strength_tablet=\u00bb1px\u00bb ol_text_shadow_horizontal_length_tablet=\u00bb0px\u00bb ol_text_shadow_vertical_length_tablet=\u00bb0px\u00bb ol_text_shadow_blur_strength_tablet=\u00bb1px\u00bb quote_text_shadow_horizontal_length_tablet=\u00bb0px\u00bb quote_text_shadow_vertical_length_tablet=\u00bb0px\u00bb quote_text_shadow_blur_strength_tablet=\u00bb1px\u00bb header_text_shadow_horizontal_length_tablet=\u00bb0px\u00bb header_text_shadow_vertical_length_tablet=\u00bb0px\u00bb header_text_shadow_blur_strength_tablet=\u00bb1px\u00bb header_2_text_shadow_horizontal_length_tablet=\u00bb0px\u00bb header_2_text_shadow_vertical_length_tablet=\u00bb0px\u00bb header_2_text_shadow_blur_strength_tablet=\u00bb1px\u00bb header_3_text_shadow_horizontal_length_tablet=\u00bb0px\u00bb header_3_text_shadow_vertical_length_tablet=\u00bb0px\u00bb header_3_text_shadow_blur_strength_tablet=\u00bb1px\u00bb header_4_text_shadow_horizontal_length_tablet=\u00bb0px\u00bb header_4_text_shadow_vertical_length_tablet=\u00bb0px\u00bb header_4_text_shadow_blur_strength_tablet=\u00bb1px\u00bb header_5_text_shadow_horizontal_length_tablet=\u00bb0px\u00bb header_5_text_shadow_vertical_length_tablet=\u00bb0px\u00bb header_5_text_shadow_blur_strength_tablet=\u00bb1px\u00bb header_6_text_shadow_horizontal_length_tablet=\u00bb0px\u00bb header_6_text_shadow_vertical_length_tablet=\u00bb0px\u00bb header_6_text_shadow_blur_strength_tablet=\u00bb1px\u00bb box_shadow_horizontal_tablet=\u00bb0px\u00bb box_shadow_vertical_tablet=\u00bb0px\u00bb box_shadow_blur_tablet=\u00bb40px\u00bb box_shadow_spread_tablet=\u00bb0px\u00bb]<\/p>\n<h1>Productos<\/h1>\n<p>[\/et_pb_text][\/et_pb_column][\/et_pb_row][et_pb_row column_structure=\u00bb1_3,1_3,1_3&#8243; admin_label=\u00bbProductos\u00bb _builder_version=\u00bb4.6.5&#8243; _module_preset=\u00bb1a8cc165-98c7-417d-9974-9d28bd3ee57d\u00bb custom_padding=\u00bb6px|||||\u00bb collapsed=\u00bboff\u00bb][et_pb_column type=\u00bb1_3&#8243; _builder_version=\u00bb3.25&#8243; custom_padding=\u00bb|||\u00bb custom_padding__hover=\u00bb|||\u00bb][et_pb_blurb title=\u00bbESCRITORIOS CITRIX CLOUD\u00bb url=\u00bb@ET-DC@eyJkeW5hbWljIjp0cnVlLCJjb250ZW50IjoicG9zdF9saW5rX3VybF9wYWdlIiwic2V0dGluZ3MiOnsicG9zdF9pZCI6IjcxNCJ9fQ==@\u00bb image=\u00bbhttps:\/\/allithost.com\/\/wp-content\/uploads\/2020\/08\/CITRIX_CLOUD_DESKTOP-e1598655982927.png\u00bb image_max_width=\u00bb80%\u00bb admin_label=\u00bbCITRIX CLOUD DESKTOP\u00bb _builder_version=\u00bb4.6.5&#8243; _module_preset=\u00bb28ef5ec5-8e91-49de-8f3f-13d0d896806b\u00bb vertical_offset_tablet=\u00bb0&#8243; horizontal_offset_tablet=\u00bb0&#8243; hover_enabled=\u00bb0&#8243; body_font_size_tablet=\u00bb\u00bb body_font_size_phone=\u00bb\u00bb body_font_size_last_edited=\u00bbon|phone\u00bb z_index_tablet=\u00bb0&#8243; sticky_enabled=\u00bb0&#8243; _dynamic_attributes=\u00bburl,link_option_url\u00bb link_option_url=\u00bb@ET-DC@eyJkeW5hbWljIjp0cnVlLCJjb250ZW50IjoicG9zdF9saW5rX3VybF9wYWdlIiwic2V0dGluZ3MiOnsicG9zdF9pZCI6IjcxNCJ9fQ==@\u00bb]Los escritorios impulsados por Cloud te dan acceso a un \u00e1rea completa de recursos y servicios, con la \u00faltima versi\u00f3n de Microsoft Windows. Todo desde cualquier dispositivo, a cualquier hora y cualquier sitio.[\/et_pb_blurb][\/et_pb_column][et_pb_column type=\u00bb1_3&#8243; _builder_version=\u00bb3.25&#8243; custom_padding=\u00bb|||\u00bb custom_padding__hover=\u00bb|||\u00bb][et_pb_blurb title=\u00bbBENEFICOS DEL CLOUD\u00bb url=\u00bb@ET-DC@eyJkeW5hbWljIjp0cnVlLCJjb250ZW50IjoicG9zdF9saW5rX3VybF9wYWdlIiwic2V0dGluZ3MiOnsicG9zdF9pZCI6IjcyMCJ9fQ==@\u00bb image=\u00bbhttps:\/\/allithost.com\/\/wp-content\/uploads\/2020\/08\/BENEFITS-e1598656037947.png\u00bb admin_label=\u00bbCLOUD ADVANTAGES\u00bb _builder_version=\u00bb4.6.5&#8243; _module_preset=\u00bb28ef5ec5-8e91-49de-8f3f-13d0d896806b\u00bb vertical_offset_tablet=\u00bb0&#8243; horizontal_offset_tablet=\u00bb0&#8243; hover_enabled=\u00bb0&#8243; body_font_size_tablet=\u00bb\u00bb body_font_size_phone=\u00bb\u00bb body_font_size_last_edited=\u00bbon|phone\u00bb z_index_tablet=\u00bb0&#8243; _dynamic_attributes=\u00bburl,link_option_url\u00bb link_option_url=\u00bb@ET-DC@eyJkeW5hbWljIjp0cnVlLCJjb250ZW50IjoicG9zdF9saW5rX3VybF9wYWdlIiwic2V0dGluZ3MiOnsicG9zdF9pZCI6IjcyMCJ9fQ==@\u00bb sticky_enabled=\u00bb0&#8243;]Con recursos ilimitados y sin necesidad de invertir en software y hardware, la Computaci\u00f3n Cloud ofrece amplios beneficios para cualquier compa\u00f1\u00eda. Los gastos se producen solo con los accesos que han sido hechos y los servicios que han sido usados. Descubra nuestra incre\u00edble lista de beneficios.[\/et_pb_blurb][\/et_pb_column][et_pb_column type=\u00bb1_3&#8243; _builder_version=\u00bb3.25&#8243; custom_padding=\u00bb|||\u00bb custom_padding__hover=\u00bb|||\u00bb][et_pb_blurb title=\u00bbSOPORTE DE ADMINISTRACI\u00d3N TI\u00bb url=\u00bbhttps:\/\/allithost.com\/products\/it-management-support\/\u00bb image=\u00bbhttps:\/\/allithost.com\/\/wp-content\/uploads\/2020\/08\/IT_MANAGEMENT_SUPPORT-e1598656012517.png\u00bb admin_label=\u00bbIT MANAGEMENT SUPPORT\u00bb _builder_version=\u00bb4.6.5&#8243; _module_preset=\u00bb28ef5ec5-8e91-49de-8f3f-13d0d896806b\u00bb vertical_offset_tablet=\u00bb0&#8243; horizontal_offset_tablet=\u00bb0&#8243; body_font_size_tablet=\u00bb\u00bb body_font_size_phone=\u00bb\u00bb body_font_size_last_edited=\u00bbon|phone\u00bb z_index_tablet=\u00bb0&#8243;]La computaci\u00f3n de Cloud es tan inteligente que est\u00e1 en demanda cada d\u00eda, revolucionando el mundo comercial. Con Cloud, varios ordenadores pensar\u00e1n como uno solo. Como resultado, tu empresa ser\u00e1 inteligente tambi\u00e9n.[\/et_pb_blurb][\/et_pb_column][\/et_pb_row][\/et_pb_section]<\/p>\n","protected":false},"excerpt":{"rendered":"<p>ProductosLos escritorios impulsados por Cloud te dan acceso a un \u00e1rea completa de recursos y servicios, con la \u00faltima versi\u00f3n de Microsoft Windows. Todo desde cualquier dispositivo, a cualquier hora y cualquier sitio.Con recursos ilimitados y sin necesidad de invertir en software y hardware, la Computaci\u00f3n Cloud ofrece amplios beneficios para cualquier compa\u00f1\u00eda. Los gastos [&hellip;]<\/p>\n","protected":false},"author":5,"featured_media":0,"parent":0,"menu_order":0,"comment_status":"closed","ping_status":"closed","template":"","meta":{"_et_pb_use_builder":"on","_et_pb_old_content":"","_et_gb_content_width":"","footnotes":""},"class_list":["post-48434","page","type-page","status-publish","hentry"],"yoast_head":"<!-- This site is optimized with the Yoast SEO plugin v27.4 - https:\/\/yoast.com\/product\/yoast-seo-wordpress\/ -->\n<title>Productos - All It Host<\/title>\n<meta name=\"robots\" content=\"index, follow, max-snippet:-1, max-image-preview:large, max-video-preview:-1\" \/>\n<link rel=\"canonical\" href=\"https:\/\/allithost.com\/es\/products\/\" \/>\n<meta property=\"og:locale\" content=\"es_ES\" \/>\n<meta property=\"og:type\" content=\"article\" \/>\n<meta property=\"og:title\" content=\"Productos - All It Host\" \/>\n<meta property=\"og:description\" content=\"ProductosLos escritorios impulsados por Cloud te dan acceso a un \u00e1rea completa de recursos y servicios, con la \u00faltima versi\u00f3n de Microsoft Windows. Todo desde cualquier dispositivo, a cualquier hora y cualquier sitio.Con recursos ilimitados y sin necesidad de invertir en software y hardware, la Computaci\u00f3n Cloud ofrece amplios beneficios para cualquier compa\u00f1\u00eda. Los gastos [&hellip;]\" \/>\n<meta property=\"og:url\" content=\"https:\/\/allithost.com\/es\/products\/\" \/>\n<meta property=\"og:site_name\" content=\"All It Host\" \/>\n<meta property=\"article:publisher\" content=\"https:\/\/www.facebook.com\/allithost\" \/>\n<meta property=\"article:modified_time\" content=\"2020-10-24T12:05:18+00:00\" \/>\n<meta property=\"og:image\" content=\"https:\/\/allithost.com\/wp-content\/uploads\/2020\/09\/04-Logo-Allithost-1-1-e1600720431694.png\" \/>\n\t<meta property=\"og:image:width\" content=\"600\" \/>\n\t<meta property=\"og:image:height\" content=\"117\" \/>\n\t<meta property=\"og:image:type\" content=\"image\/png\" \/>\n<meta name=\"twitter:card\" content=\"summary_large_image\" \/>\n<meta name=\"twitter:site\" content=\"@allithost\" \/>\n<meta name=\"twitter:label1\" content=\"Tiempo de lectura\" \/>\n\t<meta name=\"twitter:data1\" content=\"4 minutos\" \/>\n<script type=\"application\/ld+json\" class=\"yoast-schema-graph\">{\"@context\":\"https:\\\/\\\/schema.org\",\"@graph\":[{\"@type\":\"WebPage\",\"@id\":\"https:\\\/\\\/allithost.com\\\/es\\\/products\\\/\",\"url\":\"https:\\\/\\\/allithost.com\\\/es\\\/products\\\/\",\"name\":\"Productos - All It Host\",\"isPartOf\":{\"@id\":\"https:\\\/\\\/allithost.com\\\/es\\\/#website\"},\"datePublished\":\"2020-10-01T18:48:00+00:00\",\"dateModified\":\"2020-10-24T12:05:18+00:00\",\"breadcrumb\":{\"@id\":\"https:\\\/\\\/allithost.com\\\/es\\\/products\\\/#breadcrumb\"},\"inLanguage\":\"es\",\"potentialAction\":[{\"@type\":\"ReadAction\",\"target\":[\"https:\\\/\\\/allithost.com\\\/es\\\/products\\\/\"]}]},{\"@type\":\"BreadcrumbList\",\"@id\":\"https:\\\/\\\/allithost.com\\\/es\\\/products\\\/#breadcrumb\",\"itemListElement\":[{\"@type\":\"ListItem\",\"position\":1,\"name\":\"Home\",\"item\":\"https:\\\/\\\/allithost.com\\\/es\\\/\"},{\"@type\":\"ListItem\",\"position\":2,\"name\":\"Productos\"}]},{\"@type\":\"WebSite\",\"@id\":\"https:\\\/\\\/allithost.com\\\/es\\\/#website\",\"url\":\"https:\\\/\\\/allithost.com\\\/es\\\/\",\"name\":\"All It Host\",\"description\":\"The Cloud Computing Revolution\",\"publisher\":{\"@id\":\"https:\\\/\\\/allithost.com\\\/es\\\/#organization\"},\"potentialAction\":[{\"@type\":\"SearchAction\",\"target\":{\"@type\":\"EntryPoint\",\"urlTemplate\":\"https:\\\/\\\/allithost.com\\\/es\\\/?s={search_term_string}\"},\"query-input\":{\"@type\":\"PropertyValueSpecification\",\"valueRequired\":true,\"valueName\":\"search_term_string\"}}],\"inLanguage\":\"es\"},{\"@type\":\"Organization\",\"@id\":\"https:\\\/\\\/allithost.com\\\/es\\\/#organization\",\"name\":\"All IT Host Inc.\",\"url\":\"https:\\\/\\\/allithost.com\\\/es\\\/\",\"logo\":{\"@type\":\"ImageObject\",\"inLanguage\":\"es\",\"@id\":\"https:\\\/\\\/allithost.com\\\/es\\\/#\\\/schema\\\/logo\\\/image\\\/\",\"url\":\"https:\\\/\\\/allithost.com\\\/wp-content\\\/uploads\\\/2020\\\/08\\\/02-Logo-Allithost--e1600304778301.png\",\"contentUrl\":\"https:\\\/\\\/allithost.com\\\/wp-content\\\/uploads\\\/2020\\\/08\\\/02-Logo-Allithost--e1600304778301.png\",\"width\":116,\"height\":94,\"caption\":\"All IT Host Inc.\"},\"image\":{\"@id\":\"https:\\\/\\\/allithost.com\\\/es\\\/#\\\/schema\\\/logo\\\/image\\\/\"},\"sameAs\":[\"https:\\\/\\\/www.facebook.com\\\/allithost\",\"https:\\\/\\\/x.com\\\/allithost\",\"http:\\\/\\\/www.linkedin.com\\\/company\\\/all-it-host\"]}]}<\/script>\n<!-- \/ Yoast SEO plugin. -->","yoast_head_json":{"title":"Productos - All It Host","robots":{"index":"index","follow":"follow","max-snippet":"max-snippet:-1","max-image-preview":"max-image-preview:large","max-video-preview":"max-video-preview:-1"},"canonical":"https:\/\/allithost.com\/es\/products\/","og_locale":"es_ES","og_type":"article","og_title":"Productos - All It Host","og_description":"ProductosLos escritorios impulsados por Cloud te dan acceso a un \u00e1rea completa de recursos y servicios, con la \u00faltima versi\u00f3n de Microsoft Windows. Todo desde cualquier dispositivo, a cualquier hora y cualquier sitio.Con recursos ilimitados y sin necesidad de invertir en software y hardware, la Computaci\u00f3n Cloud ofrece amplios beneficios para cualquier compa\u00f1\u00eda. Los gastos [&hellip;]","og_url":"https:\/\/allithost.com\/es\/products\/","og_site_name":"All It Host","article_publisher":"https:\/\/www.facebook.com\/allithost","article_modified_time":"2020-10-24T12:05:18+00:00","og_image":[{"width":600,"height":117,"url":"https:\/\/allithost.com\/wp-content\/uploads\/2020\/09\/04-Logo-Allithost-1-1-e1600720431694.png","type":"image\/png"}],"twitter_card":"summary_large_image","twitter_site":"@allithost","twitter_misc":{"Tiempo de lectura":"4 minutos"},"schema":{"@context":"https:\/\/schema.org","@graph":[{"@type":"WebPage","@id":"https:\/\/allithost.com\/es\/products\/","url":"https:\/\/allithost.com\/es\/products\/","name":"Productos - All It Host","isPartOf":{"@id":"https:\/\/allithost.com\/es\/#website"},"datePublished":"2020-10-01T18:48:00+00:00","dateModified":"2020-10-24T12:05:18+00:00","breadcrumb":{"@id":"https:\/\/allithost.com\/es\/products\/#breadcrumb"},"inLanguage":"es","potentialAction":[{"@type":"ReadAction","target":["https:\/\/allithost.com\/es\/products\/"]}]},{"@type":"BreadcrumbList","@id":"https:\/\/allithost.com\/es\/products\/#breadcrumb","itemListElement":[{"@type":"ListItem","position":1,"name":"Home","item":"https:\/\/allithost.com\/es\/"},{"@type":"ListItem","position":2,"name":"Productos"}]},{"@type":"WebSite","@id":"https:\/\/allithost.com\/es\/#website","url":"https:\/\/allithost.com\/es\/","name":"All It Host","description":"The Cloud Computing Revolution","publisher":{"@id":"https:\/\/allithost.com\/es\/#organization"},"potentialAction":[{"@type":"SearchAction","target":{"@type":"EntryPoint","urlTemplate":"https:\/\/allithost.com\/es\/?s={search_term_string}"},"query-input":{"@type":"PropertyValueSpecification","valueRequired":true,"valueName":"search_term_string"}}],"inLanguage":"es"},{"@type":"Organization","@id":"https:\/\/allithost.com\/es\/#organization","name":"All IT Host Inc.","url":"https:\/\/allithost.com\/es\/","logo":{"@type":"ImageObject","inLanguage":"es","@id":"https:\/\/allithost.com\/es\/#\/schema\/logo\/image\/","url":"https:\/\/allithost.com\/wp-content\/uploads\/2020\/08\/02-Logo-Allithost--e1600304778301.png","contentUrl":"https:\/\/allithost.com\/wp-content\/uploads\/2020\/08\/02-Logo-Allithost--e1600304778301.png","width":116,"height":94,"caption":"All IT Host Inc."},"image":{"@id":"https:\/\/allithost.com\/es\/#\/schema\/logo\/image\/"},"sameAs":["https:\/\/www.facebook.com\/allithost","https:\/\/x.com\/allithost","http:\/\/www.linkedin.com\/company\/all-it-host"]}]}},"_links":{"self":[{"href":"https:\/\/allithost.com\/es\/wp-json\/wp\/v2\/pages\/48434","targetHints":{"allow":["GET"]}}],"collection":[{"href":"https:\/\/allithost.com\/es\/wp-json\/wp\/v2\/pages"}],"about":[{"href":"https:\/\/allithost.com\/es\/wp-json\/wp\/v2\/types\/page"}],"author":[{"embeddable":true,"href":"https:\/\/allithost.com\/es\/wp-json\/wp\/v2\/users\/5"}],"replies":[{"embeddable":true,"href":"https:\/\/allithost.com\/es\/wp-json\/wp\/v2\/comments?post=48434"}],"version-history":[{"count":0,"href":"https:\/\/allithost.com\/es\/wp-json\/wp\/v2\/pages\/48434\/revisions"}],"wp:attachment":[{"href":"https:\/\/allithost.com\/es\/wp-json\/wp\/v2\/media?parent=48434"}],"curies":[{"name":"wp","href":"https:\/\/api.w.org\/{rel}","templated":true}]}}